{"id":147757,"date":"2025-02-11T13:27:27","date_gmt":"2025-02-11T12:27:27","guid":{"rendered":"https:\/\/secureus.se\/kodlas-v42\/"},"modified":"2026-04-17T11:06:01","modified_gmt":"2026-04-17T09:06:01","slug":"kodlas-v42","status":"publish","type":"product","link":"https:\/\/secureus.se\/fi\/kodlas-v42\/","title":{"rendered":"KOODILUKKO V42"},"content":{"rendered":"<h1 data-start=\"529\" data-end=\"935\">V42-koodilukko on yksi maailman myydyimmist\u00e4 koodilukoista ja luotettava ratkaisu turvalliseen kulunvalvontaan.<\/h1>\n<p data-start=\"529\" data-end=\"935\">Tyylik\u00e4s ja moderni muotoilu soveltuu sek\u00e4 sis\u00e4- ett\u00e4 ulkok\u00e4ytt\u00f6\u00f6n, ja vankan rakenteensa ansiosta se kest\u00e4\u00e4 kovia s\u00e4\u00e4olosuhteita IP54-suojauksella.<\/p>\n<p data-start=\"529\" data-end=\"935\">Koodilukossa on taustavalaistu n\u00e4pp\u00e4imist\u00f6, jonka ansiosta sit\u00e4 on helppo k\u00e4ytt\u00e4\u00e4 my\u00f6s h\u00e4m\u00e4r\u00e4ss\u00e4.<\/p>\n<p data-start=\"937\" data-end=\"1227\">Lukossa on kaksi 4-numeroista koodia, joiden avulla eri k\u00e4ytt\u00e4j\u00e4t, kuten k\u00e4sity\u00f6l\u00e4iset, is\u00e4nn\u00f6itsij\u00e4t tai postimiehet, voivat k\u00e4ytt\u00e4\u00e4 lukkoa omilla koodeillaan.<\/p>\n<p data-start=\"937\" data-end=\"1227\">Puolen sekunnin viive tekee oikean koodin arvaamisen l\u00e4hes mahdottomaksi, mik\u00e4 lis\u00e4\u00e4 turvallisuutta.<\/p>\n<p data-start=\"1229\" data-end=\"1582\">V42-yhdistelm\u00e4lukko on suunniteltu helppoon asennukseen ja k\u00e4ytt\u00f6\u00f6n.<\/p>\n<p data-start=\"1229\" data-end=\"1582\">Se saa virran 12\u201324 VAC\/DC:st\u00e4 ja sen virrankulutus on alhainen, vain 8 mA levossa.<\/p>\n<p data-start=\"1229\" data-end=\"1582\">Siin\u00e4 on my\u00f6s kauko-avaustoiminto viiveell\u00e4 ja kaksi erillist\u00e4 tuloa koodien aikaohjaukseen.<\/p>\n<p data-start=\"1229\" data-end=\"1582\">Vaihtorele max 1A, 28V DC-l\u00e4hd\u00f6ll\u00e4 tekee siit\u00e4 joustavan erityyppisiin asennuksiin.<\/p>\n<p data-start=\"1584\" data-end=\"1614\"><strong data-start=\"1584\" data-end=\"1612\">Ominaisuudet ja edut:<\/strong><\/p>\n<ul data-start=\"1615\" data-end=\"1834\">\n<li data-start=\"1615\" data-end=\"1663\">Kaksi 4-numeroista koodia joustavaan k\u00e4ytt\u00f6\u00f6n<\/li>\n<li data-start=\"1664\" data-end=\"1697\">Viive turvallisuuden lis\u00e4\u00e4miseksi<\/li>\n<li data-start=\"1698\" data-end=\"1748\">Taustavalaistu n\u00e4pp\u00e4imist\u00f6 helpottaa k\u00e4ytt\u00f6\u00e4<\/li>\n<li data-start=\"1749\" data-end=\"1798\">Vankka ja s\u00e4\u00e4nkest\u00e4v\u00e4 rakenne (IP54)<\/li>\n<li data-start=\"1799\" data-end=\"1834\">Helppo asennus ja k\u00e4ytt\u00f6<\/li>\n<\/ul>\n<p data-start=\"1841\" data-end=\"1872\"><strong data-start=\"1841\" data-end=\"1870\">Tekniset tiedot:<\/strong><\/p>\n<ul data-start=\"1873\" data-end=\"2378\">\n<li data-start=\"1873\" data-end=\"1909\">K\u00e4ytt\u00f6j\u00e4nnite: 12 - 24 VAC\/DC<\/li>\n<li data-start=\"1910\" data-end=\"1943\">Virrankulutus: 8 mA levossa<\/li>\n<li data-start=\"1944\" data-end=\"2026\">Tulot: Kauko-avaus viiveell\u00e4, kaksi tuloa koodien aikaohjaukseen<\/li>\n<li data-start=\"2027\" data-end=\"2071\">L\u00e4hd\u00f6t: Vaihtorele (max 1A, 28V DC)<\/li>\n<li data-start=\"2072\" data-end=\"2102\">Avausaika: 1-30 sekuntia<\/li>\n<li data-start=\"2103\" data-end=\"2141\">Koodikapasiteetti: Kaksi 4-numeroista koodia<\/li>\n<li data-start=\"2142\" data-end=\"2177\">Ymp\u00e4rist\u00f6: Sis\u00e4- ja ulkok\u00e4ytt\u00f6\u00f6n<\/li>\n<li data-start=\"2178\" data-end=\"2202\">Kotelointiluokka: IP54<\/li>\n<li data-start=\"2203\" data-end=\"2265\">Kotelo: painevalettua metallia, ruostumattomasta ter\u00e4ksest\u00e4 valmistetut napit ja turvalukko<\/li>\n<li data-start=\"2266\" data-end=\"2279\">V\u00e4ri: Harmaa<\/li>\n<li data-start=\"2280\" data-end=\"2325\">Mitat (L x K x S): 80 x 140 x 40 mm<\/li>\n<li data-start=\"2326\" data-end=\"2343\">Paino: 0,72 kg<\/li>\n<li data-start=\"2344\" data-end=\"2378\">K\u00e4ytt\u00f6l\u00e4mp\u00f6tila: -35 - +55\u00b0C<\/li>\n<\/ul>","protected":false},"excerpt":{"rendered":"<p>Koodilukko V42 on kompakti ja kest\u00e4v\u00e4 koodilukko, jossa on moderni muotoilu, t\u00e4ydellinen ulkok\u00e4ytt\u00f6\u00f6n.<\/p>\n<p>Kahdella 4-numeroisella koodilla sit\u00e4 voivat k\u00e4ytt\u00e4\u00e4 eri henkil\u00f6t, kuten k\u00e4sity\u00f6l\u00e4iset tai postimiehet.<\/p>\n<p>Taustavalaistu n\u00e4pp\u00e4imist\u00f6 ja sis\u00e4\u00e4nrakennettu puolen sekunnin viive tekev\u00e4t siit\u00e4 turvallisen ja k\u00e4ytt\u00e4j\u00e4yst\u00e4v\u00e4llisen.<\/p>\n<p>Se on IP54-luokiteltu ja kest\u00e4\u00e4 kovia ymp\u00e4rist\u00f6j\u00e4, joten se on ihanteellinen sek\u00e4 sis\u00e4- ett\u00e4 ulkoasennuksiin.<\/p>","protected":false},"featured_media":147756,"template":"","meta":{"_acf_changed":false},"product_brand":[],"product_cat":[1481],"product_tag":[],"class_list":{"0":"post-147757","1":"product","2":"type-product","3":"status-publish","4":"has-post-thumbnail","6":"product_cat-kodlas-kodlas","7":"pa_brands-6vanderbilt","8":"pa_farg-gra","9":"tm-no-options","11":"first","12":"instock","13":"sale","14":"taxable","15":"shipping-taxable","16":"purchasable","17":"product-type-simple"},"acf":[],"_links":{"self":[{"href":"https:\/\/secureus.se\/fi\/wp-json\/wp\/v2\/product\/147757","targetHints":{"allow":["GET"]}}],"collection":[{"href":"https:\/\/secureus.se\/fi\/wp-json\/wp\/v2\/product"}],"about":[{"href":"https:\/\/secureus.se\/fi\/wp-json\/wp\/v2\/types\/product"}],"wp:featuredmedia":[{"embeddable":true,"href":"https:\/\/secureus.se\/fi\/wp-json\/wp\/v2\/media\/147756"}],"wp:attachment":[{"href":"https:\/\/secureus.se\/fi\/wp-json\/wp\/v2\/media?parent=147757"}],"wp:term":[{"taxonomy":"product_brand","embeddable":true,"href":"https:\/\/secureus.se\/fi\/wp-json\/wp\/v2\/product_brand?post=147757"},{"taxonomy":"product_cat","embeddable":true,"href":"https:\/\/secureus.se\/fi\/wp-json\/wp\/v2\/product_cat?post=147757"},{"taxonomy":"product_tag","embeddable":true,"href":"https:\/\/secureus.se\/fi\/wp-json\/wp\/v2\/product_tag?post=147757"}],"curies":[{"name":"wp","href":"https:\/\/api.w.org\/{rel}","templated":true}]}}