{"id":147765,"date":"2025-02-11T13:27:26","date_gmt":"2025-02-11T12:27:26","guid":{"rendered":"https:\/\/secureus.se\/skyddshuv-sh2\/"},"modified":"2026-04-23T10:19:55","modified_gmt":"2026-04-23T08:19:55","slug":"skyddshuv-sh2","status":"publish","type":"product","link":"https:\/\/secureus.se\/fi\/skyddshuv-sh2\/","title":{"rendered":"SUOJAKUPU SH2"},"content":{"rendered":"<h1 data-start=\"467\" data-end=\"939\">Suojakansi SH2 on t\u00e4ydellinen lis\u00e4varuste suojaamaan Bewator- ja Vanderbilt-koodilukot, n\u00e4pp\u00e4imist\u00f6t ja kortinlukijat, kuten PP500 ja RB500 altisissa ymp\u00e4rist\u00f6iss\u00e4.<\/h1>\n<p data-start=\"467\" data-end=\"939\">T\u00e4m\u00e4 5 mm akryylimuovista valmistettu kest\u00e4v\u00e4 suojakupu on suunniteltu kest\u00e4m\u00e4\u00e4n s\u00e4\u00e4olosuhteita ja suojaamaan elektroniikkaa sateelta ja lialta.<\/p>\n<p data-start=\"467\" data-end=\"939\">Kaapelointiaukot helpottavat olemassa olevien j\u00e4rjestelmien asentamista tai t\u00e4ydent\u00e4mist\u00e4 ilman suuria muutoksia.<\/p>\n<p data-start=\"941\" data-end=\"1293\">Suojakansi on sijoitettu sein\u00e4n ja n\u00e4pp\u00e4imist\u00f6n takaosan v\u00e4liin, mik\u00e4 tekee asennuksesta nopeaa ja helppoa.<\/p>\n<p data-start=\"941\" data-end=\"1293\">SH2 tarjoaa luotettavan suojan s\u00e4\u00e4vaikutuksia vastaan, mik\u00e4 on erityisen hy\u00f6dyllist\u00e4 ulkoymp\u00e4rist\u00f6iss\u00e4, joissa laitteet ovat alttiina s\u00e4\u00e4olosuhteille.<\/p>\n<p data-start=\"941\" data-end=\"1293\">Se toimii erinomaisesti sek\u00e4 kaupallisissa ett\u00e4 teollisissa ymp\u00e4rist\u00f6iss\u00e4, joissa turvallisuus ja kest\u00e4vyys ovat ratkaisevan t\u00e4rkeit\u00e4.<\/p>\n<p data-start=\"1295\" data-end=\"1325\"><strong data-start=\"1295\" data-end=\"1323\">Ominaisuudet ja edut:<\/strong><\/p>\n<ul data-start=\"1326\" data-end=\"1557\">\n<li data-start=\"1326\" data-end=\"1365\">Suojaa s\u00e4\u00e4lt\u00e4 ja lialta<\/li>\n<li data-start=\"1366\" data-end=\"1434\">Sopii Bewator- ja Vanderbilt-koodilukkoihin, n\u00e4pp\u00e4imist\u00f6ihin ja kortinlukijoihin<\/li>\n<li data-start=\"1435\" data-end=\"1516\">Helppo t\u00e4ydent\u00e4\u00e4 olemassa olevia asennuksia kaapelointirei&#039;ill\u00e4<\/li>\n<li data-start=\"1517\" data-end=\"1557\">Vankka rakenne takaa pitk\u00e4n k\u00e4ytt\u00f6i\u00e4n<\/li>\n<\/ul>\n<p data-start=\"1564\" data-end=\"1595\"><strong data-start=\"1564\" data-end=\"1593\">Tekniset tiedot:<\/strong><\/p>\n<ul data-start=\"1596\" data-end=\"1703\">\n<li data-start=\"1596\" data-end=\"1625\">Materiaali: 5 mm akryylimuovi<\/li>\n<li data-start=\"1626\" data-end=\"1665\">Mitat (L x K x S): 104 x 168 x 90 mm<\/li>\n<li data-start=\"1666\" data-end=\"1703\">Paino: Kevyt ja kest\u00e4v\u00e4 rakenne<\/li>\n<\/ul>","protected":false},"excerpt":{"rendered":"<p data-start=\"71\" data-end=\"460\">Suojakuori SH2 on sadesuoja Bewator-koodilukkoille, n\u00e4pp\u00e4imist\u00f6ille ja kortinlukijaille, kuten PP500.<\/p>\n<p data-start=\"71\" data-end=\"460\">Se on suunniteltu suojaamaan laitteita alttiina olevissa ymp\u00e4rist\u00f6iss\u00e4, ja siin\u00e4 on aukot kaapelointia varten, mik\u00e4 tekee asennuksesta helppoa my\u00f6s olemassa olevia j\u00e4rjestelmi\u00e4 t\u00e4ydennett\u00e4ess\u00e4.<\/p>\n<p data-start=\"71\" data-end=\"460\">Valmistettu kest\u00e4v\u00e4st\u00e4 5 mm akryylimuovista, se tarjoaa luotettavan suojan s\u00e4\u00e4t\u00e4 ja likaa vastaan.<\/p>","protected":false},"featured_media":147764,"template":"","meta":{"_acf_changed":false},"product_brand":[],"product_cat":[1481],"product_tag":[],"class_list":{"0":"post-147765","1":"product","2":"type-product","3":"status-publish","4":"has-post-thumbnail","6":"product_cat-kodlas-kodlas","7":"product_shipping_class-tunga-paket","8":"pa_brands-6vanderbilt","9":"tm-no-options","11":"first","12":"instock","13":"sale","14":"taxable","15":"shipping-taxable","16":"purchasable","17":"product-type-simple"},"acf":[],"_links":{"self":[{"href":"https:\/\/secureus.se\/fi\/wp-json\/wp\/v2\/product\/147765","targetHints":{"allow":["GET"]}}],"collection":[{"href":"https:\/\/secureus.se\/fi\/wp-json\/wp\/v2\/product"}],"about":[{"href":"https:\/\/secureus.se\/fi\/wp-json\/wp\/v2\/types\/product"}],"wp:featuredmedia":[{"embeddable":true,"href":"https:\/\/secureus.se\/fi\/wp-json\/wp\/v2\/media\/147764"}],"wp:attachment":[{"href":"https:\/\/secureus.se\/fi\/wp-json\/wp\/v2\/media?parent=147765"}],"wp:term":[{"taxonomy":"product_brand","embeddable":true,"href":"https:\/\/secureus.se\/fi\/wp-json\/wp\/v2\/product_brand?post=147765"},{"taxonomy":"product_cat","embeddable":true,"href":"https:\/\/secureus.se\/fi\/wp-json\/wp\/v2\/product_cat?post=147765"},{"taxonomy":"product_tag","embeddable":true,"href":"https:\/\/secureus.se\/fi\/wp-json\/wp\/v2\/product_tag?post=147765"}],"curies":[{"name":"wp","href":"https:\/\/api.w.org\/{rel}","templated":true}]}}