{"id":147785,"date":"2025-02-11T15:45:43","date_gmt":"2025-02-11T14:45:43","guid":{"rendered":"https:\/\/secureus.se\/porthallare-271-fz-dorrbedd-1100-1300mm-assa-abloy\/"},"modified":"2026-04-23T11:56:00","modified_gmt":"2026-04-23T09:56:00","slug":"porthallare-271-fz-dorrbedd-1100-1300mm-assa-abloy","status":"publish","type":"product","link":"https:\/\/secureus.se\/fi\/porthallare-271-fz-dorrbedd-1100-1300mm-assa-abloy\/","title":{"rendered":"Ovenpidin 271 \u2013 Oven leveys 1100-1300 mm \u2013 Assa Abloy"},"content":{"rendered":"<div>Ovenpidin ASSA ABLOY 271 on oven pidike oven tai portin sijoittamiseen t\u00e4ysin auki, noin 90 astetta. Mukana ruuvi.<\/div>\n<div><b><br \/>\nOminaisuudet:<\/b><\/div>\n<div>\n<ul>\n<li>Oven leveydelle 1100-1300 mm. (270 kest\u00e4\u00e4 800-1100 mm)<\/li>\n<li>Sopii oikea- ja vasenk\u00e4tisiin oviin (m\u00e4\u00e4ritet\u00e4\u00e4n asennuksen yhteydess\u00e4).<\/li>\n<li>Oven maksimipaino: 125 kg<\/li>\n<li>T\u00e4ysin avoimessa asennossa (n. 90 astetta) salpa putoaa automaattisesti lukitusasentoon ja pit\u00e4\u00e4 oven paikallaan.<\/li>\n<li>Kun ovea ty\u00f6nnet\u00e4\u00e4n edelleen auki-asentoon, salpa vapautuu, jolloin ovi voidaan sulkea.<\/li>\n<li>Pys\u00e4ytysjousi toimii my\u00f6s iskunvaimentimena ja suojaa siten ovea ja saranoita.<\/li>\n<\/ul>\n<\/div>","protected":false},"excerpt":{"rendered":"<p>Oven pidike ASSA ABLOY 271<\/p>","protected":false},"featured_media":147786,"template":"","meta":{"_acf_changed":false},"product_brand":[],"product_cat":[4607],"product_tag":[],"class_list":{"0":"post-147785","1":"product","2":"type-product","3":"status-publish","4":"has-post-thumbnail","6":"product_cat-porthallare","7":"product_shipping_class-tunga-paket","8":"pa_brands-abloy","9":"tm-no-options","11":"first","12":"instock","13":"sale","14":"taxable","15":"shipping-taxable","16":"purchasable","17":"product-type-simple"},"acf":[],"_links":{"self":[{"href":"https:\/\/secureus.se\/fi\/wp-json\/wp\/v2\/product\/147785","targetHints":{"allow":["GET"]}}],"collection":[{"href":"https:\/\/secureus.se\/fi\/wp-json\/wp\/v2\/product"}],"about":[{"href":"https:\/\/secureus.se\/fi\/wp-json\/wp\/v2\/types\/product"}],"wp:featuredmedia":[{"embeddable":true,"href":"https:\/\/secureus.se\/fi\/wp-json\/wp\/v2\/media\/147786"}],"wp:attachment":[{"href":"https:\/\/secureus.se\/fi\/wp-json\/wp\/v2\/media?parent=147785"}],"wp:term":[{"taxonomy":"product_brand","embeddable":true,"href":"https:\/\/secureus.se\/fi\/wp-json\/wp\/v2\/product_brand?post=147785"},{"taxonomy":"product_cat","embeddable":true,"href":"https:\/\/secureus.se\/fi\/wp-json\/wp\/v2\/product_cat?post=147785"},{"taxonomy":"product_tag","embeddable":true,"href":"https:\/\/secureus.se\/fi\/wp-json\/wp\/v2\/product_tag?post=147785"}],"curies":[{"name":"wp","href":"https:\/\/api.w.org\/{rel}","templated":true}]}}