{"id":147790,"date":"2025-02-11T15:45:44","date_gmt":"2025-02-11T14:45:44","guid":{"rendered":"https:\/\/secureus.se\/porthallare-270-dorrbedd-800-1100mm-assa-abloy\/"},"modified":"2026-04-08T15:28:11","modified_gmt":"2026-04-08T13:28:11","slug":"porthallare-270-dorrbedd-800-1100mm-assa-abloy","status":"publish","type":"product","link":"https:\/\/secureus.se\/fi\/porthallare-270-dorrbedd-800-1100mm-assa-abloy\/","title":{"rendered":"Oven pidike 270 \u2013 Ovis\u00e4nky 800-1100mm \u2013 Assa Abloy"},"content":{"rendered":"<div>ASSA ABLOY 270 on ovenpidike oven tai portin sijoittamiseen t\u00e4ysin auki, noin 90 astetta. Mukana ruuvi.<\/div>\n<div><b><br \/>\nOminaisuudet: <\/b><\/div>\n<div>\n<ul>\n<li>Oville 800-1100 mm. (271 kest\u00e4\u00e4 1100-1300 mm)<\/li>\n<li>Sopii oikea- ja vasenk\u00e4tisiin oviin (m\u00e4\u00e4ritet\u00e4\u00e4n asennuksen yhteydess\u00e4).<\/li>\n<li>Oven maksimipaino: 125 kg<\/li>\n<li>T\u00e4ysin avoimessa asennossa (n. 90 astetta) salpa putoaa automaattisesti lukitusasentoon ja pit\u00e4\u00e4 oven paikallaan.<\/li>\n<li>Kun ovea ty\u00f6nnet\u00e4\u00e4n edelleen auki-asentoon, salpa vapautuu, jolloin ovi voidaan sulkea.<\/li>\n<li>Pys\u00e4ytysjousi toimii my\u00f6s iskunvaimentimena ja suojaa siten ovea ja saranoita.<\/li>\n<\/ul>\n<\/div>\n<div><\/div>","protected":false},"excerpt":{"rendered":"<p>ASSA ABLOY Oven pidike 270<\/p>","protected":false},"featured_media":147786,"template":"","meta":{"_acf_changed":false},"product_brand":[],"product_cat":[4607],"product_tag":[],"class_list":{"0":"post-147790","1":"product","2":"type-product","3":"status-publish","4":"has-post-thumbnail","6":"product_cat-porthallare","7":"pa_brands-abloy","8":"tm-no-options","10":"first","11":"instock","12":"sale","13":"taxable","14":"shipping-taxable","15":"purchasable","16":"product-type-simple"},"acf":[],"_links":{"self":[{"href":"https:\/\/secureus.se\/fi\/wp-json\/wp\/v2\/product\/147790","targetHints":{"allow":["GET"]}}],"collection":[{"href":"https:\/\/secureus.se\/fi\/wp-json\/wp\/v2\/product"}],"about":[{"href":"https:\/\/secureus.se\/fi\/wp-json\/wp\/v2\/types\/product"}],"wp:featuredmedia":[{"embeddable":true,"href":"https:\/\/secureus.se\/fi\/wp-json\/wp\/v2\/media\/147786"}],"wp:attachment":[{"href":"https:\/\/secureus.se\/fi\/wp-json\/wp\/v2\/media?parent=147790"}],"wp:term":[{"taxonomy":"product_brand","embeddable":true,"href":"https:\/\/secureus.se\/fi\/wp-json\/wp\/v2\/product_brand?post=147790"},{"taxonomy":"product_cat","embeddable":true,"href":"https:\/\/secureus.se\/fi\/wp-json\/wp\/v2\/product_cat?post=147790"},{"taxonomy":"product_tag","embeddable":true,"href":"https:\/\/secureus.se\/fi\/wp-json\/wp\/v2\/product_tag?post=147790"}],"curies":[{"name":"wp","href":"https:\/\/api.w.org\/{rel}","templated":true}]}}