{"id":147836,"date":"2025-02-12T16:15:38","date_gmt":"2025-02-12T15:15:38","guid":{"rendered":"https:\/\/secureus.se\/ajax-hub-bp-4g-batteridriven-vit\/"},"modified":"2026-03-11T14:47:52","modified_gmt":"2026-03-11T13:47:52","slug":"ajax-hub-bp-4g-batteridriven-vit","status":"publish","type":"product","link":"https:\/\/secureus.se\/fi\/ajax-hub-bp-4g-batteridriven-vit\/","title":{"rendered":"Ajax Hub BP 4G akkuk\u00e4ytt\u00f6inen \u2013 valkoinen"},"content":{"rendered":"<h3 data-start=\"0\" data-end=\"63\"><strong data-start=\"0\" data-end=\"63\">Hub BP \u2013 Akkuk\u00e4ytt\u00f6inen turvakeskus paikkoihin, joissa ei ole s\u00e4hk\u00f6\u00e4<\/strong><\/h3>\n<p data-start=\"65\" data-end=\"404\">Hub BP on Ajaxin innovatiivinen keskuslaite, joka on suunniteltu varmistamaan turvallisuus my\u00f6s silloin, kun s\u00e4hk\u00f6verkko on ep\u00e4luotettava tai kokonaan poissa k\u00e4yt\u00f6st\u00e4. T\u00e4ydellinen tyhjiin taloihin, rakennusty\u00f6maille, toimistoihin tai muihin syrj\u00e4isiin paikkoihin, Hub BP tarjoaa vankan ja joustavan tietoturvaratkaisun, jolla on pitk\u00e4 akun k\u00e4ytt\u00f6ik\u00e4 ja luotettava kommunikaatio 4G\/LTE:n kautta.<\/p>\n<h3 data-start=\"411\" data-end=\"433\">T\u00e4rkeimm\u00e4t ominaisuudet<\/h3>\n<ul data-start=\"435\" data-end=\"2066\">\n<li data-start=\"435\" data-end=\"665\">\n<p data-start=\"437\" data-end=\"665\"><strong data-start=\"437\" data-end=\"461\">Akkuk\u00e4ytt\u00f6inen toiminta:<\/strong><br data-start=\"461\" data-end=\"464\" \/>Toimii kokonaan sis\u00e4isill\u00e4 tai ulkoisilla akuilla. Valitse esimerkiksi 12 V 7,2 Ah lyijyakku enint\u00e4\u00e4n 2 kuukaudeksi tai 7,2 V 95 Ah -vaihtoehto, joka voi tarjota jopa 17 kuukauden k\u00e4ytt\u00f6ajan.<\/p>\n<\/li>\n<li data-start=\"667\" data-end=\"839\">\n<p data-start=\"669\" data-end=\"839\"><strong data-start=\"669\" data-end=\"700\">4G\/LTE kahdella SIM-kortilla:<\/strong><br data-start=\"700\" data-end=\"703\" \/>Kaksi mikro-SIM-korttipaikkaa takaavat vakaan ja turvallisen yhteyden ja varmistavat, ett\u00e4 olet aina yhteydess\u00e4 verkkotilanteesta riippumatta.<\/p>\n<\/li>\n<li data-start=\"841\" data-end=\"1022\">\n<p data-start=\"843\" data-end=\"1022\"><strong data-start=\"843\" data-end=\"861\">Ulkoinen antenni:<\/strong><br data-start=\"861\" data-end=\"864\" \/>Paranna signaalin kantamaa ulkoisten antennien liitt\u00e4misell\u00e4. Sis\u00e4\u00e4nrakennetut antennit toimivat varana, jos ulkoinen antenni vaurioituu.<\/p>\n<\/li>\n<li data-start=\"1024\" data-end=\"1183\">\n<p data-start=\"1026\" data-end=\"1183\"><strong data-start=\"1026\" data-end=\"1056\">Kattava yhteensopivuus:<\/strong><br data-start=\"1056\" data-end=\"1059\" \/>Hub BP on t\u00e4ysin yhteensopiva kaikkien Ajax-tuotteiden kanssa, joten se on helppo integroida olemassa olevaan turvaj\u00e4rjestelm\u00e4\u00e4si.<\/p>\n<\/li>\n<li data-start=\"1185\" data-end=\"1331\">\n<p data-start=\"1187\" data-end=\"1331\"><strong data-start=\"1187\" data-end=\"1213\">Suuri langaton kantama:<\/strong><br data-start=\"1213\" data-end=\"1216\" \/>Avoimessa maastossa jopa 2000 metrin kantomatkalla voit kattaa suuria alueita ja useita rakennuksia ilman ongelmia.<\/p>\n<\/li>\n<li data-start=\"1333\" data-end=\"1487\">\n<p data-start=\"1335\" data-end=\"1487\"><strong data-start=\"1335\" data-end=\"1366\">Integroitu kameranhallinta:<\/strong><br data-start=\"1366\" data-end=\"1369\" \/>Ajax IR -kameroiden tuen avulla laite voi ottaa sarjakuvia h\u00e4lytystapahtumien yhteydess\u00e4 \u2013 t\u00e4ydellinen tapahtumien tarkistamiseen.<\/p>\n<\/li>\n<li data-start=\"1489\" data-end=\"1712\">\n<p data-start=\"1491\" data-end=\"1712\"><strong data-start=\"1491\" data-end=\"1515\">Helppo konfigurointi:<\/strong><br data-start=\"1515\" data-end=\"1518\" \/>Hallitse ja m\u00e4\u00e4rit\u00e4 j\u00e4rjestelm\u00e4\u00e4 ilmaisten Ajax PRO (asentajille)- ja Ajax Security System (k\u00e4ytt\u00e4jille) -sovellusten avulla. Windowsille ja macOS:lle on my\u00f6s PRO Desktop -versio.<\/p>\n<\/li>\n<li data-start=\"1714\" data-end=\"1887\">\n<p data-start=\"1716\" data-end=\"1887\"><strong data-start=\"1716\" data-end=\"1746\">Automaattiset p\u00e4ivitykset:<\/strong><br data-start=\"1746\" data-end=\"1749\" \/>Laiteohjelmistop\u00e4ivitykset tapahtuvat automaattisesti, kun j\u00e4rjestelm\u00e4 kytket\u00e4\u00e4n pois p\u00e4\u00e4lt\u00e4, mik\u00e4 varmistaa, ett\u00e4 sinulla on aina uusin ja turvallisin versio.<\/p>\n<\/li>\n<li data-start=\"1889\" data-end=\"2066\">\n<p data-start=\"1891\" data-end=\"2066\"><strong data-start=\"1891\" data-end=\"1914\">Joustavat skenaariot:<\/strong><br data-start=\"1914\" data-end=\"1917\" \/>Luo jopa 32 skenaariota esimerkiksi valaistuksen ohjaamiseksi, vesijohdon sammuttamiseksi tai autotallin ovien avaamiseksi yhdell\u00e4 napin painalluksella.<\/p>\n<\/li>\n<\/ul>\n<hr data-start=\"2303\" data-end=\"2306\" \/>\n<p data-start=\"2328\" data-end=\"2769\">Hub BP on paras ratkaisu kiinteist\u00f6si turvassa pit\u00e4miseen, vaikka s\u00e4hk\u00f6n saatavuus on rajoitettu. Tukevan akkuk\u00e4ytt\u00f6isen toiminnan, luotettavan 4G\/LTE-viestinn\u00e4n, laajan kantaman ja helpon integroinnin ansiosta koko Ajax-valikoimaan saat turvakeskuksen, joka on sek\u00e4 joustava ett\u00e4 helppok\u00e4ytt\u00f6inen. Suojeletpa sitten tyhj\u00e4\u00e4 taloa tai monimutkaista laitosj\u00e4rjestelm\u00e4\u00e4, Hub BP tarjoaa mielenrauhaa ja jatkuvaa suojaa \u2013 p\u00e4iv\u00e4st\u00e4 toiseen.<\/p>\n<p data-start=\"2771\" data-end=\"2865\" data-is-last-node=\"\">Valitse Hub BP saadaksesi t\u00e4ydellisen ja luotettavan tietoturvaratkaisun, joka pit\u00e4\u00e4 sinut aina yhteydess\u00e4!<\/p>","protected":false},"excerpt":{"rendered":"<p data-start=\"0\" data-end=\"63\"><strong data-start=\"0\" data-end=\"63\">Hub BP \u2013 Akkuk\u00e4ytt\u00f6inen turvakeskus paikkoihin, joissa ei ole s\u00e4hk\u00f6\u00e4<\/strong><\/p>\n<p data-start=\"65\" data-end=\"404\">Hub BP on Ajaxin innovatiivinen keskuslaite, joka on suunniteltu varmistamaan turvallisuus my\u00f6s silloin, kun s\u00e4hk\u00f6verkko on ep\u00e4luotettava tai kokonaan poissa k\u00e4yt\u00f6st\u00e4. T\u00e4ydellinen tyhjiin taloihin, rakennusty\u00f6maille, toimistoihin tai muihin syrj\u00e4isiin paikkoihin, Hub BP tarjoaa vankan ja joustavan tietoturvaratkaisun, jolla on pitk\u00e4 akun k\u00e4ytt\u00f6ik\u00e4 ja luotettava kommunikaatio 4G\/LTE:n kautta.<\/p>","protected":false},"featured_media":151918,"template":"","meta":{"_acf_changed":false},"product_brand":[],"product_cat":[3154],"product_tag":[4863],"class_list":{"0":"post-147836","1":"product","2":"type-product","3":"status-publish","4":"has-post-thumbnail","6":"product_cat-centralenheter","7":"product_tag-pf","8":"product_shipping_class-tunga-paket","9":"pa_brands-ajax-systems","10":"pa_farg-svart","11":"pa_farg-vit","12":"tm-no-options","14":"first","15":"instock","16":"sale","17":"taxable","18":"shipping-taxable","19":"purchasable","20":"product-type-simple"},"acf":[],"_links":{"self":[{"href":"https:\/\/secureus.se\/fi\/wp-json\/wp\/v2\/product\/147836","targetHints":{"allow":["GET"]}}],"collection":[{"href":"https:\/\/secureus.se\/fi\/wp-json\/wp\/v2\/product"}],"about":[{"href":"https:\/\/secureus.se\/fi\/wp-json\/wp\/v2\/types\/product"}],"wp:featuredmedia":[{"embeddable":true,"href":"https:\/\/secureus.se\/fi\/wp-json\/wp\/v2\/media\/151918"}],"wp:attachment":[{"href":"https:\/\/secureus.se\/fi\/wp-json\/wp\/v2\/media?parent=147836"}],"wp:term":[{"taxonomy":"product_brand","embeddable":true,"href":"https:\/\/secureus.se\/fi\/wp-json\/wp\/v2\/product_brand?post=147836"},{"taxonomy":"product_cat","embeddable":true,"href":"https:\/\/secureus.se\/fi\/wp-json\/wp\/v2\/product_cat?post=147836"},{"taxonomy":"product_tag","embeddable":true,"href":"https:\/\/secureus.se\/fi\/wp-json\/wp\/v2\/product_tag?post=147836"}],"curies":[{"name":"wp","href":"https:\/\/api.w.org\/{rel}","templated":true}]}}