{"id":147843,"date":"2025-02-12T16:32:47","date_gmt":"2025-02-12T15:32:47","guid":{"rendered":"https:\/\/secureus.se\/ajax-externalantenna-antenn-till-hub-bp\/"},"modified":"2026-03-09T17:37:19","modified_gmt":"2026-03-09T16:37:19","slug":"ajax-externalantenna-antenn-till-hub-bp","status":"publish","type":"product","link":"https:\/\/secureus.se\/fi\/ajax-externalantenna-antenn-till-hub-bp\/","title":{"rendered":"Ajax ExternalAntenna \u2013 Hub BP:n antenni"},"content":{"rendered":"<p data-start=\"0\" data-end=\"65\"><strong data-start=\"0\" data-end=\"65\">Ajax External Antenna \u2013 parannettu signaalinvoimakkuus keskittimen BP:lle<\/strong><\/p>\n<p data-start=\"67\" data-end=\"341\">Anna Hub BP:lle optimaalinen viestint\u00e4 Ajax ExternalAntenna -antennin kanssa. T\u00e4m\u00e4 ulkoinen antenni on suunniteltu erityisesti vahvistamaan signaalia ymp\u00e4rist\u00f6iss\u00e4, joissa langattomat signaalit ovat heikkoja tai niit\u00e4 ei ole ollenkaan, kuten konteissa, kassakaapeissa, betonihuoneissa tai muissa haastavissa paikoissa.<\/p>\n<hr data-start=\"343\" data-end=\"346\" \/>\n<h3 data-start=\"348\" data-end=\"370\">T\u00e4rkeimm\u00e4t ominaisuudet<\/h3>\n<ul data-start=\"372\" data-end=\"1125\">\n<li data-start=\"372\" data-end=\"616\">\n<p data-start=\"374\" data-end=\"616\"><strong data-start=\"374\" data-end=\"396\">Parannettu signaali:<\/strong><br data-start=\"396\" data-end=\"399\" \/>Lis\u00e4\u00e4 Hub BP:n signaalin voimakkuutta, jolloin yhteys on luotettavampi ja vakaampi.<br data-start=\"494\" data-end=\"497\" \/>Tukee viestint\u00e4kanavia Jewellerille (langattomat tuotteet), Wingsille (langattomat tuotteet kameralla) ja LTE:lle (4G).<\/p>\n<\/li>\n<li data-start=\"618\" data-end=\"742\">\n<p data-start=\"620\" data-end=\"742\"><strong data-start=\"620\" data-end=\"640\">Pitk\u00e4 kaapelin pituus:<\/strong><br data-start=\"640\" data-end=\"643\" \/>3 metri\u00e4 pitk\u00e4ll\u00e4 kaapelilla voit sijoittaa antennin joustavasti sinne, miss\u00e4 signaali on heikoin.<\/p>\n<\/li>\n<li data-start=\"744\" data-end=\"975\">\n<p data-start=\"746\" data-end=\"975\"><strong data-start=\"746\" data-end=\"768\">Turvaominaisuus:<\/strong><br data-start=\"768\" data-end=\"771\" \/>Jos antennikaapeli katkeaa tai vaurioituu, l\u00e4hetet\u00e4\u00e4n suora varoitus sek\u00e4 h\u00e4lytyskeskukseen ett\u00e4 sovelluksen kautta. Samanaikaisesti Hub BP vaihtaa automaattisesti sis\u00e4isiin antenneihinsa varmistaakseen toiminnan jatkumisen.<\/p>\n<\/li>\n<li data-start=\"977\" data-end=\"1125\">\n<p data-start=\"979\" data-end=\"1125\"><strong data-start=\"979\" data-end=\"1002\">Helppo asennus:<\/strong><br data-start=\"1002\" data-end=\"1005\" \/>Kiinnit\u00e4 antenni nopeasti ja helposti mukana tulevalla kaksipuolisella teipill\u00e4 - ei vaivaa monimutkaisten ty\u00f6kalujen kanssa.<\/p>\n<\/li>\n<\/ul>\n<hr data-start=\"1127\" data-end=\"1130\" \/>\n<h3 data-start=\"1132\" data-end=\"1151\">Tekniset tiedot<\/h3>\n<ul data-start=\"1153\" data-end=\"1338\">\n<li data-start=\"1153\" data-end=\"1196\">\n<p data-start=\"1155\" data-end=\"1196\"><strong data-start=\"1155\" data-end=\"1174\">Yhteensopivuus:<\/strong><br data-start=\"1174\" data-end=\"1177\" \/>Vain Hub BP:lle<\/p>\n<\/li>\n<li data-start=\"1198\" data-end=\"1227\">\n<p data-start=\"1200\" data-end=\"1227\"><strong data-start=\"1200\" data-end=\"1215\">Kaapelin pituus:<\/strong><br data-start=\"1215\" data-end=\"1218\" \/>3 metri\u00e4<\/p>\n<\/li>\n<li data-start=\"1229\" data-end=\"1254\">\n<p data-start=\"1231\" data-end=\"1254\"><strong data-start=\"1231\" data-end=\"1246\">Yhteyden tyyppi:<\/strong><br data-start=\"1246\" data-end=\"1249\" \/>SMA<\/p>\n<\/li>\n<li data-start=\"1256\" data-end=\"1338\">\n<p data-start=\"1258\" data-end=\"1338\"><strong data-start=\"1258\" data-end=\"1279\">L\u00e4mp\u00f6tila-alue:<\/strong><br data-start=\"1279\" data-end=\"1282\" \/>-10\u00b0C - +85\u00b0C, kosteus jopa 95%<\/p>\n<\/li>\n<\/ul>\n<hr data-start=\"1340\" data-end=\"1343\" \/>\n<p data-start=\"1365\" data-end=\"1746\">Ajax ExternalAntenna on ratkaisusi radioviestint\u00e4\u00e4n vaikuttavien fyysisten esteiden ylitt\u00e4miseen. Asettamalla antennin sinne, miss\u00e4 sit\u00e4 eniten tarvitaan, niin langattomien tuotteiden kuin 4G-yhteyksien signaali paranee. Helpon asennuksen, turvaominaisuuksien ja vankan rakenteen ansiosta t\u00e4m\u00e4 antenni varmistaa Hub BP:n luotettavan toiminnan haastavimmissakin ymp\u00e4rist\u00f6iss\u00e4.<\/p>\n<p data-start=\"1748\" data-end=\"1868\" data-is-last-node=\"\">Valitse Ajax ExternalAntenna varmistaaksesi, ett\u00e4 Hub BP s\u00e4ilytt\u00e4\u00e4 aina vahvan ja vakaan yhteyden ymp\u00e4rist\u00f6st\u00e4 riippumatta!<\/p>","protected":false},"excerpt":{"rendered":"<p data-start=\"0\" data-end=\"65\"><strong data-start=\"0\" data-end=\"65\">Ajax External Antenna \u2013 parannettu signaalinvoimakkuus keskittimen BP:lle<\/strong><\/p>\n<p data-start=\"67\" data-end=\"341\">Anna Hub BP:lle optimaalinen viestint\u00e4 Ajax ExternalAntenna -antennin kanssa. T\u00e4m\u00e4 ulkoinen antenni on suunniteltu erityisesti vahvistamaan signaalia ymp\u00e4rist\u00f6iss\u00e4, joissa langattomat signaalit ovat heikkoja tai niit\u00e4 ei ole ollenkaan, kuten konteissa, kassakaapeissa, betonihuoneissa tai muissa haastavissa paikoissa.<\/p>","protected":false},"featured_media":156679,"template":"","meta":{"_acf_changed":false},"product_brand":[],"product_cat":[3168],"product_tag":[4863],"class_list":{"0":"post-147843","1":"product","2":"type-product","3":"status-publish","4":"has-post-thumbnail","6":"product_cat-range-extender-repeater","7":"product_tag-pf","8":"product_shipping_class-postnord-varubrev","9":"pa_brands-ajax-systems","10":"pa_farg-svart","11":"tm-no-options","13":"first","14":"instock","15":"taxable","16":"shipping-taxable","17":"purchasable","18":"product-type-simple"},"acf":[],"_links":{"self":[{"href":"https:\/\/secureus.se\/fi\/wp-json\/wp\/v2\/product\/147843","targetHints":{"allow":["GET"]}}],"collection":[{"href":"https:\/\/secureus.se\/fi\/wp-json\/wp\/v2\/product"}],"about":[{"href":"https:\/\/secureus.se\/fi\/wp-json\/wp\/v2\/types\/product"}],"wp:featuredmedia":[{"embeddable":true,"href":"https:\/\/secureus.se\/fi\/wp-json\/wp\/v2\/media\/156679"}],"wp:attachment":[{"href":"https:\/\/secureus.se\/fi\/wp-json\/wp\/v2\/media?parent=147843"}],"wp:term":[{"taxonomy":"product_brand","embeddable":true,"href":"https:\/\/secureus.se\/fi\/wp-json\/wp\/v2\/product_brand?post=147843"},{"taxonomy":"product_cat","embeddable":true,"href":"https:\/\/secureus.se\/fi\/wp-json\/wp\/v2\/product_cat?post=147843"},{"taxonomy":"product_tag","embeddable":true,"href":"https:\/\/secureus.se\/fi\/wp-json\/wp\/v2\/product_tag?post=147843"}],"curies":[{"name":"wp","href":"https:\/\/api.w.org\/{rel}","templated":true}]}}