{"id":147858,"date":"2025-02-13T15:19:15","date_gmt":"2025-02-13T14:19:15","guid":{"rendered":"https:\/\/secureus.se\/batteribox-sbb1-20-vagg-max-2x20ah\/"},"modified":"2025-12-31T21:47:56","modified_gmt":"2025-12-31T20:47:56","slug":"batteribox-sbb1-20-vagg-max-2x20ah","status":"publish","type":"product","link":"https:\/\/secureus.se\/fi\/batteribox-sbb1-20-vagg-max-2x20ah\/","title":{"rendered":"Akkukotelo SBB1-20 sein\u00e4 max 2x20Ah"},"content":{"rendered":"<h1>Akkukotelo SBB1-20 sein\u00e4 max 2x20Ah<\/h1>\n<p>T\u00e4m\u00e4 t\u00e4ysin suljettu sein\u00e4\u00e4n kiinnitett\u00e4v\u00e4 akkulaatikko sopii erinomaisesti 7\u201320 Ah:n akkuille ja tarjoaa luotettavan ratkaisun erilaisten turvaj\u00e4rjestelmien ja muiden laitteiden virransy\u00f6tt\u00f6\u00f6n.<\/p>\n<p data-start=\"488\" data-end=\"883\">Se on varustettu 16A MCB-akkukeskuksella ja mukana tulee sis\u00e4inen johdotus, joka helpottaa kytkent\u00e4\u00e4 tasasuuntaajiin, mik\u00e4 tekee asennuksesta nopeaa ja vaivatonta.<\/p>\n<p data-start=\"885\" data-end=\"1263\">Akkukotelo on erityisesti suunniteltu SM40:lle ja tarjoaa turvallisen ja k\u00e4yt\u00e4nn\u00f6llisen ratkaisun sein\u00e4asennukseen.<\/p>\n<p data-start=\"885\" data-end=\"1263\">Kompakti rakenne (mitat: syvyys 110 mm, korkeus 300 mm, leveys 360 mm) mahdollistaa sen helposti integroinnin erilaisiin asennuksiin.<\/p>\n<p data-start=\"885\" data-end=\"1263\">Laatikko ei ole sertifioitu, mutta sill\u00e4 on pitk\u00e4 24 kuukauden takuu, mik\u00e4 takaa mielenrauhan ja pitk\u00e4aikaisen k\u00e4yt\u00f6n.<\/p>\n<p data-start=\"1265\" data-end=\"1295\"><strong data-start=\"1265\" data-end=\"1293\">Ominaisuudet ja edut:<\/strong><\/p>\n<ul data-start=\"1296\" data-end=\"1518\">\n<li data-start=\"1296\" data-end=\"1335\">Sopii akuille 7Ah - 20Ah<\/li>\n<li data-start=\"1336\" data-end=\"1388\">Sis\u00e4lt\u00e4\u00e4 sis\u00e4isen johdotuksen asennuksen helpottamiseksi<\/li>\n<li data-start=\"1389\" data-end=\"1473\">Varustettu MCB-tyypin 16A akkukeskuksella ja tasasuuntaajan liit\u00e4nt\u00e4kaapelilla<\/li>\n<li data-start=\"1474\" data-end=\"1518\">Kompakti ja kest\u00e4v\u00e4 rakenne sein\u00e4asennukseen<\/li>\n<\/ul>\n<p data-start=\"1525\" data-end=\"1556\"><strong data-start=\"1525\" data-end=\"1554\">Tekniset tiedot:<\/strong><\/p>\n<ul data-start=\"1557\" data-end=\"1839\">\n<li data-start=\"1557\" data-end=\"1585\">Akun kapasiteetti: 7-20Ah<\/li>\n<li data-start=\"1586\" data-end=\"1617\">Akun keskus: MCB tyyppi 16A<\/li>\n<li data-start=\"1618\" data-end=\"1651\">Johdotus: Sis\u00e4inen johdotus mukana<\/li>\n<li data-start=\"1652\" data-end=\"1692\">Mitat (L x K x S): 360 x 300 x 110 mm<\/li>\n<li data-start=\"1693\" data-end=\"1725\">Sertifiointi: Ei sertifioitu<\/li>\n<li data-start=\"1726\" data-end=\"1749\">Takuu: 24 kuukautta<\/li>\n<li data-start=\"1796\" data-end=\"1819\">Merkki: Swansons<\/li>\n<\/ul>","protected":false},"excerpt":{"rendered":"<p>Sein\u00e4\u00e4n kiinnitett\u00e4v\u00e4 akkulaatikko, joka on suunniteltu 7\u201320 Ah:n akkuille, mukaan lukien sis\u00e4iset johdotukset asennuksen helpottamiseksi.<\/p>\n<p>Varustettu MCB-tyypin 16A akkukeskuksella ja kaapelilla, joka on helppo kytke\u00e4 tasasuuntaajaan.<\/p>\n<p>Kompakti muotoilu korkealla kest\u00e4vyydell\u00e4 ja 24 kuukauden takuulla.<\/p>\n<p>T\u00e4ydellinen virtal\u00e4hteeksi turvaj\u00e4rjestelmiss\u00e4.<\/p>","protected":false},"featured_media":147857,"template":"","meta":{"_acf_changed":false},"product_brand":[],"product_cat":[4613,2428],"product_tag":[],"class_list":{"0":"post-147858","1":"product","2":"type-product","3":"status-publish","4":"has-post-thumbnail","6":"product_cat-batteribox","7":"product_cat-stromforsorjning-batterier","8":"pa_brands-swansons","9":"tm-no-options","11":"first","12":"instock","13":"taxable","14":"shipping-taxable","15":"purchasable","16":"product-type-simple"},"acf":[],"_links":{"self":[{"href":"https:\/\/secureus.se\/fi\/wp-json\/wp\/v2\/product\/147858","targetHints":{"allow":["GET"]}}],"collection":[{"href":"https:\/\/secureus.se\/fi\/wp-json\/wp\/v2\/product"}],"about":[{"href":"https:\/\/secureus.se\/fi\/wp-json\/wp\/v2\/types\/product"}],"wp:featuredmedia":[{"embeddable":true,"href":"https:\/\/secureus.se\/fi\/wp-json\/wp\/v2\/media\/147857"}],"wp:attachment":[{"href":"https:\/\/secureus.se\/fi\/wp-json\/wp\/v2\/media?parent=147858"}],"wp:term":[{"taxonomy":"product_brand","embeddable":true,"href":"https:\/\/secureus.se\/fi\/wp-json\/wp\/v2\/product_brand?post=147858"},{"taxonomy":"product_cat","embeddable":true,"href":"https:\/\/secureus.se\/fi\/wp-json\/wp\/v2\/product_cat?post=147858"},{"taxonomy":"product_tag","embeddable":true,"href":"https:\/\/secureus.se\/fi\/wp-json\/wp\/v2\/product_tag?post=147858"}],"curies":[{"name":"wp","href":"https:\/\/api.w.org\/{rel}","templated":true}]}}