{"id":147868,"date":"2025-02-14T11:54:10","date_gmt":"2025-02-14T10:54:10","guid":{"rendered":"https:\/\/secureus.se\/kolsyreslackare-co2-2kg\/"},"modified":"2026-04-02T09:25:36","modified_gmt":"2026-04-02T07:25:36","slug":"kolsyreslackare-co2-2kg","status":"publish","type":"product","link":"https:\/\/secureus.se\/fi\/kolsyreslackare-co2-2kg\/","title":{"rendered":"Hiilidioksidisammutin Co2 2 kg \u2013 Tehokas palonsammutus luokan B tulipaloissa"},"content":{"rendered":"<h3><strong>Hiilidioksidisammutin Co2 2 kg \u2013 Tehokas palonsammutus luokan B tulipaloissa<\/strong><\/h3>\n<p>T\u00e4m\u00e4 <strong>hiilidioksidisammutin Co2 2 kg<\/strong> on luotettava ja tehokas ratkaisu palontorjuntaan, erityisesti syttyville nesteille (luokka B). Sammutin on valmistettu standardin UNI EN 3-7:2008 mukaisesti ja se t\u00e4ytt\u00e4\u00e4 PED-painelaitedirektiivin 2014\/68\/EU vaatimukset. Se on my\u00f6s vapaaehtoisesti sertifioitu Bureau Veritas Italian laadunvalvonnalla, mik\u00e4 takaa korkeimman turvallisuuden ja suorituskyvyn.<\/p>\n<p>Hiilidioksidisammutin sis\u00e4lt\u00e4\u00e4 99,99 % hiilidioksidia eik\u00e4 j\u00e4t\u00e4 j\u00e4\u00e4mi\u00e4, joten se sopii erityisen hyvin herkkiin elektronisiin laitteisiin ja s\u00e4hk\u00f6j\u00e4rjestelmiin 1000 V asti. Sen vankka rakenne lujasta ter\u00e4ksest\u00e4 ja epoksipolyesteripinnoitteella RAL 3000 tarjoaa pitk\u00e4n kest\u00e4vyyden ja suojan korroosiota vastaan.<\/p>\n<p><strong>Ominaisuudet ja edut:<\/strong><\/p>\n<ul>\n<li><strong>Syttyvien nesteiden tehokas sammutus<\/strong> (luokka B)<\/li>\n<li><strong>S\u00e4hk\u00f6turvallinen<\/strong> \u2013 Voidaan k\u00e4ytt\u00e4\u00e4 laitteissa 1000V asti<\/li>\n<li><strong>Kest\u00e4v\u00e4 rakenne<\/strong> seoster\u00e4st\u00e4 epoksipolyesteripinnoitteella<\/li>\n<li><strong>Helppo k\u00e4ytt\u00e4\u00e4<\/strong> ergonomisesti suunnitellulla venttiilill\u00e4 ja kahvalla<\/li>\n<li><strong>Sertifioitu laatu<\/strong> UNI EN 3-7:2008 ja PED 2014\/68\/EU mukaisesti<\/li>\n<\/ul>\n<p><strong>Tekniset tiedot:<\/strong><\/p>\n<ul>\n<li><strong>Sammutusaineet:<\/strong> 99,99 % Co2<\/li>\n<li><strong>Paloluokka:<\/strong> 34B<\/li>\n<li><strong>K\u00e4ytt\u00f6l\u00e4mp\u00f6tila:<\/strong> -30\u00b0C - +60\u00b0C<\/li>\n<li><strong>Nimellinen t\u00e4ytt\u00f6:<\/strong> 2 kg<\/li>\n<li><strong>Kokonaispaino:<\/strong> ~5,1kg<\/li>\n<li><strong>Korkeus:<\/strong> 575 mm<\/li>\n<li><strong>Tyhjennysaika:<\/strong> 7,5 sekuntia<\/li>\n<li><strong>Max v\u00e4\u00e4nt\u00f6momentti:<\/strong> 128 Nm<\/li>\n<li><strong>S\u00e4ili\u00f6n koepaine:<\/strong> 250 bar<\/li>\n<li><strong>S\u00e4ili\u00f6n kapasiteetti:<\/strong> 3 litraa<\/li>\n<li><strong>Varoventtiilin paine:<\/strong> 195 +\/- 15\/-23 bar<\/li>\n<li><strong>Materiaali:<\/strong> Seostettu ter\u00e4s<\/li>\n<li><strong>Pintak\u00e4sittely:<\/strong> Epoksipolyesteri RAL 3000, hiekkapuhallettu ja pulverimaalattu<\/li>\n<\/ul>\n<p>&nbsp;<\/p>","protected":false},"excerpt":{"rendered":"<ul>\n<li>Hiilidioksidisammutin Co2 5 kg, sertifioitu UNI EN 3-7:2008 ja PED 2014\/68\/EU mukaisesti. Turvallinen s\u00e4hk\u00f6laitteille 1000V asti. Tehokas palonsammutus luokan B paloille, k\u00e4ytt\u00f6l\u00e4mp\u00f6tila -20\u00b0C - +60\u00b0C.<\/li>\n<\/ul>","protected":false},"featured_media":147867,"template":"","meta":{"_acf_changed":false},"product_brand":[],"product_cat":[1533],"product_tag":[],"class_list":{"0":"post-147868","1":"product","2":"type-product","3":"status-publish","4":"has-post-thumbnail","6":"product_cat-brandslackare","7":"tm-no-options","9":"first","10":"instock","11":"sale","12":"taxable","13":"shipping-taxable","14":"purchasable","15":"product-type-simple"},"acf":[],"_links":{"self":[{"href":"https:\/\/secureus.se\/fi\/wp-json\/wp\/v2\/product\/147868","targetHints":{"allow":["GET"]}}],"collection":[{"href":"https:\/\/secureus.se\/fi\/wp-json\/wp\/v2\/product"}],"about":[{"href":"https:\/\/secureus.se\/fi\/wp-json\/wp\/v2\/types\/product"}],"wp:featuredmedia":[{"embeddable":true,"href":"https:\/\/secureus.se\/fi\/wp-json\/wp\/v2\/media\/147867"}],"wp:attachment":[{"href":"https:\/\/secureus.se\/fi\/wp-json\/wp\/v2\/media?parent=147868"}],"wp:term":[{"taxonomy":"product_brand","embeddable":true,"href":"https:\/\/secureus.se\/fi\/wp-json\/wp\/v2\/product_brand?post=147868"},{"taxonomy":"product_cat","embeddable":true,"href":"https:\/\/secureus.se\/fi\/wp-json\/wp\/v2\/product_cat?post=147868"},{"taxonomy":"product_tag","embeddable":true,"href":"https:\/\/secureus.se\/fi\/wp-json\/wp\/v2\/product_tag?post=147868"}],"curies":[{"name":"wp","href":"https:\/\/api.w.org\/{rel}","templated":true}]}}