{"id":147918,"date":"2025-02-17T12:59:02","date_gmt":"2025-02-17T11:59:02","guid":{"rendered":"https:\/\/secureus.se\/?post_type=product&#038;p=147918"},"modified":"2026-04-23T11:59:02","modified_gmt":"2026-04-23T09:59:02","slug":"fonsterhallare-225-vit","status":"publish","type":"product","link":"https:\/\/secureus.se\/fi\/fonsterhallare-225-vit\/","title":{"rendered":"Ikkunanpidin 225 Valkoinen"},"content":{"rendered":"<div>ASSA ABLOY Window Holder 225:t\u00e4 k\u00e4ytet\u00e4\u00e4n ulosp\u00e4in avautuviin ikkunoihin.<\/div>\n<div><b><br \/>Ominaisuudet: <\/b><\/div>\n<div>\n<ul>\n<li>Haluttu avausasento kiinnitet\u00e4\u00e4n s\u00e4\u00e4t\u00f6ruuvilla.<\/li>\n<li>Sopii sek\u00e4 oikealle ett\u00e4 vasemmalle<\/li>\n<li>Kaaren leveydelle alle 500 mm (230 leveydelle yli 500 mm)<\/li>\n<li>Voidaan k\u00e4ytt\u00e4\u00e4 my\u00f6s erillisess\u00e4 kaaressa asettamiseen. Nosta sauvan tappia, irrota sauva tangon kiinnikkeest\u00e4 ja kiinnit\u00e4 se ulomman renkaan aluslevyyn<\/li>\n<li>Suositeltu ruuvi: Tangon kannatin TKX 4,0 mm &amp; rungon kannake TKFX 3,5 mm<\/li>\n<li>HUOMIO! Ei lapsiturvallinen<\/li>\n<\/ul>\n<\/div>\n<div><b><br \/>Asennus:<\/b><\/div>\n<div>\n<ul>\n<li>Kokoa ohjeen mukaan<\/li>\n<li>Mitat lasketaan saranan puolelta.<\/li>\n<li>Tangon kiinnike on asennettu siten, ett\u00e4 tanko on yhdensuuntainen rungon kanssa.<\/li>\n<li>Aluslevy asennetaan ulkorunkoon sen j\u00e4lkeen, kun on tehty syvennys tangon p\u00e4\u00e4h\u00e4n.<\/li>\n<\/ul>\n<\/div>\n<div><\/div>\n<div><\/div>","protected":false},"excerpt":{"rendered":"<p>ASSA ABLOY Window Holder 225:t\u00e4 k\u00e4ytet\u00e4\u00e4n ulosp\u00e4in avautuviin ikkunoihin. Ominaisuudet: Haluttu avausasento kiinnitet\u00e4\u00e4n s\u00e4\u00e4t\u00f6ruuvilla. Sopii sek\u00e4 oikealle ett\u00e4 vasemmalle. Kaaren leveydelle alle 500 mm (230 kaaren leveydelle yli 500 mm)<\/p>","protected":false},"featured_media":147917,"template":"","meta":{"_acf_changed":false},"product_brand":[],"product_cat":[4649],"product_tag":[],"class_list":{"0":"post-147918","1":"product","2":"type-product","3":"status-publish","4":"has-post-thumbnail","6":"product_cat-fonsterhallare","7":"product_shipping_class-postnord-varubrev","8":"pa_brands-abloy","9":"tm-no-options","11":"first","12":"instock","13":"sale","14":"taxable","15":"shipping-taxable","16":"purchasable","17":"product-type-simple"},"acf":[],"_links":{"self":[{"href":"https:\/\/secureus.se\/fi\/wp-json\/wp\/v2\/product\/147918","targetHints":{"allow":["GET"]}}],"collection":[{"href":"https:\/\/secureus.se\/fi\/wp-json\/wp\/v2\/product"}],"about":[{"href":"https:\/\/secureus.se\/fi\/wp-json\/wp\/v2\/types\/product"}],"wp:featuredmedia":[{"embeddable":true,"href":"https:\/\/secureus.se\/fi\/wp-json\/wp\/v2\/media\/147917"}],"wp:attachment":[{"href":"https:\/\/secureus.se\/fi\/wp-json\/wp\/v2\/media?parent=147918"}],"wp:term":[{"taxonomy":"product_brand","embeddable":true,"href":"https:\/\/secureus.se\/fi\/wp-json\/wp\/v2\/product_brand?post=147918"},{"taxonomy":"product_cat","embeddable":true,"href":"https:\/\/secureus.se\/fi\/wp-json\/wp\/v2\/product_cat?post=147918"},{"taxonomy":"product_tag","embeddable":true,"href":"https:\/\/secureus.se\/fi\/wp-json\/wp\/v2\/product_tag?post=147918"}],"curies":[{"name":"wp","href":"https:\/\/api.w.org\/{rel}","templated":true}]}}