{"id":147938,"date":"2025-02-17T12:59:04","date_gmt":"2025-02-17T11:59:04","guid":{"rendered":"https:\/\/secureus.se\/?post_type=product&#038;p=147938"},"modified":"2026-04-08T15:27:09","modified_gmt":"2026-04-08T13:27:09","slug":"fonsterhallare-230-vit","status":"publish","type":"product","link":"https:\/\/secureus.se\/fi\/fonsterhallare-230-vit\/","title":{"rendered":"Ikkunanpidin 230 Valkoinen"},"content":{"rendered":"<div>ASSA ABLOY Window Holder 230:t\u00e4 k\u00e4ytet\u00e4\u00e4n ulosp\u00e4in avautuviin ikkunoihin.<\/div>\n<div><b><br \/>\nOminaisuudet:<\/b><\/div>\n<div>\n<ul>\n<li>Haluttu avausasento kiinnitet\u00e4\u00e4n s\u00e4\u00e4t\u00f6ruuvilla.<\/li>\n<li>Sopii sek\u00e4 oikealle ett\u00e4 vasemmalle<\/li>\n<li>Yli 500 mm holvikaarileveyksille (225 alle 500 mm leveille kaareille)<\/li>\n<li>Voidaan k\u00e4ytt\u00e4\u00e4 my\u00f6s erillisess\u00e4 kaaressa asettamiseen. Nosta sauvan tappia, irrota sauva tangon kiinnikkeest\u00e4 ja kiinnit\u00e4 se ulomman renkaan aluslevyyn<\/li>\n<li>Suositeltu ruuvi: Tangon kannatin TKX 4,0 mm &amp; rungon kannake TKFX 3,5 mm<\/li>\n<li>HUOMIO! Ei lapsiturvallinen<\/li>\n<\/ul>\n<\/div>\n<div><b><br \/>\nAsennus:<\/b><\/div>\n<div>\n<ul>\n<li>Kokoa ohjeen mukaan<\/li>\n<li>Mitat lasketaan saranan puolelta.<\/li>\n<li>Tangon kiinnike on asennettu siten, ett\u00e4 tanko on yhdensuuntainen rungon kanssa.<\/li>\n<li>Aluslevy asennetaan ulkorunkoon sen j\u00e4lkeen, kun on tehty syvennys tangon p\u00e4\u00e4h\u00e4n.<\/li>\n<\/ul>\n<\/div>","protected":false},"excerpt":{"rendered":"<p>ASSA ABLOY Window Holder 230:t\u00e4 k\u00e4ytet\u00e4\u00e4n ulosp\u00e4in avautuviin ikkunoihin. Ominaisuudet: Haluttu avausasento kiinnitet\u00e4\u00e4n s\u00e4\u00e4t\u00f6ruuvilla. Sopii sek\u00e4 oikealle ett\u00e4 vasemmalle Kaaren leveydelle yli 500 mm (225 kaaren leveydelle alle 500 mm)<\/p>","protected":false},"featured_media":147937,"template":"","meta":{"_acf_changed":false},"product_brand":[],"product_cat":[4649],"product_tag":[],"class_list":{"0":"post-147938","1":"product","2":"type-product","3":"status-publish","4":"has-post-thumbnail","6":"product_cat-fonsterhallare","7":"product_shipping_class-postnord-varubrev","8":"pa_brands-abloy","9":"tm-no-options","11":"first","12":"instock","13":"sale","14":"taxable","15":"shipping-taxable","16":"purchasable","17":"product-type-simple"},"acf":[],"_links":{"self":[{"href":"https:\/\/secureus.se\/fi\/wp-json\/wp\/v2\/product\/147938","targetHints":{"allow":["GET"]}}],"collection":[{"href":"https:\/\/secureus.se\/fi\/wp-json\/wp\/v2\/product"}],"about":[{"href":"https:\/\/secureus.se\/fi\/wp-json\/wp\/v2\/types\/product"}],"wp:featuredmedia":[{"embeddable":true,"href":"https:\/\/secureus.se\/fi\/wp-json\/wp\/v2\/media\/147937"}],"wp:attachment":[{"href":"https:\/\/secureus.se\/fi\/wp-json\/wp\/v2\/media?parent=147938"}],"wp:term":[{"taxonomy":"product_brand","embeddable":true,"href":"https:\/\/secureus.se\/fi\/wp-json\/wp\/v2\/product_brand?post=147938"},{"taxonomy":"product_cat","embeddable":true,"href":"https:\/\/secureus.se\/fi\/wp-json\/wp\/v2\/product_cat?post=147938"},{"taxonomy":"product_tag","embeddable":true,"href":"https:\/\/secureus.se\/fi\/wp-json\/wp\/v2\/product_tag?post=147938"}],"curies":[{"name":"wp","href":"https:\/\/api.w.org\/{rel}","templated":true}]}}