{"id":147952,"date":"2025-02-17T12:59:05","date_gmt":"2025-02-17T11:59:05","guid":{"rendered":"https:\/\/secureus.se\/?post_type=product&#038;p=147952"},"modified":"2026-04-08T15:26:39","modified_gmt":"2026-04-08T13:26:39","slug":"skruvogla-8-elzink","status":"publish","type":"product","link":"https:\/\/secureus.se\/fi\/skruvogla-8-elzink\/","title":{"rendered":"Ruuvisilm\u00e4 8 Elzink"},"content":{"rendered":"","protected":false},"excerpt":{"rendered":"<p>Ter\u00e4sruuvisilm\u00e4. Sopii mm. habo Stormhasp.<\/p>\n<p><b>Ominaisuudet:<\/b><\/p>\n<ul>\n<li>Kokonaispituus 40 mm<\/li>\n<li>K\u00e4rjest\u00e4 silmukkaan 25 mm<\/li>\n<li>Silm\u00e4n ulkohalkaisija: 10 mm<\/li>\n<li>Ruuvin halkaisija: 4 mm<\/li>\n<\/ul>\n<p>&nbsp;<\/p>","protected":false},"featured_media":147950,"template":"","meta":{"_acf_changed":false},"product_brand":[],"product_cat":[4649],"product_tag":[],"class_list":{"0":"post-147952","1":"product","2":"type-product","3":"status-publish","4":"has-post-thumbnail","6":"product_cat-fonsterhallare","7":"product_shipping_class-postnord-varubrev","8":"pa_brands-habo","9":"tm-no-options","11":"first","12":"instock","13":"sale","14":"taxable","15":"shipping-taxable","16":"purchasable","17":"product-type-simple"},"acf":[],"_links":{"self":[{"href":"https:\/\/secureus.se\/fi\/wp-json\/wp\/v2\/product\/147952","targetHints":{"allow":["GET"]}}],"collection":[{"href":"https:\/\/secureus.se\/fi\/wp-json\/wp\/v2\/product"}],"about":[{"href":"https:\/\/secureus.se\/fi\/wp-json\/wp\/v2\/types\/product"}],"wp:featuredmedia":[{"embeddable":true,"href":"https:\/\/secureus.se\/fi\/wp-json\/wp\/v2\/media\/147950"}],"wp:attachment":[{"href":"https:\/\/secureus.se\/fi\/wp-json\/wp\/v2\/media?parent=147952"}],"wp:term":[{"taxonomy":"product_brand","embeddable":true,"href":"https:\/\/secureus.se\/fi\/wp-json\/wp\/v2\/product_brand?post=147952"},{"taxonomy":"product_cat","embeddable":true,"href":"https:\/\/secureus.se\/fi\/wp-json\/wp\/v2\/product_cat?post=147952"},{"taxonomy":"product_tag","embeddable":true,"href":"https:\/\/secureus.se\/fi\/wp-json\/wp\/v2\/product_tag?post=147952"}],"curies":[{"name":"wp","href":"https:\/\/api.w.org\/{rel}","templated":true}]}}