{"id":147954,"date":"2025-02-17T12:59:05","date_gmt":"2025-02-17T11:59:05","guid":{"rendered":"https:\/\/secureus.se\/?post_type=product&#038;p=147954"},"modified":"2026-03-25T15:31:58","modified_gmt":"2026-03-25T14:31:58","slug":"stormhasp-21-250mm-elzink","status":"publish","type":"product","link":"https:\/\/secureus.se\/fi\/stormhasp-21-250mm-elzink\/","title":{"rendered":"Storm hasp 21 250mm Elzink"},"content":{"rendered":"<div>\n<p>Klassinen ja vakaa ilmanvaihtoliitin. Saatavana useita kokoja. Mukana ruuvisilmukka yksiriippuvaisiin ikkunoihin tai myrskykoukku kaksoisriipputettaviin ikkunoihin.<\/p>\n<p><b>Ominaisuudet:<\/b><\/p>\n<ul>\n<li>Materiaali: Ter\u00e4s<\/li>\n<li>Pituus: 250mm<br \/>\nPintak\u00e4sittely: S\u00e4hk\u00f6sinkitty<\/li>\n<\/ul>\n<\/div>","protected":false},"excerpt":{"rendered":"<p>Ett klassiskt och stabilt v\u00e4dringsbeslag. Finns i flera storlekar. Kompletteras med en skruv\u00f6gla f\u00f6r enkelb\u00e5gade f\u00f6nster eller en stormkroksm\u00e4rla f\u00f6r dubbelb\u00e5gade f\u00f6nster. Egenskaper: Material: St\u00e5l L\u00e4ngd: 250 mm Ytbehandling: Elf\u00f6rzinkat<\/p>","protected":false},"featured_media":159475,"template":"","meta":{"_acf_changed":false},"product_brand":[],"product_cat":[4649],"product_tag":[],"class_list":{"0":"post-147954","1":"product","2":"type-product","3":"status-publish","4":"has-post-thumbnail","6":"product_cat-fonsterhallare","7":"product_shipping_class-postnord-varubrev","8":"pa_brands-habo","9":"tm-no-options","11":"first","12":"instock","13":"sale","14":"taxable","15":"shipping-taxable","16":"purchasable","17":"product-type-simple"},"acf":[],"_links":{"self":[{"href":"https:\/\/secureus.se\/fi\/wp-json\/wp\/v2\/product\/147954","targetHints":{"allow":["GET"]}}],"collection":[{"href":"https:\/\/secureus.se\/fi\/wp-json\/wp\/v2\/product"}],"about":[{"href":"https:\/\/secureus.se\/fi\/wp-json\/wp\/v2\/types\/product"}],"wp:featuredmedia":[{"embeddable":true,"href":"https:\/\/secureus.se\/fi\/wp-json\/wp\/v2\/media\/159475"}],"wp:attachment":[{"href":"https:\/\/secureus.se\/fi\/wp-json\/wp\/v2\/media?parent=147954"}],"wp:term":[{"taxonomy":"product_brand","embeddable":true,"href":"https:\/\/secureus.se\/fi\/wp-json\/wp\/v2\/product_brand?post=147954"},{"taxonomy":"product_cat","embeddable":true,"href":"https:\/\/secureus.se\/fi\/wp-json\/wp\/v2\/product_cat?post=147954"},{"taxonomy":"product_tag","embeddable":true,"href":"https:\/\/secureus.se\/fi\/wp-json\/wp\/v2\/product_tag?post=147954"}],"curies":[{"name":"wp","href":"https:\/\/api.w.org\/{rel}","templated":true}]}}