{"id":147959,"date":"2025-02-17T12:59:05","date_gmt":"2025-02-17T11:59:05","guid":{"rendered":"https:\/\/secureus.se\/?post_type=product&#038;p=147959"},"modified":"2026-03-25T15:31:54","modified_gmt":"2026-03-25T14:31:54","slug":"stormkrok-nickel","status":"publish","type":"product","link":"https:\/\/secureus.se\/fi\/stormkrok-nickel\/","title":{"rendered":"Myrskykoukku Nikkeli"},"content":{"rendered":"<p>ROCA Stormkrok on klassinen ja luotettava ilmanvaihtokaluste kahdella tuuletusasennolla. Koristeellinen ja toimiva kaluste, joka on tarkoitettu sivulle ripustetuille, ulosp\u00e4in avautuville ikkunoille. Sopii my\u00f6s rustiikkisiin ikkunoihin skandinaaviseen maalaistaloon. Mukana h\u00e4nt\u00e4koukku ja naula. Katso Yhdist\u00e4-v\u00e4lilehdelt\u00e4.<\/p>\n<p><b>Ominaisuudet:<\/b><\/p>\n<ul>\n<li>Materiaali: Ter\u00e4s\/sinkki<\/li>\n<li>Pintak\u00e4sittely: Nikkelipinnoitettu<\/li>\n<\/ul>","protected":false},"excerpt":{"rendered":"<p>ROCA Stormkrok on klassinen ja luotettava ilmanvaihtokaluste kahdella tuuletusasennolla. Koristeellinen ja toimiva kaluste, joka on tarkoitettu sivulle ripustetuille, ulosp\u00e4in avautuville ikkunoille. Sopii my\u00f6s rustiikkisiin ikkunoihin skandinaaviseen maalaistaloon. Suoritettava<\/p>","protected":false},"featured_media":147957,"template":"","meta":{"_acf_changed":false},"product_brand":[],"product_cat":[4649],"product_tag":[],"class_list":{"0":"post-147959","1":"product","2":"type-product","3":"status-publish","4":"has-post-thumbnail","6":"product_cat-fonsterhallare","7":"product_shipping_class-postnord-varubrev","8":"pa_brands-roca","9":"tm-no-options","11":"first","12":"instock","13":"sale","14":"taxable","15":"shipping-taxable","16":"purchasable","17":"product-type-simple"},"acf":[],"_links":{"self":[{"href":"https:\/\/secureus.se\/fi\/wp-json\/wp\/v2\/product\/147959","targetHints":{"allow":["GET"]}}],"collection":[{"href":"https:\/\/secureus.se\/fi\/wp-json\/wp\/v2\/product"}],"about":[{"href":"https:\/\/secureus.se\/fi\/wp-json\/wp\/v2\/types\/product"}],"wp:featuredmedia":[{"embeddable":true,"href":"https:\/\/secureus.se\/fi\/wp-json\/wp\/v2\/media\/147957"}],"wp:attachment":[{"href":"https:\/\/secureus.se\/fi\/wp-json\/wp\/v2\/media?parent=147959"}],"wp:term":[{"taxonomy":"product_brand","embeddable":true,"href":"https:\/\/secureus.se\/fi\/wp-json\/wp\/v2\/product_brand?post=147959"},{"taxonomy":"product_cat","embeddable":true,"href":"https:\/\/secureus.se\/fi\/wp-json\/wp\/v2\/product_cat?post=147959"},{"taxonomy":"product_tag","embeddable":true,"href":"https:\/\/secureus.se\/fi\/wp-json\/wp\/v2\/product_tag?post=147959"}],"curies":[{"name":"wp","href":"https:\/\/api.w.org\/{rel}","templated":true}]}}