{"id":147990,"date":"2025-02-25T12:22:20","date_gmt":"2025-02-25T11:22:20","guid":{"rendered":"https:\/\/secureus.se\/?post_type=product&#038;p=147990"},"modified":"2026-03-26T11:08:00","modified_gmt":"2026-03-26T10:08:00","slug":"plejd-belysning-downlight-tilt-svart","status":"publish","type":"product","link":"https:\/\/secureus.se\/fi\/plejd-belysning-downlight-tilt-svart\/","title":{"rendered":"Plejd valaistus Downlight Tilt musta"},"content":{"rendered":"<h1>Plejd DWN-01 \u2013 \u00c4lyk\u00e4s alasvalo, jossa on s\u00e4\u00e4dett\u00e4v\u00e4 valkoinen ja langaton ohjaus<\/h1>\n<p data-start=\"586\" data-end=\"842\">Plejd DWN-01 on \u00e4lyk\u00e4s ja joustava alasvalo, joka on suunniteltu tarjoamaan optimaalinen valaistuksen hallinta.<\/p>\n<p data-start=\"586\" data-end=\"842\">Sis\u00e4\u00e4nrakennetun himmentimen ansiosta ulkoista himmentimi\u00e4 ei tarvita \u2013 kaikkea ohjataan helposti Plejd-sovelluksella, painikkeella tai muilla Plejd-laitteilla.<\/p>\n<p data-start=\"844\" data-end=\"1278\">Valonl\u00e4hteess\u00e4 on 22\u00b0 kallistustoiminto, joka mahdollistaa valon suuntaamisen ja t\u00e4ydellisen valaistuksen luomiseen huoneeseen.<\/p>\n<p data-start=\"844\" data-end=\"1278\">S\u00e4\u00e4dett\u00e4v\u00e4n valkoisen tekniikan avulla k\u00e4ytt\u00e4j\u00e4 voi s\u00e4\u00e4t\u00e4\u00e4 v\u00e4ril\u00e4mp\u00f6tilaa v\u00e4lill\u00e4 2200K ja 4000K, jolloin valon sovittaminen tarpeisiisi on helppoa \u2013 l\u00e4mpim\u00e4st\u00e4 ja viihtyis\u00e4st\u00e4 neutraalimpaan ty\u00f6valoon.<\/p>\n<p data-start=\"844\" data-end=\"1278\">Tuote tukee my\u00f6s himmennyst\u00e4 l\u00e4mpim\u00e4\u00e4n, mik\u00e4 tarjoaa luonnollisemman valaistuskokemuksen himmennett\u00e4ess\u00e4.<\/p>\n<p data-start=\"1280\" data-end=\"1603\">Bluetooth\u00ae mesh -teknologian ansiosta DWN-01 voidaan integroida \u00e4lykk\u00e4\u00e4ksi valaistusj\u00e4rjestelm\u00e4ksi, jossa useita laitteita voidaan ryhmitell\u00e4 langattomasti ja ohjata yhdess\u00e4.<\/p>\n<p data-start=\"1280\" data-end=\"1603\">Lis\u00e4automaatiota varten DWN-01:ss\u00e4 on sis\u00e4\u00e4nrakennetut aikatoiminnot, kuten astro- ja viikkokellot, joiden avulla valoa voidaan s\u00e4\u00e4t\u00e4\u00e4 automaattisesti kellonajan mukaan.<\/p>\n<p data-start=\"1605\" data-end=\"1955\">DWN-01:ll\u00e4 on IP44-luokitus, mik\u00e4 tarkoittaa, ett\u00e4 se sopii kylpyhuoneisiin ja muihin kosteisiin ymp\u00e4rist\u00f6ihin.<\/p>\n<p data-start=\"1605\" data-end=\"1955\">Siin\u00e4 on my\u00f6s ylikuumenemissuoja, mik\u00e4 varmistaa turvallisen ja pitk\u00e4kestoisen toiminnan.<\/p>\n<p data-start=\"1605\" data-end=\"1955\">Asennus on helppoa alhaisen, vain 40 mm:n asennussyvyyden ansiosta, mik\u00e4 tarkoittaa, ett\u00e4 se voidaan asentaa my\u00f6s tiloihin, joissa syvyys on rajoitettu.<\/p>\n<h3 data-start=\"1962\" data-end=\"1997\"><strong data-start=\"1966\" data-end=\"1995\">Tekniset tiedot:<\/strong><\/h3>\n<ul data-start=\"1998\" data-end=\"2808\">\n<li data-start=\"1998\" data-end=\"2034\"><strong data-start=\"2000\" data-end=\"2014\">Valonl\u00e4hde:<\/strong> LED (ei vaihdettavissa)<\/li>\n<li data-start=\"2035\" data-end=\"2060\"><strong data-start=\"2037\" data-end=\"2051\">Valovirta:<\/strong> 515 lumenia<\/li>\n<li data-start=\"2061\" data-end=\"2111\"><strong data-start=\"2063\" data-end=\"2082\">V\u00e4ril\u00e4mp\u00f6tila:<\/strong> 2200\u20134000K (viritett\u00e4v\u00e4 valkoinen)<\/li>\n<li data-start=\"2112\" data-end=\"2145\"><strong data-start=\"2114\" data-end=\"2133\">Himmennysalue:<\/strong> 0,1\u2013100 %<\/li>\n<li data-start=\"2146\" data-end=\"2169\"><strong data-start=\"2148\" data-end=\"2163\">Kallistuvuus:<\/strong> 22\u00b0<\/li>\n<li data-start=\"2170\" data-end=\"2199\"><strong data-start=\"2172\" data-end=\"2193\">Levityskulma:<\/strong> 40\u00b0<\/li>\n<li data-start=\"2200\" data-end=\"2233\"><strong data-start=\"2202\" data-end=\"2228\">V\u00e4rintoisto (CRI):<\/strong> 90<\/li>\n<li data-start=\"2234\" data-end=\"2286\"><strong data-start=\"2236\" data-end=\"2250\">El\u00e4m\u00e4:<\/strong> 60 000 tuntia (L70\/B50 25 \u00b0C:ssa)<\/li>\n<li data-start=\"2287\" data-end=\"2306\"><strong data-start=\"2289\" data-end=\"2300\">Vaikutus:<\/strong> 8W<\/li>\n<li data-start=\"2307\" data-end=\"2342\"><strong data-start=\"2309\" data-end=\"2338\">Energiatehokkuusluokka:<\/strong> F<\/li>\n<li data-start=\"2343\" data-end=\"2372\"><strong data-start=\"2345\" data-end=\"2361\">Suojausluokka:<\/strong> Luokka II<\/li>\n<li data-start=\"2373\" data-end=\"2421\"><strong data-start=\"2375\" data-end=\"2388\">IP-luokka:<\/strong> IP44 (valaisin), IP20 (ohjain)<\/li>\n<li data-start=\"2422\" data-end=\"2454\"><strong data-start=\"2424\" data-end=\"2440\">Verkkoj\u00e4nnite:<\/strong> 230V \/ 50Hz<\/li>\n<li data-start=\"2455\" data-end=\"2481\"><strong data-start=\"2457\" data-end=\"2474\">Tehokerroin:<\/strong> 0,84<\/li>\n<li data-start=\"2482\" data-end=\"2528\"><strong data-start=\"2484\" data-end=\"2502\">Viestint\u00e4:<\/strong> 2,4 GHz Bluetooth\u00ae mesh<\/li>\n<li data-start=\"2529\" data-end=\"2604\"><strong data-start=\"2531\" data-end=\"2549\">Radion kantama:<\/strong> Noin 10 metri\u00e4 sis\u00e4tiloissa (pidennetty Plejd mesh -tekniikalla)<\/li>\n<li data-start=\"2605\" data-end=\"2651\"><strong data-start=\"2607\" data-end=\"2621\">Asennus:<\/strong> Upotettu kattoon (\u00d8 83 mm reik\u00e4)<\/li>\n<li data-start=\"2652\" data-end=\"2691\"><strong data-start=\"2654\" data-end=\"2683\">Minimi asennussyvyys:<\/strong> 40 mm<\/li>\n<li data-start=\"2692\" data-end=\"2752\"><strong data-start=\"2694\" data-end=\"2707\">Materiaali:<\/strong> Pulverimaalattu alumiini, musta (RAL 9004)<\/li>\n<li data-start=\"2753\" data-end=\"2808\"><strong data-start=\"2755\" data-end=\"2774\">Yhteensopivuus:<\/strong> Apple HomeKit, Google Assistant<\/li>\n<\/ul>\n<p data-start=\"2810\" data-end=\"2958\">Plejd DWN-01 on laadukas ja tyylik\u00e4s ratkaisu niille, jotka haluavat \u00e4lyk\u00e4st\u00e4 ja joustavaa valaistusta kotiinsa tai julkisiin ymp\u00e4rist\u00f6ihin.<\/p>","protected":false},"excerpt":{"rendered":"<p>Plejd DWN-01 on \u00e4lyk\u00e4s alasvalo, jossa on s\u00e4\u00e4dett\u00e4v\u00e4 valkoinen ja sis\u00e4\u00e4nrakennettu himmennystoiminto - ulkoista himment\u00e4\u00e4 ei tarvita.<\/p>\n<p>Valonl\u00e4hdett\u00e4 voidaan kallistaa joustavaa valaistusta varten ja sit\u00e4 ohjataan langattomasti Plejd-sovelluksen, muiden Plejd-tuotteiden tai painikkeen kautta.<\/p>\n<p>S\u00e4\u00e4dett\u00e4v\u00e4 v\u00e4ril\u00e4mp\u00f6tila v\u00e4lill\u00e4 2200K\u20134000K ja yhteensopiva ajanhallinnan kanssa astro- ja viikkokellon avulla.<\/p>","protected":false},"featured_media":147989,"template":"","meta":{"_acf_changed":false},"product_brand":[],"product_cat":[4664],"product_tag":[4670],"class_list":{"0":"post-147990","1":"product","2":"type-product","3":"status-publish","4":"has-post-thumbnail","6":"product_cat-plejd-belysning","7":"product_tag-plejd","8":"product_shipping_class-tunga-paket","9":"pa_brands-plejd","10":"tm-has-options","12":"first","13":"instock","14":"sale","15":"taxable","16":"shipping-taxable","17":"purchasable","18":"product-type-simple"},"acf":[],"_links":{"self":[{"href":"https:\/\/secureus.se\/fi\/wp-json\/wp\/v2\/product\/147990","targetHints":{"allow":["GET"]}}],"collection":[{"href":"https:\/\/secureus.se\/fi\/wp-json\/wp\/v2\/product"}],"about":[{"href":"https:\/\/secureus.se\/fi\/wp-json\/wp\/v2\/types\/product"}],"wp:featuredmedia":[{"embeddable":true,"href":"https:\/\/secureus.se\/fi\/wp-json\/wp\/v2\/media\/147989"}],"wp:attachment":[{"href":"https:\/\/secureus.se\/fi\/wp-json\/wp\/v2\/media?parent=147990"}],"wp:term":[{"taxonomy":"product_brand","embeddable":true,"href":"https:\/\/secureus.se\/fi\/wp-json\/wp\/v2\/product_brand?post=147990"},{"taxonomy":"product_cat","embeddable":true,"href":"https:\/\/secureus.se\/fi\/wp-json\/wp\/v2\/product_cat?post=147990"},{"taxonomy":"product_tag","embeddable":true,"href":"https:\/\/secureus.se\/fi\/wp-json\/wp\/v2\/product_tag?post=147990"}],"curies":[{"name":"wp","href":"https:\/\/api.w.org\/{rel}","templated":true}]}}