{"id":147992,"date":"2025-02-25T12:22:20","date_gmt":"2025-02-25T11:22:20","guid":{"rendered":"https:\/\/secureus.se\/?post_type=product&#038;p=147992"},"modified":"2026-04-23T10:19:28","modified_gmt":"2026-04-23T08:19:28","slug":"plejd-belysning-downlight-deep-svart","status":"publish","type":"product","link":"https:\/\/secureus.se\/fi\/plejd-belysning-downlight-deep-svart\/","title":{"rendered":"Plejd valaistus Downlight Syv\u00e4musta"},"content":{"rendered":"<h1 data-start=\"413\" data-end=\"492\"><strong data-start=\"417\" data-end=\"490\">Plejd DWN-02 \u2013 \u00c4lyk\u00e4s alasvalo, jossa on s\u00e4\u00e4dett\u00e4v\u00e4 valkoinen ja langaton ohjaus<\/strong><\/h1>\n<p data-start=\"494\" data-end=\"777\">Plejd DWN-02 on tyylik\u00e4s ja toimiva alasvalo, joka on kehitetty tarjoamaan maksimaalista joustavuutta valaistuksen ohjauksessa.<\/p>\n<p data-start=\"494\" data-end=\"777\">Sis\u00e4\u00e4nrakennetun himmentimen ansiosta ulkoista himmentimi\u00e4 ei tarvita, ja valoa on helppo ohjata Plejd-sovelluksen, langallisen painikkeen tai muiden Plejd-laitteiden avulla.<\/p>\n<p data-start=\"779\" data-end=\"1164\">Integroitu viritett\u00e4v\u00e4 valkoinen teknologia mahdollistaa valon v\u00e4ril\u00e4mp\u00f6tilan s\u00e4\u00e4t\u00e4misen v\u00e4lill\u00e4 2200K - 4000K, mik\u00e4 tarkoittaa, ett\u00e4 valoa voidaan mukauttaa erilaisiin ymp\u00e4rist\u00f6ihin ja tarpeisiin - l\u00e4mpim\u00e4st\u00e4 ja viihtyis\u00e4st\u00e4 hehkusta toimivampaan valkoiseen valoon.<\/p>\n<p data-start=\"779\" data-end=\"1164\">Himme\u00e4 l\u00e4mpim\u00e4ksi -toiminto luo luonnollisen siirtym\u00e4n v\u00e4ril\u00e4mp\u00f6tilaan himmennett\u00e4ess\u00e4, mik\u00e4 tarjoaa miellytt\u00e4v\u00e4mm\u00e4n valaistuksen.<\/p>\n<p data-start=\"1166\" data-end=\"1414\">T\u00e4ss\u00e4 mallissa on symmetrinen valonjako 40\u00b0:n valonkulmalla, joten se sopii sek\u00e4 yleisvalaistukseen ett\u00e4 suuntavalaistukseen.<\/p>\n<p data-start=\"1166\" data-end=\"1414\">DWN-02:ssa on kiinte\u00e4 valon suunta, joka tarjoaa tasaisen valon jakautumisen koko huoneeseen.<\/p>\n<p data-start=\"1416\" data-end=\"1711\">Asennus on helppoa alhaisen, vain 40 mm:n asennussyvyyden ansiosta, mik\u00e4 tarkoittaa, ett\u00e4 se voidaan asentaa my\u00f6s tiloihin, joissa syvyys on rajoitettu.<\/p>\n<p data-start=\"1416\" data-end=\"1711\">Se on IP44-luokiteltu, mik\u00e4 tarkoittaa, ett\u00e4 sit\u00e4 voidaan k\u00e4ytt\u00e4\u00e4 kylpyhuoneissa ja muissa kosteissa ymp\u00e4rist\u00f6iss\u00e4 sek\u00e4 ulkona r\u00e4yst\u00e4sasennuksissa.<\/p>\n<p data-start=\"1713\" data-end=\"1982\">Bluetooth\u00ae mesh -tekniikan ansiosta useita DWN-02-yksik\u00f6it\u00e4 voidaan ryhmitell\u00e4 ja ohjata langattomasti yhteen.<\/p>\n<p data-start=\"1713\" data-end=\"1982\">Tuotteessa on my\u00f6s sis\u00e4\u00e4nrakennetut aikatoiminnot, kuten astro- ja viikkokellot, mik\u00e4 mahdollistaa valaistuksen s\u00e4\u00e4d\u00f6n automatisoinnin vuorokauden valaistusolosuhteiden mukaan.<\/p>\n<p data-start=\"1984\" data-end=\"2143\">DWN-02 on tyylik\u00e4s ja energiatehokas ratkaisu, joka sopii sek\u00e4 yksityisiin ett\u00e4 kaupallisiin asennuksiin, joissa tarvitaan modernia ja \u00e4lyk\u00e4st\u00e4 valaistusta.<\/p>\n<h3 data-start=\"2145\" data-end=\"2180\"><strong data-start=\"2149\" data-end=\"2178\">Tekniset tiedot:<\/strong><\/h3>\n<ul data-start=\"2181\" data-end=\"2967\">\n<li data-start=\"2181\" data-end=\"2217\"><strong data-start=\"2183\" data-end=\"2197\">Valonl\u00e4hde:<\/strong> LED (ei vaihdettavissa)<\/li>\n<li data-start=\"2218\" data-end=\"2243\"><strong data-start=\"2220\" data-end=\"2234\">Valovirta:<\/strong> 515 lumenia<\/li>\n<li data-start=\"2244\" data-end=\"2294\"><strong data-start=\"2246\" data-end=\"2265\">V\u00e4ril\u00e4mp\u00f6tila:<\/strong> 2200\u20134000K (viritett\u00e4v\u00e4 valkoinen)<\/li>\n<li data-start=\"2295\" data-end=\"2328\"><strong data-start=\"2297\" data-end=\"2316\">Himmennysalue:<\/strong> 0,1\u2013100 %<\/li>\n<li data-start=\"2329\" data-end=\"2358\"><strong data-start=\"2331\" data-end=\"2352\">Levityskulma:<\/strong> 40\u00b0<\/li>\n<li data-start=\"2359\" data-end=\"2392\"><strong data-start=\"2361\" data-end=\"2387\">V\u00e4rintoisto (CRI):<\/strong> 90<\/li>\n<li data-start=\"2393\" data-end=\"2445\"><strong data-start=\"2395\" data-end=\"2409\">El\u00e4m\u00e4:<\/strong> 60 000 tuntia (L70\/B50 25 \u00b0C:ssa)<\/li>\n<li data-start=\"2446\" data-end=\"2465\"><strong data-start=\"2448\" data-end=\"2459\">Vaikutus:<\/strong> 8W<\/li>\n<li data-start=\"2466\" data-end=\"2501\"><strong data-start=\"2468\" data-end=\"2497\">Energiatehokkuusluokka:<\/strong> F<\/li>\n<li data-start=\"2502\" data-end=\"2531\"><strong data-start=\"2504\" data-end=\"2520\">Suojausluokka:<\/strong> Luokka II<\/li>\n<li data-start=\"2532\" data-end=\"2580\"><strong data-start=\"2534\" data-end=\"2547\">IP-luokka:<\/strong> IP44 (valaisin), IP20 (ohjain)<\/li>\n<li data-start=\"2581\" data-end=\"2613\"><strong data-start=\"2583\" data-end=\"2599\">Verkkoj\u00e4nnite:<\/strong> 230V \/ 50Hz<\/li>\n<li data-start=\"2614\" data-end=\"2640\"><strong data-start=\"2616\" data-end=\"2633\">Tehokerroin:<\/strong> 0,84<\/li>\n<li data-start=\"2641\" data-end=\"2687\"><strong data-start=\"2643\" data-end=\"2661\">Viestint\u00e4:<\/strong> 2,4 GHz Bluetooth\u00ae mesh<\/li>\n<li data-start=\"2688\" data-end=\"2763\"><strong data-start=\"2690\" data-end=\"2708\">Radion kantama:<\/strong> Noin 10 metri\u00e4 sis\u00e4tiloissa (pidennetty Plejd mesh -tekniikalla)<\/li>\n<li data-start=\"2764\" data-end=\"2810\"><strong data-start=\"2766\" data-end=\"2780\">Asennus:<\/strong> Upotettu kattoon (\u00d8 83 mm reik\u00e4)<\/li>\n<li data-start=\"2811\" data-end=\"2850\"><strong data-start=\"2813\" data-end=\"2842\">Minimi asennussyvyys:<\/strong> 40 mm<\/li>\n<li data-start=\"2851\" data-end=\"2911\"><strong data-start=\"2853\" data-end=\"2866\">Materiaali:<\/strong> Pulverimaalattu alumiini, musta (RAL 9004)<\/li>\n<li data-start=\"2912\" data-end=\"2967\"><strong data-start=\"2914\" data-end=\"2933\">Yhteensopivuus:<\/strong> Apple HomeKit, Google Assistant<\/li>\n<\/ul>\n<p data-start=\"2969\" data-end=\"3095\">Plejd DWN-02 on t\u00e4ydellinen ratkaisu \u00e4lykk\u00e4isiin valaistusasennuksiin, joissa muotoilu ja toiminnallisuus yhdistyv\u00e4t.<\/p>","protected":false},"excerpt":{"rendered":"<p>Plejd DWN-02 on \u00e4lyk\u00e4s alasvalo, jossa on s\u00e4\u00e4dett\u00e4v\u00e4 valkoinen ja sis\u00e4\u00e4nrakennettu himmennystoiminto.<\/p>\n<p>Ulkoista himmentimi\u00e4 ei tarvita.<\/p>\n<p>Sit\u00e4 voidaan ohjata Plejd-sovelluksella, painikkeella tai muilla Plejd-laitteilla.<\/p>\n<p>S\u00e4\u00e4dett\u00e4v\u00e4 v\u00e4ril\u00e4mp\u00f6tila v\u00e4lill\u00e4 2200K\u20134000K ja tuki himme\u00e4st\u00e4 l\u00e4mpim\u00e4\u00e4n.<\/p>\n<p>IP44-luokiteltu ja sopii sek\u00e4 sis\u00e4- ett\u00e4 suojattuihin ulkotiloihin.<\/p>","protected":false},"featured_media":147991,"template":"","meta":{"_acf_changed":false},"product_brand":[],"product_cat":[4664],"product_tag":[4670],"class_list":{"0":"post-147992","1":"product","2":"type-product","3":"status-publish","4":"has-post-thumbnail","6":"product_cat-plejd-belysning","7":"product_tag-plejd","8":"product_shipping_class-postnord-varubrev","9":"pa_brands-plejd","10":"tm-has-options","12":"first","13":"instock","14":"sale","15":"taxable","16":"shipping-taxable","17":"purchasable","18":"product-type-simple"},"acf":[],"_links":{"self":[{"href":"https:\/\/secureus.se\/fi\/wp-json\/wp\/v2\/product\/147992","targetHints":{"allow":["GET"]}}],"collection":[{"href":"https:\/\/secureus.se\/fi\/wp-json\/wp\/v2\/product"}],"about":[{"href":"https:\/\/secureus.se\/fi\/wp-json\/wp\/v2\/types\/product"}],"wp:featuredmedia":[{"embeddable":true,"href":"https:\/\/secureus.se\/fi\/wp-json\/wp\/v2\/media\/147991"}],"wp:attachment":[{"href":"https:\/\/secureus.se\/fi\/wp-json\/wp\/v2\/media?parent=147992"}],"wp:term":[{"taxonomy":"product_brand","embeddable":true,"href":"https:\/\/secureus.se\/fi\/wp-json\/wp\/v2\/product_brand?post=147992"},{"taxonomy":"product_cat","embeddable":true,"href":"https:\/\/secureus.se\/fi\/wp-json\/wp\/v2\/product_cat?post=147992"},{"taxonomy":"product_tag","embeddable":true,"href":"https:\/\/secureus.se\/fi\/wp-json\/wp\/v2\/product_tag?post=147992"}],"curies":[{"name":"wp","href":"https:\/\/api.w.org\/{rel}","templated":true}]}}