{"id":147994,"date":"2025-02-25T12:22:21","date_gmt":"2025-02-25T11:22:21","guid":{"rendered":"https:\/\/secureus.se\/?post_type=product&#038;p=147994"},"modified":"2026-04-23T10:19:24","modified_gmt":"2026-04-23T08:19:24","slug":"plejd-plafond-sensor-svart","status":"publish","type":"product","link":"https:\/\/secureus.se\/fi\/plejd-plafond-sensor-svart\/","title":{"rendered":"Plejd Plafond Sensor musta"},"content":{"rendered":"<h1 data-start=\"428\" data-end=\"508\"><strong data-start=\"432\" data-end=\"506\">Plejd CCL-01-S \u2013 \u00c4lyk\u00e4s LED-kattovalo liiketunnistimella ja s\u00e4\u00e4dett\u00e4v\u00e4ll\u00e4 valkoisella<\/strong><\/h1>\n<p data-start=\"510\" data-end=\"843\">Plejd CCL-01-S on \u00e4lyk\u00e4s ja joustava LED-kattovalaisin, jossa on integroitu himmennystoiminto ja liiketunnistin.<\/p>\n<p data-start=\"510\" data-end=\"843\">Ulkoista himmentimi\u00e4 ei tarvita, joten asennus on helppoa ja vaivatonta. Valaistusta voidaan ohjata langattomasti Plejd-sovelluksella, painikkeella tai muilla Plejd-laitteilla, jolloin saat t\u00e4yden hallinnan valaistusasetuksista.<\/p>\n<p data-start=\"845\" data-end=\"1245\">Kattovalaisin on varustettu s\u00e4\u00e4dett\u00e4v\u00e4ll\u00e4 valkoisella tekniikalla, mik\u00e4 tarkoittaa, ett\u00e4 k\u00e4ytt\u00e4j\u00e4 voi s\u00e4\u00e4t\u00e4\u00e4 v\u00e4ril\u00e4mp\u00f6tilaa v\u00e4lill\u00e4 2200K - 4000K.<\/p>\n<p data-start=\"845\" data-end=\"1245\">T\u00e4m\u00e4 mahdollistaa valon sovittamisen eri tilanteisiin \u2013 l\u00e4mpim\u00e4st\u00e4 ja tunnelmallisesta toimivampaan ty\u00f6valoon.<\/p>\n<p data-start=\"845\" data-end=\"1245\">Himme\u00e4 l\u00e4mpim\u00e4ksi -toiminto luo luonnollisen v\u00e4ril\u00e4mp\u00f6tilan muutoksen himmennett\u00e4ess\u00e4, mik\u00e4 tarjoaa miellytt\u00e4v\u00e4mm\u00e4n valaistuskokemuksen.<\/p>\n<p data-start=\"1247\" data-end=\"1585\">Sis\u00e4\u00e4nrakennettu liiketunnistin yhdist\u00e4\u00e4 PIR-anturin ja HF-anturin parantamaan havaitsemista.<\/p>\n<p data-start=\"1247\" data-end=\"1585\">Sen kantama on jopa 11 metri\u00e4 ja s\u00e4\u00e4dett\u00e4v\u00e4 herkkyys. Laite on my\u00f6s varustettu p\u00e4iv\u00e4nvalotunnistimella, mik\u00e4 tarkoittaa, ett\u00e4 se voidaan aktivoida vain, kun ymp\u00e4rist\u00f6n valaistustaso on alhainen, mik\u00e4 edist\u00e4\u00e4 energians\u00e4\u00e4st\u00f6\u00e4.<\/p>\n<p data-start=\"1587\" data-end=\"1838\">Bluetooth\u00ae mesh -tekniikan ansiosta useita laitteita voidaan ryhmitell\u00e4 langattomasti ja ohjata yhdess\u00e4.<\/p>\n<p data-start=\"1587\" data-end=\"1838\">Tuotteessa on my\u00f6s aikatoiminnot, kuten astro- ja viikkokellot, mik\u00e4 tarkoittaa, ett\u00e4 valaistus voidaan s\u00e4\u00e4t\u00e4\u00e4 automaattisesti kellonajan ja vuodenajan mukaan.<\/p>\n<p data-start=\"1840\" data-end=\"2125\">Asennus on yksinkertaista, ja kattovalaisin voidaan asentaa sek\u00e4 kattoon ett\u00e4 sein\u00e4\u00e4n.<\/p>\n<p data-start=\"1840\" data-end=\"2125\">Sen IP44-luokitus tekee siit\u00e4 sopivan kylpyhuoneisiin ja muihin kosteisiin ymp\u00e4rist\u00f6ihin.<\/p>\n<p data-start=\"1840\" data-end=\"2125\">Kattovalaisin on suunniteltu sis\u00e4k\u00e4ytt\u00f6\u00f6n, ja siin\u00e4 on vankka rakenne ja iskunkest\u00e4vyys IK07.<\/p>\n<p data-start=\"2127\" data-end=\"2394\">Plejd CCL-01-S on energiatehokas ja pitk\u00e4ik\u00e4inen valaistusratkaisu, jonka k\u00e4ytt\u00f6ik\u00e4 on jopa 100 000 tuntia.<\/p>\n<p data-start=\"2127\" data-end=\"2394\">Sen korkea valonlaatu (CRI 93) takaa luonnollisen ja miellytt\u00e4v\u00e4n valon toiston, joka on t\u00e4ydellinen sek\u00e4 yksityisiin ett\u00e4 kaupallisiin asennuksiin.<\/p>\n<h3 data-start=\"2396\" data-end=\"2431\"><strong data-start=\"2400\" data-end=\"2429\">Tekniset tiedot:<\/strong><\/h3>\n<ul data-start=\"2432\" data-end=\"3397\">\n<li data-start=\"2432\" data-end=\"2468\"><strong data-start=\"2434\" data-end=\"2448\">Valonl\u00e4hde:<\/strong> LED (ei vaihdettavissa)<\/li>\n<li data-start=\"2469\" data-end=\"2495\"><strong data-start=\"2471\" data-end=\"2485\">Valovirta:<\/strong> 2000 lumenia<\/li>\n<li data-start=\"2496\" data-end=\"2546\"><strong data-start=\"2498\" data-end=\"2517\">V\u00e4ril\u00e4mp\u00f6tila:<\/strong> 2200\u20134000K (viritett\u00e4v\u00e4 valkoinen)<\/li>\n<li data-start=\"2547\" data-end=\"2580\"><strong data-start=\"2549\" data-end=\"2568\">Himmennysalue:<\/strong> 0,1\u2013100 %<\/li>\n<li data-start=\"2581\" data-end=\"2654\"><strong data-start=\"2583\" data-end=\"2601\">Liiketunnistin:<\/strong> PIR + HF-anturi (s\u00e4\u00e4dett\u00e4viss\u00e4 11 m:iin asti)<\/li>\n<li data-start=\"2655\" data-end=\"2721\"><strong data-start=\"2657\" data-end=\"2675\">P\u00e4iv\u00e4nvalotunnistin:<\/strong> Aktivoituu vain heikossa ymp\u00e4rist\u00f6n valaistuksessa<\/li>\n<li data-start=\"2722\" data-end=\"2752\"><strong data-start=\"2724\" data-end=\"2745\">Levityskulma:<\/strong> 120\u00b0<\/li>\n<li data-start=\"2753\" data-end=\"2786\"><strong data-start=\"2755\" data-end=\"2781\">V\u00e4rintoisto (CRI):<\/strong> 93<\/li>\n<li data-start=\"2787\" data-end=\"2840\"><strong data-start=\"2789\" data-end=\"2803\">El\u00e4m\u00e4:<\/strong> 100 000 tuntia (L70\/B50 25\u00b0C:ssa)<\/li>\n<li data-start=\"2841\" data-end=\"2861\"><strong data-start=\"2843\" data-end=\"2854\">Vaikutus:<\/strong> 22W<\/li>\n<li data-start=\"2862\" data-end=\"2897\"><strong data-start=\"2864\" data-end=\"2893\">Energiatehokkuusluokka:<\/strong> F<\/li>\n<li data-start=\"2898\" data-end=\"2927\"><strong data-start=\"2900\" data-end=\"2916\">Suojausluokka:<\/strong> Luokka II<\/li>\n<li data-start=\"2928\" data-end=\"2987\"><strong data-start=\"2930\" data-end=\"2943\">IP-luokka:<\/strong> IP44 (kattoasennus), IP20 (sein\u00e4asennus)<\/li>\n<li data-start=\"2988\" data-end=\"3014\"><strong data-start=\"2990\" data-end=\"3007\">Iskunkest\u00e4vyys:<\/strong> IK07<\/li>\n<li data-start=\"3015\" data-end=\"3047\"><strong data-start=\"3017\" data-end=\"3033\">Verkkoj\u00e4nnite:<\/strong> 230V \/ 50Hz<\/li>\n<li data-start=\"3048\" data-end=\"3073\"><strong data-start=\"3050\" data-end=\"3067\">Tehokerroin:<\/strong> 0,9<\/li>\n<li data-start=\"3074\" data-end=\"3120\"><strong data-start=\"3076\" data-end=\"3094\">Viestint\u00e4:<\/strong> 2,4 GHz Bluetooth\u00ae mesh<\/li>\n<li data-start=\"3121\" data-end=\"3196\"><strong data-start=\"3123\" data-end=\"3141\">Radion kantama:<\/strong> Noin 10 metri\u00e4 sis\u00e4tiloissa (pidennetty Plejd mesh -tekniikalla)<\/li>\n<li data-start=\"3197\" data-end=\"3245\"><strong data-start=\"3199\" data-end=\"3213\">Asennus:<\/strong> Pinta-asennus kattoon tai sein\u00e4\u00e4n<\/li>\n<li data-start=\"3246\" data-end=\"3280\"><strong data-start=\"3248\" data-end=\"3257\">Mitata:<\/strong> \u00d8 294 mm, korkeus 50 mm<\/li>\n<li data-start=\"3281\" data-end=\"3327\"><strong data-start=\"3283\" data-end=\"3296\">Materiaali:<\/strong> Matta muovi, musta (RAL 7016)<\/li>\n<li data-start=\"3328\" data-end=\"3397\"><strong data-start=\"3330\" data-end=\"3349\">Yhteensopivuus:<\/strong> Apple HomeKit, Google Assistant, Amazon Alexa<\/li>\n<\/ul>\n<p>Plejd CCL-01-S on paras ratkaisu \u00e4lykk\u00e4\u00e4seen valaistukseen, jossa yhdistyv\u00e4t muotoilu, toimivuus ja energiatehokkuus.<\/p>","protected":false},"excerpt":{"rendered":"<p>Plejd CCL-01-S on \u00e4lyk\u00e4s LED-kattovalaisin, jossa on s\u00e4\u00e4dett\u00e4v\u00e4 valkoinen ja sis\u00e4\u00e4nrakennettu himmennystoiminto.<\/p>\n<p>Ulkoista himmentimi\u00e4 ei tarvita. Siin\u00e4 on integroitu liiketunnistin perusvalotoiminnolla ja p\u00e4iv\u00e4nvalotunnistimella.<\/p>\n<p>Voidaan ohjata Plejd-sovelluksella, painikkeella tai muilla Plejd-laitteilla.<\/p>\n<p>S\u00e4\u00e4dett\u00e4v\u00e4 v\u00e4ril\u00e4mp\u00f6tila v\u00e4lill\u00e4 2200K\u20134000K ja tuki himme\u00e4st\u00e4 l\u00e4mpim\u00e4\u00e4n.<\/p>","protected":false},"featured_media":147993,"template":"","meta":{"_acf_changed":false},"product_brand":[],"product_cat":[4664],"product_tag":[4670],"class_list":{"0":"post-147994","1":"product","2":"type-product","3":"status-publish","4":"has-post-thumbnail","6":"product_cat-plejd-belysning","7":"product_tag-plejd","8":"product_shipping_class-postnord-varubrev","9":"pa_brands-plejd","10":"pa_farg-svart","11":"tm-has-options","13":"first","14":"instock","15":"sale","16":"taxable","17":"shipping-taxable","18":"purchasable","19":"product-type-simple"},"acf":[],"_links":{"self":[{"href":"https:\/\/secureus.se\/fi\/wp-json\/wp\/v2\/product\/147994","targetHints":{"allow":["GET"]}}],"collection":[{"href":"https:\/\/secureus.se\/fi\/wp-json\/wp\/v2\/product"}],"about":[{"href":"https:\/\/secureus.se\/fi\/wp-json\/wp\/v2\/types\/product"}],"wp:featuredmedia":[{"embeddable":true,"href":"https:\/\/secureus.se\/fi\/wp-json\/wp\/v2\/media\/147993"}],"wp:attachment":[{"href":"https:\/\/secureus.se\/fi\/wp-json\/wp\/v2\/media?parent=147994"}],"wp:term":[{"taxonomy":"product_brand","embeddable":true,"href":"https:\/\/secureus.se\/fi\/wp-json\/wp\/v2\/product_brand?post=147994"},{"taxonomy":"product_cat","embeddable":true,"href":"https:\/\/secureus.se\/fi\/wp-json\/wp\/v2\/product_cat?post=147994"},{"taxonomy":"product_tag","embeddable":true,"href":"https:\/\/secureus.se\/fi\/wp-json\/wp\/v2\/product_tag?post=147994"}],"curies":[{"name":"wp","href":"https:\/\/api.w.org\/{rel}","templated":true}]}}