{"id":148000,"date":"2025-02-25T12:22:21","date_gmt":"2025-02-25T11:22:21","guid":{"rendered":"https:\/\/secureus.se\/?post_type=product&#038;p=148000"},"modified":"2026-04-08T16:38:26","modified_gmt":"2026-04-08T14:38:26","slug":"plejd-belysning-downlight-tilt-svart-6-pack","status":"publish","type":"product","link":"https:\/\/secureus.se\/fi\/plejd-belysning-downlight-tilt-svart-6-pack\/","title":{"rendered":"Plejd valaistus Downlight Tilt musta 6 kpl"},"content":{"rendered":"<h1>Plejd DWN-01 \u2013 Smart Downlight Tilt 6-pakkaus s\u00e4\u00e4dett\u00e4v\u00e4ll\u00e4 valokulmalla ja langattomalla ohjauksella<\/h1>\n<p data-start=\"545\" data-end=\"825\">Plejd DWN-01 on tyylik\u00e4s ja toimiva alasvalo, joka tarjoaa \u00e4lykk\u00e4\u00e4n valaistuksen ohjauksen koteihin ja kaupallisiin ymp\u00e4rist\u00f6ihin.<\/p>\n<p data-start=\"545\" data-end=\"825\">Sis\u00e4\u00e4nrakennetun himmentimen ansiosta ulkoista himmentimi\u00e4 ei tarvita, ja ohjaus tapahtuu sujuvasti Plejd-sovelluksen, painikkeen tai muiden Plejd-laitteiden kautta.<\/p>\n<p data-start=\"827\" data-end=\"1100\">DWN-01:n suuri etu on sen 22\u00b0 kallistustoiminto, joka mahdollistaa valon suuntaamisen ja joustavamman valaistuksen luomisen huoneeseen.<\/p>\n<p data-start=\"827\" data-end=\"1100\">T\u00e4ydellinen yksityiskohtien korostamiseen, kohdevalaistuksen luomiseen tai tasaisen valon jakautumiseen asennuksen tarpeista riippuen.<\/p>\n<p data-start=\"1102\" data-end=\"1454\">Edistyksellinen viritett\u00e4v\u00e4 valkoinen tekniikka mahdollistaa v\u00e4ril\u00e4mp\u00f6tilan s\u00e4\u00e4t\u00e4misen v\u00e4lill\u00e4 2200K ja 4000K, mik\u00e4 tarkoittaa, ett\u00e4 valo voidaan mukauttaa l\u00e4mpim\u00e4st\u00e4 ja tunnelmallisesta hehkusta toimivampaan valkoiseen valoon.<\/p>\n<p data-start=\"1102\" data-end=\"1454\">Himmenyksest\u00e4 l\u00e4mpim\u00e4\u00e4n -toiminto tarjoaa luonnollisemman valaistuksen himmennett\u00e4ess\u00e4 s\u00e4\u00e4t\u00e4m\u00e4ll\u00e4 automaattisesti v\u00e4ril\u00e4mp\u00f6tilaa.<\/p>\n<p data-start=\"1456\" data-end=\"1668\">DWN-01:n s\u00e4dekulma on 40\u00b0, mik\u00e4 tarjoaa symmetrisen valon jakautumisen.<\/p>\n<p data-start=\"1456\" data-end=\"1668\">Korkea v\u00e4rintoistoindeksi (CRI 90) takaa luonnollisen ja miellytt\u00e4v\u00e4n valon, joka on t\u00e4ydellinen koteihin, toimistoihin ja liikkeisiin.<\/p>\n<p data-start=\"1670\" data-end=\"1953\">Bluetooth\u00ae mesh -teknologian ansiosta useita alasvaloja voidaan ryhmitell\u00e4 langattomasti ja ohjata yhdess\u00e4 Plejd-j\u00e4rjestelm\u00e4n kautta.<\/p>\n<p data-start=\"1670\" data-end=\"1953\">Tuotteessa on my\u00f6s sis\u00e4\u00e4nrakennetut aikatoiminnot, kuten astro- ja viikkokellot, mik\u00e4 mahdollistaa valaistusaikataulujen automatisoinnin kellonajan ja vuodenajan mukaan.<\/p>\n<p data-start=\"1955\" data-end=\"2242\">Asennus on helppoa alhaisen, vain 40 mm:n asennussyvyyden ansiosta, mik\u00e4 tarkoittaa, ett\u00e4 alasvalo voidaan asentaa my\u00f6s tiloihin, joissa syvyys on rajoitettu.<\/p>\n<p data-start=\"1955\" data-end=\"2242\">Se on IP44-luokiteltu, mik\u00e4 tarkoittaa, ett\u00e4 se on suojattu kosteudelta ja sopii kylpyhuoneisiin ja suojattuihin ulkotiloihin.<\/p>\n<p data-start=\"2244\" data-end=\"2492\">Toimitetaan 6 kappaleen pakkauksessa, joten se sopii t\u00e4ydellisesti suurempiin asennuksiin, joissa tarvitaan useita valopisteit\u00e4.<\/p>\n<p data-start=\"2244\" data-end=\"2492\">DWN-01:n pitk\u00e4 k\u00e4ytt\u00f6ik\u00e4 on jopa 60 000 tuntia, mik\u00e4 takaa kest\u00e4v\u00e4n ja energiatehokkaan ratkaisun nykyaikaiseen valaistukseen.<\/p>\n<h3 data-start=\"2494\" data-end=\"2529\"><strong data-start=\"2498\" data-end=\"2527\">Tekniset tiedot:<\/strong><\/h3>\n<ul data-start=\"2530\" data-end=\"3364\">\n<li data-start=\"2530\" data-end=\"2566\"><strong data-start=\"2532\" data-end=\"2546\">Valonl\u00e4hde:<\/strong> LED (ei vaihdettavissa)<\/li>\n<li data-start=\"2567\" data-end=\"2606\"><strong data-start=\"2569\" data-end=\"2583\">Valovirta:<\/strong> 515 lm alasvaloa kohden<\/li>\n<li data-start=\"2607\" data-end=\"2657\"><strong data-start=\"2609\" data-end=\"2628\">V\u00e4ril\u00e4mp\u00f6tila:<\/strong> 2200\u20134000K (viritett\u00e4v\u00e4 valkoinen)<\/li>\n<li data-start=\"2658\" data-end=\"2691\"><strong data-start=\"2660\" data-end=\"2679\">Himmennysalue:<\/strong> 0,1\u2013100 %<\/li>\n<li data-start=\"2692\" data-end=\"2715\"><strong data-start=\"2694\" data-end=\"2709\">Kallistuvuus:<\/strong> 22\u00b0<\/li>\n<li data-start=\"2716\" data-end=\"2745\"><strong data-start=\"2718\" data-end=\"2739\">Levityskulma:<\/strong> 40\u00b0<\/li>\n<li data-start=\"2746\" data-end=\"2779\"><strong data-start=\"2748\" data-end=\"2774\">V\u00e4rintoisto (CRI):<\/strong> 90<\/li>\n<li data-start=\"2780\" data-end=\"2832\"><strong data-start=\"2782\" data-end=\"2796\">El\u00e4m\u00e4:<\/strong> 60 000 tuntia (L70\/B50 25 \u00b0C:ssa)<\/li>\n<li data-start=\"2833\" data-end=\"2862\"><strong data-start=\"2835\" data-end=\"2846\">Vaikutus:<\/strong> 8W per yksikk\u00f6<\/li>\n<li data-start=\"2863\" data-end=\"2898\"><strong data-start=\"2865\" data-end=\"2894\">Energiatehokkuusluokka:<\/strong> F<\/li>\n<li data-start=\"2899\" data-end=\"2928\"><strong data-start=\"2901\" data-end=\"2917\">Suojausluokka:<\/strong> Luokka II<\/li>\n<li data-start=\"2929\" data-end=\"2977\"><strong data-start=\"2931\" data-end=\"2944\">IP-luokka:<\/strong> IP44 (valaisin), IP20 (ohjain)<\/li>\n<li data-start=\"2978\" data-end=\"3010\"><strong data-start=\"2980\" data-end=\"2996\">Verkkoj\u00e4nnite:<\/strong> 230V \/ 50Hz<\/li>\n<li data-start=\"3011\" data-end=\"3037\"><strong data-start=\"3013\" data-end=\"3030\">Tehokerroin:<\/strong> 0,84<\/li>\n<li data-start=\"3038\" data-end=\"3084\"><strong data-start=\"3040\" data-end=\"3058\">Viestint\u00e4:<\/strong> 2,4 GHz Bluetooth\u00ae mesh<\/li>\n<li data-start=\"3085\" data-end=\"3160\"><strong data-start=\"3087\" data-end=\"3105\">Radion kantama:<\/strong> Noin 10 metri\u00e4 sis\u00e4tiloissa (pidennetty Plejd mesh -tekniikalla)<\/li>\n<li data-start=\"3161\" data-end=\"3207\"><strong data-start=\"3163\" data-end=\"3177\">Asennus:<\/strong> Upotettu kattoon (\u00d8 83 mm reik\u00e4)<\/li>\n<li data-start=\"3208\" data-end=\"3247\"><strong data-start=\"3210\" data-end=\"3239\">Minimi asennussyvyys:<\/strong> 40 mm<\/li>\n<li data-start=\"3248\" data-end=\"3308\"><strong data-start=\"3250\" data-end=\"3263\">Materiaali:<\/strong> Pulverimaalattu alumiini, musta (RAL 9004)<\/li>\n<li data-start=\"3309\" data-end=\"3364\"><strong data-start=\"3311\" data-end=\"3330\">Yhteensopivuus:<\/strong> Apple HomeKit, Google Assistant<\/li>\n<\/ul>\n<p data-start=\"3366\" data-end=\"3535\">Plejd DWN-01 6 pakkauksessa on t\u00e4ydellinen ratkaisu suuriin valaistusprojekteihin, joissa toiminto, muotoilu ja tekniikka toimivat yhdess\u00e4 \u00e4lykk\u00e4\u00e4n ja joustavan valaistusymp\u00e4rist\u00f6n luomiseksi.<\/p>","protected":false},"excerpt":{"rendered":"<p>Plejd DWN-01 on \u00e4lyk\u00e4s alasvalo, jossa on s\u00e4\u00e4dett\u00e4v\u00e4 valkoinen ja sis\u00e4\u00e4nrakennettu himmennystoiminto - ulkoista himment\u00e4\u00e4 ei tarvita.<\/p>\n<p>Valonl\u00e4hdett\u00e4 voidaan kallistaa joustavaa valaistusta varten ja ohjata Plejd-sovelluksella, painikkeella tai muilla Plejd-laitteilla.<\/p>\n<p>S\u00e4\u00e4dett\u00e4v\u00e4 v\u00e4ril\u00e4mp\u00f6tila v\u00e4lill\u00e4 2200K\u20134000K ja tuki himme\u00e4st\u00e4 l\u00e4mpim\u00e4\u00e4n.<\/p>\n<p>Toimitetaan 6 kappaleen pakkauksissa suurempia asennuksia varten.<\/p>","protected":false},"featured_media":147999,"template":"","meta":{"_acf_changed":false},"product_brand":[],"product_cat":[4664],"product_tag":[4670],"class_list":{"0":"post-148000","1":"product","2":"type-product","3":"status-publish","4":"has-post-thumbnail","6":"product_cat-plejd-belysning","7":"product_tag-plejd","8":"product_shipping_class-postnord-varubrev","9":"pa_brands-plejd","10":"tm-has-options","12":"first","13":"instock","14":"sale","15":"taxable","16":"shipping-taxable","17":"purchasable","18":"product-type-simple"},"acf":[],"_links":{"self":[{"href":"https:\/\/secureus.se\/fi\/wp-json\/wp\/v2\/product\/148000","targetHints":{"allow":["GET"]}}],"collection":[{"href":"https:\/\/secureus.se\/fi\/wp-json\/wp\/v2\/product"}],"about":[{"href":"https:\/\/secureus.se\/fi\/wp-json\/wp\/v2\/types\/product"}],"wp:featuredmedia":[{"embeddable":true,"href":"https:\/\/secureus.se\/fi\/wp-json\/wp\/v2\/media\/147999"}],"wp:attachment":[{"href":"https:\/\/secureus.se\/fi\/wp-json\/wp\/v2\/media?parent=148000"}],"wp:term":[{"taxonomy":"product_brand","embeddable":true,"href":"https:\/\/secureus.se\/fi\/wp-json\/wp\/v2\/product_brand?post=148000"},{"taxonomy":"product_cat","embeddable":true,"href":"https:\/\/secureus.se\/fi\/wp-json\/wp\/v2\/product_cat?post=148000"},{"taxonomy":"product_tag","embeddable":true,"href":"https:\/\/secureus.se\/fi\/wp-json\/wp\/v2\/product_tag?post=148000"}],"curies":[{"name":"wp","href":"https:\/\/api.w.org\/{rel}","templated":true}]}}