{"id":148002,"date":"2025-02-25T12:22:21","date_gmt":"2025-02-25T11:22:21","guid":{"rendered":"https:\/\/secureus.se\/?post_type=product&#038;p=148002"},"modified":"2026-04-23T10:19:05","modified_gmt":"2026-04-23T08:19:05","slug":"plejd-belysning-downlight-deep-vit","status":"publish","type":"product","link":"https:\/\/secureus.se\/fi\/plejd-belysning-downlight-deep-vit\/","title":{"rendered":"Plejd valaistus Downlight Syv\u00e4 valkoinen"},"content":{"rendered":"<h1 data-start=\"415\" data-end=\"499\"><strong data-start=\"419\" data-end=\"497\">Plejd DWN-02 \u2013 Smart Downlight Deep, s\u00e4\u00e4dett\u00e4v\u00e4 valkoinen ja langaton ohjaus<\/strong><\/h1>\n<p data-start=\"501\" data-end=\"837\">Plejd DWN-02 on tyylik\u00e4s ja toimiva alasvalo, joka tarjoaa \u00e4lykk\u00e4\u00e4n valaistuksen moderneihin ymp\u00e4rist\u00f6ihin.<\/p>\n<p data-start=\"501\" data-end=\"837\">Sis\u00e4\u00e4nrakennetun himmentimen ansiosta ulkoista himmentimi\u00e4 ei tarvita, mik\u00e4 helpottaa asennusta ja antaa paremman hallinnan valoon.<\/p>\n<p data-start=\"501\" data-end=\"837\">Ohjaus tapahtuu Plejd-sovelluksen, langallisen painikkeen tai muiden Plejd-laitteiden kautta.<\/p>\n<p data-start=\"839\" data-end=\"1199\">Edistyksellinen s\u00e4\u00e4dett\u00e4v\u00e4 valkoinen tekniikka mahdollistaa v\u00e4ril\u00e4mp\u00f6tilan s\u00e4\u00e4t\u00e4misen v\u00e4lill\u00e4 2200K ja 4000K, jolloin valon sovittaminen tarpeisiisi on helppoa \u2013 l\u00e4mpim\u00e4st\u00e4 ja viihtyis\u00e4st\u00e4 hehkusta neutraalimpaan ty\u00f6valoon.<\/p>\n<p data-start=\"839\" data-end=\"1199\">Himmenyksest\u00e4 l\u00e4mpim\u00e4\u00e4n -toiminto varmistaa, ett\u00e4 v\u00e4ril\u00e4mp\u00f6tila s\u00e4\u00e4tyy luonnollisesti himmennett\u00e4ess\u00e4 pehme\u00e4n ja miellytt\u00e4v\u00e4n valaistuskokemuksen saamiseksi.<\/p>\n<p data-start=\"1201\" data-end=\"1492\">DWN-02:n s\u00e4dekulma on 40\u00b0, mik\u00e4 tarjoaa symmetrisen valon jakautumisen, joka sopii t\u00e4ydellisesti sek\u00e4 yleisvalaistukseen ett\u00e4 suuntavalaistukseen.<\/p>\n<p data-start=\"1201\" data-end=\"1492\">Korkean v\u00e4rintoistoindeksin (CRI 90) ansiosta v\u00e4rit toistuvat luonnollisella ja miellytt\u00e4v\u00e4ll\u00e4 tavalla, mik\u00e4 tekee siit\u00e4 ihanteellisen koteihin, toimistoihin ja liikkeisiin.<\/p>\n<p data-start=\"1494\" data-end=\"1792\">Bluetooth\u00ae mesh -teknologian ansiosta useita alasvaloja voidaan ryhmitell\u00e4 langattomasti ja ohjata yhdess\u00e4 Plejd-j\u00e4rjestelm\u00e4n kautta.<\/p>\n<p data-start=\"1494\" data-end=\"1792\">Tuotteessa on my\u00f6s sis\u00e4\u00e4nrakennetut aikatoiminnot, kuten astro- ja viikkokellot, joiden avulla valaistus on helppo automatisoida kellonajan ja valaistusolosuhteiden mukaan.<\/p>\n<p data-start=\"1794\" data-end=\"2072\">Asennus on helppoa ja matalan, vain 40 mm:n asennussyvyyden ansiosta alasvalo voidaan asentaa my\u00f6s tiloihin, joissa syvyys on rajoitettu.<\/p>\n<p data-start=\"1794\" data-end=\"2072\">Se on IP44-luokiteltu, mik\u00e4 tarkoittaa, ett\u00e4 se on suojattu kosteudelta ja sopii kylpyhuoneisiin ja ulkok\u00e4ytt\u00f6\u00f6n r\u00e4yst\u00e4sasennuksiin.<\/p>\n<p data-start=\"2074\" data-end=\"2240\">Plejd DWN-02 on energiatehokas ja kest\u00e4v\u00e4 ratkaisu, jonka k\u00e4ytt\u00f6ik\u00e4 on jopa 60 000 tuntia, mik\u00e4 takaa pitk\u00e4n aikav\u00e4lin ja luotettavan valaistuksen.<\/p>\n<h3 data-start=\"2242\" data-end=\"2277\"><strong data-start=\"2246\" data-end=\"2275\">Tekniset tiedot:<\/strong><\/h3>\n<ul data-start=\"2278\" data-end=\"3062\">\n<li data-start=\"2278\" data-end=\"2314\"><strong data-start=\"2280\" data-end=\"2294\">Valonl\u00e4hde:<\/strong> LED (ei vaihdettavissa)<\/li>\n<li data-start=\"2315\" data-end=\"2340\"><strong data-start=\"2317\" data-end=\"2331\">Valovirta:<\/strong> 515 lumenia<\/li>\n<li data-start=\"2341\" data-end=\"2391\"><strong data-start=\"2343\" data-end=\"2362\">V\u00e4ril\u00e4mp\u00f6tila:<\/strong> 2200\u20134000K (viritett\u00e4v\u00e4 valkoinen)<\/li>\n<li data-start=\"2392\" data-end=\"2425\"><strong data-start=\"2394\" data-end=\"2413\">Himmennysalue:<\/strong> 0,1\u2013100 %<\/li>\n<li data-start=\"2426\" data-end=\"2455\"><strong data-start=\"2428\" data-end=\"2449\">Levityskulma:<\/strong> 40\u00b0<\/li>\n<li data-start=\"2456\" data-end=\"2489\"><strong data-start=\"2458\" data-end=\"2484\">V\u00e4rintoisto (CRI):<\/strong> 90<\/li>\n<li data-start=\"2490\" data-end=\"2542\"><strong data-start=\"2492\" data-end=\"2506\">El\u00e4m\u00e4:<\/strong> 60 000 tuntia (L70\/B50 25 \u00b0C:ssa)<\/li>\n<li data-start=\"2543\" data-end=\"2562\"><strong data-start=\"2545\" data-end=\"2556\">Vaikutus:<\/strong> 8W<\/li>\n<li data-start=\"2563\" data-end=\"2598\"><strong data-start=\"2565\" data-end=\"2594\">Energiatehokkuusluokka:<\/strong> F<\/li>\n<li data-start=\"2599\" data-end=\"2628\"><strong data-start=\"2601\" data-end=\"2617\">Suojausluokka:<\/strong> Luokka II<\/li>\n<li data-start=\"2629\" data-end=\"2677\"><strong data-start=\"2631\" data-end=\"2644\">IP-luokka:<\/strong> IP44 (valaisin), IP20 (ohjain)<\/li>\n<li data-start=\"2678\" data-end=\"2710\"><strong data-start=\"2680\" data-end=\"2696\">Verkkoj\u00e4nnite:<\/strong> 230V \/ 50Hz<\/li>\n<li data-start=\"2711\" data-end=\"2737\"><strong data-start=\"2713\" data-end=\"2730\">Tehokerroin:<\/strong> 0,84<\/li>\n<li data-start=\"2738\" data-end=\"2784\"><strong data-start=\"2740\" data-end=\"2758\">Viestint\u00e4:<\/strong> 2,4 GHz Bluetooth\u00ae mesh<\/li>\n<li data-start=\"2785\" data-end=\"2860\"><strong data-start=\"2787\" data-end=\"2805\">Radion kantama:<\/strong> Noin 10 metri\u00e4 sis\u00e4tiloissa (pidennetty Plejd mesh -tekniikalla)<\/li>\n<li data-start=\"2861\" data-end=\"2907\"><strong data-start=\"2863\" data-end=\"2877\">Asennus:<\/strong> Upotettu kattoon (\u00d8 83 mm reik\u00e4)<\/li>\n<li data-start=\"2908\" data-end=\"2947\"><strong data-start=\"2910\" data-end=\"2939\">Minimi asennussyvyys:<\/strong> 40 mm<\/li>\n<li data-start=\"2948\" data-end=\"3006\"><strong data-start=\"2950\" data-end=\"2963\">Materiaali:<\/strong> Pulverimaalattu alumiini, valkoinen (RAL 9003)<\/li>\n<li data-start=\"3007\" data-end=\"3062\"><strong data-start=\"3009\" data-end=\"3028\">Yhteensopivuus:<\/strong> Apple HomeKit, Google Assistant<\/li>\n<\/ul>\n<p data-start=\"3064\" data-end=\"3213\">Plejd DWN-02 on t\u00e4ydellinen ratkaisu \u00e4lykk\u00e4\u00e4seen ja tyylikk\u00e4\u00e4seen valaistukseen, jossa toiminto, muotoilu ja tekniikka toimivat yhdess\u00e4 optimaalisen valaistusymp\u00e4rist\u00f6n luomiseksi.<\/p>","protected":false},"excerpt":{"rendered":"<p>Plejd DWN-02 on \u00e4lyk\u00e4s alasvalo, jossa on s\u00e4\u00e4dett\u00e4v\u00e4 valkoinen ja sis\u00e4\u00e4nrakennettu himmennystoiminto - ulkoista himment\u00e4\u00e4 ei tarvita.<\/p>\n<p>Sit\u00e4 voidaan ohjata Plejd-sovelluksella, painikkeella tai muilla Plejd-laitteilla.<\/p>\n<p>S\u00e4\u00e4dett\u00e4v\u00e4 v\u00e4ril\u00e4mp\u00f6tila v\u00e4lill\u00e4 2200K\u20134000K ja tuki himme\u00e4st\u00e4 l\u00e4mpim\u00e4\u00e4n.<\/p>\n<p>IP44-luokiteltu ja sopii sek\u00e4 sis\u00e4- ett\u00e4 suojattuihin ulkotiloihin.<\/p>","protected":false},"featured_media":148001,"template":"","meta":{"_acf_changed":false},"product_brand":[],"product_cat":[4664],"product_tag":[4670],"class_list":{"0":"post-148002","1":"product","2":"type-product","3":"status-publish","4":"has-post-thumbnail","6":"product_cat-plejd-belysning","7":"product_tag-plejd","8":"product_shipping_class-postnord-varubrev","9":"pa_brands-plejd","10":"tm-has-options","12":"first","13":"instock","14":"sale","15":"taxable","16":"shipping-taxable","17":"purchasable","18":"product-type-simple"},"acf":[],"_links":{"self":[{"href":"https:\/\/secureus.se\/fi\/wp-json\/wp\/v2\/product\/148002","targetHints":{"allow":["GET"]}}],"collection":[{"href":"https:\/\/secureus.se\/fi\/wp-json\/wp\/v2\/product"}],"about":[{"href":"https:\/\/secureus.se\/fi\/wp-json\/wp\/v2\/types\/product"}],"wp:featuredmedia":[{"embeddable":true,"href":"https:\/\/secureus.se\/fi\/wp-json\/wp\/v2\/media\/148001"}],"wp:attachment":[{"href":"https:\/\/secureus.se\/fi\/wp-json\/wp\/v2\/media?parent=148002"}],"wp:term":[{"taxonomy":"product_brand","embeddable":true,"href":"https:\/\/secureus.se\/fi\/wp-json\/wp\/v2\/product_brand?post=148002"},{"taxonomy":"product_cat","embeddable":true,"href":"https:\/\/secureus.se\/fi\/wp-json\/wp\/v2\/product_cat?post=148002"},{"taxonomy":"product_tag","embeddable":true,"href":"https:\/\/secureus.se\/fi\/wp-json\/wp\/v2\/product_tag?post=148002"}],"curies":[{"name":"wp","href":"https:\/\/api.w.org\/{rel}","templated":true}]}}