{"id":148004,"date":"2025-02-25T12:22:22","date_gmt":"2025-02-25T11:22:22","guid":{"rendered":"https:\/\/secureus.se\/?post_type=product&#038;p=148004"},"modified":"2026-03-26T11:07:33","modified_gmt":"2026-03-26T10:07:33","slug":"plejd-belysning-downlight-tilt-vit","status":"publish","type":"product","link":"https:\/\/secureus.se\/fi\/plejd-belysning-downlight-tilt-vit\/","title":{"rendered":"Plejd valaistus Downlight Tilt valkoinen"},"content":{"rendered":"<h1>Plejd DWN-01 \u2013 \u00e4lyk\u00e4s alasvalon kallistus s\u00e4\u00e4dett\u00e4v\u00e4ll\u00e4 valokulmalla ja langattomalla ohjauksella<\/h1>\n<p data-start=\"519\" data-end=\"919\">Plejd DWN-01 on tyylik\u00e4s ja joustava alasvalo, joka tarjoaa \u00e4lykk\u00e4\u00e4n valaistuksen ohjauksen sek\u00e4 koteihin ett\u00e4 kaupallisiin ymp\u00e4rist\u00f6ihin.<\/p>\n<p data-start=\"519\" data-end=\"919\">Sis\u00e4\u00e4nrakennetun himmentimen ansiosta ulkoista himmentimi\u00e4 ei tarvita, mik\u00e4 yksinkertaistaa asennusta ja tarjoaa suoran hallinnan valoon.<\/p>\n<p data-start=\"519\" data-end=\"919\">Ohjaus tapahtuu Plejd-sovelluksen, painikkeen tai muiden Plejd-laitteiden kautta, jolloin valaistusta voidaan s\u00e4\u00e4t\u00e4\u00e4 tarpeen mukaan.<\/p>\n<p data-start=\"921\" data-end=\"1182\">K\u00e4\u00e4nnett\u00e4v\u00e4\u00e4 valonl\u00e4hdett\u00e4 voidaan kallistaa jopa 22\u00b0, mik\u00e4 mahdollistaa valon suuntaamisen ja dynaamisemman valaistuksen.<\/p>\n<p data-start=\"921\" data-end=\"1182\">T\u00e4ydellinen yksityiskohtien korostamiseen, kohdevalaistuksen luomiseen tai tasaisen valon jakautumiseen asennuksen vaatimuksista riippuen.<\/p>\n<p data-start=\"1184\" data-end=\"1539\">Viritett\u00e4v\u00e4n valkoisen tekniikan avulla v\u00e4ril\u00e4mp\u00f6tilaa voidaan s\u00e4\u00e4t\u00e4\u00e4 v\u00e4lill\u00e4 2200K ja 4000K, mik\u00e4 antaa sinulle t\u00e4yden vapauden s\u00e4\u00e4t\u00e4\u00e4 valaistusta l\u00e4mpim\u00e4st\u00e4 ja viihtyis\u00e4st\u00e4 hehkusta toimivampaan valkoiseen valoon.<\/p>\n<p data-start=\"1184\" data-end=\"1539\">Himme\u00e4 l\u00e4mpim\u00e4ksi -toiminto varmistaa luonnollisen valaistuksen himmennett\u00e4ess\u00e4 s\u00e4\u00e4t\u00e4m\u00e4ll\u00e4 automaattisesti v\u00e4ril\u00e4mp\u00f6tilaa eri kirkkaustasoilla.<\/p>\n<p data-start=\"1541\" data-end=\"1790\">DWN-01:n s\u00e4dekulma on 40\u00b0, mik\u00e4 tarjoaa symmetrisen ja miellytt\u00e4v\u00e4n valon jakautumisen.<\/p>\n<p data-start=\"1541\" data-end=\"1790\">Korkea v\u00e4rintoistoindeksi (CRI 90) takaa luonnollisen ja miellytt\u00e4v\u00e4n valaistuskokemuksen, mik\u00e4 tekee siit\u00e4 ihanteellisen koteihin, toimistoihin ja liikkeisiin.<\/p>\n<p data-start=\"1792\" data-end=\"2090\">Bluetooth\u00ae mesh -teknologian ansiosta useita alasvaloja voidaan ryhmitell\u00e4 langattomasti ja ohjata yhdess\u00e4 Plejd-j\u00e4rjestelm\u00e4n kautta.<\/p>\n<p data-start=\"1792\" data-end=\"2090\">Tuotteessa on my\u00f6s sis\u00e4\u00e4nrakennetut aikatoiminnot, kuten astro- ja viikkokellot, joiden avulla valaistusaikataulut on helppo automatisoida kellonajan ja valaistusolosuhteiden mukaan.<\/p>\n<p data-start=\"2092\" data-end=\"2386\">Asennus on helppoa alhaisen, vain 40 mm:n asennussyvyyden ansiosta, mik\u00e4 tarkoittaa, ett\u00e4 alasvalo voidaan asentaa my\u00f6s tiloihin, joissa syvyys on rajoitettu.<\/p>\n<p data-start=\"2092\" data-end=\"2386\">Se on IP44-luokiteltu, mik\u00e4 tarkoittaa, ett\u00e4 se on suojattu kosteudelta ja sopii kylpyhuoneisiin ja ulkok\u00e4ytt\u00f6\u00f6n r\u00e4yst\u00e4sasennuksiin.<\/p>\n<p data-start=\"2388\" data-end=\"2544\">Plejd DWN-01 on energiatehokas ja kest\u00e4v\u00e4 ratkaisu, jonka k\u00e4ytt\u00f6ik\u00e4 on jopa 60 000 tuntia, mik\u00e4 takaa pitk\u00e4n aikav\u00e4lin ja vakaan toiminnan.<\/p>\n<h3 data-start=\"2546\" data-end=\"2581\"><strong data-start=\"2550\" data-end=\"2579\">Tekniset tiedot:<\/strong><\/h3>\n<ul data-start=\"2582\" data-end=\"3390\">\n<li data-start=\"2582\" data-end=\"2618\"><strong data-start=\"2584\" data-end=\"2598\">Valonl\u00e4hde:<\/strong> LED (ei vaihdettavissa)<\/li>\n<li data-start=\"2619\" data-end=\"2644\"><strong data-start=\"2621\" data-end=\"2635\">Valovirta:<\/strong> 515 lumenia<\/li>\n<li data-start=\"2645\" data-end=\"2695\"><strong data-start=\"2647\" data-end=\"2666\">V\u00e4ril\u00e4mp\u00f6tila:<\/strong> 2200\u20134000K (viritett\u00e4v\u00e4 valkoinen)<\/li>\n<li data-start=\"2696\" data-end=\"2729\"><strong data-start=\"2698\" data-end=\"2717\">Himmennysalue:<\/strong> 0,1\u2013100 %<\/li>\n<li data-start=\"2730\" data-end=\"2753\"><strong data-start=\"2732\" data-end=\"2747\">Kallistuvuus:<\/strong> 22\u00b0<\/li>\n<li data-start=\"2754\" data-end=\"2783\"><strong data-start=\"2756\" data-end=\"2777\">Levityskulma:<\/strong> 40\u00b0<\/li>\n<li data-start=\"2784\" data-end=\"2817\"><strong data-start=\"2786\" data-end=\"2812\">V\u00e4rintoisto (CRI):<\/strong> 90<\/li>\n<li data-start=\"2818\" data-end=\"2870\"><strong data-start=\"2820\" data-end=\"2834\">El\u00e4m\u00e4:<\/strong> 60 000 tuntia (L70\/B50 25 \u00b0C:ssa)<\/li>\n<li data-start=\"2871\" data-end=\"2890\"><strong data-start=\"2873\" data-end=\"2884\">Vaikutus:<\/strong> 8W<\/li>\n<li data-start=\"2891\" data-end=\"2926\"><strong data-start=\"2893\" data-end=\"2922\">Energiatehokkuusluokka:<\/strong> F<\/li>\n<li data-start=\"2927\" data-end=\"2956\"><strong data-start=\"2929\" data-end=\"2945\">Suojausluokka:<\/strong> Luokka II<\/li>\n<li data-start=\"2957\" data-end=\"3005\"><strong data-start=\"2959\" data-end=\"2972\">IP-luokka:<\/strong> IP44 (valaisin), IP20 (ohjain)<\/li>\n<li data-start=\"3006\" data-end=\"3038\"><strong data-start=\"3008\" data-end=\"3024\">Verkkoj\u00e4nnite:<\/strong> 230V \/ 50Hz<\/li>\n<li data-start=\"3039\" data-end=\"3065\"><strong data-start=\"3041\" data-end=\"3058\">Tehokerroin:<\/strong> 0,84<\/li>\n<li data-start=\"3066\" data-end=\"3112\"><strong data-start=\"3068\" data-end=\"3086\">Viestint\u00e4:<\/strong> 2,4 GHz Bluetooth\u00ae mesh<\/li>\n<li data-start=\"3113\" data-end=\"3188\"><strong data-start=\"3115\" data-end=\"3133\">Radion kantama:<\/strong> Noin 10 metri\u00e4 sis\u00e4tiloissa (pidennetty Plejd mesh -tekniikalla)<\/li>\n<li data-start=\"3189\" data-end=\"3235\"><strong data-start=\"3191\" data-end=\"3205\">Asennus:<\/strong> Upotettu kattoon (\u00d8 83 mm reik\u00e4)<\/li>\n<li data-start=\"3236\" data-end=\"3275\"><strong data-start=\"3238\" data-end=\"3267\">Minimi asennussyvyys:<\/strong> 40 mm<\/li>\n<li data-start=\"3276\" data-end=\"3334\"><strong data-start=\"3278\" data-end=\"3291\">Materiaali:<\/strong> Pulverimaalattu alumiini, valkoinen (RAL 9003)<\/li>\n<li data-start=\"3335\" data-end=\"3390\"><strong data-start=\"3337\" data-end=\"3356\">Yhteensopivuus:<\/strong> Apple HomeKit, Google Assistant<\/li>\n<\/ul>\n<p data-start=\"3392\" data-end=\"3557\">Plejd DWN-01 on t\u00e4ydellinen valaistusratkaisu \u00e4lykk\u00e4isiin asennuksiin, joissa toiminto, muotoilu ja tekniikka toimivat yhdess\u00e4 modernin ja tehokkaan valaistusymp\u00e4rist\u00f6n luomiseksi.<\/p>","protected":false},"excerpt":{"rendered":"<p>Plejd DWN-01 on \u00e4lyk\u00e4s alasvalo, jossa on s\u00e4\u00e4dett\u00e4v\u00e4 valkoinen ja sis\u00e4\u00e4nrakennettu himmennystoiminto - ulkoista himment\u00e4\u00e4 ei tarvita.<\/p>\n<p>Valonl\u00e4hdett\u00e4 voidaan kallistaa joustavaa valaistusta varten ja ohjata Plejd-sovelluksella, painikkeella tai muilla Plejd-laitteilla. S\u00e4\u00e4dett\u00e4v\u00e4 v\u00e4ril\u00e4mp\u00f6tila v\u00e4lill\u00e4 2200K\u20134000K ja tuki himme\u00e4st\u00e4 l\u00e4mpim\u00e4\u00e4n.<\/p>\n<p>IP44-luokitus, t\u00e4ydellinen kattoasennukseen.<\/p>","protected":false},"featured_media":148003,"template":"","meta":{"_acf_changed":false},"product_brand":[],"product_cat":[4664],"product_tag":[4670],"class_list":{"0":"post-148004","1":"product","2":"type-product","3":"status-publish","4":"has-post-thumbnail","6":"product_cat-plejd-belysning","7":"product_tag-plejd","8":"product_shipping_class-tunga-paket","9":"pa_brands-plejd","10":"tm-has-options","12":"first","13":"instock","14":"sale","15":"taxable","16":"shipping-taxable","17":"purchasable","18":"product-type-simple"},"acf":[],"_links":{"self":[{"href":"https:\/\/secureus.se\/fi\/wp-json\/wp\/v2\/product\/148004","targetHints":{"allow":["GET"]}}],"collection":[{"href":"https:\/\/secureus.se\/fi\/wp-json\/wp\/v2\/product"}],"about":[{"href":"https:\/\/secureus.se\/fi\/wp-json\/wp\/v2\/types\/product"}],"wp:featuredmedia":[{"embeddable":true,"href":"https:\/\/secureus.se\/fi\/wp-json\/wp\/v2\/media\/148003"}],"wp:attachment":[{"href":"https:\/\/secureus.se\/fi\/wp-json\/wp\/v2\/media?parent=148004"}],"wp:term":[{"taxonomy":"product_brand","embeddable":true,"href":"https:\/\/secureus.se\/fi\/wp-json\/wp\/v2\/product_brand?post=148004"},{"taxonomy":"product_cat","embeddable":true,"href":"https:\/\/secureus.se\/fi\/wp-json\/wp\/v2\/product_cat?post=148004"},{"taxonomy":"product_tag","embeddable":true,"href":"https:\/\/secureus.se\/fi\/wp-json\/wp\/v2\/product_tag?post=148004"}],"curies":[{"name":"wp","href":"https:\/\/api.w.org\/{rel}","templated":true}]}}