{"id":148006,"date":"2025-02-25T12:22:21","date_gmt":"2025-02-25T11:22:21","guid":{"rendered":"https:\/\/secureus.se\/?post_type=product&#038;p=148006"},"modified":"2026-03-26T11:07:36","modified_gmt":"2026-03-26T10:07:36","slug":"plejd-belysning-plafond-vit","status":"publish","type":"product","link":"https:\/\/secureus.se\/fi\/plejd-belysning-plafond-vit\/","title":{"rendered":"Plejd valaistus Plafoni valkoinen"},"content":{"rendered":"<h1>Plejd CCL-01 \u2013 \u00c4lyk\u00e4s LED-kattovalo s\u00e4\u00e4dett\u00e4v\u00e4ll\u00e4 valkoisella ja langattomalla ohjauksella<\/h1>\n<p data-start=\"484\" data-end=\"762\">Plejd CCL-01 on moderni ja tyylik\u00e4s LED-kattovalaisin, jossa yhdistyv\u00e4t \u00e4lyk\u00e4s valaistuksen ohjaus ja korkea valonlaatu.<\/p>\n<p data-start=\"484\" data-end=\"762\">Sis\u00e4\u00e4nrakennetun himmentimen ansiosta ulkoista himmentimi\u00e4 ei tarvita, mik\u00e4 yksinkertaistaa asennusta ja antaa k\u00e4ytt\u00e4j\u00e4lle t\u00e4yden hallinnan valaistukseen.<\/p>\n<p data-start=\"764\" data-end=\"1101\">Kattovaloa voidaan ohjata Plejd-sovelluksella, langallisella painikkeella tai muilla Plejd-laitteilla, ja se voidaan my\u00f6s ryhmitell\u00e4 langattomasti, mik\u00e4 tekee siit\u00e4 t\u00e4ydellisen sek\u00e4 koti- ett\u00e4 kaupallisiin ymp\u00e4rist\u00f6ihin.<\/p>\n<p data-start=\"764\" data-end=\"1101\">Lis\u00e4ksi siin\u00e4 on sis\u00e4\u00e4nrakennetut aikatoiminnot, kuten astro- ja viikkokellot, jotka mahdollistavat valaistusaikataulujen automatisoinnin kellonajan mukaan.<\/p>\n<p data-start=\"1103\" data-end=\"1447\">Viritett\u00e4v\u00e4n valkoisen tekniikan avulla v\u00e4ril\u00e4mp\u00f6tilaa voidaan s\u00e4\u00e4t\u00e4\u00e4 v\u00e4lill\u00e4 2200K ja 4000K, mik\u00e4 tarjoaa joustavuutta mukauttaa valaistus l\u00e4mpim\u00e4st\u00e4 ja viihtyis\u00e4st\u00e4 hehkusta toimivampaan valkoiseen valoon.<\/p>\n<p data-start=\"1103\" data-end=\"1447\">Himme\u00e4 l\u00e4mpim\u00e4\u00e4n -toiminto varmistaa luonnollisen valaistuksen s\u00e4\u00e4t\u00e4m\u00e4ll\u00e4 automaattisesti v\u00e4ril\u00e4mp\u00f6tilaa eri kirkkaustasoilla.<\/p>\n<p data-start=\"1449\" data-end=\"1690\">CCL-01:n s\u00e4dekulma on 120\u00b0, mik\u00e4 tarjoaa laajan ja tasaisen valon jakautumisen.<\/p>\n<p data-start=\"1449\" data-end=\"1690\">Sen korkea v\u00e4rintoisto (CRI 93) takaa luonnollisen ja miellytt\u00e4v\u00e4n valontoiston, joten se sopii ihanteellisesti koteihin, toimistoihin ja liikkeisiin.<\/p>\n<p data-start=\"1692\" data-end=\"1934\">Se on IP44-luokiteltu, joten se sopii kylpyhuoneisiin ja muihin kosteisiin tiloihin kattoon asennettuna.<\/p>\n<p data-start=\"1692\" data-end=\"1934\">Sein\u00e4asennusta varten sen luokitus on IP20. Kattovalaisimessa on my\u00f6s IK07-luokituksen iskunkest\u00e4vyys, mik\u00e4 tekee siit\u00e4 erityisen lujan ja kest\u00e4v\u00e4n.<\/p>\n<p data-start=\"1936\" data-end=\"2128\">Bluetooth\u00ae mesh -tekniikan ansiosta useat laitteet voivat kommunikoida kesken\u00e4\u00e4n ja laajentaa radion kantamaa, mik\u00e4 varmistaa vakaan ja luotettavan ohjauksen suuremmissa asennuksissa.<\/p>\n<p data-start=\"2130\" data-end=\"2291\">Plejd CCL-01 on energiatehokas ja pitk\u00e4ik\u00e4inen ratkaisu, jonka k\u00e4ytt\u00f6ik\u00e4 on jopa 100 000 tuntia, mik\u00e4 varmistaa kest\u00e4v\u00e4n ja luotettavan toiminnan.<\/p>\n<h3 data-start=\"2293\" data-end=\"2328\"><strong data-start=\"2297\" data-end=\"2326\">Tekniset tiedot:<\/strong><\/h3>\n<ul data-start=\"2329\" data-end=\"3155\">\n<li data-start=\"2329\" data-end=\"2365\"><strong data-start=\"2331\" data-end=\"2345\">Valonl\u00e4hde:<\/strong> LED (ei vaihdettavissa)<\/li>\n<li data-start=\"2366\" data-end=\"2392\"><strong data-start=\"2368\" data-end=\"2382\">Valovirta:<\/strong> 2000 lumenia<\/li>\n<li data-start=\"2393\" data-end=\"2443\"><strong data-start=\"2395\" data-end=\"2414\">V\u00e4ril\u00e4mp\u00f6tila:<\/strong> 2200\u20134000K (viritett\u00e4v\u00e4 valkoinen)<\/li>\n<li data-start=\"2444\" data-end=\"2477\"><strong data-start=\"2446\" data-end=\"2465\">Himmennysalue:<\/strong> 0,1\u2013100 %<\/li>\n<li data-start=\"2478\" data-end=\"2508\"><strong data-start=\"2480\" data-end=\"2501\">Levityskulma:<\/strong> 120\u00b0<\/li>\n<li data-start=\"2509\" data-end=\"2542\"><strong data-start=\"2511\" data-end=\"2537\">V\u00e4rintoisto (CRI):<\/strong> 93<\/li>\n<li data-start=\"2543\" data-end=\"2596\"><strong data-start=\"2545\" data-end=\"2559\">El\u00e4m\u00e4:<\/strong> 100 000 tuntia (L70\/B50 25\u00b0C:ssa)<\/li>\n<li data-start=\"2597\" data-end=\"2617\"><strong data-start=\"2599\" data-end=\"2610\">Vaikutus:<\/strong> 22W<\/li>\n<li data-start=\"2618\" data-end=\"2653\"><strong data-start=\"2620\" data-end=\"2649\">Energiatehokkuusluokka:<\/strong> F<\/li>\n<li data-start=\"2654\" data-end=\"2683\"><strong data-start=\"2656\" data-end=\"2672\">Suojausluokka:<\/strong> Luokka II<\/li>\n<li data-start=\"2684\" data-end=\"2752\"><strong data-start=\"2686\" data-end=\"2699\">IP-luokka:<\/strong>\n<ul data-start=\"2704\" data-end=\"2752\">\n<li data-start=\"2704\" data-end=\"2726\">Asennus kattoon: IP44<\/li>\n<li data-start=\"2729\" data-end=\"2752\">Sein\u00e4asennus: IP20<\/li>\n<\/ul>\n<\/li>\n<li data-start=\"2753\" data-end=\"2779\"><strong data-start=\"2755\" data-end=\"2772\">Iskunkest\u00e4vyys:<\/strong> IK07<\/li>\n<li data-start=\"2780\" data-end=\"2812\"><strong data-start=\"2782\" data-end=\"2798\">Verkkoj\u00e4nnite:<\/strong> 230V \/ 50Hz<\/li>\n<li data-start=\"2813\" data-end=\"2838\"><strong data-start=\"2815\" data-end=\"2832\">Tehokerroin:<\/strong> 0,9<\/li>\n<li data-start=\"2839\" data-end=\"2885\"><strong data-start=\"2841\" data-end=\"2859\">Viestint\u00e4:<\/strong> 2,4 GHz Bluetooth\u00ae mesh<\/li>\n<li data-start=\"2886\" data-end=\"2961\"><strong data-start=\"2888\" data-end=\"2906\">Radion kantama:<\/strong> Noin 10 metri\u00e4 sis\u00e4tiloissa (pidennetty Plejd mesh -tekniikalla)<\/li>\n<li data-start=\"2962\" data-end=\"3005\"><strong data-start=\"2964\" data-end=\"2978\">Asennus:<\/strong> Asennus kattoon tai sein\u00e4\u00e4n<\/li>\n<li data-start=\"3006\" data-end=\"3040\"><strong data-start=\"3008\" data-end=\"3017\">Mitata:<\/strong> \u00d8 294 mm, korkeus 50 mm<\/li>\n<li data-start=\"3041\" data-end=\"3085\"><strong data-start=\"3043\" data-end=\"3056\">Materiaali:<\/strong> Matta muovi, valkoinen (RAL 9003)<\/li>\n<li data-start=\"3086\" data-end=\"3155\"><strong data-start=\"3088\" data-end=\"3107\">Yhteensopivuus:<\/strong> Apple HomeKit, Google Assistant, Amazon Alexa<\/li>\n<\/ul>\n<p data-start=\"3157\" data-end=\"3322\">Plejd CCL-01 on optimaalinen valaistusratkaisu \u00e4lykk\u00e4isiin asennuksiin, joissa tyyli, toimivuus ja moderni teknologia yhdistyv\u00e4t t\u00e4ydelliseen valaistusymp\u00e4rist\u00f6\u00f6n.<\/p>","protected":false},"excerpt":{"rendered":"<p>Plejd CCL-01 on \u00e4lyk\u00e4s LED-kattovalaisin, jossa on s\u00e4\u00e4dett\u00e4v\u00e4 valkoinen ja sis\u00e4\u00e4nrakennettu himmennystoiminto - ulkoista himment\u00e4\u00e4 ei tarvita.<\/p>\n<p>Sit\u00e4 voidaan ohjata Plejd-sovelluksella, painikkeella tai muilla Plejd-laitteilla, ja siin\u00e4 on s\u00e4\u00e4dett\u00e4v\u00e4 v\u00e4ril\u00e4mp\u00f6tila v\u00e4lill\u00e4 2200K\u20134000K sek\u00e4 tuki himme\u00e4st\u00e4 l\u00e4mpim\u00e4\u00e4n.<\/p>\n<p>IP44-luokiteltu ja sopii katto- ja sein\u00e4asennukseen.<\/p>","protected":false},"featured_media":148005,"template":"","meta":{"_acf_changed":false},"product_brand":[],"product_cat":[4664],"product_tag":[4670],"class_list":{"0":"post-148006","1":"product","2":"type-product","3":"status-publish","4":"has-post-thumbnail","6":"product_cat-plejd-belysning","7":"product_tag-plejd","8":"product_shipping_class-tunga-paket","9":"pa_brands-plejd","10":"tm-has-options","12":"first","13":"instock","14":"sale","15":"taxable","16":"shipping-taxable","17":"purchasable","18":"product-type-simple"},"acf":[],"_links":{"self":[{"href":"https:\/\/secureus.se\/fi\/wp-json\/wp\/v2\/product\/148006","targetHints":{"allow":["GET"]}}],"collection":[{"href":"https:\/\/secureus.se\/fi\/wp-json\/wp\/v2\/product"}],"about":[{"href":"https:\/\/secureus.se\/fi\/wp-json\/wp\/v2\/types\/product"}],"wp:featuredmedia":[{"embeddable":true,"href":"https:\/\/secureus.se\/fi\/wp-json\/wp\/v2\/media\/148005"}],"wp:attachment":[{"href":"https:\/\/secureus.se\/fi\/wp-json\/wp\/v2\/media?parent=148006"}],"wp:term":[{"taxonomy":"product_brand","embeddable":true,"href":"https:\/\/secureus.se\/fi\/wp-json\/wp\/v2\/product_brand?post=148006"},{"taxonomy":"product_cat","embeddable":true,"href":"https:\/\/secureus.se\/fi\/wp-json\/wp\/v2\/product_cat?post=148006"},{"taxonomy":"product_tag","embeddable":true,"href":"https:\/\/secureus.se\/fi\/wp-json\/wp\/v2\/product_tag?post=148006"}],"curies":[{"name":"wp","href":"https:\/\/api.w.org\/{rel}","templated":true}]}}