{"id":148010,"date":"2025-02-25T12:22:22","date_gmt":"2025-02-25T11:22:22","guid":{"rendered":"https:\/\/secureus.se\/?post_type=product&#038;p=148010"},"modified":"2026-04-08T16:38:07","modified_gmt":"2026-04-08T14:38:07","slug":"plejd-belysning-plafond-sensor-vit","status":"publish","type":"product","link":"https:\/\/secureus.se\/fi\/plejd-belysning-plafond-sensor-vit\/","title":{"rendered":"Plejd valaistus Plafond Sensor valkoinen"},"content":{"rendered":"<h1>Plejd CCL-01-S \u2013 \u00c4lyk\u00e4s LED-kattovalo liiketunnistimella ja s\u00e4\u00e4dett\u00e4v\u00e4ll\u00e4 valkoisella<\/h1>\n<p data-start=\"508\" data-end=\"757\">Plejd CCL-01-S on \u00e4lyk\u00e4s LED-kattovalaisin, jossa on sis\u00e4\u00e4nrakennettu liiketunnistin ja valons\u00e4\u00e4t\u00f6, t\u00e4ydellinen koteihin ja julkisiin ymp\u00e4rist\u00f6ihin.<\/p>\n<p data-start=\"508\" data-end=\"757\">Sis\u00e4\u00e4nrakennetun himmentimen ansiosta ulkoista himmentimi\u00e4 ei tarvita, mik\u00e4 tekee asennuksesta helpompaa ja joustavampaa.<\/p>\n<p data-start=\"759\" data-end=\"1078\">Sit\u00e4 voidaan ohjata Plejd-sovelluksella, painikkeella tai muilla Plejd-laitteilla, ja se voidaan my\u00f6s ryhmitell\u00e4 langattomasti, mik\u00e4 mahdollistaa useiden valaisimien sujuvan ohjauksen samanaikaisesti.<\/p>\n<p data-start=\"759\" data-end=\"1078\">Lis\u00e4ksi siin\u00e4 on sis\u00e4\u00e4nrakennetut aikatoiminnot, kuten astro- ja viikkokellot, mik\u00e4 tarkoittaa, ett\u00e4 valaistus voidaan s\u00e4\u00e4t\u00e4\u00e4 automaattisesti kellonajan mukaan.<\/p>\n<p data-start=\"1080\" data-end=\"1483\">Integroitu liiketunnistin yhdist\u00e4\u00e4 PIR- ja HF-tekniikan optimaaliseen liikkeentunnistukseen.<\/p>\n<p data-start=\"1080\" data-end=\"1483\">PIR-anturin kantama on jopa 11 metri\u00e4, kun taas HF-anturi on s\u00e4\u00e4dett\u00e4viss\u00e4 10 metriin asti ja pystyy havaitsemaan pienetkin liikkeet.<\/p>\n<p data-start=\"1080\" data-end=\"1483\">Se on my\u00f6s varustettu p\u00e4iv\u00e4nvalotunnistimella, mik\u00e4 tarkoittaa, ett\u00e4 valaistus aktivoituu vain heikossa ymp\u00e4rist\u00f6n valotasossa, mik\u00e4 edist\u00e4\u00e4 energians\u00e4\u00e4st\u00f6\u00e4.<\/p>\n<p data-start=\"1485\" data-end=\"1830\">Viritett\u00e4v\u00e4n valkoisen tekniikan avulla v\u00e4ril\u00e4mp\u00f6tilaa voidaan s\u00e4\u00e4t\u00e4\u00e4 v\u00e4lill\u00e4 2200K ja 4000K, jolloin valaistus on helppo mukauttaa tarpeisiisi \u2013 l\u00e4mpim\u00e4st\u00e4 ja viihtyis\u00e4st\u00e4 hehkusta neutraalimpaan ty\u00f6valoon.<\/p>\n<p data-start=\"1485\" data-end=\"1830\">Himmenyksest\u00e4 l\u00e4mpim\u00e4\u00e4n -toiminto varmistaa, ett\u00e4 v\u00e4ril\u00e4mp\u00f6tila s\u00e4\u00e4tyy luonnollisesti himmennett\u00e4ess\u00e4 pehme\u00e4n ja miellytt\u00e4v\u00e4n valaistuskokemuksen saamiseksi.<\/p>\n<p data-start=\"1832\" data-end=\"2072\">Kattovalaisimen valon kulma on 120\u00b0, mik\u00e4 tarjoaa laajan ja tasaisen valon jakautumisen.<\/p>\n<p data-start=\"1832\" data-end=\"2072\">Korkean v\u00e4rintoistoindeksin (CRI 93) ansiosta v\u00e4rit toistuvat luonnollisesti ja miellytt\u00e4v\u00e4sti, joten valaisin on ihanteellinen koteihin, toimistoihin ja liikkeisiin.<\/p>\n<p data-start=\"2074\" data-end=\"2253\">Bluetooth\u00ae mesh -tekniikan ansiosta useat laitteet voivat kommunikoida ja laajentaa radion kantamaa, mik\u00e4 varmistaa vakaan ja luotettavan ohjauksen suuremmissa asennuksissa.<\/p>\n<p data-start=\"2255\" data-end=\"2478\">Se on IP44-luokiteltu kattoon asennettaessa, joten se soveltuu kylpyhuoneisiin ja kosteisiin ymp\u00e4rist\u00f6ihin.<\/p>\n<p data-start=\"2255\" data-end=\"2478\">Sein\u00e4\u00e4n asennettuna sen luokitus on IP20. Kattovalaisimessa on my\u00f6s IK07-luokitus, mik\u00e4 tekee siit\u00e4 erityisen kest\u00e4v\u00e4n.<\/p>\n<p data-start=\"2480\" data-end=\"2653\">Plejd CCL-01-S on energiatehokas ja pitk\u00e4ik\u00e4inen valaistusratkaisu, jonka k\u00e4ytt\u00f6ik\u00e4 on jopa 100 000 tuntia, mik\u00e4 varmistaa kest\u00e4v\u00e4n ja luotettavan toiminnan.<\/p>\n<h3 data-start=\"2655\" data-end=\"2690\"><strong data-start=\"2659\" data-end=\"2688\">Tekniset tiedot:<\/strong><\/h3>\n<ul data-start=\"2691\" data-end=\"3645\">\n<li data-start=\"2691\" data-end=\"2727\"><strong data-start=\"2693\" data-end=\"2707\">Valonl\u00e4hde:<\/strong> LED (ei vaihdettavissa)<\/li>\n<li data-start=\"2728\" data-end=\"2754\"><strong data-start=\"2730\" data-end=\"2744\">Valovirta:<\/strong> 2000 lumenia<\/li>\n<li data-start=\"2755\" data-end=\"2805\"><strong data-start=\"2757\" data-end=\"2776\">V\u00e4ril\u00e4mp\u00f6tila:<\/strong> 2200\u20134000K (viritett\u00e4v\u00e4 valkoinen)<\/li>\n<li data-start=\"2806\" data-end=\"2839\"><strong data-start=\"2808\" data-end=\"2827\">Himmennysalue:<\/strong> 0,1\u2013100 %<\/li>\n<li data-start=\"2840\" data-end=\"2870\"><strong data-start=\"2842\" data-end=\"2863\">Levityskulma:<\/strong> 120\u00b0<\/li>\n<li data-start=\"2871\" data-end=\"2904\"><strong data-start=\"2873\" data-end=\"2899\">V\u00e4rintoisto (CRI):<\/strong> 93<\/li>\n<li data-start=\"2905\" data-end=\"2958\"><strong data-start=\"2907\" data-end=\"2921\">El\u00e4m\u00e4:<\/strong> 100 000 tuntia (L70\/B50 25\u00b0C:ssa)<\/li>\n<li data-start=\"2959\" data-end=\"2979\"><strong data-start=\"2961\" data-end=\"2972\">Vaikutus:<\/strong> 22W<\/li>\n<li data-start=\"2980\" data-end=\"3015\"><strong data-start=\"2982\" data-end=\"3011\">Energiatehokkuusluokka:<\/strong> F<\/li>\n<li data-start=\"3016\" data-end=\"3045\"><strong data-start=\"3018\" data-end=\"3034\">Suojausluokka:<\/strong> Luokka II<\/li>\n<li data-start=\"3046\" data-end=\"3122\"><strong data-start=\"3048\" data-end=\"3061\">IP-luokka:<\/strong>\n<ul data-start=\"3066\" data-end=\"3122\">\n<li data-start=\"3066\" data-end=\"3092\"><strong data-start=\"3068\" data-end=\"3085\">Asennus kattoon:<\/strong> IP44<\/li>\n<li data-start=\"3095\" data-end=\"3122\"><strong data-start=\"3097\" data-end=\"3115\">Sein\u00e4asennus:<\/strong> IP20<\/li>\n<\/ul>\n<\/li>\n<li data-start=\"3123\" data-end=\"3149\"><strong data-start=\"3125\" data-end=\"3142\">Iskunkest\u00e4vyys:<\/strong> IK07<\/li>\n<li data-start=\"3150\" data-end=\"3182\"><strong data-start=\"3152\" data-end=\"3168\">Verkkoj\u00e4nnite:<\/strong> 230V \/ 50Hz<\/li>\n<li data-start=\"3183\" data-end=\"3208\"><strong data-start=\"3185\" data-end=\"3202\">Tehokerroin:<\/strong> 0,9<\/li>\n<li data-start=\"3209\" data-end=\"3255\"><strong data-start=\"3211\" data-end=\"3229\">Viestint\u00e4:<\/strong> 2,4 GHz Bluetooth\u00ae mesh<\/li>\n<li data-start=\"3256\" data-end=\"3331\"><strong data-start=\"3258\" data-end=\"3276\">Radion kantama:<\/strong> Noin 10 metri\u00e4 sis\u00e4tiloissa (pidennetty Plejd mesh -tekniikalla)<\/li>\n<li data-start=\"3332\" data-end=\"3375\"><strong data-start=\"3334\" data-end=\"3348\">Asennus:<\/strong> Asennus kattoon tai sein\u00e4\u00e4n<\/li>\n<li data-start=\"3376\" data-end=\"3410\"><strong data-start=\"3378\" data-end=\"3387\">Mitata:<\/strong> \u00d8 294 mm, korkeus 50 mm<\/li>\n<li data-start=\"3411\" data-end=\"3455\"><strong data-start=\"3413\" data-end=\"3426\">Materiaali:<\/strong> Matta muovi, valkoinen (RAL 9003)<\/li>\n<li data-start=\"3456\" data-end=\"3520\"><strong data-start=\"3458\" data-end=\"3476\">Liiketunnistin:<\/strong> PIR + HF-anturi (s\u00e4\u00e4dett\u00e4v\u00e4 10 metriin asti)<\/li>\n<li data-start=\"3521\" data-end=\"3575\"><strong data-start=\"3523\" data-end=\"3541\">P\u00e4iv\u00e4nvalotunnistin:<\/strong> Aktivoituu vain h\u00e4m\u00e4r\u00e4ss\u00e4<\/li>\n<li data-start=\"3576\" data-end=\"3645\"><strong data-start=\"3578\" data-end=\"3597\">Yhteensopivuus:<\/strong> Apple HomeKit, Google Assistant, Amazon Alexa<\/li>\n<\/ul>\n<p data-start=\"3647\" data-end=\"3816\">Plejd CCL-01-S on optimaalinen valaistusratkaisu \u00e4lykk\u00e4isiin asennuksiin, joissa muotoilu, toiminnallisuus ja moderni teknologia yhdistyv\u00e4t t\u00e4ydelliseen valaistusymp\u00e4rist\u00f6\u00f6n.<\/p>\n<p>&nbsp;<\/p>","protected":false},"excerpt":{"rendered":"<p>Plejd CCL-01-S on \u00e4lyk\u00e4s LED-kattovalaisin, jossa on liiketunnistin ja sis\u00e4\u00e4nrakennettu himmennystoiminto. Ulkoista himmentimi\u00e4 ei tarvita.<\/p>\n<p>Sit\u00e4 voidaan ohjata Plejd-sovelluksella, painikkeella tai muilla Plejd-laitteilla, ja siin\u00e4 on s\u00e4\u00e4dett\u00e4v\u00e4 v\u00e4ril\u00e4mp\u00f6tila v\u00e4lill\u00e4 2200K\u20134000K sek\u00e4 tuki himme\u00e4st\u00e4 l\u00e4mpim\u00e4\u00e4n.<\/p>\n<p>IP44-luokitus, t\u00e4ydellinen sek\u00e4 sis\u00e4- ett\u00e4 suojattuihin ulkotiloihin.<\/p>","protected":false},"featured_media":148009,"template":"","meta":{"_acf_changed":false},"product_brand":[],"product_cat":[4664],"product_tag":[4670],"class_list":{"0":"post-148010","1":"product","2":"type-product","3":"status-publish","4":"has-post-thumbnail","6":"product_cat-plejd-belysning","7":"product_tag-plejd","8":"product_shipping_class-postnord-varubrev","9":"pa_brands-plejd","10":"pa_farg-vit","11":"tm-has-options","13":"first","14":"instock","15":"sale","16":"taxable","17":"shipping-taxable","18":"purchasable","19":"product-type-simple"},"acf":[],"_links":{"self":[{"href":"https:\/\/secureus.se\/fi\/wp-json\/wp\/v2\/product\/148010","targetHints":{"allow":["GET"]}}],"collection":[{"href":"https:\/\/secureus.se\/fi\/wp-json\/wp\/v2\/product"}],"about":[{"href":"https:\/\/secureus.se\/fi\/wp-json\/wp\/v2\/types\/product"}],"wp:featuredmedia":[{"embeddable":true,"href":"https:\/\/secureus.se\/fi\/wp-json\/wp\/v2\/media\/148009"}],"wp:attachment":[{"href":"https:\/\/secureus.se\/fi\/wp-json\/wp\/v2\/media?parent=148010"}],"wp:term":[{"taxonomy":"product_brand","embeddable":true,"href":"https:\/\/secureus.se\/fi\/wp-json\/wp\/v2\/product_brand?post=148010"},{"taxonomy":"product_cat","embeddable":true,"href":"https:\/\/secureus.se\/fi\/wp-json\/wp\/v2\/product_cat?post=148010"},{"taxonomy":"product_tag","embeddable":true,"href":"https:\/\/secureus.se\/fi\/wp-json\/wp\/v2\/product_tag?post=148010"}],"curies":[{"name":"wp","href":"https:\/\/api.w.org\/{rel}","templated":true}]}}