{"id":148012,"date":"2025-02-25T12:22:22","date_gmt":"2025-02-25T11:22:22","guid":{"rendered":"https:\/\/secureus.se\/?post_type=product&#038;p=148012"},"modified":"2026-04-08T16:27:50","modified_gmt":"2026-04-08T14:27:50","slug":"plejd-belysning-downlight-tilt-vit-6-pack","status":"publish","type":"product","link":"https:\/\/secureus.se\/fi\/plejd-belysning-downlight-tilt-vit-6-pack\/","title":{"rendered":"Plejd valaistus Downlight Tilt valkoinen 6 kpl"},"content":{"rendered":"<h1>Plejd DWN-01 \u2013 Smart Downlight Tilt 6-pakkaus s\u00e4\u00e4dett\u00e4v\u00e4ll\u00e4 valokulmalla ja langattomalla ohjauksella<\/h1>\n<p data-start=\"554\" data-end=\"875\">Plejd DWN-01 on moderni ja tyylik\u00e4s alasvalo, joka tarjoaa \u00e4lykk\u00e4\u00e4n valaistuksen ohjauksen sek\u00e4 koti- ett\u00e4 kaupallisiin asennuksiin.<\/p>\n<p data-start=\"554\" data-end=\"875\">Siin\u00e4 on sis\u00e4\u00e4nrakennettu himmennystoiminto, mik\u00e4 tarkoittaa, ett\u00e4 ulkoista himmentimi\u00e4 ei tarvita.<\/p>\n<p data-start=\"554\" data-end=\"875\">Ohjaus tapahtuu sujuvasti Plejd-sovelluksen, langallisen painikkeen tai muiden Plejd-laitteiden kautta.<\/p>\n<p data-start=\"877\" data-end=\"1143\">DWN-01:n suurin etu on sen 22\u00b0 kallistustoiminto, joka mahdollistaa valon suuntaamisen ja joustavamman valaistuksen luomisen.<\/p>\n<p data-start=\"877\" data-end=\"1143\">T\u00e4ydellinen yksityiskohtien korostamiseen, kohdevalaistuksen luomiseen tai tasaisen valon jakautumiseen asennuksen tarpeista riippuen.<\/p>\n<p data-start=\"1145\" data-end=\"1478\">Viritett\u00e4v\u00e4n valkoisen tekniikan avulla v\u00e4ril\u00e4mp\u00f6tilaa voidaan s\u00e4\u00e4t\u00e4\u00e4 v\u00e4lill\u00e4 2200K ja 4000K, mik\u00e4 antaa sinulle t\u00e4yden vapauden s\u00e4\u00e4t\u00e4\u00e4 valaistusta l\u00e4mpim\u00e4st\u00e4 ja viihtyis\u00e4st\u00e4 hehkusta toimivampaan valkoiseen valoon.<\/p>\n<p data-start=\"1145\" data-end=\"1478\">Himmenyksest\u00e4 l\u00e4mpim\u00e4\u00e4n -toiminto varmistaa luonnollisen valaistuksen himmennett\u00e4ess\u00e4 s\u00e4\u00e4t\u00e4m\u00e4ll\u00e4 automaattisesti v\u00e4ril\u00e4mp\u00f6tilaa.<\/p>\n<p data-start=\"1480\" data-end=\"1714\">DWN-01:n s\u00e4dekulma on 40\u00b0, mik\u00e4 tarjoaa symmetrisen ja miellytt\u00e4v\u00e4n valon jakautumisen.<\/p>\n<p data-start=\"1480\" data-end=\"1714\">Korkea v\u00e4rintoistoindeksi (CRI 90) takaa luonnollisen ja miellytt\u00e4v\u00e4n valontoiston, joka on t\u00e4ydellinen koteihin, toimistoihin ja liikkeisiin.<\/p>\n<p data-start=\"1716\" data-end=\"2014\">Bluetooth\u00ae mesh -teknologian ansiosta useita alasvaloja voidaan ryhmitell\u00e4 langattomasti ja ohjata yhdess\u00e4 Plejd-j\u00e4rjestelm\u00e4n kautta.<\/p>\n<p data-start=\"1716\" data-end=\"2014\">Tuotteessa on my\u00f6s sis\u00e4\u00e4nrakennetut aikatoiminnot, kuten astro- ja viikkokellot, joiden avulla valaistusaikataulut on helppo automatisoida kellonajan ja valaistusolosuhteiden mukaan.<\/p>\n<p data-start=\"2016\" data-end=\"2310\">Asennus on helppoa alhaisen, vain 40 mm:n asennussyvyyden ansiosta, mik\u00e4 tarkoittaa, ett\u00e4 alasvalo voidaan asentaa my\u00f6s tiloihin, joissa syvyys on rajoitettu.<\/p>\n<p data-start=\"2016\" data-end=\"2310\">Se on IP44-luokiteltu, mik\u00e4 tarkoittaa, ett\u00e4 se on suojattu kosteudelta ja sopii kylpyhuoneisiin ja ulkok\u00e4ytt\u00f6\u00f6n r\u00e4yst\u00e4sasennuksiin.<\/p>\n<p data-start=\"2312\" data-end=\"2558\">Plejd DWN-01 toimitetaan 6 kappaleen pakkauksessa, joten se on ihanteellinen ratkaisu suurempiin asennuksiin, joissa tarvitaan useita valopisteit\u00e4.<\/p>\n<p data-start=\"2312\" data-end=\"2558\">Sen k\u00e4ytt\u00f6ik\u00e4 on jopa 60 000 tuntia, mik\u00e4 takaa energiatehokkaan ja kest\u00e4v\u00e4n toiminnan.<\/p>\n<h3 data-start=\"2560\" data-end=\"2595\"><strong data-start=\"2564\" data-end=\"2593\">Tekniset tiedot:<\/strong><\/h3>\n<ul data-start=\"2596\" data-end=\"3428\">\n<li data-start=\"2596\" data-end=\"2632\"><strong data-start=\"2598\" data-end=\"2612\">Valonl\u00e4hde:<\/strong> LED (ei vaihdettavissa)<\/li>\n<li data-start=\"2633\" data-end=\"2672\"><strong data-start=\"2635\" data-end=\"2649\">Valovirta:<\/strong> 515 lm alasvaloa kohden<\/li>\n<li data-start=\"2673\" data-end=\"2723\"><strong data-start=\"2675\" data-end=\"2694\">V\u00e4ril\u00e4mp\u00f6tila:<\/strong> 2200\u20134000K (viritett\u00e4v\u00e4 valkoinen)<\/li>\n<li data-start=\"2724\" data-end=\"2757\"><strong data-start=\"2726\" data-end=\"2745\">Himmennysalue:<\/strong> 0,1\u2013100 %<\/li>\n<li data-start=\"2758\" data-end=\"2781\"><strong data-start=\"2760\" data-end=\"2775\">Kallistuvuus:<\/strong> 22\u00b0<\/li>\n<li data-start=\"2782\" data-end=\"2811\"><strong data-start=\"2784\" data-end=\"2805\">Levityskulma:<\/strong> 40\u00b0<\/li>\n<li data-start=\"2812\" data-end=\"2845\"><strong data-start=\"2814\" data-end=\"2840\">V\u00e4rintoisto (CRI):<\/strong> 90<\/li>\n<li data-start=\"2846\" data-end=\"2898\"><strong data-start=\"2848\" data-end=\"2862\">El\u00e4m\u00e4:<\/strong> 60 000 tuntia (L70\/B50 25 \u00b0C:ssa)<\/li>\n<li data-start=\"2899\" data-end=\"2928\"><strong data-start=\"2901\" data-end=\"2912\">Vaikutus:<\/strong> 8W per yksikk\u00f6<\/li>\n<li data-start=\"2929\" data-end=\"2964\"><strong data-start=\"2931\" data-end=\"2960\">Energiatehokkuusluokka:<\/strong> F<\/li>\n<li data-start=\"2965\" data-end=\"2994\"><strong data-start=\"2967\" data-end=\"2983\">Suojausluokka:<\/strong> Luokka II<\/li>\n<li data-start=\"2995\" data-end=\"3043\"><strong data-start=\"2997\" data-end=\"3010\">IP-luokka:<\/strong> IP44 (valaisin), IP20 (ohjain)<\/li>\n<li data-start=\"3044\" data-end=\"3076\"><strong data-start=\"3046\" data-end=\"3062\">Verkkoj\u00e4nnite:<\/strong> 230V \/ 50Hz<\/li>\n<li data-start=\"3077\" data-end=\"3103\"><strong data-start=\"3079\" data-end=\"3096\">Tehokerroin:<\/strong> 0,84<\/li>\n<li data-start=\"3104\" data-end=\"3150\"><strong data-start=\"3106\" data-end=\"3124\">Viestint\u00e4:<\/strong> 2,4 GHz Bluetooth\u00ae mesh<\/li>\n<li data-start=\"3151\" data-end=\"3226\"><strong data-start=\"3153\" data-end=\"3171\">Radion kantama:<\/strong> Noin 10 metri\u00e4 sis\u00e4tiloissa (pidennetty Plejd mesh -tekniikalla)<\/li>\n<li data-start=\"3227\" data-end=\"3273\"><strong data-start=\"3229\" data-end=\"3243\">Asennus:<\/strong> Upotettu kattoon (\u00d8 83 mm reik\u00e4)<\/li>\n<li data-start=\"3274\" data-end=\"3313\"><strong data-start=\"3276\" data-end=\"3305\">Minimi asennussyvyys:<\/strong> 40 mm<\/li>\n<li data-start=\"3314\" data-end=\"3372\"><strong data-start=\"3316\" data-end=\"3329\">Materiaali:<\/strong> Pulverimaalattu alumiini, valkoinen (RAL 9003)<\/li>\n<li data-start=\"3373\" data-end=\"3428\"><strong data-start=\"3375\" data-end=\"3394\">Yhteensopivuus:<\/strong> Apple HomeKit, Google Assistant<\/li>\n<\/ul>\n<p data-start=\"3430\" data-end=\"3599\">Plejd DWN-01 6 pakkauksessa on t\u00e4ydellinen ratkaisu suuriin valaistusprojekteihin, joissa toiminto, muotoilu ja tekniikka toimivat yhdess\u00e4 \u00e4lykk\u00e4\u00e4n ja joustavan valaistusymp\u00e4rist\u00f6n luomiseksi.<\/p>","protected":false},"excerpt":{"rendered":"<p>Plejd DWN-01 on \u00e4lyk\u00e4s alasvalo, jossa on s\u00e4\u00e4dett\u00e4v\u00e4 valkoinen ja sis\u00e4\u00e4nrakennettu himmennystoiminto - ulkoista himment\u00e4\u00e4 ei tarvita.<\/p>\n<p>Valonl\u00e4hdett\u00e4 voidaan kallistaa joustavaa valaistusta varten ja ohjata Plejd-sovelluksella, painikkeella tai muilla Plejd-laitteilla.<\/p>\n<p>S\u00e4\u00e4dett\u00e4v\u00e4 v\u00e4ril\u00e4mp\u00f6tila v\u00e4lill\u00e4 2200K\u20134000K ja tuki himme\u00e4st\u00e4 l\u00e4mpim\u00e4\u00e4n.<\/p>\n<p>Toimitetaan 6 kappaleen pakkauksessa, ihanteellinen suurempiin asennuksiin.<\/p>","protected":false},"featured_media":148011,"template":"","meta":{"_acf_changed":false},"product_brand":[],"product_cat":[4664],"product_tag":[4670],"class_list":{"0":"post-148012","1":"product","2":"type-product","3":"status-publish","4":"has-post-thumbnail","6":"product_cat-plejd-belysning","7":"product_tag-plejd","8":"product_shipping_class-postnord-varubrev","9":"pa_brands-plejd","10":"tm-has-options","12":"first","13":"instock","14":"sale","15":"taxable","16":"shipping-taxable","17":"purchasable","18":"product-type-simple"},"acf":[],"_links":{"self":[{"href":"https:\/\/secureus.se\/fi\/wp-json\/wp\/v2\/product\/148012","targetHints":{"allow":["GET"]}}],"collection":[{"href":"https:\/\/secureus.se\/fi\/wp-json\/wp\/v2\/product"}],"about":[{"href":"https:\/\/secureus.se\/fi\/wp-json\/wp\/v2\/types\/product"}],"wp:featuredmedia":[{"embeddable":true,"href":"https:\/\/secureus.se\/fi\/wp-json\/wp\/v2\/media\/148011"}],"wp:attachment":[{"href":"https:\/\/secureus.se\/fi\/wp-json\/wp\/v2\/media?parent=148012"}],"wp:term":[{"taxonomy":"product_brand","embeddable":true,"href":"https:\/\/secureus.se\/fi\/wp-json\/wp\/v2\/product_brand?post=148012"},{"taxonomy":"product_cat","embeddable":true,"href":"https:\/\/secureus.se\/fi\/wp-json\/wp\/v2\/product_cat?post=148012"},{"taxonomy":"product_tag","embeddable":true,"href":"https:\/\/secureus.se\/fi\/wp-json\/wp\/v2\/product_tag?post=148012"}],"curies":[{"name":"wp","href":"https:\/\/api.w.org\/{rel}","templated":true}]}}