{"id":148016,"date":"2025-02-25T12:22:22","date_gmt":"2025-02-25T11:22:22","guid":{"rendered":"https:\/\/secureus.se\/?post_type=product&#038;p=148016"},"modified":"2026-03-26T11:07:34","modified_gmt":"2026-03-26T10:07:34","slug":"plejd-vridratt-tradlos-wrt-01-ewvit","status":"publish","type":"product","link":"https:\/\/secureus.se\/fi\/plejd-vridratt-tradlos-wrt-01-ewvit\/","title":{"rendered":"Plejd Langaton kiertonuppi WRT-01-EWwhite"},"content":{"rendered":"<h1 data-start=\"470\" data-end=\"521\"><strong data-start=\"474\" data-end=\"519\">Langaton ja tasainen valons\u00e4\u00e4t\u00f6 Plejdill\u00e4<\/strong><\/h1>\n<p data-start=\"522\" data-end=\"915\">Rotary Knob Wireless EW White on innovatiivinen ja joustava ratkaisu kodin tai toimiston valaistuksen ohjaamiseen.<\/p>\n<p data-start=\"522\" data-end=\"915\">T\u00e4ll\u00e4 langattomalla kierto- ja painopainikkeella voit helposti s\u00e4\u00e4t\u00e4\u00e4 yhden tai useamman Plejd-laitteen kirkkautta ilman kaapeleita tai monimutkaisia asennuksia.<\/p>\n<p data-start=\"522\" data-end=\"915\">Konfigurointi tapahtuu sujuvasti Plejd-sovelluksessa, jossa voit mukauttaa toimintoja ja skenaarioiden hallintaa tarpeidesi mukaan.<\/p>\n<p data-start=\"917\" data-end=\"1167\">Kompakti ja tyylik\u00e4s muotoilu tarkoittaa, ett\u00e4 laite sulautuu mihin tahansa ymp\u00e4rist\u00f6\u00f6n.<\/p>\n<p data-start=\"917\" data-end=\"1167\">Pitk\u00e4, jopa 15 vuoden akun k\u00e4ytt\u00f6ik\u00e4 ja \u00e4lykotij\u00e4rjestelmien, kuten Apple HomeKitin ja Google Assistantin, tuella t\u00e4m\u00e4 on tulevaisuuden kest\u00e4v\u00e4 ratkaisu langattomaan valaistuksen ohjaukseen.<\/p>\n<h3 data-start=\"1169\" data-end=\"1220\"><strong data-start=\"1173\" data-end=\"1218\">Joustava kokoonpano ja helppo asennus<\/strong><\/h3>\n<p data-start=\"1221\" data-end=\"1499\">Py\u00f6riv\u00e4 nuppi Wireless EW White voidaan asentaa tavallisen laitekotelon ulkopuolelle tai kiinnitt\u00e4\u00e4 kaksipuoleisella teipill\u00e4 tai ruuveilla, mik\u00e4 tekee asennuksesta nopeaa ja helppoa.<\/p>\n<p data-start=\"1221\" data-end=\"1499\">Johdotuksia ei tarvita, joten se sopii sek\u00e4 uusiin asennuksiin ett\u00e4 olemassa olevien s\u00e4hk\u00f6j\u00e4rjestelmien p\u00e4ivityksiin.<\/p>\n<h3 data-start=\"1501\" data-end=\"1541\"><strong data-start=\"1505\" data-end=\"1539\">Tuotteen ominaisuudet ja edut<\/strong><\/h3>\n<ul data-start=\"1543\" data-end=\"2260\">\n<li data-start=\"1543\" data-end=\"1626\"><strong data-start=\"1545\" data-end=\"1569\">Langaton valons\u00e4\u00e4t\u00f6<\/strong> \u2013 S\u00e4\u00e4d\u00e4 valoa helposti k\u00e4\u00e4nt\u00e4m\u00e4ll\u00e4 tai ty\u00f6nt\u00e4m\u00e4ll\u00e4.<\/li>\n<li data-start=\"1627\" data-end=\"1721\"><strong data-start=\"1629\" data-end=\"1647\">Yhteensopivuus<\/strong> \u2013 Toimii kaikkien Plejd-laitteiden kanssa ja voi ohjata useita valoja samanaikaisesti.<\/li>\n<li data-start=\"1722\" data-end=\"1794\"><strong data-start=\"1724\" data-end=\"1745\">\u00c4lyk\u00e4s integrointi<\/strong> \u2013 Apple HomeKitin ja Google Assistantin tuki.<\/li>\n<li data-start=\"1795\" data-end=\"1880\"><strong data-start=\"1797\" data-end=\"1816\">Pitk\u00e4 akunkesto<\/strong> \u2013 Jopa 15 vuotta (noin 200 000 napsautusta) 3 x CR2032 paristolla.<\/li>\n<li data-start=\"1881\" data-end=\"1957\"><strong data-start=\"1883\" data-end=\"1903\">Skenaarion hallinta<\/strong> \u2013 Kaksoisnapsautus voi aktivoida esiasetettuja valaistuskohtauksia.<\/li>\n<li data-start=\"1958\" data-end=\"2039\"><strong data-start=\"1960\" data-end=\"1979\">Helppo koota<\/strong> \u2013 Nopea asennus pintaan tai teipill\u00e4\/ruuveilla.<\/li>\n<li data-start=\"2040\" data-end=\"2103\"><strong data-start=\"2042\" data-end=\"2060\">Kompakti muotoilu<\/strong> \u2013 Sopii kaikkiin nykyaikaisiin koteihin ja ymp\u00e4rist\u00f6ihin.<\/li>\n<li data-start=\"2104\" data-end=\"2185\"><strong data-start=\"2106\" data-end=\"2147\">Sopii ELKO\u00ae RS\/Plus mountain white -runkoon<\/strong> \u2013 Antaa yhten\u00e4isen ja tyylikk\u00e4\u00e4n ilmeen.<\/li>\n<li data-start=\"2186\" data-end=\"2260\"><strong data-start=\"2188\" data-end=\"2209\">Turvallinen ja kest\u00e4v\u00e4<\/strong> \u2013 Valmistettu halogeenivapaasta, kest\u00e4v\u00e4st\u00e4 kestomuovista.<\/li>\n<\/ul>\n<h3 data-start=\"2262\" data-end=\"2296\"><strong data-start=\"2266\" data-end=\"2294\">Tekniset tiedot<\/strong><\/h3>\n<ul data-start=\"2298\" data-end=\"3018\">\n<li data-start=\"2298\" data-end=\"2329\"><strong data-start=\"2300\" data-end=\"2311\">Malli:<\/strong> Sarjak\u00e4ytt\u00f6inen painike<\/li>\n<li data-start=\"2330\" data-end=\"2373\"><strong data-start=\"2332\" data-end=\"2354\">Toimintatapa:<\/strong> Py\u00f6riv\u00e4\/painopainike<\/li>\n<li data-start=\"2374\" data-end=\"2441\"><strong data-start=\"2376\" data-end=\"2396\">Asennustapa:<\/strong> Pinta-asennus (nopea kiinnitys teipill\u00e4\/ruuvilla)<\/li>\n<li data-start=\"2442\" data-end=\"2470\"><strong data-start=\"2444\" data-end=\"2453\">Maali:<\/strong> Valkoinen (RAL 9010)<\/li>\n<li data-start=\"2471\" data-end=\"2512\"><strong data-start=\"2473\" data-end=\"2486\">Materiaali:<\/strong> Termoplastinen (halogeeniton)<\/li>\n<li data-start=\"2513\" data-end=\"2556\"><strong data-start=\"2515\" data-end=\"2532\">Pintak\u00e4sittely:<\/strong> K\u00e4sittelem\u00e4t\u00f6n, kiilt\u00e4v\u00e4 pinta<\/li>\n<li data-start=\"2557\" data-end=\"2604\"><strong data-start=\"2559\" data-end=\"2572\">IP-luokka:<\/strong> IP20 (vain sis\u00e4k\u00e4ytt\u00f6\u00f6n)<\/li>\n<li data-start=\"2605\" data-end=\"2631\"><strong data-start=\"2607\" data-end=\"2624\">Iskunkest\u00e4vyys:<\/strong> IK00<\/li>\n<li data-start=\"2632\" data-end=\"2681\"><strong data-start=\"2634\" data-end=\"2643\">Mitata:<\/strong> Leveys 71 mm, korkeus 71 mm, syvyys 20 mm<\/li>\n<li data-start=\"2682\" data-end=\"2724\"><strong data-start=\"2684\" data-end=\"2699\">Akun tyyppi:<\/strong> 3 x CR2032 (vaihdettava)<\/li>\n<li data-start=\"2725\" data-end=\"2759\"><strong data-start=\"2727\" data-end=\"2742\">Akun kesto:<\/strong> Jopa 15 vuotta<\/li>\n<li data-start=\"2760\" data-end=\"2815\"><strong data-start=\"2762\" data-end=\"2778\">Radioj\u00e4rjestelm\u00e4:<\/strong> 2,4 GHz mesh, Bluetooth\u00ae (&lt;10 dBm)<\/li>\n<li data-start=\"2816\" data-end=\"2858\"><strong data-start=\"2818\" data-end=\"2836\">Radion kantama:<\/strong> Noin 10 metri\u00e4 sis\u00e4ll\u00e4<\/li>\n<li data-start=\"2859\" data-end=\"2899\"><strong data-start=\"2861\" data-end=\"2893\">Mesh-verkkolaajennus:<\/strong> Ei<\/li>\n<li data-start=\"2900\" data-end=\"2983\"><strong data-start=\"2902\" data-end=\"2921\">Yhteensopivuus:<\/strong> Apple HomeKit, Google Assistant (ei Amazon Alexa, ei IFTTT)<\/li>\n<li data-start=\"2984\" data-end=\"3018\"><strong data-start=\"2986\" data-end=\"3012\">Valo\/merkkivalo:<\/strong> Ei<\/li>\n<\/ul>\n<h3 data-start=\"3020\" data-end=\"3079\"><strong data-start=\"3024\" data-end=\"3077\">T\u00e4ydellinen \u00e4lykk\u00e4isiin koteihin ja ammattiymp\u00e4rist\u00f6ihin<\/strong><\/h3>\n<p data-start=\"3080\" data-end=\"3343\">Langattoman kiertonupin minimalistinen muotoilu ja k\u00e4ytt\u00e4j\u00e4yst\u00e4v\u00e4llinen toiminnallisuus tekev\u00e4t siit\u00e4 t\u00e4ydellisen niin yksityisiin koteihin kuin kaupallisiin ymp\u00e4rist\u00f6ihin.<\/p>\n<p data-start=\"3080\" data-end=\"3343\">Hallitse kaikkea Plejd-valaistustasi helposti ilman kaapeleita ja luo mukautettuja valaistuskohtauksia eri tilanteisiin.<\/p>\n<p data-start=\"3345\" data-end=\"3556\">Apple HomeKitin ja Google Assistantin integroitavuuden ansiosta voit ohjata valaistusta \u00e4\u00e4nikomennoilla tai sovelluksen kautta.<\/p>\n<p data-start=\"3345\" data-end=\"3556\">N\u00e4in valaistus on helppo automatisoida ja mukauttaa jokap\u00e4iv\u00e4iseen el\u00e4m\u00e4\u00e4si.<\/p>\n<h3 data-start=\"3558\" data-end=\"3576\"><strong data-start=\"3562\" data-end=\"3574\">Johtop\u00e4\u00e4t\u00f6s<\/strong><\/h3>\n<p data-start=\"3577\" data-end=\"3914\">Py\u00f6riv\u00e4 nuppi Wireless EW White on innovatiivinen ja joustava ratkaisu langattomaan valaistuksen ohjaukseen.<\/p>\n<p data-start=\"3577\" data-end=\"3914\">Pitk\u00e4n akun keston, helpon asennuksen ja \u00e4lykk\u00e4iden ominaisuuksien ansiosta t\u00e4m\u00e4 on optimaalinen laite kaikille, jotka haluavat sujuvaa ja modernia valaistuksen ohjausta.<\/p>\n<p data-start=\"3577\" data-end=\"3914\">T\u00e4ydellinen sek\u00e4 \u00e4lykotiin ett\u00e4 ammattik\u00e4ytt\u00f6\u00f6n, jossa yksinkertaisuus ja toimivuus ovat t\u00e4rkeit\u00e4.<\/p>","protected":false},"excerpt":{"rendered":"<p>Py\u00f6riv\u00e4 nuppi Wireless EW White mahdollistaa yhden tai useamman Plejd-yksik\u00f6n langattoman ohjauksen.<\/p>\n<p>Helppo asentaa laitekotelon ulkopuolelle tai teipill\u00e4\/ruuveilla.<\/p>\n<p>Akun k\u00e4ytt\u00f6ik\u00e4 jopa 15 vuotta.<\/p>\n<p>Yhteensopiva Apple HomeKitin ja Google Assistantin kanssa.<\/p>\n<p>Sopii vuorenvalkoiseen ELKO\u00ae RS\/Plus -runkoon.<\/p>","protected":false},"featured_media":148015,"template":"","meta":{"_acf_changed":false},"product_brand":[],"product_cat":[4661],"product_tag":[4670],"class_list":{"0":"post-148016","1":"product","2":"type-product","3":"status-publish","4":"has-post-thumbnail","6":"product_cat-plejd-vridadapter","7":"product_tag-plejd","8":"product_shipping_class-tunga-paket","9":"pa_brands-plejd","10":"pa_farg-vit","11":"tm-has-options","13":"first","14":"instock","15":"sale","16":"taxable","17":"shipping-taxable","18":"purchasable","19":"product-type-simple"},"acf":[],"_links":{"self":[{"href":"https:\/\/secureus.se\/fi\/wp-json\/wp\/v2\/product\/148016","targetHints":{"allow":["GET"]}}],"collection":[{"href":"https:\/\/secureus.se\/fi\/wp-json\/wp\/v2\/product"}],"about":[{"href":"https:\/\/secureus.se\/fi\/wp-json\/wp\/v2\/types\/product"}],"wp:featuredmedia":[{"embeddable":true,"href":"https:\/\/secureus.se\/fi\/wp-json\/wp\/v2\/media\/148015"}],"wp:attachment":[{"href":"https:\/\/secureus.se\/fi\/wp-json\/wp\/v2\/media?parent=148016"}],"wp:term":[{"taxonomy":"product_brand","embeddable":true,"href":"https:\/\/secureus.se\/fi\/wp-json\/wp\/v2\/product_brand?post=148016"},{"taxonomy":"product_cat","embeddable":true,"href":"https:\/\/secureus.se\/fi\/wp-json\/wp\/v2\/product_cat?post=148016"},{"taxonomy":"product_tag","embeddable":true,"href":"https:\/\/secureus.se\/fi\/wp-json\/wp\/v2\/product_tag?post=148016"}],"curies":[{"name":"wp","href":"https:\/\/api.w.org\/{rel}","templated":true}]}}