{"id":148022,"date":"2025-02-25T12:22:23","date_gmt":"2025-02-25T11:22:23","guid":{"rendered":"https:\/\/secureus.se\/?post_type=product&#038;p=148022"},"modified":"2026-04-08T16:37:37","modified_gmt":"2026-04-08T14:37:37","slug":"plejd-monteringsdosa","status":"publish","type":"product","link":"https:\/\/secureus.se\/fi\/plejd-monteringsdosa\/","title":{"rendered":"Plejd Asennuslaatikko"},"content":{"rendered":"<h1 data-start=\"450\" data-end=\"501\"><strong data-start=\"454\" data-end=\"499\">Plejd Pucksin turvallinen ja helppo kokoaminen<\/strong><\/h1>\n<p data-start=\"502\" data-end=\"791\">Asennuslaatikko on k\u00e4yt\u00e4nn\u00f6llinen ja turvallinen ratkaisu Plejd-kiekkojen asentamiseen sein\u00e4lle, s\u00e4hk\u00f6kaappiin tai paikkareik\u00e4\u00e4n.<\/p>\n<p data-start=\"502\" data-end=\"791\">Kompaktin muotoilunsa ja toimivan rakenteensa ansiosta laatikko varmistaa kosketusturvallisen asennuksen samalla, kun se tarjoaa vakaan asennuksen ja hallitun kaapelinhallinnan.<\/p>\n<p data-start=\"793\" data-end=\"1019\">Se on suunniteltu sopimaan erilaisiin asennusymp\u00e4rist\u00f6ihin ja on yhteensopiva tavallisten sein\u00e4- ja kattoasennuksien kanssa.<\/p>\n<p data-start=\"793\" data-end=\"1019\">Asennuslaatikko on valmistettu kest\u00e4v\u00e4st\u00e4, halogeenivapaasta muovista ja sen IP20-luokiteltu sis\u00e4k\u00e4ytt\u00f6\u00f6n.<\/p>\n<h3 data-start=\"1021\" data-end=\"1068\"><strong data-start=\"1025\" data-end=\"1066\">Joustava ja mukautuva asennus<\/strong><\/h3>\n<p data-start=\"1069\" data-end=\"1385\">Asennuslaatikko on kehitetty sopimaan useisiin erilaisiin asennuksiin ja sit\u00e4 voidaan k\u00e4ytt\u00e4\u00e4 sek\u00e4 sein\u00e4asennuksessa ett\u00e4 s\u00e4hk\u00f6kaapeissa.<\/p>\n<p data-start=\"1069\" data-end=\"1385\">Kuuden tulon ja johdotuksen esirei&#039;ityksen ansiosta laatikko on helppo mukauttaa erilaisiin tarpeisiin.<\/p>\n<p data-start=\"1069\" data-end=\"1385\">Se on my\u00f6s varustettu vedonpoistolaitteella, joka varmistaa vakaan ja varman kaapeliliit\u00e4nn\u00e4n.<\/p>\n<h3 data-start=\"1387\" data-end=\"1427\"><strong data-start=\"1391\" data-end=\"1425\">Tuotteen ominaisuudet ja edut<\/strong><\/h3>\n<ul data-start=\"1429\" data-end=\"2080\">\n<li data-start=\"1429\" data-end=\"1506\"><strong data-start=\"1431\" data-end=\"1450\">Turvallinen asennus<\/strong> \u2013 Tarjoaa Plejd-kiekkojen kosketusturvallisen asennuksen.<\/li>\n<li data-start=\"1507\" data-end=\"1592\"><strong data-start=\"1509\" data-end=\"1527\">Vedonpoisto<\/strong> \u2013 Est\u00e4\u00e4 kaapeleiden irtoamisen tai vaurioitumisen asennuksen aikana.<\/li>\n<li data-start=\"1593\" data-end=\"1670\"><strong data-start=\"1595\" data-end=\"1620\">Joustava asennus<\/strong> \u2013 Voidaan asentaa sein\u00e4lle, kaappiin tai valonheittimen reik\u00e4\u00e4n.<\/li>\n<li data-start=\"1671\" data-end=\"1749\"><strong data-start=\"1673\" data-end=\"1699\">Tilaa s\u00e4\u00e4st\u00e4v\u00e4 muotoilu<\/strong> \u2013 Kompakti koko, joka sopii ahtaisiin tiloihin.<\/li>\n<li data-start=\"1750\" data-end=\"1830\"><strong data-start=\"1752\" data-end=\"1776\">Kest\u00e4v\u00e4 rakenne<\/strong> \u2013 Valmistettu halogeenivapaasta muovista pitk\u00e4n k\u00e4ytt\u00f6i\u00e4n takaamiseksi.<\/li>\n<li data-start=\"1831\" data-end=\"1905\"><strong data-start=\"1833\" data-end=\"1856\">Kotelointiluokka IP20<\/strong> \u2013 Suojattu yli 12,5 mm:n kiinteilt\u00e4 esineilt\u00e4.<\/li>\n<li data-start=\"1906\" data-end=\"1995\"><strong data-start=\"1908\" data-end=\"1931\">Helppo johdotus<\/strong> \u2013 Kuusi sis\u00e4\u00e4ntuloa esirei&#039;ill\u00e4 enint\u00e4\u00e4n 16 mm:n johdinputkille.<\/li>\n<li data-start=\"1996\" data-end=\"2080\"><strong data-start=\"1998\" data-end=\"2026\">K\u00e4ytt\u00e4j\u00e4yst\u00e4v\u00e4llinen kokoonpano<\/strong> \u2013 Nopea ja helppo asennus ilman lis\u00e4ty\u00f6kaluja.<\/li>\n<\/ul>\n<h3 data-start=\"2082\" data-end=\"2110\"><strong data-start=\"2086\" data-end=\"2108\">K\u00e4ytt\u00f6alueet<\/strong><\/h3>\n<p data-start=\"2111\" data-end=\"2298\">Asennuslaatikko on t\u00e4ydellinen sek\u00e4 kotik\u00e4ytt\u00e4jille ett\u00e4 ammattiasentajille, jotka haluavat turvallisen ja helpon Plejd-kiekkojen asennuksen. Sit\u00e4 voidaan k\u00e4ytt\u00e4\u00e4 erilaisissa ymp\u00e4rist\u00f6iss\u00e4, mukaan lukien:<\/p>\n<ul data-start=\"2300\" data-end=\"2560\">\n<li data-start=\"2300\" data-end=\"2373\"><strong data-start=\"2302\" data-end=\"2319\">Sein\u00e4asennus<\/strong> \u2013 T\u00e4ydellinen asennettavaksi tavallisiin s\u00e4hk\u00f6asennuksiin.<\/li>\n<li data-start=\"2374\" data-end=\"2487\"><strong data-start=\"2376\" data-end=\"2405\">S\u00e4hk\u00f6kaapit ja kytkent\u00e4rasiat<\/strong> \u2013 Ihanteellinen asennettavaksi kaappeihin, joissa vaaditaan turvallista ja s\u00e4\u00e4nn\u00f6llist\u00e4 kaapelin reitityst\u00e4.<\/li>\n<li data-start=\"2488\" data-end=\"2560\"><strong data-start=\"2490\" data-end=\"2501\">Kohta reik\u00e4<\/strong> \u2013 Soveltuu kattoasennuksiin ja valaistusj\u00e4rjestelmiin.<\/li>\n<\/ul>\n<h3 data-start=\"2562\" data-end=\"2596\"><strong data-start=\"2566\" data-end=\"2594\">Tekniset tiedot<\/strong><\/h3>\n<ul data-start=\"2598\" data-end=\"3189\">\n<li data-start=\"2598\" data-end=\"2625\"><strong data-start=\"2600\" data-end=\"2611\">Malli:<\/strong> Laitteen laatikko<\/li>\n<li data-start=\"2626\" data-end=\"2667\"><strong data-start=\"2628\" data-end=\"2648\">Asennustapa:<\/strong> Sein\u00e4\/kattoasennus<\/li>\n<li data-start=\"2668\" data-end=\"2704\"><strong data-start=\"2670\" data-end=\"2683\">Materiaali:<\/strong> Muovi (halogeeniton)<\/li>\n<li data-start=\"2705\" data-end=\"2722\"><strong data-start=\"2707\" data-end=\"2716\">Maali:<\/strong> Valkoinen<\/li>\n<li data-start=\"2723\" data-end=\"2751\"><strong data-start=\"2725\" data-end=\"2744\">Suojausluokka:<\/strong> IP20<\/li>\n<li data-start=\"2752\" data-end=\"2777\"><strong data-start=\"2754\" data-end=\"2773\">Tulojen m\u00e4\u00e4r\u00e4:<\/strong> 6<\/li>\n<li data-start=\"2778\" data-end=\"2826\"><strong data-start=\"2780\" data-end=\"2812\">Kotelon l\u00e4pivientityyppi:<\/strong> Esikuviointi<\/li>\n<li data-start=\"2827\" data-end=\"2860\"><strong data-start=\"2829\" data-end=\"2851\">Johtimen enimm\u00e4ispinta-ala:<\/strong> 16 mm\u00b2<\/li>\n<li data-start=\"2861\" data-end=\"2896\"><strong data-start=\"2863\" data-end=\"2888\">Johdinputken halkaisijalle:<\/strong> 16 mm<\/li>\n<li data-start=\"2897\" data-end=\"2924\"><strong data-start=\"2899\" data-end=\"2919\">Sis\u00e4\u00e4ntulo takaa:<\/strong> Kyll\u00e4<\/li>\n<li data-start=\"2925\" data-end=\"2945\"><strong data-start=\"2927\" data-end=\"2937\">Pituus:<\/strong> 93 mm<\/li>\n<li data-start=\"2946\" data-end=\"2966\"><strong data-start=\"2948\" data-end=\"2958\">Leveys:<\/strong> 53 mm<\/li>\n<li data-start=\"2967\" data-end=\"2986\"><strong data-start=\"2969\" data-end=\"2978\">Syvyys:<\/strong> 25 mm<\/li>\n<li data-start=\"2987\" data-end=\"3010\"><strong data-start=\"2989\" data-end=\"3002\">Halkaisija:<\/strong> 70 mm<\/li>\n<li data-start=\"3011\" data-end=\"3044\"><strong data-start=\"3013\" data-end=\"3027\">Kansi\/kansi:<\/strong> Asennuskorkki<\/li>\n<li data-start=\"3045\" data-end=\"3074\"><strong data-start=\"3047\" data-end=\"3068\">L\u00e4pin\u00e4kyv\u00e4 kansi:<\/strong> Ei<\/li>\n<li data-start=\"3075\" data-end=\"3098\"><strong data-start=\"3077\" data-end=\"3092\">Suljettava:<\/strong> Ei<\/li>\n<li data-start=\"3099\" data-end=\"3141\"><strong data-start=\"3101\" data-end=\"3133\">Nimellinen eristysj\u00e4nnite:<\/strong> 400V<\/li>\n<li data-start=\"3142\" data-end=\"3189\"><strong data-start=\"3144\" data-end=\"3170\">K\u00e4ytt\u00f6l\u00e4mp\u00f6tila-alue:<\/strong> -30\u00b0C - +60\u00b0C<\/li>\n<\/ul>\n<h3 data-start=\"3191\" data-end=\"3229\"><strong data-start=\"3195\" data-end=\"3227\">Helppo ja turvallinen asennus<\/strong><\/h3>\n<p data-start=\"3230\" data-end=\"3523\">Asennuslaatikko on suunniteltu helposti asennettavaksi ja k\u00e4sitelt\u00e4v\u00e4ksi. Esirei&#039;itysten ansiosta voit helposti vet\u00e4\u00e4 kaapelit sis\u00e4\u00e4n ja mukauttaa asennusta tarpeen mukaan.<\/p>\n<p data-start=\"3230\" data-end=\"3523\">Vakaa vedonpoistaja varmistaa, ett\u00e4 kaapelit pysyv\u00e4t paikoillaan ja minimoi vaurioiden tai v\u00e4\u00e4rinliit\u00e4nt\u00f6jen riskin.<\/p>\n<h3 data-start=\"3525\" data-end=\"3583\"><strong data-start=\"3529\" data-end=\"3581\">\u00c4lykk\u00e4iden valaistusj\u00e4rjestelmien v\u00e4ltt\u00e4m\u00e4t\u00f6n komponentti<\/strong><\/h3>\n<p data-start=\"3584\" data-end=\"3840\">Tukevan rakenteensa ja mukautuvan suunnittelunsa ansiosta asennuslaatikko on t\u00e4rke\u00e4 osa kaikkia Plejd-asennuksia.<\/p>\n<p data-start=\"3584\" data-end=\"3840\">Se tarjoaa turvallisen ja ammattimaisen asennuksen ja helpottaa kaapeleiden j\u00e4rjest\u00e4mist\u00e4 ja suojaamista asennuksessasi.<\/p>\n<h3 data-start=\"3842\" data-end=\"3860\"><strong data-start=\"3846\" data-end=\"3858\">Johtop\u00e4\u00e4t\u00f6s<\/strong><\/h3>\n<p data-start=\"3861\" data-end=\"4180\">Asennuslaatikko on \u00e4lyk\u00e4s, joustava ja turvallinen ratkaisu Plejd-kiekkojen asentamiseen kosketussuojatulla tavalla.<\/p>\n<p data-start=\"3861\" data-end=\"4180\">Se on ihanteellinen sek\u00e4 ammattilaisille ett\u00e4 kotik\u00e4ytt\u00e4jille, jotka haluavat vakaan ja organisoidun asennuksen.<\/p>\n<p data-start=\"3861\" data-end=\"4180\">Helppo asentaa ja kest\u00e4v\u00e4 rakenne tekee siit\u00e4 t\u00e4ydellisen Plejd-j\u00e4rjestelm\u00e4n komponentin.<\/p>","protected":false},"excerpt":{"rendered":"<p>Asennuslaatikko Plejd-kiekkojen turvalliseen ja kosketussuojaiseen kiinnitykseen sein\u00e4lle, kaappiin tai paikkareik\u00e4\u00e4n.<\/p>\n<p>Varustettu vedonpoistolaitteella turvallisen kaapeliliit\u00e4nn\u00f6n takaamiseksi.<\/p>\n<p>IP20-luokiteltu, halogeenivapaa muovi, kuusi tuloa ja kompakti muotoilu helppoa asennusta varten.<\/p>","protected":false},"featured_media":148021,"template":"","meta":{"_acf_changed":false},"product_brand":[],"product_cat":[4662],"product_tag":[4670],"class_list":{"0":"post-148022","1":"product","2":"type-product","3":"status-publish","4":"has-post-thumbnail","6":"product_cat-plejd-tillbehor","7":"product_tag-plejd","8":"product_shipping_class-postnord-varubrev","9":"pa_brands-plejd","10":"pa_farg-vit","11":"tm-has-options","13":"first","14":"instock","15":"sale","16":"taxable","17":"shipping-taxable","18":"purchasable","19":"product-type-simple"},"acf":[],"_links":{"self":[{"href":"https:\/\/secureus.se\/fi\/wp-json\/wp\/v2\/product\/148022","targetHints":{"allow":["GET"]}}],"collection":[{"href":"https:\/\/secureus.se\/fi\/wp-json\/wp\/v2\/product"}],"about":[{"href":"https:\/\/secureus.se\/fi\/wp-json\/wp\/v2\/types\/product"}],"wp:featuredmedia":[{"embeddable":true,"href":"https:\/\/secureus.se\/fi\/wp-json\/wp\/v2\/media\/148021"}],"wp:attachment":[{"href":"https:\/\/secureus.se\/fi\/wp-json\/wp\/v2\/media?parent=148022"}],"wp:term":[{"taxonomy":"product_brand","embeddable":true,"href":"https:\/\/secureus.se\/fi\/wp-json\/wp\/v2\/product_brand?post=148022"},{"taxonomy":"product_cat","embeddable":true,"href":"https:\/\/secureus.se\/fi\/wp-json\/wp\/v2\/product_cat?post=148022"},{"taxonomy":"product_tag","embeddable":true,"href":"https:\/\/secureus.se\/fi\/wp-json\/wp\/v2\/product_tag?post=148022"}],"curies":[{"name":"wp","href":"https:\/\/api.w.org\/{rel}","templated":true}]}}