{"id":148026,"date":"2025-02-25T12:22:23","date_gmt":"2025-02-25T11:22:23","guid":{"rendered":"https:\/\/secureus.se\/?post_type=product&#038;p=148026"},"modified":"2026-04-08T16:37:27","modified_gmt":"2026-04-08T14:37:27","slug":"plejd-vridadapter-rtr-01-ew-vit","status":"publish","type":"product","link":"https:\/\/secureus.se\/fi\/plejd-vridadapter-rtr-01-ew-vit\/","title":{"rendered":"Plejd K\u00e4\u00e4ntyv\u00e4 adapteri RTR-01-EW valkoinen"},"content":{"rendered":"<h1 data-start=\"437\" data-end=\"491\"><strong data-start=\"441\" data-end=\"489\">Yksinkertainen ja sujuva valaistuksen ohjaus \u00e4lykotiin<\/strong><\/h1>\n<p data-start=\"492\" data-end=\"864\">K\u00e4\u00e4ntyv\u00e4 sovitin EW White on tyylik\u00e4s ja toimiva ratkaisu \u00e4lykk\u00e4\u00e4seen valaistuksen hallintaan.<\/p>\n<p data-start=\"492\" data-end=\"864\">Napsauttamalla sovitinta yhdess\u00e4 valitsemasi Plejd-kiekon kanssa saat perinteisen py\u00f6riv\u00e4n himmentimen, jota voidaan ohjata sek\u00e4 manuaalisesti ett\u00e4 langattomasti Plejd-j\u00e4rjestelm\u00e4n mesh-tekniikan avulla.<\/p>\n<p data-start=\"492\" data-end=\"864\">T\u00e4m\u00e4 tekee siit\u00e4 t\u00e4ydellisen ratkaisun sek\u00e4 koteihin ett\u00e4 kaupallisiin ymp\u00e4rist\u00f6ihin, joissa yksinkertainen ja joustava valaistuksen ohjaus on edellytys.<\/p>\n<h3 data-start=\"866\" data-end=\"912\"><strong data-start=\"870\" data-end=\"910\">\u00c4lyk\u00e4s ja langaton valaistuksen ohjaus<\/strong><\/h3>\n<p data-start=\"913\" data-end=\"1239\">K\u00e4ytt\u00e4m\u00e4ll\u00e4 Plejdin langatonta mesh-tekniikkaa, EW White Swivel Adapter voi ohjata muita Plejd-laitteita ja integroida saumattomasti olemassa olevaan \u00e4lyj\u00e4rjestelm\u00e4\u00e4si.<\/p>\n<p data-start=\"913\" data-end=\"1239\">Sovittimen kanssa k\u00e4ytetty kiekko s\u00e4ilytt\u00e4\u00e4 toimintonsa, kuten ohjaustulo- ja ajoitusasetukset, joten voit ohjata valaistusta useilla eri painikkeilla ja laitteilla.<\/p>\n<h3 data-start=\"1241\" data-end=\"1281\"><strong data-start=\"1245\" data-end=\"1279\">Tuotteen ominaisuudet ja edut<\/strong><\/h3>\n<ul data-start=\"1283\" data-end=\"2024\">\n<li data-start=\"1283\" data-end=\"1363\"><strong data-start=\"1285\" data-end=\"1316\">Klassinen py\u00f6riv\u00e4 himmennintoiminto<\/strong> \u2013 Mahdollistaa yksinkertaisen ja intuitiivisen valaistuksen ohjauksen.<\/li>\n<li data-start=\"1364\" data-end=\"1442\"><strong data-start=\"1366\" data-end=\"1389\">Langaton integrointi<\/strong> \u2013 Ohjaa muita Plejd-laitteita Plejd mesh -verkon kautta.<\/li>\n<li data-start=\"1443\" data-end=\"1513\"><strong data-start=\"1445\" data-end=\"1467\">Yksinkertainen asennus<\/strong> \u2013 Nepparikiinnitys laatikossa tai kaksoiskehyksess\u00e4.<\/li>\n<li data-start=\"1514\" data-end=\"1576\"><strong data-start=\"1516\" data-end=\"1534\">Tyylik\u00e4s muotoilu<\/strong> \u2013 K\u00e4sittelem\u00e4t\u00f6n, kiilt\u00e4v\u00e4 valkoinen pinta (RAL 9010).<\/li>\n<li data-start=\"1577\" data-end=\"1675\"><strong data-start=\"1579\" data-end=\"1601\">Joustava kiinnitys<\/strong> \u2013 Voidaan asentaa vapaasti seisovaan tai kaksoisrunkoon tavallisella valokytkimell\u00e4.<\/li>\n<li data-start=\"1676\" data-end=\"1764\"><strong data-start=\"1678\" data-end=\"1699\">Kest\u00e4v\u00e4 materiaali<\/strong> \u2013 Valmistettu halogeenivapaasta kestomuovista pitk\u00e4kestoiseksi.<\/li>\n<li data-start=\"1765\" data-end=\"1848\"><strong data-start=\"1767\" data-end=\"1782\">Sovelluksen hallinta<\/strong> \u2013 Mukauta asetuksia ja valaistusskenaarioita helposti Plejd-sovelluksessa.<\/li>\n<li data-start=\"1849\" data-end=\"1945\"><strong data-start=\"1851\" data-end=\"1885\">Sopii ELKO\u00ae RS\/Plus -kehyksiin<\/strong> \u2013 Tasaiseen ja esteettisesti miellytt\u00e4v\u00e4\u00e4n asennukseen.<\/li>\n<li data-start=\"1946\" data-end=\"2024\"><strong data-start=\"1948\" data-end=\"1972\">Useita v\u00e4rivaihtoehtoja<\/strong> \u2013 Saatavana eri v\u00e4reiss\u00e4 sisustukseen sopivaksi.<\/li>\n<\/ul>\n<h3 data-start=\"2026\" data-end=\"2092\"><strong data-start=\"2030\" data-end=\"2090\">T\u00e4ydellinen \u00e4lykk\u00e4isiin koteihin ja ammattiasennuksiin<\/strong><\/h3>\n<p data-start=\"2093\" data-end=\"2317\">Py\u00f6riv\u00e4 adapteri EW White on t\u00e4ydellinen ratkaisu niille, jotka haluavat tasaisen ja tyylikk\u00e4\u00e4n valaistuksen ohjauksen.<\/p>\n<p data-start=\"2093\" data-end=\"2317\">Se sopii erinomaisesti moderneihin koteihin, toimistoymp\u00e4rist\u00f6ihin ja muihin asennuksiin, joissa joustavuus ja helppok\u00e4ytt\u00f6isyys ovat painopisteit\u00e4.<\/p>\n<h3 data-start=\"2319\" data-end=\"2356\"><strong data-start=\"2323\" data-end=\"2354\">Asennus ja k\u00e4ytt\u00f6<\/strong><\/h3>\n<p data-start=\"2357\" data-end=\"2414\">Asennus on yksinkertaista eik\u00e4 vaadi erikoisty\u00f6kaluja:<\/p>\n<ol data-start=\"2416\" data-end=\"2835\">\n<li data-start=\"2416\" data-end=\"2514\"><strong data-start=\"2419\" data-end=\"2465\">Napsauta k\u00e4\u00e4nt\u00f6sovitinta yhdess\u00e4 Plejd-kiekon kanssa<\/strong> \u2013 Valitse yhteensopiva kiekko Plejdin valikoimasta.<\/li>\n<li data-start=\"2515\" data-end=\"2625\"><strong data-start=\"2518\" data-end=\"2538\">Kiinnit\u00e4 sovitin<\/strong> \u2013 Kiinnit\u00e4 se laatikkoon tai kaksoiskehykseen tavallisella valokytkimell\u00e4.<\/li>\n<li data-start=\"2626\" data-end=\"2726\"><strong data-start=\"2629\" data-end=\"2654\">M\u00e4\u00e4rit\u00e4 sovelluksen kautta<\/strong> \u2013 S\u00e4\u00e4d\u00e4 kirkkautta, skenaarioita ja muita toimintoja Plejd-sovelluksen kautta.<\/li>\n<li data-start=\"2727\" data-end=\"2835\"><strong data-start=\"2730\" data-end=\"2757\">Aloita valaistuksen hallinta<\/strong> \u2013 Himmenn\u00e4 valoa nupilla tai k\u00e4yt\u00e4 Plejd-j\u00e4rjestelm\u00e4n langattomia toimintoja.<\/li>\n<\/ol>\n<p data-start=\"2837\" data-end=\"2972\">Joustava kiinnitys mahdollistaa EW White Swivel Adapterin asentamisen sek\u00e4 itsen\u00e4isen\u00e4 ett\u00e4 yhdess\u00e4 muiden Plejd-laitteiden kanssa.<\/p>\n<h3 data-start=\"2974\" data-end=\"3008\"><strong data-start=\"2978\" data-end=\"3006\">Tekniset tiedot<\/strong><\/h3>\n<ul data-start=\"3010\" data-end=\"3561\">\n<li data-start=\"3010\" data-end=\"3030\"><strong data-start=\"3012\" data-end=\"3023\">Malli:<\/strong> Tuhota<\/li>\n<li data-start=\"3031\" data-end=\"3070\"><strong data-start=\"3033\" data-end=\"3055\">Toimintatapa:<\/strong> Py\u00f6rimistoiminto<\/li>\n<li data-start=\"3071\" data-end=\"3103\"><strong data-start=\"3073\" data-end=\"3095\">Tiivistystyyppi:<\/strong> Snap<\/li>\n<li data-start=\"3104\" data-end=\"3145\"><strong data-start=\"3106\" data-end=\"3119\">Materiaali:<\/strong> Termoplastinen (halogeeniton)<\/li>\n<li data-start=\"3146\" data-end=\"3189\"><strong data-start=\"3148\" data-end=\"3165\">Pintak\u00e4sittely:<\/strong> K\u00e4sittelem\u00e4t\u00f6n, kiilt\u00e4v\u00e4 pinta<\/li>\n<li data-start=\"3190\" data-end=\"3218\"><strong data-start=\"3192\" data-end=\"3201\">Maali:<\/strong> Valkoinen (RAL 9010)<\/li>\n<li data-start=\"3219\" data-end=\"3259\"><strong data-start=\"3221\" data-end=\"3234\">IP-luokka:<\/strong> IP20 (sis\u00e4k\u00e4ytt\u00f6\u00f6n)<\/li>\n<li data-start=\"3260\" data-end=\"3286\"><strong data-start=\"3262\" data-end=\"3279\">Iskunkest\u00e4vyys:<\/strong> IK00<\/li>\n<li data-start=\"3287\" data-end=\"3307\"><strong data-start=\"3289\" data-end=\"3299\">Leveys:<\/strong> 55 mm<\/li>\n<li data-start=\"3308\" data-end=\"3327\"><strong data-start=\"3310\" data-end=\"3319\">Korkeus:<\/strong> 55 mm<\/li>\n<li data-start=\"3328\" data-end=\"3347\"><strong data-start=\"3330\" data-end=\"3339\">Syvyys:<\/strong> 18 mm<\/li>\n<li data-start=\"3348\" data-end=\"3402\"><strong data-start=\"3350\" data-end=\"3396\">Soveltuu v\u00e4yl\u00e4j\u00e4rjestelmien kosketusanturille:<\/strong> Ei<\/li>\n<li data-start=\"3403\" data-end=\"3446\"><strong data-start=\"3405\" data-end=\"3440\">Skannattava symboli \/ esteet\u00f6n:<\/strong> Ei<\/li>\n<li data-start=\"3447\" data-end=\"3480\"><strong data-start=\"3449\" data-end=\"3474\">Tulostettavalla etiketill\u00e4:<\/strong> Ei<\/li>\n<li data-start=\"3481\" data-end=\"3518\"><strong data-start=\"3483\" data-end=\"3512\">Vaihdettavalla objektiivilla\/symbolilla:<\/strong> Ei<\/li>\n<li data-start=\"3519\" data-end=\"3561\"><strong data-start=\"3521\" data-end=\"3555\">Valvontaikkuna\/valopistorasia:<\/strong> Ei<\/li>\n<\/ul>\n<h3 data-start=\"3563\" data-end=\"3610\"><strong data-start=\"3567\" data-end=\"3608\">Suunnittelu ja toiminta t\u00e4ydellisess\u00e4 harmoniassa<\/strong><\/h3>\n<p data-start=\"3611\" data-end=\"3877\">Valkoinen, kiilt\u00e4v\u00e4 pinta ja yhteensopivuus ELKO\u00ae RS\/Plus -kehysten kanssa tekev\u00e4t Swivel Adapter EW Whitesta tyylikk\u00e4\u00e4n valinnan kaikentyyppisiin ymp\u00e4rist\u00f6ihin.<\/p>\n<p data-start=\"3611\" data-end=\"3877\">Minimalistinen muotoilu sulautuu hienosti moderniin sisustukseen ja tarjoaa t\u00e4yden hallinnan valaistukseen.<\/p>\n<h3 data-start=\"3879\" data-end=\"3897\"><strong data-start=\"3883\" data-end=\"3895\">Johtop\u00e4\u00e4t\u00f6s<\/strong><\/h3>\n<p data-start=\"3898\" data-end=\"4207\">Py\u00f6riv\u00e4 sovitin EW White on tyylik\u00e4s ja \u00e4lyk\u00e4s valaistuksen ohjausratkaisu, joka yhdist\u00e4\u00e4 klassisen py\u00f6riv\u00e4n himmentimen toiminnon moderniin langattomaan tekniikkaan.<\/p>\n<p data-start=\"3898\" data-end=\"4207\">Helppo asennus, tyylik\u00e4s muotoilu ja integrointi Plejd-j\u00e4rjestelm\u00e4\u00e4n tekev\u00e4t siit\u00e4 ilmeisen valinnan niin yksityishenkil\u00f6ille kuin ammattiasentajille.<\/p>","protected":false},"excerpt":{"rendered":"<p>Py\u00f6riv\u00e4 adapteri EW White napsahtaa yhteen valinnaisen Plejd-kiekon kanssa ja toimii perinteisen\u00e4 py\u00f6riv\u00e4n\u00e4 himmentimen\u00e4.<\/p>\n<p>Langattoman mesh-tekniikan avulla se voi ohjata muita Plejd-laitteita.<\/p>\n<p>Helppo asennus ja konfigurointi Plejd-sovelluksen kautta.<\/p>\n<p>Sopii valkoiseen ELKO\u00ae RS\/Plus -runkoon.<\/p>","protected":false},"featured_media":148025,"template":"","meta":{"_acf_changed":false},"product_brand":[],"product_cat":[4661],"product_tag":[4670],"class_list":{"0":"post-148026","1":"product","2":"type-product","3":"status-publish","4":"has-post-thumbnail","6":"product_cat-plejd-vridadapter","7":"product_tag-plejd","8":"product_shipping_class-postnord-varubrev","9":"pa_brands-plejd","10":"pa_farg-vit","11":"tm-has-options","13":"first","14":"instock","15":"sale","16":"taxable","17":"shipping-taxable","18":"purchasable","19":"product-type-simple"},"acf":[],"_links":{"self":[{"href":"https:\/\/secureus.se\/fi\/wp-json\/wp\/v2\/product\/148026","targetHints":{"allow":["GET"]}}],"collection":[{"href":"https:\/\/secureus.se\/fi\/wp-json\/wp\/v2\/product"}],"about":[{"href":"https:\/\/secureus.se\/fi\/wp-json\/wp\/v2\/types\/product"}],"wp:featuredmedia":[{"embeddable":true,"href":"https:\/\/secureus.se\/fi\/wp-json\/wp\/v2\/media\/148025"}],"wp:attachment":[{"href":"https:\/\/secureus.se\/fi\/wp-json\/wp\/v2\/media?parent=148026"}],"wp:term":[{"taxonomy":"product_brand","embeddable":true,"href":"https:\/\/secureus.se\/fi\/wp-json\/wp\/v2\/product_brand?post=148026"},{"taxonomy":"product_cat","embeddable":true,"href":"https:\/\/secureus.se\/fi\/wp-json\/wp\/v2\/product_cat?post=148026"},{"taxonomy":"product_tag","embeddable":true,"href":"https:\/\/secureus.se\/fi\/wp-json\/wp\/v2\/product_tag?post=148026"}],"curies":[{"name":"wp","href":"https:\/\/api.w.org\/{rel}","templated":true}]}}