{"id":148028,"date":"2025-02-25T12:22:23","date_gmt":"2025-02-25T11:22:23","guid":{"rendered":"https:\/\/secureus.se\/?post_type=product&#038;p=148028"},"modified":"2026-04-07T12:46:02","modified_gmt":"2026-04-07T10:46:02","slug":"plejd-vridratt-tradlos-wrt-01-eb-svart","status":"publish","type":"product","link":"https:\/\/secureus.se\/fi\/plejd-vridratt-tradlos-wrt-01-eb-svart\/","title":{"rendered":"Plejd Langaton kiertonuppi WRT-01-EB musta"},"content":{"rendered":"<h1 data-start=\"475\" data-end=\"522\"><strong data-start=\"479\" data-end=\"520\">Langaton ja k\u00e4tev\u00e4 valaistuksen ohjaus<\/strong><\/h1>\n<p data-start=\"523\" data-end=\"917\">Rotary Knob Wireless EB Black on joustava ja tyylik\u00e4s ratkaisu \u00e4lykodin valaistuksen ohjaamiseen.<\/p>\n<p data-start=\"523\" data-end=\"917\">T\u00e4ll\u00e4 langattomalla kierto- ja painopainikkeella voit helposti s\u00e4\u00e4t\u00e4\u00e4 yhden tai useamman Plejd-laitteen kirkkautta ilman johdotuksia tai monimutkaisia asennuksia.<\/p>\n<p data-start=\"523\" data-end=\"917\">Konfigurointi tapahtuu sujuvasti Plejd-sovelluksen kautta, jossa voit mukauttaa asetuksia ja skenaarioiden hallintaa tarpeidesi mukaan.<\/p>\n<p data-start=\"919\" data-end=\"1087\">Pitk\u00e4, jopa 15 vuoden akun k\u00e4ytt\u00f6ik\u00e4 ja Apple HomeKit- ja Google Assistant -tuki tekev\u00e4t t\u00e4st\u00e4 tulevaisuuden kest\u00e4v\u00e4n ja energiatehokkaan ratkaisun nykyaikaiseen valaistuksen ohjaukseen.<\/p>\n<h3 data-start=\"1089\" data-end=\"1132\"><strong data-start=\"1093\" data-end=\"1130\">Joustava asennus kaikkiin tarpeisiin<\/strong><\/h3>\n<p data-start=\"1133\" data-end=\"1392\">Py\u00f6riv\u00e4 nuppi Wireless EB Black voidaan asentaa juuri haluamaasi paikkaan. Se voidaan kiinnitt\u00e4\u00e4 kaksipuolisella teipill\u00e4 tai ruuvata tavalliseen s\u00e4hk\u00f6rasiaan.<\/p>\n<p data-start=\"1133\" data-end=\"1392\">Se voidaan asentaa my\u00f6s kaksoisrunkoon yhdess\u00e4 tavallisen valokytkimen kanssa integroidumpaa asennusta varten.<\/p>\n<h3 data-start=\"1394\" data-end=\"1434\"><strong data-start=\"1398\" data-end=\"1432\">Tuotteen ominaisuudet ja edut<\/strong><\/h3>\n<ul data-start=\"1436\" data-end=\"2190\">\n<li data-start=\"1436\" data-end=\"1519\"><strong data-start=\"1438\" data-end=\"1462\">Langaton valons\u00e4\u00e4t\u00f6<\/strong> \u2013 S\u00e4\u00e4d\u00e4 valoa helposti k\u00e4\u00e4nt\u00e4m\u00e4ll\u00e4 tai ty\u00f6nt\u00e4m\u00e4ll\u00e4.<\/li>\n<li data-start=\"1520\" data-end=\"1614\"><strong data-start=\"1522\" data-end=\"1540\">Yhteensopivuus<\/strong> \u2013 Toimii kaikkien Plejd-laitteiden kanssa ja voi ohjata useita valoja samanaikaisesti.<\/li>\n<li data-start=\"1615\" data-end=\"1687\"><strong data-start=\"1617\" data-end=\"1638\">\u00c4lyk\u00e4s integrointi<\/strong> \u2013 Apple HomeKitin ja Google Assistantin tuki.<\/li>\n<li data-start=\"1688\" data-end=\"1773\"><strong data-start=\"1690\" data-end=\"1709\">Pitk\u00e4 akunkesto<\/strong> \u2013 Jopa 15 vuotta (noin 200 000 napsautusta) 3 x CR2032 paristolla.<\/li>\n<li data-start=\"1774\" data-end=\"1850\"><strong data-start=\"1776\" data-end=\"1796\">Skenaarion hallinta<\/strong> \u2013 Kaksoisnapsautus voi aktivoida esiasetettuja valaistuskohtauksia.<\/li>\n<li data-start=\"1851\" data-end=\"1931\"><strong data-start=\"1853\" data-end=\"1872\">Helppo koota<\/strong> \u2013 Nopea asennus teipill\u00e4\/ruuveilla tai kytkent\u00e4rasiaan.<\/li>\n<li data-start=\"1932\" data-end=\"2029\"><strong data-start=\"1934\" data-end=\"1952\">Tyylik\u00e4s muotoilu<\/strong> \u2013 Lakattu, mattamusta pinta (RAL 9005), joka sulautuu moderniin sisustukseen.<\/li>\n<li data-start=\"2030\" data-end=\"2109\"><strong data-start=\"2032\" data-end=\"2063\">Sopii ELKO\u00ae Plus -kehyksiin<\/strong> \u2013 Tasaiseen ja tyylikk\u00e4\u00e4seen asennukseen.<\/li>\n<li data-start=\"2110\" data-end=\"2190\"><strong data-start=\"2112\" data-end=\"2136\">Useita v\u00e4rivaihtoehtoja<\/strong> \u2013 Saatavana eri v\u00e4reiss\u00e4 eri ymp\u00e4rist\u00f6ihin sopivaksi.<\/li>\n<\/ul>\n<h3 data-start=\"2192\" data-end=\"2226\"><strong data-start=\"2196\" data-end=\"2224\">Tekniset tiedot<\/strong><\/h3>\n<ul data-start=\"2228\" data-end=\"2924\">\n<li data-start=\"2228\" data-end=\"2259\"><strong data-start=\"2230\" data-end=\"2241\">Malli:<\/strong> Sarjak\u00e4ytt\u00f6inen painike<\/li>\n<li data-start=\"2260\" data-end=\"2303\"><strong data-start=\"2262\" data-end=\"2284\">Toimintatapa:<\/strong> Py\u00f6riv\u00e4\/painopainike<\/li>\n<li data-start=\"2304\" data-end=\"2344\"><strong data-start=\"2306\" data-end=\"2328\">Tiivistystyyppi:<\/strong> Liima\/ruuvi<\/li>\n<li data-start=\"2345\" data-end=\"2386\"><strong data-start=\"2347\" data-end=\"2360\">Materiaali:<\/strong> Termoplastinen (halogeeniton)<\/li>\n<li data-start=\"2387\" data-end=\"2427\"><strong data-start=\"2389\" data-end=\"2406\">Pintak\u00e4sittely:<\/strong> Lakattu, mattapinta<\/li>\n<li data-start=\"2428\" data-end=\"2458\"><strong data-start=\"2430\" data-end=\"2439\">Maali:<\/strong> Musta (RAL 9005)<\/li>\n<li data-start=\"2459\" data-end=\"2499\"><strong data-start=\"2461\" data-end=\"2474\">IP-luokka:<\/strong> IP20 (sis\u00e4k\u00e4ytt\u00f6\u00f6n)<\/li>\n<li data-start=\"2500\" data-end=\"2526\"><strong data-start=\"2502\" data-end=\"2519\">Iskunkest\u00e4vyys:<\/strong> IK00<\/li>\n<li data-start=\"2527\" data-end=\"2547\"><strong data-start=\"2529\" data-end=\"2539\">Leveys:<\/strong> 71 mm<\/li>\n<li data-start=\"2548\" data-end=\"2567\"><strong data-start=\"2550\" data-end=\"2559\">Korkeus:<\/strong> 71 mm<\/li>\n<li data-start=\"2568\" data-end=\"2587\"><strong data-start=\"2570\" data-end=\"2579\">Syvyys:<\/strong> 20 mm<\/li>\n<li data-start=\"2588\" data-end=\"2630\"><strong data-start=\"2590\" data-end=\"2605\">Akun tyyppi:<\/strong> 3 x CR2032 (vaihdettava)<\/li>\n<li data-start=\"2631\" data-end=\"2665\"><strong data-start=\"2633\" data-end=\"2648\">Akun kesto:<\/strong> Jopa 15 vuotta<\/li>\n<li data-start=\"2666\" data-end=\"2721\"><strong data-start=\"2668\" data-end=\"2684\">Radioj\u00e4rjestelm\u00e4:<\/strong> 2,4 GHz mesh, Bluetooth\u00ae (&lt;10 dBm)<\/li>\n<li data-start=\"2722\" data-end=\"2764\"><strong data-start=\"2724\" data-end=\"2742\">Radion kantama:<\/strong> Noin 10 metri\u00e4 sis\u00e4ll\u00e4<\/li>\n<li data-start=\"2765\" data-end=\"2805\"><strong data-start=\"2767\" data-end=\"2799\">Mesh-verkkolaajennus:<\/strong> Ei<\/li>\n<li data-start=\"2806\" data-end=\"2889\"><strong data-start=\"2808\" data-end=\"2827\">Yhteensopivuus:<\/strong> Apple HomeKit, Google Assistant (ei Amazon Alexa, ei IFTTT)<\/li>\n<li data-start=\"2890\" data-end=\"2924\"><strong data-start=\"2892\" data-end=\"2918\">Valo\/merkkivalo:<\/strong> Ei<\/li>\n<\/ul>\n<h3 data-start=\"2926\" data-end=\"2983\"><strong data-start=\"2930\" data-end=\"2981\">T\u00e4ydellinen \u00e4lykk\u00e4isiin koteihin ja kaupallisiin ymp\u00e4rist\u00f6ihin<\/strong><\/h3>\n<p data-start=\"2984\" data-end=\"3245\">EB Wireless Black Rotary Knob on ihanteellinen sek\u00e4 kotik\u00e4ytt\u00e4jille ett\u00e4 ammattiasentajille, jotka haluavat langatonta ja joustavaa valaistuksen ohjausta.<\/p>\n<p data-start=\"2984\" data-end=\"3245\">Ohjaa Plejd-valaistusta helposti ilman kaapeleita ja luo mukautettuja valaistuskohtauksia eri tilanteisiin.<\/p>\n<p data-start=\"3247\" data-end=\"3409\">Apple HomeKitin ja Google Assistantin tuella voit my\u00f6s ohjata valaistusta \u00e4\u00e4nikomennoilla tai sovelluksella, mik\u00e4 tarjoaa saumattoman ja modernin k\u00e4ytt\u00f6kokemuksen.<\/p>\n<h3 data-start=\"3411\" data-end=\"3449\"><strong data-start=\"3415\" data-end=\"3447\">Helppo ja nopea asennus<\/strong><\/h3>\n<p data-start=\"3450\" data-end=\"3507\">Asennus on yksinkertaista eik\u00e4 vaadi erikoisty\u00f6kaluja:<\/p>\n<ol data-start=\"3509\" data-end=\"3842\">\n<li data-start=\"3509\" data-end=\"3636\"><strong data-start=\"3512\" data-end=\"3545\">Kiinnit\u00e4 kiertonuppi haluttuun paikkaan<\/strong> \u2013 Asennetaan tavalliseen s\u00e4hk\u00f6rasiaan tai teipill\u00e4\/ruuveilla mille tahansa pinnalle.<\/li>\n<li data-start=\"3637\" data-end=\"3724\"><strong data-start=\"3640\" data-end=\"3669\">M\u00e4\u00e4rit\u00e4 Plejd-sovelluksessa<\/strong> \u2013 Yhdist\u00e4 ja s\u00e4\u00e4d\u00e4 asetuksia suoraan sovelluksessa.<\/li>\n<li data-start=\"3725\" data-end=\"3842\"><strong data-start=\"3728\" data-end=\"3755\">Aloita valaistuksen hallinta<\/strong> \u2013 Himment\u00e4\u00e4 k\u00e4\u00e4nt\u00e4m\u00e4ll\u00e4, kytke p\u00e4\u00e4lle\/pois painamalla ja kaksoisnapsauta skenaarion hallintaa varten.<\/li>\n<\/ol>\n<h3 data-start=\"3844\" data-end=\"3893\"><strong data-start=\"3848\" data-end=\"3891\">Tyylik\u00e4s muotoilu ja kest\u00e4v\u00e4 rakenne<\/strong><\/h3>\n<p data-start=\"3894\" data-end=\"4192\">Matta, musta viimeistely ja yhteensopivuus ELKO\u00ae Plus -kehysten kanssa tekev\u00e4t Rotary Wireless EB Blackista tyylikk\u00e4\u00e4n valinnan kaikenlaisiin ymp\u00e4rist\u00f6ihin.<\/p>\n<p data-start=\"3894\" data-end=\"4192\">Minimalistinen muotoilu tarkoittaa, ett\u00e4 se sulautuu hienosti sek\u00e4 moderniin ett\u00e4 klassiseen sisustukseen ja tarjoaa edistyneen valonhallinnan.<\/p>\n<h3 data-start=\"4194\" data-end=\"4212\"><strong data-start=\"4198\" data-end=\"4210\">Johtop\u00e4\u00e4t\u00f6s<\/strong><\/h3>\n<p data-start=\"4213\" data-end=\"4453\">Rotary Knob Wireless EB Black on innovatiivinen ja joustava ratkaisu langattomaan valaistuksen ohjaukseen.<\/p>\n<p data-start=\"4213\" data-end=\"4453\">Pitk\u00e4n akun keston, helpon asennuksen ja \u00e4lykk\u00e4iden ominaisuuksien ansiosta t\u00e4m\u00e4 on optimaalinen laite kaikille, jotka haluavat sujuvaa ja modernia valaistuksen ohjausta.<\/p>","protected":false},"excerpt":{"rendered":"<p>Rotary Knob Wireless EB Black mahdollistaa yhden tai useamman Plejd-yksik\u00f6n langattoman ohjauksen.<\/p>\n<p>Helppo asennus tavallisen s\u00e4hk\u00f6rasian ulkopuolelle tai teipill\u00e4\/ruuveilla.<\/p>\n<p>Akun k\u00e4ytt\u00f6ik\u00e4 jopa 15 vuotta. Yhteensopiva Apple HomeKitin ja Google Assistantin kanssa.<\/p>\n<p>Sopii mustaan ELKO\u00ae Plus -runkoon.<\/p>","protected":false},"featured_media":148027,"template":"","meta":{"_acf_changed":false},"product_brand":[],"product_cat":[4661],"product_tag":[4670],"class_list":{"0":"post-148028","1":"product","2":"type-product","3":"status-publish","4":"has-post-thumbnail","6":"product_cat-plejd-vridadapter","7":"product_tag-plejd","8":"product_shipping_class-postnord-varubrev","9":"pa_brands-plejd","10":"pa_farg-svart","11":"tm-has-options","13":"first","14":"instock","15":"sale","16":"taxable","17":"shipping-taxable","18":"purchasable","19":"product-type-simple"},"acf":[],"_links":{"self":[{"href":"https:\/\/secureus.se\/fi\/wp-json\/wp\/v2\/product\/148028","targetHints":{"allow":["GET"]}}],"collection":[{"href":"https:\/\/secureus.se\/fi\/wp-json\/wp\/v2\/product"}],"about":[{"href":"https:\/\/secureus.se\/fi\/wp-json\/wp\/v2\/types\/product"}],"wp:featuredmedia":[{"embeddable":true,"href":"https:\/\/secureus.se\/fi\/wp-json\/wp\/v2\/media\/148027"}],"wp:attachment":[{"href":"https:\/\/secureus.se\/fi\/wp-json\/wp\/v2\/media?parent=148028"}],"wp:term":[{"taxonomy":"product_brand","embeddable":true,"href":"https:\/\/secureus.se\/fi\/wp-json\/wp\/v2\/product_brand?post=148028"},{"taxonomy":"product_cat","embeddable":true,"href":"https:\/\/secureus.se\/fi\/wp-json\/wp\/v2\/product_cat?post=148028"},{"taxonomy":"product_tag","embeddable":true,"href":"https:\/\/secureus.se\/fi\/wp-json\/wp\/v2\/product_tag?post=148028"}],"curies":[{"name":"wp","href":"https:\/\/api.w.org\/{rel}","templated":true}]}}