{"id":148030,"date":"2025-02-25T12:22:23","date_gmt":"2025-02-25T11:22:23","guid":{"rendered":"https:\/\/secureus.se\/?post_type=product&#038;p=148030"},"modified":"2026-04-23T10:18:15","modified_gmt":"2026-04-23T08:18:15","slug":"plejd-vridratt-tradlos-wrt-01-saantracit","status":"publish","type":"product","link":"https:\/\/secureus.se\/fi\/plejd-vridratt-tradlos-wrt-01-saantracit\/","title":{"rendered":"Plejd Py\u00f6riv\u00e4 nuppi langaton WRT-01-SAnthracite"},"content":{"rendered":"<h1 data-start=\"496\" data-end=\"543\"><strong data-start=\"500\" data-end=\"541\">Langaton ja k\u00e4tev\u00e4 valaistuksen ohjaus<\/strong><\/h1>\n<p data-start=\"544\" data-end=\"939\">Rotary Wireless SA Anthracite on tyylik\u00e4s ja joustava ratkaisu \u00e4lykodin valaistuksen ohjaamiseen.<\/p>\n<p data-start=\"544\" data-end=\"939\">T\u00e4ll\u00e4 langattomalla kierto- ja painopainikkeella voit helposti s\u00e4\u00e4t\u00e4\u00e4 yhden tai useamman Plejd-laitteen kirkkautta ilman johdotuksia tai edistyneit\u00e4 asennuksia.<\/p>\n<p data-start=\"544\" data-end=\"939\">Konfigurointi tapahtuu sujuvasti Plejd-sovelluksen kautta, jossa voit mukauttaa asetuksia ja skenaarioiden hallintaa tarpeidesi mukaan.<\/p>\n<p data-start=\"941\" data-end=\"1109\">Pitk\u00e4, jopa 15 vuoden akun k\u00e4ytt\u00f6ik\u00e4 ja Apple HomeKit- ja Google Assistant -tuki tekev\u00e4t t\u00e4st\u00e4 tulevaisuuden kest\u00e4v\u00e4n ja energiatehokkaan ratkaisun nykyaikaiseen valaistuksen ohjaukseen.<\/p>\n<h3 data-start=\"1111\" data-end=\"1154\"><strong data-start=\"1115\" data-end=\"1152\">Joustava asennus kaikkiin tarpeisiin<\/strong><\/h3>\n<p data-start=\"1155\" data-end=\"1417\">Py\u00f6riv\u00e4 nuppi Wireless SA Anthracite voidaan asentaa juuri haluamaasi paikkaan. Se voidaan kiinnitt\u00e4\u00e4 kaksipuoleisella teipill\u00e4 tai ruuvata tavalliseen s\u00e4hk\u00f6rasiaan.<\/p>\n<p data-start=\"1155\" data-end=\"1417\">Se voidaan asentaa my\u00f6s kaksoisrunkoon yhdess\u00e4 tavallisen valokytkimen kanssa integroidumpaa asennusta varten.<\/p>\n<h3 data-start=\"1419\" data-end=\"1459\"><strong data-start=\"1423\" data-end=\"1457\">Tuotteen ominaisuudet ja edut<\/strong><\/h3>\n<ul data-start=\"1461\" data-end=\"2231\">\n<li data-start=\"1461\" data-end=\"1544\"><strong data-start=\"1463\" data-end=\"1487\">Langaton valons\u00e4\u00e4t\u00f6<\/strong> \u2013 S\u00e4\u00e4d\u00e4 valoa helposti k\u00e4\u00e4nt\u00e4m\u00e4ll\u00e4 tai ty\u00f6nt\u00e4m\u00e4ll\u00e4.<\/li>\n<li data-start=\"1545\" data-end=\"1639\"><strong data-start=\"1547\" data-end=\"1565\">Yhteensopivuus<\/strong> \u2013 Toimii kaikkien Plejd-laitteiden kanssa ja voi ohjata useita valoja samanaikaisesti.<\/li>\n<li data-start=\"1640\" data-end=\"1712\"><strong data-start=\"1642\" data-end=\"1663\">\u00c4lyk\u00e4s integrointi<\/strong> \u2013 Apple HomeKitin ja Google Assistantin tuki.<\/li>\n<li data-start=\"1713\" data-end=\"1798\"><strong data-start=\"1715\" data-end=\"1734\">Pitk\u00e4 akunkesto<\/strong> \u2013 Jopa 15 vuotta (noin 200 000 napsautusta) 3 x CR2032 paristolla.<\/li>\n<li data-start=\"1799\" data-end=\"1875\"><strong data-start=\"1801\" data-end=\"1821\">Skenaarion hallinta<\/strong> \u2013 Kaksoisnapsautus voi aktivoida esiasetettuja valaistuskohtauksia.<\/li>\n<li data-start=\"1876\" data-end=\"1956\"><strong data-start=\"1878\" data-end=\"1897\">Helppo koota<\/strong> \u2013 Nopea asennus teipill\u00e4\/ruuveilla tai kytkent\u00e4rasiaan.<\/li>\n<li data-start=\"1957\" data-end=\"2063\"><strong data-start=\"1959\" data-end=\"1977\">Tyylik\u00e4s muotoilu<\/strong> \u2013 Lakattu, matta antrasiitinv\u00e4rinen pinta (RAL 7024), joka sulautuu moderniin sisustukseen.<\/li>\n<li data-start=\"2064\" data-end=\"2150\"><strong data-start=\"2066\" data-end=\"2104\">Sopii Schneider Exxact\u00ae -kehyksiin<\/strong> \u2013 Tasaiseen ja tyylikk\u00e4\u00e4seen asennukseen.<\/li>\n<li data-start=\"2151\" data-end=\"2231\"><strong data-start=\"2153\" data-end=\"2177\">Useita v\u00e4rivaihtoehtoja<\/strong> \u2013 Saatavana eri v\u00e4reiss\u00e4 eri ymp\u00e4rist\u00f6ihin sopivaksi.<\/li>\n<\/ul>\n<h3 data-start=\"2233\" data-end=\"2267\"><strong data-start=\"2237\" data-end=\"2265\">Tekniset tiedot<\/strong><\/h3>\n<ul data-start=\"2269\" data-end=\"2968\">\n<li data-start=\"2269\" data-end=\"2300\"><strong data-start=\"2271\" data-end=\"2282\">Malli:<\/strong> Sarjak\u00e4ytt\u00f6inen painike<\/li>\n<li data-start=\"2301\" data-end=\"2344\"><strong data-start=\"2303\" data-end=\"2325\">Toimintatapa:<\/strong> Py\u00f6riv\u00e4\/painopainike<\/li>\n<li data-start=\"2345\" data-end=\"2385\"><strong data-start=\"2347\" data-end=\"2369\">Tiivistystyyppi:<\/strong> Liima\/ruuvi<\/li>\n<li data-start=\"2386\" data-end=\"2427\"><strong data-start=\"2388\" data-end=\"2401\">Materiaali:<\/strong> Termoplastinen (halogeeniton)<\/li>\n<li data-start=\"2428\" data-end=\"2468\"><strong data-start=\"2430\" data-end=\"2447\">Pintak\u00e4sittely:<\/strong> Lakattu, mattapinta<\/li>\n<li data-start=\"2469\" data-end=\"2502\"><strong data-start=\"2471\" data-end=\"2480\">Maali:<\/strong> Antrasiitti (RAL 7024)<\/li>\n<li data-start=\"2503\" data-end=\"2543\"><strong data-start=\"2505\" data-end=\"2518\">IP-luokka:<\/strong> IP20 (sis\u00e4k\u00e4ytt\u00f6\u00f6n)<\/li>\n<li data-start=\"2544\" data-end=\"2570\"><strong data-start=\"2546\" data-end=\"2563\">Iskunkest\u00e4vyys:<\/strong> IK00<\/li>\n<li data-start=\"2571\" data-end=\"2591\"><strong data-start=\"2573\" data-end=\"2583\">Leveys:<\/strong> 71 mm<\/li>\n<li data-start=\"2592\" data-end=\"2611\"><strong data-start=\"2594\" data-end=\"2603\">Korkeus:<\/strong> 71 mm<\/li>\n<li data-start=\"2612\" data-end=\"2631\"><strong data-start=\"2614\" data-end=\"2623\">Syvyys:<\/strong> 20 mm<\/li>\n<li data-start=\"2632\" data-end=\"2674\"><strong data-start=\"2634\" data-end=\"2649\">Akun tyyppi:<\/strong> 3 x CR2032 (vaihdettava)<\/li>\n<li data-start=\"2675\" data-end=\"2709\"><strong data-start=\"2677\" data-end=\"2692\">Akun kesto:<\/strong> Jopa 15 vuotta<\/li>\n<li data-start=\"2710\" data-end=\"2765\"><strong data-start=\"2712\" data-end=\"2728\">Radioj\u00e4rjestelm\u00e4:<\/strong> 2,4 GHz mesh, Bluetooth\u00ae (&lt;10 dBm)<\/li>\n<li data-start=\"2766\" data-end=\"2808\"><strong data-start=\"2768\" data-end=\"2786\">Radion kantama:<\/strong> Noin 10 metri\u00e4 sis\u00e4ll\u00e4<\/li>\n<li data-start=\"2809\" data-end=\"2849\"><strong data-start=\"2811\" data-end=\"2843\">Mesh-verkkolaajennus:<\/strong> Ei<\/li>\n<li data-start=\"2850\" data-end=\"2933\"><strong data-start=\"2852\" data-end=\"2871\">Yhteensopivuus:<\/strong> Apple HomeKit, Google Assistant (ei Amazon Alexa, ei IFTTT)<\/li>\n<li data-start=\"2934\" data-end=\"2968\"><strong data-start=\"2936\" data-end=\"2962\">Valo\/merkkivalo:<\/strong> Ei<\/li>\n<\/ul>\n<h3 data-start=\"2970\" data-end=\"3027\"><strong data-start=\"2974\" data-end=\"3025\">T\u00e4ydellinen \u00e4lykk\u00e4isiin koteihin ja kaupallisiin ymp\u00e4rist\u00f6ihin<\/strong><\/h3>\n<p data-start=\"3028\" data-end=\"3292\">Rotary Wireless SA Anthracite on ihanteellinen sek\u00e4 kotik\u00e4ytt\u00e4jille ett\u00e4 ammattiasentajille, jotka haluavat langatonta ja joustavaa valaistuksen ohjausta.<\/p>\n<p data-start=\"3028\" data-end=\"3292\">Ohjaa Plejd-valaistusta helposti ilman kaapeleita ja luo mukautettuja valaistuskohtauksia eri tilanteisiin.<\/p>\n<p data-start=\"3294\" data-end=\"3456\">Apple HomeKitin ja Google Assistantin tuella voit my\u00f6s ohjata valaistusta \u00e4\u00e4nikomennoilla tai sovelluksella, mik\u00e4 tarjoaa saumattoman ja modernin k\u00e4ytt\u00f6kokemuksen.<\/p>\n<h3 data-start=\"3458\" data-end=\"3496\"><strong data-start=\"3462\" data-end=\"3494\">Helppo ja nopea asennus<\/strong><\/h3>\n<p data-start=\"3497\" data-end=\"3554\">Asennus on yksinkertaista eik\u00e4 vaadi erikoisty\u00f6kaluja:<\/p>\n<ol data-start=\"3556\" data-end=\"3889\">\n<li data-start=\"3556\" data-end=\"3683\"><strong data-start=\"3559\" data-end=\"3592\">Kiinnit\u00e4 kiertonuppi haluttuun paikkaan<\/strong> \u2013 Asennetaan tavalliseen s\u00e4hk\u00f6rasiaan tai teipill\u00e4\/ruuveilla mille tahansa pinnalle.<\/li>\n<li data-start=\"3684\" data-end=\"3771\"><strong data-start=\"3687\" data-end=\"3716\">M\u00e4\u00e4rit\u00e4 Plejd-sovelluksessa<\/strong> \u2013 Yhdist\u00e4 ja s\u00e4\u00e4d\u00e4 asetuksia suoraan sovelluksessa.<\/li>\n<li data-start=\"3772\" data-end=\"3889\"><strong data-start=\"3775\" data-end=\"3802\">Aloita valaistuksen hallinta<\/strong> \u2013 Himment\u00e4\u00e4 k\u00e4\u00e4nt\u00e4m\u00e4ll\u00e4, kytke p\u00e4\u00e4lle\/pois painamalla ja kaksoisnapsauta skenaarion hallintaa varten.<\/li>\n<\/ol>\n<h3 data-start=\"3891\" data-end=\"3940\"><strong data-start=\"3895\" data-end=\"3938\">Tyylik\u00e4s muotoilu ja kest\u00e4v\u00e4 rakenne<\/strong><\/h3>\n<p data-start=\"3941\" data-end=\"4258\">Matta, antrasiitinv\u00e4rinen viimeistely ja yhteensopivuus Schneider Exxact\u00ae -kehysten kanssa tekev\u00e4t Rotary Wireless SA Antrasitesta tyylikk\u00e4\u00e4n valinnan kaikentyyppisiin ymp\u00e4rist\u00f6ihin.<\/p>\n<p data-start=\"3941\" data-end=\"4258\">Minimalistinen muotoilu tarkoittaa, ett\u00e4 se sulautuu hienosti sek\u00e4 moderniin ett\u00e4 klassiseen sisustukseen ja tarjoaa edistyneen valonhallinnan.<\/p>\n<h3 data-start=\"4260\" data-end=\"4278\"><strong data-start=\"4264\" data-end=\"4276\">Johtop\u00e4\u00e4t\u00f6s<\/strong><\/h3>\n<p data-start=\"4279\" data-end=\"4522\">Rotary Knob Wireless SA Anthracite on innovatiivinen ja joustava ratkaisu langattomaan valonhallintaan.<\/p>\n<p data-start=\"4279\" data-end=\"4522\">Pitk\u00e4n akun keston, helpon asennuksen ja \u00e4lykk\u00e4iden ominaisuuksien ansiosta t\u00e4m\u00e4 on optimaalinen laite kaikille, jotka haluavat sujuvaa ja modernia valaistuksen ohjausta.<\/p>","protected":false},"excerpt":{"rendered":"<p>Py\u00f6riv\u00e4 nuppi Wireless SA Anthracite mahdollistaa yhden tai useamman Plejd-yksik\u00f6n langattoman ohjauksen.<\/p>\n<p>Helppo asennus tavallisen s\u00e4hk\u00f6rasian ulkopuolelle tai teipill\u00e4\/ruuveilla.<\/p>\n<p>Akun k\u00e4ytt\u00f6ik\u00e4 jopa 15 vuotta. Yhteensopiva Apple HomeKitin ja Google Assistantin kanssa.<\/p>\n<p>Sopii Schneider Exxact\u00ae antrasiitinv\u00e4riseen runkoon.<\/p>","protected":false},"featured_media":148029,"template":"","meta":{"_acf_changed":false},"product_brand":[],"product_cat":[4661],"product_tag":[4670],"class_list":{"0":"post-148030","1":"product","2":"type-product","3":"status-publish","4":"has-post-thumbnail","6":"product_cat-plejd-vridadapter","7":"product_tag-plejd","8":"product_shipping_class-postnord-varubrev","9":"pa_brands-plejd","10":"pa_farg-antracit","11":"tm-has-options","13":"first","14":"instock","15":"sale","16":"taxable","17":"shipping-taxable","18":"purchasable","19":"product-type-simple"},"acf":[],"_links":{"self":[{"href":"https:\/\/secureus.se\/fi\/wp-json\/wp\/v2\/product\/148030","targetHints":{"allow":["GET"]}}],"collection":[{"href":"https:\/\/secureus.se\/fi\/wp-json\/wp\/v2\/product"}],"about":[{"href":"https:\/\/secureus.se\/fi\/wp-json\/wp\/v2\/types\/product"}],"wp:featuredmedia":[{"embeddable":true,"href":"https:\/\/secureus.se\/fi\/wp-json\/wp\/v2\/media\/148029"}],"wp:attachment":[{"href":"https:\/\/secureus.se\/fi\/wp-json\/wp\/v2\/media?parent=148030"}],"wp:term":[{"taxonomy":"product_brand","embeddable":true,"href":"https:\/\/secureus.se\/fi\/wp-json\/wp\/v2\/product_brand?post=148030"},{"taxonomy":"product_cat","embeddable":true,"href":"https:\/\/secureus.se\/fi\/wp-json\/wp\/v2\/product_cat?post=148030"},{"taxonomy":"product_tag","embeddable":true,"href":"https:\/\/secureus.se\/fi\/wp-json\/wp\/v2\/product_tag?post=148030"}],"curies":[{"name":"wp","href":"https:\/\/api.w.org\/{rel}","templated":true}]}}