{"id":148032,"date":"2025-02-25T12:22:23","date_gmt":"2025-02-25T11:22:23","guid":{"rendered":"https:\/\/secureus.se\/?post_type=product&#038;p=148032"},"modified":"2026-04-08T16:29:20","modified_gmt":"2026-04-08T14:29:20","slug":"plejd-vridadapter-rtr-01-rw-vit","status":"publish","type":"product","link":"https:\/\/secureus.se\/fi\/plejd-vridadapter-rtr-01-rw-vit\/","title":{"rendered":"Plejd K\u00e4\u00e4ntyv\u00e4 adapteri RTR-01-RW valkoinen"},"content":{"rendered":"<h1 data-start=\"441\" data-end=\"495\"><strong data-start=\"445\" data-end=\"493\">Yksinkertainen ja sujuva valaistuksen ohjaus \u00e4lykotiin<\/strong><\/h1>\n<p data-start=\"496\" data-end=\"868\">Py\u00f6riv\u00e4 sovitin RW White on tyylik\u00e4s ja toimiva ratkaisu \u00e4lykk\u00e4\u00e4seen valaistuksen ohjaukseen.<\/p>\n<p data-start=\"496\" data-end=\"868\">Napsauttamalla sovitinta yhdess\u00e4 valitsemasi Plejd-kiekon kanssa saat perinteisen py\u00f6riv\u00e4n himmentimen, jota voidaan ohjata sek\u00e4 manuaalisesti ett\u00e4 langattomasti Plejd-j\u00e4rjestelm\u00e4n mesh-tekniikan avulla.<\/p>\n<p data-start=\"496\" data-end=\"868\">T\u00e4m\u00e4 tekee siit\u00e4 t\u00e4ydellisen ratkaisun sek\u00e4 koteihin ett\u00e4 kaupallisiin ymp\u00e4rist\u00f6ihin, joissa yksinkertainen ja joustava valaistuksen ohjaus on edellytys.<\/p>\n<h3 data-start=\"870\" data-end=\"916\"><strong data-start=\"874\" data-end=\"914\">\u00c4lyk\u00e4s ja langaton valaistuksen ohjaus<\/strong><\/h3>\n<p data-start=\"917\" data-end=\"1243\">K\u00e4ytt\u00e4m\u00e4ll\u00e4 Plejdin langatonta mesh-tekniikkaa, RW White Swivel Adapter voi ohjata muita Plejd-laitteita ja integroida saumattomasti olemassa olevaan \u00e4lyj\u00e4rjestelm\u00e4\u00e4si.<\/p>\n<p data-start=\"917\" data-end=\"1243\">Sovittimen kanssa k\u00e4ytetty kiekko s\u00e4ilytt\u00e4\u00e4 toimintonsa, kuten ohjaustulo- ja ajoitusasetukset, joten voit ohjata valaistusta useilla eri painikkeilla ja laitteilla.<\/p>\n<h3 data-start=\"1245\" data-end=\"1285\"><strong data-start=\"1249\" data-end=\"1283\">Tuotteen ominaisuudet ja edut<\/strong><\/h3>\n<ul data-start=\"1287\" data-end=\"2032\">\n<li data-start=\"1287\" data-end=\"1367\"><strong data-start=\"1289\" data-end=\"1320\">Klassinen py\u00f6riv\u00e4 himmennintoiminto<\/strong> \u2013 Mahdollistaa yksinkertaisen ja intuitiivisen valaistuksen ohjauksen.<\/li>\n<li data-start=\"1368\" data-end=\"1446\"><strong data-start=\"1370\" data-end=\"1393\">Langaton integrointi<\/strong> \u2013 Ohjaa muita Plejd-laitteita Plejd mesh -verkon kautta.<\/li>\n<li data-start=\"1447\" data-end=\"1517\"><strong data-start=\"1449\" data-end=\"1471\">Yksinkertainen asennus<\/strong> \u2013 Nepparikiinnitys laatikossa tai kaksoiskehyksess\u00e4.<\/li>\n<li data-start=\"1518\" data-end=\"1580\"><strong data-start=\"1520\" data-end=\"1538\">Tyylik\u00e4s muotoilu<\/strong> \u2013 K\u00e4sittelem\u00e4t\u00f6n, kiilt\u00e4v\u00e4 valkoinen pinta (RAL 9003).<\/li>\n<li data-start=\"1581\" data-end=\"1679\"><strong data-start=\"1583\" data-end=\"1605\">Joustava kiinnitys<\/strong> \u2013 Voidaan asentaa vapaasti seisovaan tai kaksoisrunkoon tavallisella valokytkimell\u00e4.<\/li>\n<li data-start=\"1680\" data-end=\"1768\"><strong data-start=\"1682\" data-end=\"1703\">Kest\u00e4v\u00e4 materiaali<\/strong> \u2013 Valmistettu halogeenivapaasta kestomuovista pitk\u00e4kestoiseksi.<\/li>\n<li data-start=\"1769\" data-end=\"1852\"><strong data-start=\"1771\" data-end=\"1786\">Sovelluksen hallinta<\/strong> \u2013 Mukauta asetuksia ja valaistusskenaarioita helposti Plejd-sovelluksessa.<\/li>\n<li data-start=\"1853\" data-end=\"1953\"><strong data-start=\"1855\" data-end=\"1893\">Sopii Schneider Renova\u00ae -kehyksiin<\/strong> \u2013 Tasaiseen ja esteettisesti miellytt\u00e4v\u00e4\u00e4n asennukseen.<\/li>\n<li data-start=\"1954\" data-end=\"2032\"><strong data-start=\"1956\" data-end=\"1980\">Useita v\u00e4rivaihtoehtoja<\/strong> \u2013 Saatavana eri v\u00e4reiss\u00e4 sisustukseen sopivaksi.<\/li>\n<\/ul>\n<h3 data-start=\"2034\" data-end=\"2100\"><strong data-start=\"2038\" data-end=\"2098\">T\u00e4ydellinen \u00e4lykk\u00e4isiin koteihin ja ammattiasennuksiin<\/strong><\/h3>\n<p data-start=\"2101\" data-end=\"2325\">Py\u00f6riv\u00e4 sovitin RW White on t\u00e4ydellinen ratkaisu niille, jotka haluavat tasaisen ja tyylikk\u00e4\u00e4n valaistuksen ohjauksen.<\/p>\n<p data-start=\"2101\" data-end=\"2325\">Se sopii erinomaisesti moderneihin koteihin, toimistoymp\u00e4rist\u00f6ihin ja muihin asennuksiin, joissa joustavuus ja helppok\u00e4ytt\u00f6isyys ovat painopisteit\u00e4.<\/p>\n<h3 data-start=\"2327\" data-end=\"2364\"><strong data-start=\"2331\" data-end=\"2362\">Asennus ja k\u00e4ytt\u00f6<\/strong><\/h3>\n<p data-start=\"2365\" data-end=\"2422\">Asennus on yksinkertaista eik\u00e4 vaadi erikoisty\u00f6kaluja:<\/p>\n<ol data-start=\"2424\" data-end=\"2843\">\n<li data-start=\"2424\" data-end=\"2522\"><strong data-start=\"2427\" data-end=\"2473\">Napsauta k\u00e4\u00e4nt\u00f6sovitinta yhdess\u00e4 Plejd-kiekon kanssa<\/strong> \u2013 Valitse yhteensopiva kiekko Plejdin valikoimasta.<\/li>\n<li data-start=\"2523\" data-end=\"2633\"><strong data-start=\"2526\" data-end=\"2546\">Kiinnit\u00e4 sovitin<\/strong> \u2013 Kiinnit\u00e4 se laatikkoon tai kaksoiskehykseen tavallisella valokytkimell\u00e4.<\/li>\n<li data-start=\"2634\" data-end=\"2734\"><strong data-start=\"2637\" data-end=\"2662\">M\u00e4\u00e4rit\u00e4 sovelluksen kautta<\/strong> \u2013 S\u00e4\u00e4d\u00e4 kirkkautta, skenaarioita ja muita toimintoja Plejd-sovelluksen kautta.<\/li>\n<li data-start=\"2735\" data-end=\"2843\"><strong data-start=\"2738\" data-end=\"2765\">Aloita valaistuksen hallinta<\/strong> \u2013 Himmenn\u00e4 valoa nupilla tai k\u00e4yt\u00e4 Plejd-j\u00e4rjestelm\u00e4n langattomia toimintoja.<\/li>\n<\/ol>\n<p data-start=\"2845\" data-end=\"2980\">Joustava kiinnitys mahdollistaa RW White Swivel Adapterin asentamisen sek\u00e4 itsen\u00e4isen\u00e4 ett\u00e4 yhdess\u00e4 muiden Plejd-laitteiden kanssa.<\/p>\n<h3 data-start=\"2982\" data-end=\"3016\"><strong data-start=\"2986\" data-end=\"3014\">Tekniset tiedot<\/strong><\/h3>\n<ul data-start=\"3018\" data-end=\"3569\">\n<li data-start=\"3018\" data-end=\"3038\"><strong data-start=\"3020\" data-end=\"3031\">Malli:<\/strong> Tuhota<\/li>\n<li data-start=\"3039\" data-end=\"3078\"><strong data-start=\"3041\" data-end=\"3063\">Toimintatapa:<\/strong> Py\u00f6rimistoiminto<\/li>\n<li data-start=\"3079\" data-end=\"3111\"><strong data-start=\"3081\" data-end=\"3103\">Tiivistystyyppi:<\/strong> Snap<\/li>\n<li data-start=\"3112\" data-end=\"3153\"><strong data-start=\"3114\" data-end=\"3127\">Materiaali:<\/strong> Termoplastinen (halogeeniton)<\/li>\n<li data-start=\"3154\" data-end=\"3197\"><strong data-start=\"3156\" data-end=\"3173\">Pintak\u00e4sittely:<\/strong> K\u00e4sittelem\u00e4t\u00f6n, kiilt\u00e4v\u00e4 pinta<\/li>\n<li data-start=\"3198\" data-end=\"3226\"><strong data-start=\"3200\" data-end=\"3209\">Maali:<\/strong> Valkoinen (RAL 9003)<\/li>\n<li data-start=\"3227\" data-end=\"3267\"><strong data-start=\"3229\" data-end=\"3242\">IP-luokka:<\/strong> IP20 (sis\u00e4k\u00e4ytt\u00f6\u00f6n)<\/li>\n<li data-start=\"3268\" data-end=\"3294\"><strong data-start=\"3270\" data-end=\"3287\">Iskunkest\u00e4vyys:<\/strong> IK00<\/li>\n<li data-start=\"3295\" data-end=\"3315\"><strong data-start=\"3297\" data-end=\"3307\">Leveys:<\/strong> 52 mm<\/li>\n<li data-start=\"3316\" data-end=\"3335\"><strong data-start=\"3318\" data-end=\"3327\">Korkeus:<\/strong> 52 mm<\/li>\n<li data-start=\"3336\" data-end=\"3355\"><strong data-start=\"3338\" data-end=\"3347\">Syvyys:<\/strong> 18 mm<\/li>\n<li data-start=\"3356\" data-end=\"3410\"><strong data-start=\"3358\" data-end=\"3404\">Soveltuu v\u00e4yl\u00e4j\u00e4rjestelmien kosketusanturille:<\/strong> Ei<\/li>\n<li data-start=\"3411\" data-end=\"3454\"><strong data-start=\"3413\" data-end=\"3448\">Skannattava symboli \/ esteet\u00f6n:<\/strong> Ei<\/li>\n<li data-start=\"3455\" data-end=\"3488\"><strong data-start=\"3457\" data-end=\"3482\">Tulostettavalla etiketill\u00e4:<\/strong> Ei<\/li>\n<li data-start=\"3489\" data-end=\"3526\"><strong data-start=\"3491\" data-end=\"3520\">Vaihdettavalla objektiivilla\/symbolilla:<\/strong> Ei<\/li>\n<li data-start=\"3527\" data-end=\"3569\"><strong data-start=\"3529\" data-end=\"3563\">Valvontaikkuna\/valopistorasia:<\/strong> Ei<\/li>\n<\/ul>\n<h3 data-start=\"3571\" data-end=\"3618\"><strong data-start=\"3575\" data-end=\"3616\">Suunnittelu ja toiminta t\u00e4ydellisess\u00e4 harmoniassa<\/strong><\/h3>\n<p data-start=\"3619\" data-end=\"3889\">Valkoinen, kiilt\u00e4v\u00e4 pinta ja yhteensopivuus Schneider Renova\u00ae -kehysten kanssa tekev\u00e4t RW White Swivel Adapterista tyylikk\u00e4\u00e4n valinnan kaikentyyppisiin ymp\u00e4rist\u00f6ihin.<\/p>\n<p data-start=\"3619\" data-end=\"3889\">Minimalistinen muotoilu sulautuu hienosti moderniin sisustukseen ja tarjoaa t\u00e4yden hallinnan valaistukseen.<\/p>\n<h3 data-start=\"3891\" data-end=\"3909\"><strong data-start=\"3895\" data-end=\"3907\">Johtop\u00e4\u00e4t\u00f6s<\/strong><\/h3>\n<p data-start=\"3910\" data-end=\"4219\">Py\u00f6riv\u00e4 sovitin RW White on tyylik\u00e4s ja \u00e4lyk\u00e4s valaistuksen ohjausratkaisu, jossa yhdistyv\u00e4t klassinen py\u00f6riv\u00e4 himmennystoiminto ja moderni langaton tekniikka.<\/p>\n<p data-start=\"3910\" data-end=\"4219\">Helppo asennus, tyylik\u00e4s muotoilu ja integrointi Plejd-j\u00e4rjestelm\u00e4\u00e4n tekev\u00e4t siit\u00e4 ilmeisen valinnan niin yksityishenkil\u00f6ille kuin ammattiasentajille.<\/p>","protected":false},"excerpt":{"rendered":"<p>Py\u00f6riv\u00e4 adapteri RW White napsahtaa yhteen valinnaisen Plejd-kiekon kanssa ja toimii perinteisen\u00e4 py\u00f6riv\u00e4n\u00e4 himmentimen\u00e4.<\/p>\n<p>Langattoman mesh-tekniikan avulla se voi ohjata muita Plejd-laitteita. Helppo asennus ja konfigurointi Plejd-sovelluksen kautta.<\/p>\n<p>Sopii Schneider Renovan\u00ae valkoiseen runkoon.<\/p>","protected":false},"featured_media":148031,"template":"","meta":{"_acf_changed":false},"product_brand":[],"product_cat":[4661],"product_tag":[4670],"class_list":{"0":"post-148032","1":"product","2":"type-product","3":"status-publish","4":"has-post-thumbnail","6":"product_cat-plejd-vridadapter","7":"product_tag-plejd","8":"product_shipping_class-postnord-varubrev","9":"pa_brands-plejd","10":"pa_farg-vit","11":"tm-has-options","13":"first","14":"outofstock","15":"sale","16":"taxable","17":"shipping-taxable","18":"purchasable","19":"product-type-simple"},"acf":[],"_links":{"self":[{"href":"https:\/\/secureus.se\/fi\/wp-json\/wp\/v2\/product\/148032","targetHints":{"allow":["GET"]}}],"collection":[{"href":"https:\/\/secureus.se\/fi\/wp-json\/wp\/v2\/product"}],"about":[{"href":"https:\/\/secureus.se\/fi\/wp-json\/wp\/v2\/types\/product"}],"wp:featuredmedia":[{"embeddable":true,"href":"https:\/\/secureus.se\/fi\/wp-json\/wp\/v2\/media\/148031"}],"wp:attachment":[{"href":"https:\/\/secureus.se\/fi\/wp-json\/wp\/v2\/media?parent=148032"}],"wp:term":[{"taxonomy":"product_brand","embeddable":true,"href":"https:\/\/secureus.se\/fi\/wp-json\/wp\/v2\/product_brand?post=148032"},{"taxonomy":"product_cat","embeddable":true,"href":"https:\/\/secureus.se\/fi\/wp-json\/wp\/v2\/product_cat?post=148032"},{"taxonomy":"product_tag","embeddable":true,"href":"https:\/\/secureus.se\/fi\/wp-json\/wp\/v2\/product_tag?post=148032"}],"curies":[{"name":"wp","href":"https:\/\/api.w.org\/{rel}","templated":true}]}}