{"id":148034,"date":"2025-02-25T12:22:23","date_gmt":"2025-02-25T11:22:23","guid":{"rendered":"https:\/\/secureus.se\/?post_type=product&#038;p=148034"},"modified":"2026-04-23T10:18:06","modified_gmt":"2026-04-23T08:18:06","slug":"plejd-tryckknapp-tradlos-wph-01-eb-svart","status":"publish","type":"product","link":"https:\/\/secureus.se\/fi\/plejd-tryckknapp-tradlos-wph-01-eb-svart\/","title":{"rendered":"Plejd Painike langaton WPH-01-EB musta"},"content":{"rendered":"<h1 data-start=\"443\" data-end=\"490\"><strong data-start=\"447\" data-end=\"488\">Langaton ja k\u00e4tev\u00e4 valaistuksen ohjaus<\/strong><\/h1>\n<p data-start=\"491\" data-end=\"772\">Push Button Wireless EB Black on tyylik\u00e4s ja joustava ratkaisu \u00e4lykodin tai ty\u00f6paikan valaistuksen hallintaan.<\/p>\n<p data-start=\"491\" data-end=\"772\">T\u00e4ll\u00e4 langattomalla painikkeella voit helposti sytytt\u00e4\u00e4, sammuttaa tai himment\u00e4\u00e4 yhden tai useamman Plejd-laitteen valaistuksen - ilman johdotusta.<\/p>\n<p data-start=\"774\" data-end=\"995\">Asetukset tehd\u00e4\u00e4n helposti Plejd-sovelluksessa, jossa voit luoda skenaarioita, s\u00e4\u00e4t\u00e4\u00e4 valotasoja ja mukauttaa toimintoja tarpeen mukaan.<\/p>\n<p data-start=\"774\" data-end=\"995\">Se on my\u00f6s yhteensopiva Plejdin 2,4 GHz mesh-tekniikan kanssa luotettavan tiedonsiirron varmistamiseksi j\u00e4rjestelm\u00e4n sis\u00e4ll\u00e4.<\/p>\n<h3 data-start=\"997\" data-end=\"1048\"><strong data-start=\"1001\" data-end=\"1046\">Joustava kokoonpano ja helppo asennus<\/strong><\/h3>\n<p data-start=\"1049\" data-end=\"1137\">Painike Wireless EB Black voidaan asentaa useilla tavoilla asennukseesi sopivaksi:<\/p>\n<ul data-start=\"1139\" data-end=\"1352\">\n<li data-start=\"1139\" data-end=\"1209\"><strong data-start=\"1141\" data-end=\"1158\">Teippiasennus<\/strong> \u2013 T\u00e4ydellinen sileille pinnoille, kuten seinille tai laatoille.<\/li>\n<li data-start=\"1210\" data-end=\"1282\"><strong data-start=\"1212\" data-end=\"1230\">Ruuvikiinnitys<\/strong> \u2013 Voidaan asentaa suoraan tavalliseen s\u00e4hk\u00f6rasiaan.<\/li>\n<li data-start=\"1283\" data-end=\"1352\"><strong data-start=\"1285\" data-end=\"1309\">Vapaasti seisova asennus<\/strong> \u2013 Voidaan sijoittaa mihin tahansa huoneeseen.<\/li>\n<\/ul>\n<p data-start=\"1354\" data-end=\"1456\">Tyylikk\u00e4\u00e4n muotoilunsa ja ELKO\u00ae Plus -kehysten kanssa yhteensopivuuden ansiosta se sulautuu moderniin sisustukseen.<\/p>\n<h3 data-start=\"1458\" data-end=\"1498\"><strong data-start=\"1462\" data-end=\"1496\">Tuotteen ominaisuudet ja edut<\/strong><\/h3>\n<ul data-start=\"1500\" data-end=\"2199\">\n<li data-start=\"1500\" data-end=\"1588\"><strong data-start=\"1502\" data-end=\"1522\">Langaton ohjaus<\/strong> \u2013 Sytyt\u00e4, sammuta tai himmenn\u00e4 valaistus napin painalluksella.<\/li>\n<li data-start=\"1589\" data-end=\"1670\"><strong data-start=\"1591\" data-end=\"1613\">Joustava kiinnitys<\/strong> \u2013 Kiinnit\u00e4 teipill\u00e4, ruuveilla tai suoraan kytkent\u00e4rasiaan.<\/li>\n<li data-start=\"1671\" data-end=\"1766\"><strong data-start=\"1673\" data-end=\"1692\">Pitk\u00e4 akunkesto<\/strong> \u2013 Jopa 15 vuotta tai 200 000 napsautusta (2 x CR2032 paristot, vaihdettavat).<\/li>\n<li data-start=\"1767\" data-end=\"1859\"><strong data-start=\"1769\" data-end=\"1801\">Suora ohjaus ja skenaariot<\/strong> \u2013 Mukauta ominaisuuksia ja luo aikatauluja Plejd-sovelluksen kautta.<\/li>\n<li data-start=\"1860\" data-end=\"1921\"><strong data-start=\"1862\" data-end=\"1880\">Tyylik\u00e4s muotoilu<\/strong> \u2013 Maalattu, mattamusta pinta (RAL 9005).<\/li>\n<li data-start=\"1922\" data-end=\"1997\"><strong data-start=\"1924\" data-end=\"1951\">Sopii ELKO\u00ae Plus -kehyksiin<\/strong> \u2013 Tasaiseen ja tyylikk\u00e4\u00e4seen asennukseen.<\/li>\n<li data-start=\"1998\" data-end=\"2080\"><strong data-start=\"2000\" data-end=\"2025\">Langaton viestint\u00e4<\/strong> \u2013 2,4 GHz mesh ja Bluetooth\u00ae takaavat vakaan yhteyden.<\/li>\n<li data-start=\"2081\" data-end=\"2128\"><strong data-start=\"2083\" data-end=\"2100\">Radion kantama<\/strong> \u2013 Noin 10 metri\u00e4 sis\u00e4tiloissa.<\/li>\n<li data-start=\"2129\" data-end=\"2199\"><strong data-start=\"2131\" data-end=\"2152\">Kahden painikkeen toiminta<\/strong> \u2013 Mukana sek\u00e4 single- ett\u00e4 double rocker.<\/li>\n<\/ul>\n<h3 data-start=\"2201\" data-end=\"2267\"><strong data-start=\"2205\" data-end=\"2265\">T\u00e4ydellinen \u00e4lykk\u00e4isiin koteihin ja ammattiasennuksiin<\/strong><\/h3>\n<p data-start=\"2268\" data-end=\"2509\">Push Button Wireless EB Black on t\u00e4ydellinen ratkaisu niille, jotka haluavat yksinkertaista ja langatonta valaistusta.<\/p>\n<p data-start=\"2268\" data-end=\"2509\">Se on ihanteellinen \u00e4lykk\u00e4isiin koteihin, toimistoymp\u00e4rist\u00f6ihin ja muihin asennuksiin, joissa joustavuus ja helppok\u00e4ytt\u00f6isyys ovat keski\u00f6ss\u00e4.<\/p>\n<h3 data-start=\"2511\" data-end=\"2548\"><strong data-start=\"2515\" data-end=\"2546\">Asennus ja k\u00e4ytt\u00f6<\/strong><\/h3>\n<p data-start=\"2549\" data-end=\"2606\">Asennus on yksinkertaista eik\u00e4 vaadi erikoisty\u00f6kaluja:<\/p>\n<ol data-start=\"2608\" data-end=\"2890\">\n<li data-start=\"2608\" data-end=\"2713\"><strong data-start=\"2611\" data-end=\"2630\">Asenna painike<\/strong> \u2013 Kiinnit\u00e4 mukana tulevalla teipill\u00e4, ruuvaa laitekoteloon tai aseta vapaasti seisovaan.<\/li>\n<li data-start=\"2714\" data-end=\"2783\"><strong data-start=\"2717\" data-end=\"2741\">Yhdist\u00e4 Plejd-sovelluksessa<\/strong> \u2013 M\u00e4\u00e4rit\u00e4 ja mukauta ominaisuuksia.<\/li>\n<li data-start=\"2784\" data-end=\"2890\"><strong data-start=\"2787\" data-end=\"2812\">Aloita painikkeen k\u00e4ytt\u00f6<\/strong> \u2013 Ohjaa valaistusta helposti n\u00e4pp\u00e4inpainalluksella tai ajoitetuilla skenaarioilla.<\/li>\n<\/ol>\n<h3 data-start=\"2892\" data-end=\"2926\"><strong data-start=\"2896\" data-end=\"2924\">Tekniset tiedot<\/strong><\/h3>\n<ul data-start=\"2928\" data-end=\"3608\">\n<li data-start=\"2928\" data-end=\"2959\"><strong data-start=\"2930\" data-end=\"2941\">Malli:<\/strong> Sarjak\u00e4ytt\u00f6inen painike<\/li>\n<li data-start=\"2960\" data-end=\"2997\"><strong data-start=\"2962\" data-end=\"2984\">Toimintatapa:<\/strong> Paina painiketta<\/li>\n<li data-start=\"2998\" data-end=\"3038\"><strong data-start=\"3000\" data-end=\"3022\">Tiivistystyyppi:<\/strong> Liima\/ruuvi<\/li>\n<li data-start=\"3039\" data-end=\"3067\"><strong data-start=\"3041\" data-end=\"3054\">Materiaali:<\/strong> Termoplastinen<\/li>\n<li data-start=\"3068\" data-end=\"3108\"><strong data-start=\"3070\" data-end=\"3087\">Pintak\u00e4sittely:<\/strong> Lakattu, mattapinta<\/li>\n<li data-start=\"3109\" data-end=\"3139\"><strong data-start=\"3111\" data-end=\"3120\">Maali:<\/strong> Musta (RAL 9005)<\/li>\n<li data-start=\"3140\" data-end=\"3180\"><strong data-start=\"3142\" data-end=\"3155\">IP-luokka:<\/strong> IP20 (sis\u00e4k\u00e4ytt\u00f6\u00f6n)<\/li>\n<li data-start=\"3181\" data-end=\"3236\"><strong data-start=\"3183\" data-end=\"3201\">Painikkeiden lukum\u00e4\u00e4r\u00e4:<\/strong> 2 (sis\u00e4lt\u00e4\u00e4 yhden ja kahden keinuvivun)<\/li>\n<li data-start=\"3237\" data-end=\"3268\"><strong data-start=\"3239\" data-end=\"3264\">Valvontapisteiden m\u00e4\u00e4r\u00e4:<\/strong> 4<\/li>\n<li data-start=\"3269\" data-end=\"3289\"><strong data-start=\"3271\" data-end=\"3281\">Leveys:<\/strong> 71 mm<\/li>\n<li data-start=\"3290\" data-end=\"3309\"><strong data-start=\"3292\" data-end=\"3301\">Korkeus:<\/strong> 71 mm<\/li>\n<li data-start=\"3310\" data-end=\"3329\"><strong data-start=\"3312\" data-end=\"3321\">Syvyys:<\/strong> 14 mm<\/li>\n<li data-start=\"3330\" data-end=\"3372\"><strong data-start=\"3332\" data-end=\"3347\">Akun tyyppi:<\/strong> 2 x CR2032 (vaihdettava)<\/li>\n<li data-start=\"3373\" data-end=\"3427\"><strong data-start=\"3375\" data-end=\"3390\">Akun kesto:<\/strong> Jopa 15 vuotta tai 200 000 napsautusta<\/li>\n<li data-start=\"3428\" data-end=\"3483\"><strong data-start=\"3430\" data-end=\"3446\">Radioj\u00e4rjestelm\u00e4:<\/strong> 2,4 GHz mesh, Bluetooth\u00ae (&lt;10 dBm)<\/li>\n<li data-start=\"3484\" data-end=\"3526\"><strong data-start=\"3486\" data-end=\"3504\">Radion kantama:<\/strong> Noin 10 metri\u00e4 sis\u00e4ll\u00e4<\/li>\n<li data-start=\"3527\" data-end=\"3567\"><strong data-start=\"3529\" data-end=\"3561\">Mesh-verkkolaajennus:<\/strong> Ei<\/li>\n<li data-start=\"3568\" data-end=\"3608\"><strong data-start=\"3570\" data-end=\"3589\">Yhteensopivuus:<\/strong> ELKO\u00ae Plus -kehykset<\/li>\n<\/ul>\n<h3 data-start=\"3610\" data-end=\"3659\"><strong data-start=\"3614\" data-end=\"3657\">Tyylik\u00e4s muotoilu ja kest\u00e4v\u00e4 rakenne<\/strong><\/h3>\n<p data-start=\"3660\" data-end=\"3960\">Matta, musta viimeistely ja yhteensopivuus ELKO\u00ae Plus -kehysten kanssa tekev\u00e4t Push Button Wireless EB Blackista tyylikk\u00e4\u00e4n valinnan kaikenlaisiin ymp\u00e4rist\u00f6ihin.<\/p>\n<p data-start=\"3660\" data-end=\"3960\">Minimalistinen muotoilu tarkoittaa, ett\u00e4 se sulautuu hienosti sek\u00e4 moderniin ett\u00e4 klassiseen sisustukseen ja tarjoaa edistyneen valonhallinnan.<\/p>\n<h3 data-start=\"3962\" data-end=\"3980\"><strong data-start=\"3966\" data-end=\"3978\">Johtop\u00e4\u00e4t\u00f6s<\/strong><\/h3>\n<p data-start=\"3981\" data-end=\"4223\">Push Button Wireless EB Black on innovatiivinen ja joustava ratkaisu langattomaan valaistuksen ohjaukseen.<\/p>\n<p data-start=\"3981\" data-end=\"4223\">Pitk\u00e4n akun keston, helpon asennuksen ja \u00e4lykk\u00e4iden ominaisuuksien ansiosta t\u00e4m\u00e4 on optimaalinen laite kaikille, jotka haluavat sujuvaa ja modernia valaistuksen ohjausta.<\/p>","protected":false},"excerpt":{"rendered":"<p>Push Button Wireless EB Black mahdollistaa yhden tai useamman Plejd-laitteen langattoman ohjauksen.<\/p>\n<p>Helppo asennus tavallisen s\u00e4hk\u00f6rasian ulkopuolelle tai teipill\u00e4\/ruuveilla.<\/p>\n<p>Jopa 15 vuoden akun k\u00e4ytt\u00f6ik\u00e4 tai 200 000 napsautusta.<\/p>\n<p>Yhteensopiva ELKO\u00ae Plus -kehysten kanssa.<\/p>","protected":false},"featured_media":148033,"template":"","meta":{"_acf_changed":false},"product_brand":[],"product_cat":[4658],"product_tag":[4670],"class_list":{"0":"post-148034","1":"product","2":"type-product","3":"status-publish","4":"has-post-thumbnail","6":"product_cat-plejd-stromstallare","7":"product_tag-plejd","8":"product_shipping_class-postnord-varubrev","9":"pa_brands-plejd","10":"pa_farg-svart","11":"tm-has-options","13":"first","14":"instock","15":"sale","16":"taxable","17":"shipping-taxable","18":"purchasable","19":"product-type-simple"},"acf":[],"_links":{"self":[{"href":"https:\/\/secureus.se\/fi\/wp-json\/wp\/v2\/product\/148034","targetHints":{"allow":["GET"]}}],"collection":[{"href":"https:\/\/secureus.se\/fi\/wp-json\/wp\/v2\/product"}],"about":[{"href":"https:\/\/secureus.se\/fi\/wp-json\/wp\/v2\/types\/product"}],"wp:featuredmedia":[{"embeddable":true,"href":"https:\/\/secureus.se\/fi\/wp-json\/wp\/v2\/media\/148033"}],"wp:attachment":[{"href":"https:\/\/secureus.se\/fi\/wp-json\/wp\/v2\/media?parent=148034"}],"wp:term":[{"taxonomy":"product_brand","embeddable":true,"href":"https:\/\/secureus.se\/fi\/wp-json\/wp\/v2\/product_brand?post=148034"},{"taxonomy":"product_cat","embeddable":true,"href":"https:\/\/secureus.se\/fi\/wp-json\/wp\/v2\/product_cat?post=148034"},{"taxonomy":"product_tag","embeddable":true,"href":"https:\/\/secureus.se\/fi\/wp-json\/wp\/v2\/product_tag?post=148034"}],"curies":[{"name":"wp","href":"https:\/\/api.w.org\/{rel}","templated":true}]}}