{"id":148036,"date":"2025-02-25T12:22:24","date_gmt":"2025-02-25T11:22:24","guid":{"rendered":"https:\/\/secureus.se\/?post_type=product&#038;p=148036"},"modified":"2026-04-08T16:47:16","modified_gmt":"2026-04-08T14:47:16","slug":"plejd-tryckknapp-tradlos-wph-01-ew-vit","status":"publish","type":"product","link":"https:\/\/secureus.se\/fi\/plejd-tryckknapp-tradlos-wph-01-ew-vit\/","title":{"rendered":"Plejd Langaton painike WPH-01-EW valkoinen"},"content":{"rendered":"<h1 data-start=\"438\" data-end=\"487\"><strong data-start=\"442\" data-end=\"485\">Langaton ja joustava valaistuksen ohjaus<\/strong><\/h1>\n<p data-start=\"488\" data-end=\"794\">Push Button Wireless EW White on tyylik\u00e4s ja joustava ratkaisu kodin tai ty\u00f6paikan valaistuksen hallintaan.<\/p>\n<p data-start=\"488\" data-end=\"794\">T\u00e4ll\u00e4 langattomalla painikkeella voit helposti sytytt\u00e4\u00e4, sammuttaa tai himment\u00e4\u00e4 yhden tai useamman Plejd-laitteen valaistuksen - ilman johdotuksia tai monimutkaisia asennuksia.<\/p>\n<p data-start=\"796\" data-end=\"1057\">Asetukset tehd\u00e4\u00e4n helposti <strong data-start=\"829\" data-end=\"844\">Plejd-sovellus<\/strong>, jossa voit luoda skenaarioita, ohjata valotasoja ja mukauttaa toimintoja tarpeen mukaan.<\/p>\n<p data-start=\"796\" data-end=\"1057\">Painike kommunikoi kautta <strong data-start=\"957\" data-end=\"995\">2,4 GHz mesh-tekniikka ja Bluetooth\u00ae<\/strong>, joka varmistaa vakaan yhteyden Plejd-j\u00e4rjestelm\u00e4n sis\u00e4ll\u00e4.<\/p>\n<h3 data-start=\"1059\" data-end=\"1110\"><strong data-start=\"1063\" data-end=\"1108\">Joustava kokoonpano ja helppo asennus<\/strong><\/h3>\n<p data-start=\"1111\" data-end=\"1202\">Painike Wireless EW White voidaan asentaa useilla tavoilla riippuen asennustarpeistasi:<\/p>\n<ul data-start=\"1204\" data-end=\"1417\">\n<li data-start=\"1204\" data-end=\"1274\"><strong data-start=\"1206\" data-end=\"1223\">Teippiasennus<\/strong> \u2013 T\u00e4ydellinen sileille pinnoille, kuten seinille tai laatoille.<\/li>\n<li data-start=\"1275\" data-end=\"1347\"><strong data-start=\"1277\" data-end=\"1295\">Ruuvikiinnitys<\/strong> \u2013 Voidaan asentaa suoraan tavalliseen s\u00e4hk\u00f6rasiaan.<\/li>\n<li data-start=\"1348\" data-end=\"1417\"><strong data-start=\"1350\" data-end=\"1374\">Vapaasti seisova asennus<\/strong> \u2013 Voidaan sijoittaa mihin tahansa huoneeseen.<\/li>\n<\/ul>\n<p data-start=\"1419\" data-end=\"1545\">Tyylik\u00e4s muotoilu ja yhteensopivuus <strong data-start=\"1466\" data-end=\"1489\">ELKO\u00ae RS\/Plus kehykset<\/strong> Painike sulautuu moderniin sisustukseen.<\/p>\n<h3 data-start=\"1547\" data-end=\"1587\"><strong data-start=\"1551\" data-end=\"1585\">Tuotteen ominaisuudet ja edut<\/strong><\/h3>\n<ul data-start=\"1589\" data-end=\"2292\">\n<li data-start=\"1589\" data-end=\"1677\"><strong data-start=\"1591\" data-end=\"1611\">Langaton ohjaus<\/strong> \u2013 Sytyt\u00e4, sammuta tai himmenn\u00e4 valaistus napin painalluksella.<\/li>\n<li data-start=\"1678\" data-end=\"1759\"><strong data-start=\"1680\" data-end=\"1702\">Joustava kiinnitys<\/strong> \u2013 Kiinnit\u00e4 teipill\u00e4, ruuveilla tai suoraan kytkent\u00e4rasiaan.<\/li>\n<li data-start=\"1760\" data-end=\"1855\"><strong data-start=\"1762\" data-end=\"1781\">Pitk\u00e4 akunkesto<\/strong> \u2013 Jopa 15 vuotta tai 200 000 napsautusta (2 x CR2032 paristot, vaihdettavat).<\/li>\n<li data-start=\"1856\" data-end=\"1948\"><strong data-start=\"1858\" data-end=\"1890\">Suora ohjaus ja skenaariot<\/strong> \u2013 Mukauta ominaisuuksia ja luo aikatauluja Plejd-sovelluksen kautta.<\/li>\n<li data-start=\"1949\" data-end=\"2011\"><strong data-start=\"1951\" data-end=\"1969\">Tyylik\u00e4s muotoilu<\/strong> \u2013 K\u00e4sittelem\u00e4t\u00f6n, kiilt\u00e4v\u00e4 valkoinen pinta (RAL 9010).<\/li>\n<li data-start=\"2012\" data-end=\"2090\"><strong data-start=\"2014\" data-end=\"2044\">Sopii ELKO\u00ae RS\/Plus -kehyksiin<\/strong> \u2013 Tasaiseen ja tyylikk\u00e4\u00e4seen asennukseen.<\/li>\n<li data-start=\"2091\" data-end=\"2173\"><strong data-start=\"2093\" data-end=\"2118\">Langaton viestint\u00e4<\/strong> \u2013 2,4 GHz mesh ja Bluetooth\u00ae takaavat vakaan yhteyden.<\/li>\n<li data-start=\"2174\" data-end=\"2221\"><strong data-start=\"2176\" data-end=\"2193\">Radion kantama<\/strong> \u2013 Noin 10 metri\u00e4 sis\u00e4tiloissa.<\/li>\n<li data-start=\"2222\" data-end=\"2292\"><strong data-start=\"2224\" data-end=\"2245\">Kahden painikkeen toiminta<\/strong> \u2013 Mukana sek\u00e4 single- ett\u00e4 double rocker.<\/li>\n<\/ul>\n<h3 data-start=\"2294\" data-end=\"2360\"><strong data-start=\"2298\" data-end=\"2358\">T\u00e4ydellinen \u00e4lykk\u00e4isiin koteihin ja ammattiasennuksiin<\/strong><\/h3>\n<p data-start=\"2361\" data-end=\"2604\">Push Button Wireless EW White on ihanteellinen ratkaisu niille, jotka haluavat yksinkertaista ja langatonta valaistusta.<\/p>\n<p data-start=\"2361\" data-end=\"2604\">Se on t\u00e4ydellinen <strong data-start=\"2494\" data-end=\"2549\">\u00e4lykodit, toimistoymp\u00e4rist\u00f6t ja muut asennukset<\/strong> joissa joustavuus ja helppok\u00e4ytt\u00f6isyys ovat t\u00e4rkeit\u00e4.<\/p>\n<h3 data-start=\"2606\" data-end=\"2643\"><strong data-start=\"2610\" data-end=\"2641\">Asennus ja k\u00e4ytt\u00f6<\/strong><\/h3>\n<p data-start=\"2644\" data-end=\"2701\">Asennus on yksinkertaista eik\u00e4 vaadi erikoisty\u00f6kaluja:<\/p>\n<ol data-start=\"2703\" data-end=\"2985\">\n<li data-start=\"2703\" data-end=\"2808\"><strong data-start=\"2706\" data-end=\"2725\">Asenna painike<\/strong> \u2013 Kiinnit\u00e4 mukana tulevalla teipill\u00e4, ruuvaa laitekoteloon tai aseta vapaasti seisovaan.<\/li>\n<li data-start=\"2809\" data-end=\"2878\"><strong data-start=\"2812\" data-end=\"2836\">Yhdist\u00e4 Plejd-sovelluksessa<\/strong> \u2013 M\u00e4\u00e4rit\u00e4 ja mukauta ominaisuuksia.<\/li>\n<li data-start=\"2879\" data-end=\"2985\"><strong data-start=\"2882\" data-end=\"2907\">Aloita painikkeen k\u00e4ytt\u00f6<\/strong> \u2013 Ohjaa valaistusta helposti n\u00e4pp\u00e4inpainalluksella tai ajoitetuilla skenaarioilla.<\/li>\n<\/ol>\n<h3 data-start=\"2987\" data-end=\"3021\"><strong data-start=\"2991\" data-end=\"3019\">Tekniset tiedot<\/strong><\/h3>\n<ul data-start=\"3023\" data-end=\"3707\">\n<li data-start=\"3023\" data-end=\"3054\"><strong data-start=\"3025\" data-end=\"3036\">Malli:<\/strong> Sarjak\u00e4ytt\u00f6inen painike<\/li>\n<li data-start=\"3055\" data-end=\"3092\"><strong data-start=\"3057\" data-end=\"3079\">Toimintatapa:<\/strong> Paina painiketta<\/li>\n<li data-start=\"3093\" data-end=\"3133\"><strong data-start=\"3095\" data-end=\"3117\">Tiivistystyyppi:<\/strong> Liima\/ruuvi<\/li>\n<li data-start=\"3134\" data-end=\"3162\"><strong data-start=\"3136\" data-end=\"3149\">Materiaali:<\/strong> Termoplastinen<\/li>\n<li data-start=\"3163\" data-end=\"3206\"><strong data-start=\"3165\" data-end=\"3182\">Pintak\u00e4sittely:<\/strong> K\u00e4sittelem\u00e4t\u00f6n, kiilt\u00e4v\u00e4 pinta<\/li>\n<li data-start=\"3207\" data-end=\"3235\"><strong data-start=\"3209\" data-end=\"3218\">Maali:<\/strong> Valkoinen (RAL 9010)<\/li>\n<li data-start=\"3236\" data-end=\"3276\"><strong data-start=\"3238\" data-end=\"3251\">IP-luokka:<\/strong> IP20 (sis\u00e4k\u00e4ytt\u00f6\u00f6n)<\/li>\n<li data-start=\"3277\" data-end=\"3332\"><strong data-start=\"3279\" data-end=\"3297\">Painikkeiden lukum\u00e4\u00e4r\u00e4:<\/strong> 2 (sis\u00e4lt\u00e4\u00e4 yhden ja kahden keinuvivun)<\/li>\n<li data-start=\"3333\" data-end=\"3364\"><strong data-start=\"3335\" data-end=\"3360\">Valvontapisteiden m\u00e4\u00e4r\u00e4:<\/strong> 4<\/li>\n<li data-start=\"3365\" data-end=\"3385\"><strong data-start=\"3367\" data-end=\"3377\">Leveys:<\/strong> 71 mm<\/li>\n<li data-start=\"3386\" data-end=\"3405\"><strong data-start=\"3388\" data-end=\"3397\">Korkeus:<\/strong> 71 mm<\/li>\n<li data-start=\"3406\" data-end=\"3425\"><strong data-start=\"3408\" data-end=\"3417\">Syvyys:<\/strong> 14 mm<\/li>\n<li data-start=\"3426\" data-end=\"3468\"><strong data-start=\"3428\" data-end=\"3443\">Akun tyyppi:<\/strong> 2 x CR2032 (vaihdettava)<\/li>\n<li data-start=\"3469\" data-end=\"3523\"><strong data-start=\"3471\" data-end=\"3486\">Akun kesto:<\/strong> Jopa 15 vuotta tai 200 000 napsautusta<\/li>\n<li data-start=\"3524\" data-end=\"3579\"><strong data-start=\"3526\" data-end=\"3542\">Radioj\u00e4rjestelm\u00e4:<\/strong> 2,4 GHz mesh, Bluetooth\u00ae (&lt;10 dBm)<\/li>\n<li data-start=\"3580\" data-end=\"3622\"><strong data-start=\"3582\" data-end=\"3600\">Radion kantama:<\/strong> Noin 10 metri\u00e4 sis\u00e4ll\u00e4<\/li>\n<li data-start=\"3623\" data-end=\"3663\"><strong data-start=\"3625\" data-end=\"3657\">Mesh-verkkolaajennus:<\/strong> Ei<\/li>\n<li data-start=\"3664\" data-end=\"3707\"><strong data-start=\"3666\" data-end=\"3685\">Yhteensopivuus:<\/strong> ELKO\u00ae RS\/Plus kehykset<\/li>\n<\/ul>\n<h3 data-start=\"3709\" data-end=\"3758\"><strong data-start=\"3713\" data-end=\"3756\">Tyylik\u00e4s muotoilu ja kest\u00e4v\u00e4 rakenne<\/strong><\/h3>\n<p data-start=\"3759\" data-end=\"4067\">Valkoinen, kiilt\u00e4v\u00e4 pinta ja yhteensopivuus <strong data-start=\"3810\" data-end=\"3833\">ELKO\u00ae RS\/Plus kehykset<\/strong> tehd\u00e4 <strong data-start=\"3838\" data-end=\"3867\">Painike Wireless EW White<\/strong> tyylik\u00e4s valinta kaikenlaisiin ymp\u00e4rist\u00f6ihin.<\/p>\n<p data-start=\"3759\" data-end=\"4067\">Minimalistinen muotoilu tarkoittaa, ett\u00e4 se sulautuu hienosti sek\u00e4 moderniin ett\u00e4 klassiseen sisustukseen ja tarjoaa edistyneen valonhallinnan.<\/p>\n<h3 data-start=\"4069\" data-end=\"4087\"><strong data-start=\"4073\" data-end=\"4085\">Johtop\u00e4\u00e4t\u00f6s<\/strong><\/h3>\n<p data-start=\"4088\" data-end=\"4336\">Pushbutton Wireless EW White on innovatiivinen ja joustava ratkaisu <strong data-start=\"4155\" data-end=\"4179\">langaton valonohjaus<\/strong>.<\/p>\n<p data-start=\"4088\" data-end=\"4336\">Pitk\u00e4n akun keston, helpon asennuksen ja \u00e4lykk\u00e4iden ominaisuuksien ansiosta t\u00e4m\u00e4 on optimaalinen laite kaikille, jotka haluavat a <strong data-start=\"4293\" data-end=\"4333\">tasainen ja moderni valaistuksen ohjaus<\/strong>.<\/p>","protected":false},"excerpt":{"rendered":"<p>Painike Wireless EW White mahdollistaa yhden tai useamman Plejd-laitteen langattoman ohjauksen.<\/p>\n<p>Helppo asennus tavallisen s\u00e4hk\u00f6rasian ulkopuolelle tai teipill\u00e4\/ruuveilla.<\/p>\n<p>Jopa 15 vuoden akun k\u00e4ytt\u00f6ik\u00e4 tai 200 000 napsautusta.<\/p>\n<p>Yhteensopiva ELKO\u00ae RS\/Plus -kehysten kanssa.<\/p>","protected":false},"featured_media":148035,"template":"","meta":{"_acf_changed":false},"product_brand":[],"product_cat":[4658],"product_tag":[4670],"class_list":{"0":"post-148036","1":"product","2":"type-product","3":"status-publish","4":"has-post-thumbnail","6":"product_cat-plejd-stromstallare","7":"product_tag-plejd","8":"product_shipping_class-postnord-varubrev","9":"pa_brands-plejd","10":"pa_farg-vit","11":"tm-has-options","13":"first","14":"instock","15":"sale","16":"taxable","17":"shipping-taxable","18":"purchasable","19":"product-type-simple"},"acf":[],"_links":{"self":[{"href":"https:\/\/secureus.se\/fi\/wp-json\/wp\/v2\/product\/148036","targetHints":{"allow":["GET"]}}],"collection":[{"href":"https:\/\/secureus.se\/fi\/wp-json\/wp\/v2\/product"}],"about":[{"href":"https:\/\/secureus.se\/fi\/wp-json\/wp\/v2\/types\/product"}],"wp:featuredmedia":[{"embeddable":true,"href":"https:\/\/secureus.se\/fi\/wp-json\/wp\/v2\/media\/148035"}],"wp:attachment":[{"href":"https:\/\/secureus.se\/fi\/wp-json\/wp\/v2\/media?parent=148036"}],"wp:term":[{"taxonomy":"product_brand","embeddable":true,"href":"https:\/\/secureus.se\/fi\/wp-json\/wp\/v2\/product_brand?post=148036"},{"taxonomy":"product_cat","embeddable":true,"href":"https:\/\/secureus.se\/fi\/wp-json\/wp\/v2\/product_cat?post=148036"},{"taxonomy":"product_tag","embeddable":true,"href":"https:\/\/secureus.se\/fi\/wp-json\/wp\/v2\/product_tag?post=148036"}],"curies":[{"name":"wp","href":"https:\/\/api.w.org\/{rel}","templated":true}]}}