{"id":148038,"date":"2025-02-25T12:22:23","date_gmt":"2025-02-25T11:22:23","guid":{"rendered":"https:\/\/secureus.se\/?post_type=product&#038;p=148038"},"modified":"2026-04-02T11:50:16","modified_gmt":"2026-04-02T09:50:16","slug":"plejd-vridadapter-rtr-01-sw-vit","status":"publish","type":"product","link":"https:\/\/secureus.se\/fi\/plejd-vridadapter-rtr-01-sw-vit\/","title":{"rendered":"Plejd K\u00e4\u00e4nt\u00f6sovitin RTR-01-SW valkoinen"},"content":{"rendered":"<h1 data-start=\"447\" data-end=\"507\"><strong data-start=\"451\" data-end=\"505\">Yhdist\u00e4 klassinen himmennystoiminto \u00e4lykk\u00e4\u00e4seen tekniikkaan<\/strong><\/h1>\n<p data-start=\"508\" data-end=\"882\">SW White k\u00e4\u00e4ntyv\u00e4 adapteri on tyylik\u00e4s ja toimiva ratkaisu \u00e4lykk\u00e4\u00e4seen valaistuksen ohjaukseen.<\/p>\n<p data-start=\"508\" data-end=\"882\">Napsauttamalla sovitinta yhdess\u00e4 valitsemasi Plejd-kiekon kanssa saat perinteisen py\u00f6riv\u00e4n himmentimen, jota voidaan ohjata sek\u00e4 manuaalisesti ett\u00e4 langattomasti Plejd-j\u00e4rjestelm\u00e4n mesh-tekniikan avulla.<\/p>\n<p data-start=\"508\" data-end=\"882\">T\u00e4m\u00e4 tekee siit\u00e4 ihanteellisen sek\u00e4 moderneihin koteihin ett\u00e4 ammattik\u00e4ytt\u00f6\u00f6n, jossa joustavuus ja muotoilu ovat t\u00e4rkeit\u00e4 tekij\u00f6it\u00e4.<\/p>\n<h3 data-start=\"884\" data-end=\"933\"><strong data-start=\"888\" data-end=\"931\">Langaton ja joustava valaistuksen ohjaus<\/strong><\/h3>\n<p data-start=\"934\" data-end=\"1307\">Yksi SW White Rotary Adapterin suurista eduista on sen kyky toimia Plejdin ekosysteemiss\u00e4. Langattoman mesh-tekniikan avulla se voi ohjata muita Plejd-laitteita ja integroida saumattomasti olemassa olevaan j\u00e4rjestelm\u00e4\u00e4si.<\/p>\n<p data-start=\"934\" data-end=\"1307\">Sovittimen kanssa k\u00e4ytetty kiekko s\u00e4ilytt\u00e4\u00e4 toimintonsa, kuten ohjaustulo- ja ajoitusasetukset, joten voit ohjata valaistusta useilla eri painikkeilla.<\/p>\n<p data-start=\"1309\" data-end=\"1337\"><strong data-start=\"1309\" data-end=\"1335\">Ominaisuuksiin kuuluu:<\/strong><\/p>\n<ul data-start=\"1338\" data-end=\"1563\">\n<li data-start=\"1338\" data-end=\"1395\"><strong data-start=\"1340\" data-end=\"1365\">Kaksoisnapsauta ohjauspy\u00f6r\u00e4\u00e4<\/strong> skenaarioiden aktivoimiseksi.<\/li>\n<li data-start=\"1396\" data-end=\"1451\"><strong data-start=\"1398\" data-end=\"1423\">Langaton viestint\u00e4<\/strong> Plejd mesh -verkon kautta.<\/li>\n<li data-start=\"1452\" data-end=\"1508\"><strong data-start=\"1454\" data-end=\"1477\">T\u00e4ysi yhteensopivuus<\/strong> Schneider Exxact\u00ae -kehyksill\u00e4.<\/li>\n<li data-start=\"1509\" data-end=\"1563\"><strong data-start=\"1511\" data-end=\"1544\">Asetukset ovat helposti s\u00e4\u00e4dett\u00e4viss\u00e4<\/strong> Plejd-sovelluksen kautta.<\/li>\n<\/ul>\n<h3 data-start=\"1565\" data-end=\"1605\"><strong data-start=\"1569\" data-end=\"1603\">Tuotteen ominaisuudet ja edut<\/strong><\/h3>\n<ul data-start=\"1607\" data-end=\"2340\">\n<li data-start=\"1607\" data-end=\"1696\"><strong data-start=\"1609\" data-end=\"1640\">Klassinen py\u00f6riv\u00e4 himmennintoiminto<\/strong> \u2013 Tarjoaa perinteisen tunnelman modernilla \u00e4lytekniikalla.<\/li>\n<li data-start=\"1697\" data-end=\"1771\"><strong data-start=\"1699\" data-end=\"1722\">Langaton integrointi<\/strong> \u2013 Ohjaa muita Plejd-laitteita mesh-verkon kautta.<\/li>\n<li data-start=\"1772\" data-end=\"1842\"><strong data-start=\"1774\" data-end=\"1796\">Yksinkertainen asennus<\/strong> \u2013 Nepparikiinnitys laatikossa tai kaksoiskehyksess\u00e4.<\/li>\n<li data-start=\"1843\" data-end=\"1905\"><strong data-start=\"1845\" data-end=\"1863\">Tyylik\u00e4s muotoilu<\/strong> \u2013 K\u00e4sittelem\u00e4t\u00f6n, kiilt\u00e4v\u00e4 valkoinen pinta (RAL 9003).<\/li>\n<li data-start=\"1906\" data-end=\"2004\"><strong data-start=\"1908\" data-end=\"1930\">Joustava kiinnitys<\/strong> \u2013 Voidaan asentaa vapaasti seisovaan tai kaksoisrunkoon tavallisella valokytkimell\u00e4.<\/li>\n<li data-start=\"2005\" data-end=\"2093\"><strong data-start=\"2007\" data-end=\"2028\">Kest\u00e4v\u00e4 materiaali<\/strong> \u2013 Valmistettu halogeenivapaasta kestomuovista pitk\u00e4kestoiseksi.<\/li>\n<li data-start=\"2094\" data-end=\"2174\"><strong data-start=\"2096\" data-end=\"2111\">Sovelluksen hallinta<\/strong> \u2013 Konfigurointi ja asetukset tehd\u00e4\u00e4n helposti Plejd-sovelluksessa.<\/li>\n<li data-start=\"2175\" data-end=\"2261\"><strong data-start=\"2177\" data-end=\"2215\">Sopii Schneider Exxact\u00ae -kehyksiin<\/strong> \u2013 Tasaiseen ja tyylikk\u00e4\u00e4seen asennukseen.<\/li>\n<li data-start=\"2262\" data-end=\"2340\"><strong data-start=\"2264\" data-end=\"2288\">Useita v\u00e4rivaihtoehtoja<\/strong> \u2013 Saatavana eri v\u00e4reiss\u00e4 sisustukseen sopivaksi.<\/li>\n<\/ul>\n<h3 data-start=\"2342\" data-end=\"2401\"><strong data-start=\"2346\" data-end=\"2399\">T\u00e4ydellinen \u00e4lykk\u00e4isiin koteihin ja ammattiymp\u00e4rist\u00f6ihin<\/strong><\/h3>\n<p data-start=\"2402\" data-end=\"2609\">Py\u00f6riv\u00e4 SW White -adapteri on t\u00e4ydellinen ratkaisu niille, jotka haluavat tyylik\u00e4st\u00e4 ja toimivaa valaistuksen ohjausta.<\/p>\n<p data-start=\"2402\" data-end=\"2609\">Se sopii yht\u00e4 hyvin moderneihin koteihin ja toimistoymp\u00e4rist\u00f6ihin, joissa haluat yhdist\u00e4\u00e4 tyylin \u00e4lykk\u00e4isiin toimintoihin.<\/p>\n<h3 data-start=\"2611\" data-end=\"2648\"><strong data-start=\"2615\" data-end=\"2646\">Asennus ja k\u00e4ytt\u00f6<\/strong><\/h3>\n<p data-start=\"2649\" data-end=\"2706\">Asennus on yksinkertaista eik\u00e4 vaadi erikoisty\u00f6kaluja:<\/p>\n<ol data-start=\"2708\" data-end=\"3127\">\n<li data-start=\"2708\" data-end=\"2806\"><strong data-start=\"2711\" data-end=\"2757\">Napsauta k\u00e4\u00e4nt\u00f6sovitinta yhdess\u00e4 Plejd-kiekon kanssa<\/strong> \u2013 Valitse yhteensopiva kiekko Plejdin valikoimasta.<\/li>\n<li data-start=\"2807\" data-end=\"2917\"><strong data-start=\"2810\" data-end=\"2830\">Kiinnit\u00e4 sovitin<\/strong> \u2013 Kiinnit\u00e4 se laatikkoon tai kaksoiskehykseen tavallisella valokytkimell\u00e4.<\/li>\n<li data-start=\"2918\" data-end=\"3018\"><strong data-start=\"2921\" data-end=\"2946\">M\u00e4\u00e4rit\u00e4 sovelluksen kautta<\/strong> \u2013 S\u00e4\u00e4d\u00e4 kirkkautta, skenaarioita ja muita toimintoja Plejd-sovelluksen kautta.<\/li>\n<li data-start=\"3019\" data-end=\"3127\"><strong data-start=\"3022\" data-end=\"3049\">Aloita valaistuksen hallinta<\/strong> \u2013 Himmenn\u00e4 valoa nupilla tai k\u00e4yt\u00e4 Plejd-j\u00e4rjestelm\u00e4n langattomia toimintoja.<\/li>\n<\/ol>\n<p data-start=\"3129\" data-end=\"3264\">Joustava kiinnitys mahdollistaa SW White Swivel Adapterin asentamisen sek\u00e4 itsen\u00e4isen\u00e4 ett\u00e4 yhdess\u00e4 muiden Plejd-laitteiden kanssa.<\/p>\n<h3 data-start=\"3266\" data-end=\"3300\"><strong data-start=\"3270\" data-end=\"3298\">Tekniset tiedot<\/strong><\/h3>\n<ul data-start=\"3302\" data-end=\"3898\">\n<li data-start=\"3302\" data-end=\"3322\"><strong data-start=\"3304\" data-end=\"3315\">Malli:<\/strong> Tuhota<\/li>\n<li data-start=\"3323\" data-end=\"3362\"><strong data-start=\"3325\" data-end=\"3347\">Toimintatapa:<\/strong> Py\u00f6rimistoiminto<\/li>\n<li data-start=\"3363\" data-end=\"3395\"><strong data-start=\"3365\" data-end=\"3387\">Tiivistystyyppi:<\/strong> Snap<\/li>\n<li data-start=\"3396\" data-end=\"3437\"><strong data-start=\"3398\" data-end=\"3411\">Materiaali:<\/strong> Termoplastinen (halogeeniton)<\/li>\n<li data-start=\"3438\" data-end=\"3481\"><strong data-start=\"3440\" data-end=\"3457\">Pintak\u00e4sittely:<\/strong> K\u00e4sittelem\u00e4t\u00f6n, kiilt\u00e4v\u00e4 pinta<\/li>\n<li data-start=\"3482\" data-end=\"3510\"><strong data-start=\"3484\" data-end=\"3493\">Maali:<\/strong> Valkoinen (RAL 9003)<\/li>\n<li data-start=\"3511\" data-end=\"3551\"><strong data-start=\"3513\" data-end=\"3526\">IP-luokka:<\/strong> IP20 (sis\u00e4k\u00e4ytt\u00f6\u00f6n)<\/li>\n<li data-start=\"3552\" data-end=\"3578\"><strong data-start=\"3554\" data-end=\"3571\">Iskunkest\u00e4vyys:<\/strong> IK00<\/li>\n<li data-start=\"3579\" data-end=\"3599\"><strong data-start=\"3581\" data-end=\"3591\">Leveys:<\/strong> 55 mm<\/li>\n<li data-start=\"3600\" data-end=\"3619\"><strong data-start=\"3602\" data-end=\"3611\">Korkeus:<\/strong> 55 mm<\/li>\n<li data-start=\"3620\" data-end=\"3639\"><strong data-start=\"3622\" data-end=\"3631\">Syvyys:<\/strong> 18 mm<\/li>\n<li data-start=\"3640\" data-end=\"3694\"><strong data-start=\"3642\" data-end=\"3688\">Soveltuu v\u00e4yl\u00e4j\u00e4rjestelmien kosketusanturille:<\/strong> Ei<\/li>\n<li data-start=\"3695\" data-end=\"3738\"><strong data-start=\"3697\" data-end=\"3732\">Skannattava symboli \/ esteet\u00f6n:<\/strong> Ei<\/li>\n<li data-start=\"3739\" data-end=\"3772\"><strong data-start=\"3741\" data-end=\"3766\">Tulostettavalla etiketill\u00e4:<\/strong> Ei<\/li>\n<li data-start=\"3773\" data-end=\"3810\"><strong data-start=\"3775\" data-end=\"3804\">Vaihdettavalla objektiivilla\/symbolilla:<\/strong> Ei<\/li>\n<li data-start=\"3811\" data-end=\"3853\"><strong data-start=\"3813\" data-end=\"3847\">Valvontaikkuna\/valopistorasia:<\/strong> Ei<\/li>\n<li data-start=\"3854\" data-end=\"3898\"><strong data-start=\"3856\" data-end=\"3893\">Kaksoisnapsauta skenaarion hallintaa:<\/strong> Kyll\u00e4<\/li>\n<\/ul>\n<h3 data-start=\"3900\" data-end=\"3947\"><strong data-start=\"3904\" data-end=\"3945\">Suunnittelu ja toiminta t\u00e4ydellisess\u00e4 harmoniassa<\/strong><\/h3>\n<p data-start=\"3948\" data-end=\"4218\">Valkoinen, kiilt\u00e4v\u00e4 pinta ja yhteensopivuus Schneider Exxact\u00ae -kehysten kanssa tekev\u00e4t SW White Swivel Adapterista tyylikk\u00e4\u00e4n valinnan kaikentyyppisiin ymp\u00e4rist\u00f6ihin.<\/p>\n<p data-start=\"3948\" data-end=\"4218\">Minimalistinen muotoilu sulautuu hienosti moderniin sisustukseen ja tarjoaa t\u00e4yden hallinnan valaistukseen.<\/p>\n<h3 data-start=\"4220\" data-end=\"4238\"><strong data-start=\"4224\" data-end=\"4236\">Johtop\u00e4\u00e4t\u00f6s<\/strong><\/h3>\n<p data-start=\"4239\" data-end=\"4548\">Py\u00f6riv\u00e4 adapteri SW White on tyylik\u00e4s ja \u00e4lyk\u00e4s valaistuksen ohjausratkaisu, joka yhdist\u00e4\u00e4 klassisen py\u00f6riv\u00e4n himmentimen toiminnon moderniin langattomaan tekniikkaan.<\/p>\n<p data-start=\"4239\" data-end=\"4548\">Helppo asennus, tyylik\u00e4s muotoilu ja integrointi Plejd-j\u00e4rjestelm\u00e4\u00e4n tekev\u00e4t siit\u00e4 ilmeisen valinnan niin yksityishenkil\u00f6ille kuin ammattiasentajille.<\/p>","protected":false},"excerpt":{"rendered":"<p>Py\u00f6riv\u00e4 adapteri SW White napsahtaa yhteen valinnaisen Plejd-kiekon kanssa ja toimii perinteisen\u00e4 py\u00f6riv\u00e4n\u00e4 himmentimen\u00e4.<\/p>\n<p>Langattoman mesh-tekniikan avulla se voi ohjata muita Plejd-laitteita.<\/p>\n<p>Helppo asennus ja konfigurointi Plejd-sovelluksen kautta.<\/p>\n<p>Sopii valkoiseen Schneider Exxact\u00ae -kehykseen.<\/p>","protected":false},"featured_media":148037,"template":"","meta":{"_acf_changed":false},"product_brand":[],"product_cat":[4661],"product_tag":[4670],"class_list":{"0":"post-148038","1":"product","2":"type-product","3":"status-publish","4":"has-post-thumbnail","6":"product_cat-plejd-vridadapter","7":"product_tag-plejd","8":"product_shipping_class-tunga-paket","9":"pa_brands-plejd","10":"pa_farg-vit","11":"tm-has-options","13":"first","14":"instock","15":"sale","16":"taxable","17":"shipping-taxable","18":"purchasable","19":"product-type-simple"},"acf":[],"_links":{"self":[{"href":"https:\/\/secureus.se\/fi\/wp-json\/wp\/v2\/product\/148038","targetHints":{"allow":["GET"]}}],"collection":[{"href":"https:\/\/secureus.se\/fi\/wp-json\/wp\/v2\/product"}],"about":[{"href":"https:\/\/secureus.se\/fi\/wp-json\/wp\/v2\/types\/product"}],"wp:featuredmedia":[{"embeddable":true,"href":"https:\/\/secureus.se\/fi\/wp-json\/wp\/v2\/media\/148037"}],"wp:attachment":[{"href":"https:\/\/secureus.se\/fi\/wp-json\/wp\/v2\/media?parent=148038"}],"wp:term":[{"taxonomy":"product_brand","embeddable":true,"href":"https:\/\/secureus.se\/fi\/wp-json\/wp\/v2\/product_brand?post=148038"},{"taxonomy":"product_cat","embeddable":true,"href":"https:\/\/secureus.se\/fi\/wp-json\/wp\/v2\/product_cat?post=148038"},{"taxonomy":"product_tag","embeddable":true,"href":"https:\/\/secureus.se\/fi\/wp-json\/wp\/v2\/product_tag?post=148038"}],"curies":[{"name":"wp","href":"https:\/\/api.w.org\/{rel}","templated":true}]}}