{"id":148042,"date":"2025-02-25T12:22:24","date_gmt":"2025-02-25T11:22:24","guid":{"rendered":"https:\/\/secureus.se\/?post_type=product&#038;p=148042"},"modified":"2026-04-23T10:18:02","modified_gmt":"2026-04-23T08:18:02","slug":"plejd-tryckknapp-tradlos-wph-01-sa-antracit","status":"publish","type":"product","link":"https:\/\/secureus.se\/fi\/plejd-tryckknapp-tradlos-wph-01-sa-antracit\/","title":{"rendered":"Plejd Painike langaton WPH-01-SA antrasiitti"},"content":{"rendered":"<h1 data-start=\"458\" data-end=\"505\"><strong data-start=\"462\" data-end=\"503\">Langaton ja tasainen valaistuksen ohjaus<\/strong><\/h1>\n<p data-start=\"506\" data-end=\"817\">Push Button Wireless SA Anthracite on tyylik\u00e4s ja joustava ratkaisu kodin tai ty\u00f6paikan valaistuksen hallintaan.<\/p>\n<p data-start=\"506\" data-end=\"817\">T\u00e4ll\u00e4 langattomalla painikkeella voit helposti sytytt\u00e4\u00e4, sammuttaa tai himment\u00e4\u00e4 yhden tai useamman Plejd-laitteen valaistuksen - ilman johdotuksia tai monimutkaisia asennuksia.<\/p>\n<p data-start=\"819\" data-end=\"1080\">Asetukset tehd\u00e4\u00e4n helposti <strong data-start=\"852\" data-end=\"867\">Plejd-sovellus<\/strong>, jossa voit luoda skenaarioita, ohjata valotasoja ja mukauttaa toimintoja tarpeen mukaan.<\/p>\n<p data-start=\"819\" data-end=\"1080\">Painike kommunikoi kautta <strong data-start=\"980\" data-end=\"1018\">2,4 GHz mesh-tekniikka ja Bluetooth\u00ae<\/strong>, joka varmistaa vakaan yhteyden Plejd-j\u00e4rjestelm\u00e4n sis\u00e4ll\u00e4.<\/p>\n<h3 data-start=\"1082\" data-end=\"1133\"><strong data-start=\"1086\" data-end=\"1131\">Joustava kokoonpano ja helppo asennus<\/strong><\/h3>\n<p data-start=\"1134\" data-end=\"1230\">Push Button Wireless SA Anthracite voidaan asentaa useilla tavoilla riippuen asennustarpeistasi:<\/p>\n<ul data-start=\"1232\" data-end=\"1445\">\n<li data-start=\"1232\" data-end=\"1302\"><strong data-start=\"1234\" data-end=\"1251\">Teippiasennus<\/strong> \u2013 T\u00e4ydellinen sileille pinnoille, kuten seinille tai laatoille.<\/li>\n<li data-start=\"1303\" data-end=\"1375\"><strong data-start=\"1305\" data-end=\"1323\">Ruuvikiinnitys<\/strong> \u2013 Voidaan asentaa suoraan tavalliseen s\u00e4hk\u00f6rasiaan.<\/li>\n<li data-start=\"1376\" data-end=\"1445\"><strong data-start=\"1378\" data-end=\"1402\">Vapaasti seisova asennus<\/strong> \u2013 Voidaan sijoittaa mihin tahansa huoneeseen.<\/li>\n<\/ul>\n<p data-start=\"1447\" data-end=\"1577\">Tyylik\u00e4s muotoilu ja yhteensopivuus <strong data-start=\"1494\" data-end=\"1521\">Schneider Exxact\u00ae -kehykset<\/strong> Painike sulautuu moderniin sisustukseen.<\/p>\n<h3 data-start=\"1579\" data-end=\"1619\"><strong data-start=\"1583\" data-end=\"1617\">Tuotteen ominaisuudet ja edut<\/strong><\/h3>\n<ul data-start=\"1621\" data-end=\"2330\">\n<li data-start=\"1621\" data-end=\"1709\"><strong data-start=\"1623\" data-end=\"1643\">Langaton ohjaus<\/strong> \u2013 Sytyt\u00e4, sammuta tai himmenn\u00e4 valaistus napin painalluksella.<\/li>\n<li data-start=\"1710\" data-end=\"1791\"><strong data-start=\"1712\" data-end=\"1734\">Joustava kiinnitys<\/strong> \u2013 Kiinnit\u00e4 teipill\u00e4, ruuveilla tai suoraan kytkent\u00e4rasiaan.<\/li>\n<li data-start=\"1792\" data-end=\"1887\"><strong data-start=\"1794\" data-end=\"1813\">Pitk\u00e4 akunkesto<\/strong> \u2013 Jopa 15 vuotta tai 200 000 napsautusta (2 x CR2032 paristot, vaihdettavat).<\/li>\n<li data-start=\"1888\" data-end=\"1980\"><strong data-start=\"1890\" data-end=\"1922\">Suora ohjaus ja skenaariot<\/strong> \u2013 Mukauta ominaisuuksia ja luo aikatauluja Plejd-sovelluksen kautta.<\/li>\n<li data-start=\"1981\" data-end=\"2045\"><strong data-start=\"1983\" data-end=\"2001\">Tyylik\u00e4s muotoilu<\/strong> \u2013 Lakattu, matta antrasiittipinta (RAL 7024).<\/li>\n<li data-start=\"2046\" data-end=\"2128\"><strong data-start=\"2048\" data-end=\"2082\">Sopii Schneider Exxact\u00ae -kehyksiin<\/strong> \u2013 Tasaiseen ja tyylikk\u00e4\u00e4seen asennukseen.<\/li>\n<li data-start=\"2129\" data-end=\"2211\"><strong data-start=\"2131\" data-end=\"2156\">Langaton viestint\u00e4<\/strong> \u2013 2,4 GHz mesh ja Bluetooth\u00ae takaavat vakaan yhteyden.<\/li>\n<li data-start=\"2212\" data-end=\"2259\"><strong data-start=\"2214\" data-end=\"2231\">Radion kantama<\/strong> \u2013 Noin 10 metri\u00e4 sis\u00e4tiloissa.<\/li>\n<li data-start=\"2260\" data-end=\"2330\"><strong data-start=\"2262\" data-end=\"2283\">Kahden painikkeen toiminta<\/strong> \u2013 Mukana sek\u00e4 single- ett\u00e4 double rocker.<\/li>\n<\/ul>\n<h3 data-start=\"2332\" data-end=\"2398\"><strong data-start=\"2336\" data-end=\"2396\">T\u00e4ydellinen \u00e4lykk\u00e4isiin koteihin ja ammattiasennuksiin<\/strong><\/h3>\n<p data-start=\"2399\" data-end=\"2647\">Push Button Wireless SA Anthracite on ihanteellinen ratkaisu niille, jotka haluavat yksinkertaista ja langatonta valaistusta.<\/p>\n<p data-start=\"2399\" data-end=\"2647\">Se on t\u00e4ydellinen <strong data-start=\"2537\" data-end=\"2592\">\u00e4lykodit, toimistoymp\u00e4rist\u00f6t ja muut asennukset<\/strong> joissa joustavuus ja helppok\u00e4ytt\u00f6isyys ovat t\u00e4rkeit\u00e4.<\/p>\n<h3 data-start=\"2649\" data-end=\"2686\"><strong data-start=\"2653\" data-end=\"2684\">Asennus ja k\u00e4ytt\u00f6<\/strong><\/h3>\n<p data-start=\"2687\" data-end=\"2744\">Asennus on yksinkertaista eik\u00e4 vaadi erikoisty\u00f6kaluja:<\/p>\n<ol data-start=\"2746\" data-end=\"3028\">\n<li data-start=\"2746\" data-end=\"2851\"><strong data-start=\"2749\" data-end=\"2768\">Asenna painike<\/strong> \u2013 Kiinnit\u00e4 mukana tulevalla teipill\u00e4, ruuvaa laitekoteloon tai aseta vapaasti seisovaan.<\/li>\n<li data-start=\"2852\" data-end=\"2921\"><strong data-start=\"2855\" data-end=\"2879\">Yhdist\u00e4 Plejd-sovelluksessa<\/strong> \u2013 M\u00e4\u00e4rit\u00e4 ja mukauta ominaisuuksia.<\/li>\n<li data-start=\"2922\" data-end=\"3028\"><strong data-start=\"2925\" data-end=\"2950\">Aloita painikkeen k\u00e4ytt\u00f6<\/strong> \u2013 Ohjaa valaistusta helposti n\u00e4pp\u00e4inpainalluksella tai ajoitetuilla skenaarioilla.<\/li>\n<\/ol>\n<h3 data-start=\"3030\" data-end=\"3064\"><strong data-start=\"3034\" data-end=\"3062\">Tekniset tiedot<\/strong><\/h3>\n<ul data-start=\"3066\" data-end=\"3756\">\n<li data-start=\"3066\" data-end=\"3097\"><strong data-start=\"3068\" data-end=\"3079\">Malli:<\/strong> Sarjak\u00e4ytt\u00f6inen painike<\/li>\n<li data-start=\"3098\" data-end=\"3135\"><strong data-start=\"3100\" data-end=\"3122\">Toimintatapa:<\/strong> Paina painiketta<\/li>\n<li data-start=\"3136\" data-end=\"3176\"><strong data-start=\"3138\" data-end=\"3160\">Tiivistystyyppi:<\/strong> Liima\/ruuvi<\/li>\n<li data-start=\"3177\" data-end=\"3205\"><strong data-start=\"3179\" data-end=\"3192\">Materiaali:<\/strong> Termoplastinen<\/li>\n<li data-start=\"3206\" data-end=\"3246\"><strong data-start=\"3208\" data-end=\"3225\">Pintak\u00e4sittely:<\/strong> Lakattu, mattapinta<\/li>\n<li data-start=\"3247\" data-end=\"3280\"><strong data-start=\"3249\" data-end=\"3258\">Maali:<\/strong> Antrasiitti (RAL 7024)<\/li>\n<li data-start=\"3281\" data-end=\"3321\"><strong data-start=\"3283\" data-end=\"3296\">IP-luokka:<\/strong> IP20 (sis\u00e4k\u00e4ytt\u00f6\u00f6n)<\/li>\n<li data-start=\"3322\" data-end=\"3377\"><strong data-start=\"3324\" data-end=\"3342\">Painikkeiden lukum\u00e4\u00e4r\u00e4:<\/strong> 2 (sis\u00e4lt\u00e4\u00e4 yhden ja kahden keinuvivun)<\/li>\n<li data-start=\"3378\" data-end=\"3409\"><strong data-start=\"3380\" data-end=\"3405\">Valvontapisteiden m\u00e4\u00e4r\u00e4:<\/strong> 4<\/li>\n<li data-start=\"3410\" data-end=\"3430\"><strong data-start=\"3412\" data-end=\"3422\">Leveys:<\/strong> 71 mm<\/li>\n<li data-start=\"3431\" data-end=\"3450\"><strong data-start=\"3433\" data-end=\"3442\">Korkeus:<\/strong> 71 mm<\/li>\n<li data-start=\"3451\" data-end=\"3470\"><strong data-start=\"3453\" data-end=\"3462\">Syvyys:<\/strong> 14 mm<\/li>\n<li data-start=\"3471\" data-end=\"3513\"><strong data-start=\"3473\" data-end=\"3488\">Akun tyyppi:<\/strong> 2 x CR2032 (vaihdettava)<\/li>\n<li data-start=\"3514\" data-end=\"3568\"><strong data-start=\"3516\" data-end=\"3531\">Akun kesto:<\/strong> Jopa 15 vuotta tai 200 000 napsautusta<\/li>\n<li data-start=\"3569\" data-end=\"3624\"><strong data-start=\"3571\" data-end=\"3587\">Radioj\u00e4rjestelm\u00e4:<\/strong> 2,4 GHz mesh, Bluetooth\u00ae (&lt;10 dBm)<\/li>\n<li data-start=\"3625\" data-end=\"3667\"><strong data-start=\"3627\" data-end=\"3645\">Radion kantama:<\/strong> Noin 10 metri\u00e4 sis\u00e4ll\u00e4<\/li>\n<li data-start=\"3668\" data-end=\"3708\"><strong data-start=\"3670\" data-end=\"3702\">Mesh-verkkolaajennus:<\/strong> Ei<\/li>\n<li data-start=\"3709\" data-end=\"3756\"><strong data-start=\"3711\" data-end=\"3730\">Yhteensopivuus:<\/strong> Schneider Exxact\u00ae -kehykset<\/li>\n<\/ul>\n<h3 data-start=\"3758\" data-end=\"3807\"><strong data-start=\"3762\" data-end=\"3805\">Tyylik\u00e4s muotoilu ja kest\u00e4v\u00e4 rakenne<\/strong><\/h3>\n<p data-start=\"3808\" data-end=\"4135\">Matta, antrasiitinv\u00e4rinen viimeistely ja yhteensopivuus <strong data-start=\"3869\" data-end=\"3896\">Schneider Exxact\u00ae -kehykset<\/strong> tehd\u00e4 <strong data-start=\"3901\" data-end=\"3935\">Push Button Wireless SA Antrasiitti<\/strong> tyylik\u00e4s valinta kaikenlaisiin ymp\u00e4rist\u00f6ihin.<\/p>\n<p data-start=\"3808\" data-end=\"4135\">Minimalistinen muotoilu tarkoittaa, ett\u00e4 se sulautuu hienosti sek\u00e4 moderniin ett\u00e4 klassiseen sisustukseen ja tarjoaa edistyneen valonhallinnan.<\/p>\n<h3 data-start=\"4137\" data-end=\"4155\"><strong data-start=\"4141\" data-end=\"4153\">Johtop\u00e4\u00e4t\u00f6s<\/strong><\/h3>\n<p data-start=\"4156\" data-end=\"4409\">Push Button Wireless SA Antrasiitti on innovatiivinen ja joustava ratkaisu <strong data-start=\"4228\" data-end=\"4252\">langaton valonohjaus<\/strong>.<\/p>\n<p data-start=\"4156\" data-end=\"4409\">Pitk\u00e4n akun keston, helpon asennuksen ja \u00e4lykk\u00e4iden ominaisuuksien ansiosta t\u00e4m\u00e4 on optimaalinen laite kaikille, jotka haluavat a <strong data-start=\"4366\" data-end=\"4406\">tasainen ja moderni valaistuksen ohjaus<\/strong>.<\/p>","protected":false},"excerpt":{"rendered":"<p>Painike Wireless SA Anthracite mahdollistaa yhden tai useamman Plejd-yksik\u00f6n langattoman ohjauksen.<\/p>\n<p>Helppo asennus tavallisen s\u00e4hk\u00f6rasian ulkopuolelle tai teipill\u00e4\/ruuveilla.<\/p>\n<p>Jopa 15 vuoden akun k\u00e4ytt\u00f6ik\u00e4 tai 200 000 napsautusta.<\/p>\n<p>Yhteensopiva Schneider Exxact\u00ae -kehysten kanssa.<\/p>","protected":false},"featured_media":148041,"template":"","meta":{"_acf_changed":false},"product_brand":[],"product_cat":[4658],"product_tag":[4670],"class_list":{"0":"post-148042","1":"product","2":"type-product","3":"status-publish","4":"has-post-thumbnail","6":"product_cat-plejd-stromstallare","7":"product_tag-plejd","8":"product_shipping_class-postnord-varubrev","9":"pa_brands-plejd","10":"pa_farg-antracit","11":"tm-has-options","13":"first","14":"instock","15":"sale","16":"taxable","17":"shipping-taxable","18":"purchasable","19":"product-type-simple"},"acf":[],"_links":{"self":[{"href":"https:\/\/secureus.se\/fi\/wp-json\/wp\/v2\/product\/148042","targetHints":{"allow":["GET"]}}],"collection":[{"href":"https:\/\/secureus.se\/fi\/wp-json\/wp\/v2\/product"}],"about":[{"href":"https:\/\/secureus.se\/fi\/wp-json\/wp\/v2\/types\/product"}],"wp:featuredmedia":[{"embeddable":true,"href":"https:\/\/secureus.se\/fi\/wp-json\/wp\/v2\/media\/148041"}],"wp:attachment":[{"href":"https:\/\/secureus.se\/fi\/wp-json\/wp\/v2\/media?parent=148042"}],"wp:term":[{"taxonomy":"product_brand","embeddable":true,"href":"https:\/\/secureus.se\/fi\/wp-json\/wp\/v2\/product_brand?post=148042"},{"taxonomy":"product_cat","embeddable":true,"href":"https:\/\/secureus.se\/fi\/wp-json\/wp\/v2\/product_cat?post=148042"},{"taxonomy":"product_tag","embeddable":true,"href":"https:\/\/secureus.se\/fi\/wp-json\/wp\/v2\/product_tag?post=148042"}],"curies":[{"name":"wp","href":"https:\/\/api.w.org\/{rel}","templated":true}]}}