{"id":148044,"date":"2025-02-25T12:22:24","date_gmt":"2025-02-25T11:22:24","guid":{"rendered":"https:\/\/secureus.se\/?post_type=product&#038;p=148044"},"modified":"2026-04-23T10:17:59","modified_gmt":"2026-04-23T08:17:59","slug":"plejd-extender-ext-01-2xin-bat-mesh-bt","status":"publish","type":"product","link":"https:\/\/secureus.se\/fi\/plejd-extender-ext-01-2xin-bat-mesh-bt\/","title":{"rendered":"Plejd Extender EXT-01 2xIN BAT Mesh BT"},"content":{"rendered":"<h1 data-start=\"527\" data-end=\"590\"><strong data-start=\"531\" data-end=\"588\">Parempi kantama ja toimintavarmuus Plaid Meshin avulla<\/strong><\/h1>\n<p data-start=\"591\" data-end=\"936\">Plejd Extender 2xIN BAT Mesh BT (EXT-01) on tehokas laite, joka <strong data-start=\"658\" data-end=\"705\">laajentaa Plejd mesh -verkon kantamaa<\/strong> toimimalla langattomana siltana laitteiden v\u00e4lill\u00e4.<\/p>\n<p data-start=\"591\" data-end=\"936\">Se auttaa <strong data-start=\"783\" data-end=\"819\">varmistaa vakaan viestinn\u00e4n<\/strong> j\u00e4rjestelm\u00e4n sis\u00e4ll\u00e4, joten se on t\u00e4ydellinen suurempiin asennuksiin, joissa yksik\u00f6iden v\u00e4linen et\u00e4isyys voi olla haaste.<\/p>\n<p data-start=\"938\" data-end=\"1220\">Kiitos siit\u00e4 <strong data-start=\"952\" data-end=\"992\">integroitu akkuvarmistus (BAT-01)<\/strong> voi aikafunktioita, kuten <strong data-start=\"1016\" data-end=\"1062\">astrokello ja muut aikaohjatut asetukset<\/strong> jatkaa toimintaansa my\u00f6s s\u00e4hk\u00f6katkon aikana.<\/p>\n<p data-start=\"938\" data-end=\"1220\">T\u00e4m\u00e4 tekee EXT-01:st\u00e4 t\u00e4rke\u00e4n osan \u00e4lykk\u00e4iss\u00e4 valaistusasennuksissa, joissa luotettavuus on ratkaisevan t\u00e4rke\u00e4\u00e4.<\/p>\n<h3 data-start=\"1222\" data-end=\"1267\"><strong data-start=\"1226\" data-end=\"1265\">Langaton ohjaus useilla tuloilla<\/strong><\/h3>\n<p data-start=\"1268\" data-end=\"1416\">Plejd Extender voi toimia my\u00f6s a <strong data-start=\"1308\" data-end=\"1321\">ohjausmoduuli<\/strong> muille Plejd-laitteille sen kahden erillisen tulon kautta. T\u00e4m\u00e4 mahdollistaa yhteyden muodostamisen:<\/p>\n<ul data-start=\"1418\" data-end=\"1500\">\n<li data-start=\"1418\" data-end=\"1452\"><strong data-start=\"1420\" data-end=\"1450\">Jousikuormitetut painonapit<\/strong><\/li>\n<li data-start=\"1453\" data-end=\"1474\"><strong data-start=\"1455\" data-end=\"1472\">Liikenteen vartijat<\/strong><\/li>\n<li data-start=\"1475\" data-end=\"1500\"><strong data-start=\"1477\" data-end=\"1498\">Py\u00f6riv\u00e4 sovitin (RTR)<\/strong><\/li>\n<\/ul>\n<p data-start=\"1502\" data-end=\"1622\">N\u00e4iden ominaisuuksien avulla on helppo mukauttaa valaistuksen ohjausta tarpeen mukaan ja luoda joustava, \u00e4lyk\u00e4s valaistusratkaisu.<\/p>\n<h3 data-start=\"1624\" data-end=\"1666\"><strong data-start=\"1628\" data-end=\"1664\">Helppo ja monipuolinen asennus<\/strong><\/h3>\n<p data-start=\"1667\" data-end=\"1753\">EXT-01 on suunniteltu helposti asennettavaksi ja se voidaan asentaa useilla tavoilla:<\/p>\n<ul data-start=\"1755\" data-end=\"1930\">\n<li data-start=\"1755\" data-end=\"1813\"><strong data-start=\"1757\" data-end=\"1774\">Laitteen laatikossa<\/strong> \u2013 Painikepainikkeen tai laatikon kannen takana.<\/li>\n<li data-start=\"1814\" data-end=\"1854\"><strong data-start=\"1816\" data-end=\"1827\">Sein\u00e4ll\u00e4<\/strong> \u2013 Huomaamaton sijoittelu.<\/li>\n<li data-start=\"1855\" data-end=\"1930\"><strong data-start=\"1857\" data-end=\"1873\">DIN-kiskoon<\/strong> \u2013 Kiinnityspidikkeen (MNT-01, ei sis\u00e4lly toimitukseen) k\u00e4ytt\u00e4minen.<\/li>\n<\/ul>\n<p data-start=\"1932\" data-end=\"2098\">Kompakti muotoilu (46x46x18 mm) helpottaa sijoittamista ahtaisiin tiloihin, ja se <strong data-start=\"2021\" data-end=\"2061\">alhainen valmiusteho vain 0,2 W<\/strong> varmistaa energiatehokkaan toiminnan.<\/p>\n<h3 data-start=\"2100\" data-end=\"2140\"><strong data-start=\"2104\" data-end=\"2138\">Tuotteen ominaisuudet ja edut<\/strong><\/h3>\n<ul data-start=\"2142\" data-end=\"2700\">\n<li data-start=\"2142\" data-end=\"2217\"><strong data-start=\"2144\" data-end=\"2181\">Laajentaa ulottuvuutta Plaid-verkossa<\/strong> \u2013 T\u00e4ydellinen isompiin kiinteist\u00f6ihin.<\/li>\n<li data-start=\"2218\" data-end=\"2307\"><strong data-start=\"2220\" data-end=\"2257\">Integroitu akkuvarmistus (BAT-01)<\/strong> \u2013 Varmistaa aikatoiminnot s\u00e4hk\u00f6katkon sattuessa.<\/li>\n<li data-start=\"2308\" data-end=\"2405\"><strong data-start=\"2310\" data-end=\"2347\">Kaksi sis\u00e4\u00e4ntuloa langattomaan ohjaukseen<\/strong> \u2013 Liit\u00e4 painikkeet, liiketunnistimet tai py\u00f6riv\u00e4t sovittimet.<\/li>\n<li data-start=\"2406\" data-end=\"2491\"><strong data-start=\"2408\" data-end=\"2431\">Sujuva asennus<\/strong> \u2013 Voidaan asentaa kytkent\u00e4rasiaan, sein\u00e4lle tai DIN-kiskoon.<\/li>\n<li data-start=\"2492\" data-end=\"2547\"><strong data-start=\"2494\" data-end=\"2512\">Energiatehokas<\/strong> \u2013 Valmiustilan teho vain 0,2 W.<\/li>\n<li data-start=\"2548\" data-end=\"2615\"><strong data-start=\"2550\" data-end=\"2582\">Vakaa langaton viestint\u00e4<\/strong> \u2013 2,4 GHz mesh ja Bluetooth\u00ae.<\/li>\n<li data-start=\"2616\" data-end=\"2700\"><strong data-start=\"2618\" data-end=\"2658\">Radion kantama sis\u00e4tiloissa noin 10 metri\u00e4<\/strong> \u2013 Laajentaa ja vakauttaa verkkoa.<\/li>\n<\/ul>\n<h3 data-start=\"2702\" data-end=\"2739\"><strong data-start=\"2706\" data-end=\"2737\">Asennus ja k\u00e4ytt\u00f6<\/strong><\/h3>\n<p data-start=\"2740\" data-end=\"2807\">Asennus on yksinkertaista, eik\u00e4 vaadi edistyneit\u00e4 m\u00e4\u00e4rityksi\u00e4:<\/p>\n<ol data-start=\"2809\" data-end=\"3129\">\n<li data-start=\"2809\" data-end=\"2878\"><strong data-start=\"2812\" data-end=\"2875\">Aseta EXT-01 kytkent\u00e4rasiaan, sein\u00e4lle tai DIN-kiskoon<\/strong>.<\/li>\n<li data-start=\"2879\" data-end=\"2943\"><strong data-start=\"2882\" data-end=\"2940\">Liit\u00e4 virtal\u00e4hde (230 V AC, 50 Hz, max 0,02 A)<\/strong>.<\/li>\n<li data-start=\"2944\" data-end=\"3048\"><strong data-start=\"2947\" data-end=\"3002\">Liit\u00e4 valinnaiset painikkeet tai muut tulot<\/strong> (esimerkiksi liiketunnistin tai py\u00f6riv\u00e4 sovitin).<\/li>\n<li data-start=\"3049\" data-end=\"3129\"><strong data-start=\"3052\" data-end=\"3089\">M\u00e4\u00e4rit\u00e4 laite Plejd-sovelluksessa<\/strong> ja mukauta toimintoja tarpeen mukaan.<\/li>\n<\/ol>\n<p data-start=\"3131\" data-end=\"3247\">EXT-01 k\u00e4ynnistyy automaattisesti <strong data-start=\"3170\" data-end=\"3233\">laajentaa kantamaa ja kommunikoida muiden Plejd-laitteiden kanssa<\/strong> j\u00e4rjestelm\u00e4ss\u00e4.<\/p>\n<h3 data-start=\"3249\" data-end=\"3283\"><strong data-start=\"3253\" data-end=\"3281\">Tekniset tiedot<\/strong><\/h3>\n<ul data-start=\"3285\" data-end=\"3853\">\n<li data-start=\"3285\" data-end=\"3307\"><strong data-start=\"3287\" data-end=\"3298\">Malli:<\/strong> EXT-01<\/li>\n<li data-start=\"3308\" data-end=\"3354\"><strong data-start=\"3310\" data-end=\"3326\">Verkkoj\u00e4nnite:<\/strong> 230V \/ 50Hz, max 0,02A<\/li>\n<li data-start=\"3355\" data-end=\"3383\"><strong data-start=\"3357\" data-end=\"3375\">Valmiustilan teho:<\/strong> 0,2W<\/li>\n<li data-start=\"3384\" data-end=\"3439\"><strong data-start=\"3386\" data-end=\"3421\">K\u00e4ytt\u00f6l\u00e4mp\u00f6tila (laatikon ulkopuolella):<\/strong> -25 - +35 \u00b0C<\/li>\n<li data-start=\"3440\" data-end=\"3489\"><strong data-start=\"3442\" data-end=\"3460\">Akun varmuuskopiointi:<\/strong> Jopa 10 vuoden tehoreservi<\/li>\n<li data-start=\"3490\" data-end=\"3526\"><strong data-start=\"3492\" data-end=\"3508\">Mitat:<\/strong> 46 x 46 x 18 mm<\/li>\n<li data-start=\"3527\" data-end=\"3557\"><strong data-start=\"3529\" data-end=\"3543\">Kaapelialue:<\/strong> 0,5-4,0 mm\u00b2<\/li>\n<li data-start=\"3558\" data-end=\"3613\"><strong data-start=\"3560\" data-end=\"3576\">Radioj\u00e4rjestelm\u00e4:<\/strong> 2,4 GHz mesh, Bluetooth\u00ae (&lt;10 dBm)<\/li>\n<li data-start=\"3614\" data-end=\"3656\"><strong data-start=\"3616\" data-end=\"3634\">Radion kantama:<\/strong> Noin 10 metri\u00e4 sis\u00e4ll\u00e4<\/li>\n<li data-start=\"3657\" data-end=\"3685\"><strong data-start=\"3659\" data-end=\"3678\">Suojausluokka:<\/strong> IP20<\/li>\n<li data-start=\"3686\" data-end=\"3711\"><strong data-start=\"3688\" data-end=\"3707\">Tulojen m\u00e4\u00e4r\u00e4:<\/strong> 2<\/li>\n<li data-start=\"3712\" data-end=\"3756\"><strong data-start=\"3714\" data-end=\"3741\">Tuloj\u00e4nnitetyyppi:<\/strong> AC 220-240V<\/li>\n<li data-start=\"3757\" data-end=\"3853\"><strong data-start=\"3759\" data-end=\"3784\">Asennusvaihtoehdot:<\/strong> Laitteen kotelo, sein\u00e4 tai DIN-kisko (asennuspidikkeell\u00e4, MNT-01)<\/li>\n<\/ul>\n<h3 data-start=\"3855\" data-end=\"3899\"><strong data-start=\"3859\" data-end=\"3897\">Plaid-verkon ja EXT-01:n edut<\/strong><\/h3>\n<p data-start=\"3900\" data-end=\"4183\">Ruudullinen verkko on a <strong data-start=\"3917\" data-end=\"3961\">itsekorjautuva ja skaalautuva verkkoratkaisu<\/strong> jossa jokainen laite kommunikoi muiden laitteiden kanssa optimaalisen yhteyden varmistamiseksi.<\/p>\n<p data-start=\"3900\" data-end=\"4183\">K\u00e4ytt\u00e4m\u00e4ll\u00e4 EXT-01 voit <strong data-start=\"4081\" data-end=\"4103\">laajentaa verkkoa<\/strong> ja mahdollistaa samalla enemm\u00e4n ohjausvaihtoehtoja \u00e4lykk\u00e4\u00e4ss\u00e4 valaistusj\u00e4rjestelm\u00e4ss\u00e4si.<\/p>\n<h3 data-start=\"4185\" data-end=\"4203\"><strong data-start=\"4189\" data-end=\"4201\">Johtop\u00e4\u00e4t\u00f6s<\/strong><\/h3>\n<p data-start=\"4204\" data-end=\"4544\">Plejd Extender 2xIN BAT Mesh BT (EXT-01) on monipuolinen ja tehokas laite, joka <strong data-start=\"4290\" data-end=\"4357\">laajentaa Plejd-verkon valikoimaa ja toimii ohjausmoduulina<\/strong> muille laitteille.<\/p>\n<p data-start=\"4204\" data-end=\"4544\">Kanssa <strong data-start=\"4381\" data-end=\"4409\">integroitu akun varmuuskopiointi<\/strong>, kaksi tuloa painikkeille ja helppo asennus, t\u00e4m\u00e4 on a <strong data-start=\"4476\" data-end=\"4496\">pakollinen tuote<\/strong> kaikille, jotka haluavat optimoida Plejd-j\u00e4rjestelm\u00e4ns\u00e4.<\/p>\n<p>&nbsp;<\/p>","protected":false},"excerpt":{"rendered":"<p>Plejd Extender (EXT-01) laajentaa Plejd-verkon valikoimaa ja varmistaa, ett\u00e4 aikatoiminnot, kuten astrokello, toimivat jopa s\u00e4hk\u00f6katkon aikana integroidun akkuvarmistuksen ansiosta.<\/p>\n<p>Plejd-laitteiden langaton ohjaus painikkeen, liiketunnistimen tai py\u00f6riv\u00e4n sovittimen avulla.<\/p>\n<p>Helppo asentaa kytkent\u00e4rasiaan tai DIN-kiskoon.<\/p>","protected":false},"featured_media":148043,"template":"","meta":{"_acf_changed":false},"product_brand":[],"product_cat":[4656],"product_tag":[4670],"class_list":{"0":"post-148044","1":"product","2":"type-product","3":"status-publish","4":"has-post-thumbnail","6":"product_cat-plejd-controller-extender","7":"product_tag-plejd","8":"product_shipping_class-postnord-varubrev","9":"pa_brands-plejd","10":"tm-has-options","12":"first","13":"instock","14":"sale","15":"taxable","16":"shipping-taxable","17":"purchasable","18":"product-type-simple"},"acf":[],"_links":{"self":[{"href":"https:\/\/secureus.se\/fi\/wp-json\/wp\/v2\/product\/148044","targetHints":{"allow":["GET"]}}],"collection":[{"href":"https:\/\/secureus.se\/fi\/wp-json\/wp\/v2\/product"}],"about":[{"href":"https:\/\/secureus.se\/fi\/wp-json\/wp\/v2\/types\/product"}],"wp:featuredmedia":[{"embeddable":true,"href":"https:\/\/secureus.se\/fi\/wp-json\/wp\/v2\/media\/148043"}],"wp:attachment":[{"href":"https:\/\/secureus.se\/fi\/wp-json\/wp\/v2\/media?parent=148044"}],"wp:term":[{"taxonomy":"product_brand","embeddable":true,"href":"https:\/\/secureus.se\/fi\/wp-json\/wp\/v2\/product_brand?post=148044"},{"taxonomy":"product_cat","embeddable":true,"href":"https:\/\/secureus.se\/fi\/wp-json\/wp\/v2\/product_cat?post=148044"},{"taxonomy":"product_tag","embeddable":true,"href":"https:\/\/secureus.se\/fi\/wp-json\/wp\/v2\/product_tag?post=148044"}],"curies":[{"name":"wp","href":"https:\/\/api.w.org\/{rel}","templated":true}]}}