{"id":148046,"date":"2025-02-25T12:22:24","date_gmt":"2025-02-25T11:22:24","guid":{"rendered":"https:\/\/secureus.se\/?post_type=product&#038;p=148046"},"modified":"2026-04-23T10:17:56","modified_gmt":"2026-04-23T08:17:56","slug":"plejd-rela-rel-01-2p-1-2-pol-16a-13a-mesh-bluetooth","status":"publish","type":"product","link":"https:\/\/secureus.se\/fi\/plejd-rela-rel-01-2p-1-2-pol-16a-13a-mesh-bluetooth\/","title":{"rendered":"Plejd Rele REL-01-2P 1\/2-napainen 16A\/13A Mesh Bluetooth"},"content":{"rendered":"<h1 data-start=\"480\" data-end=\"539\"><strong data-start=\"484\" data-end=\"537\">Edistyksellinen relekytkin \u00e4lykk\u00e4ille valaistusj\u00e4rjestelmille<\/strong><\/h1>\n<p data-start=\"540\" data-end=\"762\">Plejd Relay 1\/2-napainen 16A\/13A Mesh BT (REL-01-2P) on monipuolinen ja tehokas <strong data-start=\"617\" data-end=\"661\">relekytkin \u00e4lykk\u00e4\u00e4seen valaistuksen ohjaukseen<\/strong>.<\/p>\n<p data-start=\"540\" data-end=\"762\">Sill\u00e4 on tukea <strong data-start=\"680\" data-end=\"709\">1- tai 2-napainen kytkin<\/strong>, mik\u00e4 tekee siit\u00e4 joustavan erilaisiin asennuksiin.<\/p>\n<ul data-start=\"764\" data-end=\"978\">\n<li data-start=\"764\" data-end=\"849\"><strong data-start=\"766\" data-end=\"790\">1-napaisen katkeamisen tapauksessa<\/strong> yksikk\u00f6 kest\u00e4\u00e4 jopa kuorman <strong data-start=\"831\" data-end=\"846\">16A (3500W)<\/strong>.<\/li>\n<li data-start=\"850\" data-end=\"978\"><strong data-start=\"852\" data-end=\"876\">2-napaisen kytkenn\u00e4n tapauksessa<\/strong> on suurin virta <strong data-start=\"894\" data-end=\"909\">13A (3000W)<\/strong>, mik\u00e4 tekee siit\u00e4 ihanteellisen <strong data-start=\"939\" data-end=\"975\">turvallisuutta vaativat asennukset<\/strong>.<\/li>\n<\/ul>\n<p data-start=\"980\" data-end=\"1145\">REL-01-2P on varustettu <strong data-start=\"1006\" data-end=\"1035\">nollapisteen tunnistus<\/strong> ja <strong data-start=\"1040\" data-end=\"1055\">katkaisijan suojaus<\/strong>, joka minimoi kulumisen ja pident\u00e4\u00e4 sek\u00e4 releen ett\u00e4 kytkettyjen kuormien k\u00e4ytt\u00f6ik\u00e4\u00e4.<\/p>\n<h3 data-start=\"1147\" data-end=\"1204\"><strong data-start=\"1151\" data-end=\"1202\">Langaton ohjaus ja integroidut ajastustoiminnot<\/strong><\/h3>\n<p data-start=\"1205\" data-end=\"1230\">Laitetta voidaan ohjata seuraavilla tavoilla:<\/p>\n<ul data-start=\"1232\" data-end=\"1574\">\n<li data-start=\"1232\" data-end=\"1305\"><strong data-start=\"1234\" data-end=\"1249\">Plejd-sovellus<\/strong> \u2013 Valaistuksen t\u00e4ysi hallinta suoraan matkapuhelimesta.<\/li>\n<li data-start=\"1306\" data-end=\"1368\"><strong data-start=\"1308\" data-end=\"1336\">Jousipalautuspainike<\/strong> \u2013 Suoraan fyysiseen ohjaukseen.<\/li>\n<li data-start=\"1369\" data-end=\"1456\"><strong data-start=\"1371\" data-end=\"1406\">Kytkin tai liiketunnistin<\/strong> \u2013 Automaattinen aktivointi liikkeen perusteella.<\/li>\n<li data-start=\"1457\" data-end=\"1574\"><strong data-start=\"1459\" data-end=\"1477\">Aikafunktiot<\/strong> \u2013 REL-01-2P:ss\u00e4 on sis\u00e4\u00e4nrakennettu ajastin, astro- ja viikkokellotoiminnot <strong data-start=\"1544\" data-end=\"1571\">automaattinen valons\u00e4\u00e4t\u00f6<\/strong>.<\/li>\n<\/ul>\n<p data-start=\"1576\" data-end=\"1706\">Voit my\u00f6s luoda <strong data-start=\"1594\" data-end=\"1621\">skenaarioita Plejd-sovelluksessa<\/strong> ja ohjata yht\u00e4 tai useampaa laitetta samanaikaisesti matkapuhelimella, tabletilla tai painikkeella.<\/p>\n<h3 data-start=\"1708\" data-end=\"1772\"><strong data-start=\"1712\" data-end=\"1770\">Helppo asennus ja monipuoliset asennusvaihtoehdot<\/strong><\/h3>\n<p data-start=\"1773\" data-end=\"1841\">REL-01-2P voidaan asentaa useilla tavoilla eri tarpeisiin:<\/p>\n<ul data-start=\"1843\" data-end=\"2028\">\n<li data-start=\"1843\" data-end=\"1901\"><strong data-start=\"1845\" data-end=\"1862\">Laitteen laatikossa<\/strong> \u2013 Painikepainikkeen tai laatikon kannen takana.<\/li>\n<li data-start=\"1902\" data-end=\"1952\"><strong data-start=\"1904\" data-end=\"1915\">Sein\u00e4ll\u00e4<\/strong> \u2013 Joustavampiin asennuksiin.<\/li>\n<li data-start=\"1953\" data-end=\"2028\"><strong data-start=\"1955\" data-end=\"1971\">DIN-kiskoon<\/strong> \u2013 Kiinnityspidikkeen (MNT-01, ei sis\u00e4lly toimitukseen) k\u00e4ytt\u00e4minen.<\/li>\n<\/ul>\n<p data-start=\"2030\" data-end=\"2120\">Kompakti koko (46x46x18 mm) tekee sen asentamisesta helppoa <strong data-start=\"2098\" data-end=\"2117\">ahtaat tilat<\/strong>.<\/p>\n<h3 data-start=\"2122\" data-end=\"2162\"><strong data-start=\"2126\" data-end=\"2160\">Tuotteen ominaisuudet ja edut<\/strong><\/h3>\n<ul data-start=\"2164\" data-end=\"2767\">\n<li data-start=\"2164\" data-end=\"2244\"><strong data-start=\"2166\" data-end=\"2186\">Langaton ohjaus<\/strong> \u2013 Ohjaa laitetta Plejd-sovelluksella tai painikkeella.<\/li>\n<li data-start=\"2245\" data-end=\"2320\"><strong data-start=\"2247\" data-end=\"2283\">Tuki 1- ja 2-napaiselle kytkenn\u00e4lle<\/strong> \u2013 Mukauta asennusvaatimusten mukaan.<\/li>\n<li data-start=\"2321\" data-end=\"2403\"><strong data-start=\"2323\" data-end=\"2371\">Max teho 3500W (1-napainen) tai 3000W (2-napainen)<\/strong> \u2013 Tuki voimakkaille kuormille.<\/li>\n<li data-start=\"2404\" data-end=\"2490\"><strong data-start=\"2406\" data-end=\"2435\">Nollaristeyksen tunnistus<\/strong> \u2013 Suojaa kytkettyj\u00e4 kuormia ja pident\u00e4\u00e4 k\u00e4ytt\u00f6ik\u00e4\u00e4.<\/li>\n<li data-start=\"2491\" data-end=\"2551\"><strong data-start=\"2493\" data-end=\"2520\">Sis\u00e4\u00e4nrakennetut aikatoiminnot<\/strong> \u2013 Ajastin, astro ja viikkokello.<\/li>\n<li data-start=\"2552\" data-end=\"2610\"><strong data-start=\"2554\" data-end=\"2576\">Tuki skenaarioille<\/strong> \u2013 Ohjaa useita laitteita samanaikaisesti.<\/li>\n<li data-start=\"2611\" data-end=\"2699\"><strong data-start=\"2613\" data-end=\"2642\">Yhteensopiva Plejd-verkon kanssa<\/strong> \u2013 Laajentaa \u00e4lykk\u00e4\u00e4n valaistusj\u00e4rjestelm\u00e4n valikoimaa.<\/li>\n<li data-start=\"2700\" data-end=\"2767\"><strong data-start=\"2702\" data-end=\"2720\">Energiatehokas<\/strong> \u2013 Alhainen kulutus vain valmiustilassa <strong data-start=\"2756\" data-end=\"2764\">0,3W<\/strong>.<\/li>\n<\/ul>\n<h3 data-start=\"2769\" data-end=\"2806\"><strong data-start=\"2773\" data-end=\"2804\">Asennus ja k\u00e4ytt\u00f6<\/strong><\/h3>\n<ol data-start=\"2807\" data-end=\"3098\">\n<li data-start=\"2807\" data-end=\"2877\"><strong data-start=\"2810\" data-end=\"2874\">Aseta laite kytkent\u00e4rasiaan, sein\u00e4lle tai DIN-kiskoon<\/strong>.<\/li>\n<li data-start=\"2878\" data-end=\"2948\"><strong data-start=\"2881\" data-end=\"2925\">Liit\u00e4 kuormat asennusvaatimusten mukaisesti<\/strong> (1-napainen tai 2-napainen).<\/li>\n<li data-start=\"2949\" data-end=\"3020\"><strong data-start=\"2952\" data-end=\"2989\">M\u00e4\u00e4rit\u00e4 laite Plejd-sovelluksessa<\/strong> ja mukauta asetuksia.<\/li>\n<li data-start=\"3021\" data-end=\"3098\"><strong data-start=\"3024\" data-end=\"3095\">Aloita valaistuksen ohjaaminen sovelluksen, painikkeiden tai liiketunnistimien avulla<\/strong>.<\/li>\n<\/ol>\n<h3 data-start=\"3100\" data-end=\"3134\"><strong data-start=\"3104\" data-end=\"3132\">Tekniset tiedot<\/strong><\/h3>\n<ul data-start=\"3136\" data-end=\"3902\">\n<li data-start=\"3136\" data-end=\"3161\"><strong data-start=\"3138\" data-end=\"3149\">Malli:<\/strong> REL-01-2P<\/li>\n<li data-start=\"3162\" data-end=\"3194\"><strong data-start=\"3164\" data-end=\"3180\">Verkkoj\u00e4nnite:<\/strong> 230V \/ 50Hz<\/li>\n<li data-start=\"3195\" data-end=\"3223\"><strong data-start=\"3197\" data-end=\"3215\">Valmiustilan teho:<\/strong> 0,3W<\/li>\n<li data-start=\"3224\" data-end=\"3264\"><strong data-start=\"3226\" data-end=\"3246\">K\u00e4ytt\u00f6l\u00e4mp\u00f6tila:<\/strong> -25 - +35 \u00b0C<\/li>\n<li data-start=\"3265\" data-end=\"3301\"><strong data-start=\"3267\" data-end=\"3283\">Mitat:<\/strong> 46 x 46 x 18 mm<\/li>\n<li data-start=\"3302\" data-end=\"3332\"><strong data-start=\"3304\" data-end=\"3318\">Kaapelialue:<\/strong> 0,5-4,0 mm\u00b2<\/li>\n<li data-start=\"3333\" data-end=\"3411\"><strong data-start=\"3335\" data-end=\"3351\">Katkaisukyky:<\/strong>\n<ul data-start=\"3356\" data-end=\"3411\">\n<li data-start=\"3356\" data-end=\"3382\">1-napainen: <strong data-start=\"3365\" data-end=\"3380\">16A (3500W)<\/strong><\/li>\n<li data-start=\"3385\" data-end=\"3411\">2-napainen: <strong data-start=\"3394\" data-end=\"3409\">13A (3000W)<\/strong><\/li>\n<\/ul>\n<\/li>\n<li data-start=\"3412\" data-end=\"3589\"><strong data-start=\"3414\" data-end=\"3428\">Kuormatyypit:<\/strong>\n<ul data-start=\"3433\" data-end=\"3589\">\n<li data-start=\"3433\" data-end=\"3471\">Halogeeni\/hehkulamppu (230V): <strong data-start=\"3460\" data-end=\"3469\">3500W<\/strong><\/li>\n<li data-start=\"3474\" data-end=\"3498\">LED-kuormat: <strong data-start=\"3488\" data-end=\"3496\">800W<\/strong><\/li>\n<li data-start=\"3501\" data-end=\"3522\">Loistelamput: <strong data-start=\"3511\" data-end=\"3520\">1500W<\/strong><\/li>\n<li data-start=\"3525\" data-end=\"3589\">Pienj\u00e4nnitehalogeeni elektroninen\/perinteinen: <strong data-start=\"3570\" data-end=\"3587\">1500W \/ 1200W<\/strong><\/li>\n<\/ul>\n<\/li>\n<li data-start=\"3590\" data-end=\"3687\"><strong data-start=\"3592\" data-end=\"3602\">Suojaus:<\/strong>\n<ul data-start=\"3607\" data-end=\"3687\">\n<li data-start=\"3607\" data-end=\"3650\">Nollan ylityksen tunnistus (katkaisijan suojaus)<\/li>\n<li data-start=\"3653\" data-end=\"3687\">Ylikuumenemissuoja (ohjelmisto)<\/li>\n<\/ul>\n<\/li>\n<li data-start=\"3688\" data-end=\"3733\"><strong data-start=\"3690\" data-end=\"3706\">Radioj\u00e4rjestelm\u00e4:<\/strong> 2,4 GHz mesh, Bluetooth\u00ae<\/li>\n<li data-start=\"3734\" data-end=\"3776\"><strong data-start=\"3736\" data-end=\"3754\">Radion kantama:<\/strong> Noin 10 metri\u00e4 sis\u00e4ll\u00e4<\/li>\n<li data-start=\"3777\" data-end=\"3805\"><strong data-start=\"3779\" data-end=\"3798\">Suojausluokka:<\/strong> IP20<\/li>\n<li data-start=\"3806\" data-end=\"3902\"><strong data-start=\"3808\" data-end=\"3833\">Asennusvaihtoehdot:<\/strong> Laitteen kotelo, sein\u00e4 tai DIN-kisko (asennuspidikkeell\u00e4, MNT-01)<\/li>\n<\/ul>\n<h3 data-start=\"3904\" data-end=\"3970\"><strong data-start=\"3908\" data-end=\"3968\">T\u00e4ydellinen \u00e4lykk\u00e4isiin koteihin ja ammattiasennuksiin<\/strong><\/h3>\n<p data-start=\"3971\" data-end=\"4239\">Plejd REL-01-2P sopii molemmille <strong data-start=\"4008\" data-end=\"4055\">yksityiskoteihin ja kaupallisiin kohteisiin<\/strong> miss\u00e4 tarvitaan \u00e4lyk\u00e4st\u00e4 ja joustavaa valaistuksen ohjausta.<\/p>\n<p data-start=\"3971\" data-end=\"4239\">Ansiosta <strong data-start=\"4116\" data-end=\"4137\">Plaid-verkkotekniikka<\/strong> voitko <strong data-start=\"4145\" data-end=\"4170\">laajentaa verkostoasi<\/strong> ja varmistaa <strong data-start=\"4187\" data-end=\"4236\">vakaa langaton tiedonsiirto laitteiden v\u00e4lill\u00e4<\/strong>.<\/p>\n<h3 data-start=\"4241\" data-end=\"4259\"><strong data-start=\"4245\" data-end=\"4257\">Johtop\u00e4\u00e4t\u00f6s<\/strong><\/h3>\n<p data-start=\"4260\" data-end=\"4618\">Plejd Relay 1\/2-napainen 16A\/13A Mesh BT (REL-01-2P) on tehokas ja joustava ratkaisu <strong data-start=\"4348\" data-end=\"4403\">langaton valaistuksen ja s\u00e4hk\u00f6kuormien ohjaus<\/strong>.<\/p>\n<p data-start=\"4260\" data-end=\"4618\">Molempien tuella <strong data-start=\"4423\" data-end=\"4450\">1- ja 2-napainen kytkent\u00e4<\/strong>, <strong data-start=\"4452\" data-end=\"4488\">langaton ohjaus Plejd-sovelluksen kautta<\/strong> ja <strong data-start=\"4493\" data-end=\"4520\">sis\u00e4\u00e4nrakennetut aikatoiminnot<\/strong> onko t\u00e4m\u00e4 a <strong data-start=\"4533\" data-end=\"4551\">pakollinen laite<\/strong> kaikille, jotka haluavat <strong data-start=\"4573\" data-end=\"4615\">\u00e4lyk\u00e4s ja energiatehokas s\u00e4hk\u00f6j\u00e4rjestelm\u00e4<\/strong>.<\/p>\n<p data-start=\"2030\" data-end=\"2120\">","protected":false},"excerpt":{"rendered":"<p>Plejd Relay (REL-01-2P) on langaton relekytkin, joka tukee 1- tai 2-napaista kytkent\u00e4\u00e4.<\/p>\n<p>Maksimivirta: 16A 1-napaisessa, 13A 2-napaisessa.<\/p>\n<p>Ohjaus sovelluksella, painikkeella tai liiketunnistimella. Mukana ovat aikatoiminnot, kuten astro ja viikkokello.<\/p>\n<p>Asenna kytkent\u00e4rasiaan tai DIN-kiskoon.<\/p>","protected":false},"featured_media":148045,"template":"","meta":{"_acf_changed":false},"product_brand":[],"product_cat":[4660],"product_tag":[4670],"class_list":{"0":"post-148046","1":"product","2":"type-product","3":"status-publish","4":"has-post-thumbnail","6":"product_cat-plejd-relaer-led","7":"product_tag-plejd","8":"product_shipping_class-postnord-varubrev","9":"pa_brands-plejd","10":"tm-has-options","12":"first","13":"instock","14":"sale","15":"taxable","16":"shipping-taxable","17":"purchasable","18":"product-type-simple"},"acf":[],"_links":{"self":[{"href":"https:\/\/secureus.se\/fi\/wp-json\/wp\/v2\/product\/148046","targetHints":{"allow":["GET"]}}],"collection":[{"href":"https:\/\/secureus.se\/fi\/wp-json\/wp\/v2\/product"}],"about":[{"href":"https:\/\/secureus.se\/fi\/wp-json\/wp\/v2\/types\/product"}],"wp:featuredmedia":[{"embeddable":true,"href":"https:\/\/secureus.se\/fi\/wp-json\/wp\/v2\/media\/148045"}],"wp:attachment":[{"href":"https:\/\/secureus.se\/fi\/wp-json\/wp\/v2\/media?parent=148046"}],"wp:term":[{"taxonomy":"product_brand","embeddable":true,"href":"https:\/\/secureus.se\/fi\/wp-json\/wp\/v2\/product_brand?post=148046"},{"taxonomy":"product_cat","embeddable":true,"href":"https:\/\/secureus.se\/fi\/wp-json\/wp\/v2\/product_cat?post=148046"},{"taxonomy":"product_tag","embeddable":true,"href":"https:\/\/secureus.se\/fi\/wp-json\/wp\/v2\/product_tag?post=148046"}],"curies":[{"name":"wp","href":"https:\/\/api.w.org\/{rel}","templated":true}]}}