{"id":148050,"date":"2025-02-25T12:22:24","date_gmt":"2025-02-25T11:22:24","guid":{"rendered":"https:\/\/secureus.se\/?post_type=product&#038;p=148050"},"modified":"2026-04-08T16:32:11","modified_gmt":"2026-04-08T14:32:11","slug":"plejd-kronrela-rel-02-16a-2-mesh-bluetooth","status":"publish","type":"product","link":"https:\/\/secureus.se\/fi\/plejd-kronrela-rel-02-16a-2-mesh-bluetooth\/","title":{"rendered":"Plejd Crown Relay REL-02 16A\/2 Mesh Bluetooth"},"content":{"rendered":"<h1 data-start=\"505\" data-end=\"567\"><strong data-start=\"509\" data-end=\"565\">\u00c4lyk\u00e4s releohjaus \u00e4lykk\u00e4ille valaistusj\u00e4rjestelmille<\/strong><\/h1>\n<p data-start=\"568\" data-end=\"911\">Plejd Crown Relay 16A\/2 Mesh Bluetooth (REL-02) on a <strong data-start=\"619\" data-end=\"657\">tehokas ja joustava relekytkin<\/strong> valaistuksen ja muiden s\u00e4hk\u00f6kuormien ohjaamiseen.<\/p>\n<p data-start=\"568\" data-end=\"911\">Kanssa <strong data-start=\"717\" data-end=\"746\">kaksi erillist\u00e4 relel\u00e4ht\u00f6\u00e4<\/strong> laitetta voidaan k\u00e4ytt\u00e4\u00e4 <strong data-start=\"776\" data-end=\"827\">katkaise vaihe (L) yhteen tai kahteen erilliseen kuormaan<\/strong>, esimerkiksi porrasliit\u00e4nn\u00e4ss\u00e4 tai ohjaamaan kahta valaistusryhm\u00e4\u00e4 erikseen.<\/p>\n<p data-start=\"913\" data-end=\"1172\">The <strong data-start=\"917\" data-end=\"949\">suurin katkaisukapasiteetti on 16A<\/strong>, mik\u00e4 tekee siit\u00e4 t\u00e4ydellisen <strong data-start=\"978\" data-end=\"1015\">vaativat valaistusasennukset<\/strong>.<\/p>\n<p data-start=\"913\" data-end=\"1172\">Tuen kanssa <strong data-start=\"1030\" data-end=\"1075\">nollapisteen tunnistus ja katkaisijan suojaus<\/strong> Sek\u00e4 releen ett\u00e4 kytkettyjen kuormien kuluminen on minimoitu, mik\u00e4 pident\u00e4\u00e4 tuotteen k\u00e4ytt\u00f6ik\u00e4\u00e4.<\/p>\n<h3 data-start=\"1174\" data-end=\"1219\"><strong data-start=\"1178\" data-end=\"1217\">Langaton ohjaus ja automaatio<\/strong><\/h3>\n<p data-start=\"1220\" data-end=\"1260\">Plejd REL-02:ta voidaan ohjata useilla tavoilla:<\/p>\n<ul data-start=\"1262\" data-end=\"1566\">\n<li data-start=\"1262\" data-end=\"1310\"><strong data-start=\"1264\" data-end=\"1279\">Plejd-sovellus<\/strong> \u2013 T\u00e4ysi hallinta matkapuhelimella.<\/li>\n<li data-start=\"1311\" data-end=\"1369\"><strong data-start=\"1313\" data-end=\"1341\">Jousipalautuspainike<\/strong> \u2013 Suora fyysinen ohjaus.<\/li>\n<li data-start=\"1370\" data-end=\"1450\"><strong data-start=\"1372\" data-end=\"1407\">Kytkin tai liiketunnistin<\/strong> \u2013 Automaattiseen sytytykseen ja sammutukseen.<\/li>\n<li data-start=\"1451\" data-end=\"1566\"><strong data-start=\"1453\" data-end=\"1480\">Sis\u00e4\u00e4nrakennetut aikatoiminnot<\/strong> \u2013 REL-02:ssa on sis\u00e4\u00e4nrakennettu ajastin, astro- ja viikkokellot automaattista valaistuksen ohjausta varten.<\/li>\n<\/ul>\n<p data-start=\"1568\" data-end=\"1748\">\u00c4lyk\u00e4s <strong data-start=\"1579\" data-end=\"1601\">skenaarion hallinta<\/strong> helpottaa valaistuksen s\u00e4\u00e4t\u00e4mist\u00e4 tarpeen mukaan ja yksikk\u00f6 voidaan my\u00f6s integroida muihin <strong data-start=\"1696\" data-end=\"1715\">Plaid tuotteet<\/strong> varten <strong data-start=\"1720\" data-end=\"1745\">langaton ryhm\u00e4ohjaus<\/strong>.<\/p>\n<h3 data-start=\"1750\" data-end=\"1814\"><strong data-start=\"1754\" data-end=\"1812\">Helppo asennus ja monipuoliset asennusvaihtoehdot<\/strong><\/h3>\n<p data-start=\"1815\" data-end=\"1881\">REL-02 voidaan asentaa useilla tavoilla asennusvaatimuksista riippuen:<\/p>\n<ul data-start=\"1883\" data-end=\"2060\">\n<li data-start=\"1883\" data-end=\"1943\"><strong data-start=\"1885\" data-end=\"1902\">Laitteen laatikossa<\/strong> \u2013 T\u00e4ydellinen hienovaraisiin asennuksiin.<\/li>\n<li data-start=\"1944\" data-end=\"1993\"><strong data-start=\"1946\" data-end=\"1957\">Sein\u00e4ll\u00e4<\/strong> \u2013 Voidaan asentaa pinta-asennuksena.<\/li>\n<li data-start=\"1994\" data-end=\"2060\"><strong data-start=\"1996\" data-end=\"2012\">DIN-kiskoon<\/strong> \u2013 Kiinnityspidikkeell\u00e4 (MNT-01, ei sis\u00e4lly toimitukseen).<\/li>\n<\/ul>\n<p data-start=\"2062\" data-end=\"2171\">The <strong data-start=\"2066\" data-end=\"2101\">kompakti muotoilu (46x46x18 mm)<\/strong> T\u00e4m\u00e4 tarkoittaa, ett\u00e4 yksikk\u00f6 mahtuu helposti my\u00f6s ahtaisiin asennustiloihin.<\/p>\n<h3 data-start=\"2173\" data-end=\"2213\"><strong data-start=\"2177\" data-end=\"2211\">Tuotteen ominaisuudet ja edut<\/strong><\/h3>\n<ul data-start=\"2215\" data-end=\"2855\">\n<li data-start=\"2215\" data-end=\"2281\"><strong data-start=\"2217\" data-end=\"2246\">Kaksi erillist\u00e4 relel\u00e4ht\u00f6\u00e4<\/strong> \u2013 Voi ohjata kahta erillist\u00e4 kuormaa.<\/li>\n<li data-start=\"2282\" data-end=\"2368\"><strong data-start=\"2284\" data-end=\"2319\">Langaton ohjaus Plejd meshin kautta<\/strong> \u2013 Integroituu \u00e4lyvalaistusverkkoon.<\/li>\n<li data-start=\"2369\" data-end=\"2446\"><strong data-start=\"2371\" data-end=\"2397\">Max teho 3500W (16A)<\/strong> \u2013 T\u00e4ydellinen suurempiin valaistusasennuksiin.<\/li>\n<li data-start=\"2447\" data-end=\"2533\"><strong data-start=\"2449\" data-end=\"2478\">Nollaristeyksen tunnistus<\/strong> \u2013 Suojaa kytkettyj\u00e4 kuormia ja pident\u00e4\u00e4 k\u00e4ytt\u00f6ik\u00e4\u00e4.<\/li>\n<li data-start=\"2534\" data-end=\"2621\"><strong data-start=\"2536\" data-end=\"2579\">Aikatoiminnot (astro, viikkokello, ajastin)<\/strong> \u2013 Automatisoituun valaistuksen ohjaukseen.<\/li>\n<li data-start=\"2622\" data-end=\"2701\"><strong data-start=\"2624\" data-end=\"2653\">Tuki skenaarioiden hallintaan<\/strong> \u2013 Saumaton integrointi muiden Plejd-laitteiden kanssa.<\/li>\n<li data-start=\"2702\" data-end=\"2779\"><strong data-start=\"2704\" data-end=\"2725\">Alhainen valmiustilan teho<\/strong> \u2013 Energiatehokas vain <strong data-start=\"2754\" data-end=\"2762\">0,3W<\/strong> valmiustilassa.<\/li>\n<li data-start=\"2780\" data-end=\"2855\"><strong data-start=\"2782\" data-end=\"2804\">Yksinkertainen asennus<\/strong> \u2013 Voidaan asentaa laitelaatikkoon tai DIN-kiskoon.<\/li>\n<\/ul>\n<h3 data-start=\"2857\" data-end=\"2894\"><strong data-start=\"2861\" data-end=\"2892\">Asennus ja k\u00e4ytt\u00f6<\/strong><\/h3>\n<ol data-start=\"2895\" data-end=\"3193\">\n<li data-start=\"2895\" data-end=\"2961\"><strong data-start=\"2898\" data-end=\"2958\">Asenna REL-02 kytkent\u00e4rasiaan, sein\u00e4lle tai DIN-kiskoon<\/strong>.<\/li>\n<li data-start=\"2962\" data-end=\"3043\"><strong data-start=\"2965\" data-end=\"3009\">Liit\u00e4 kuormat asennusvaatimusten mukaisesti<\/strong> (yksi tai kaksi erillist\u00e4 kuormaa).<\/li>\n<li data-start=\"3044\" data-end=\"3115\"><strong data-start=\"3047\" data-end=\"3084\">M\u00e4\u00e4rit\u00e4 laite Plejd-sovelluksessa<\/strong> ja mukauta asetuksia.<\/li>\n<li data-start=\"3116\" data-end=\"3193\"><strong data-start=\"3119\" data-end=\"3190\">Aloita valaistuksen ohjaaminen sovelluksen, painikkeiden tai liiketunnistimien avulla<\/strong>.<\/li>\n<\/ol>\n<h3 data-start=\"3195\" data-end=\"3229\"><strong data-start=\"3199\" data-end=\"3227\">Tekniset tiedot<\/strong><\/h3>\n<ul data-start=\"3231\" data-end=\"3940\">\n<li data-start=\"3231\" data-end=\"3253\"><strong data-start=\"3233\" data-end=\"3244\">Malli:<\/strong> REL-02<\/li>\n<li data-start=\"3254\" data-end=\"3286\"><strong data-start=\"3256\" data-end=\"3272\">Verkkoj\u00e4nnite:<\/strong> 230V \/ 50Hz<\/li>\n<li data-start=\"3287\" data-end=\"3315\"><strong data-start=\"3289\" data-end=\"3307\">Valmiustilan teho:<\/strong> 0,3W<\/li>\n<li data-start=\"3316\" data-end=\"3356\"><strong data-start=\"3318\" data-end=\"3338\">K\u00e4ytt\u00f6l\u00e4mp\u00f6tila:<\/strong> -25 - +35 \u00b0C<\/li>\n<li data-start=\"3357\" data-end=\"3393\"><strong data-start=\"3359\" data-end=\"3375\">Mitat:<\/strong> 46 x 46 x 18 mm<\/li>\n<li data-start=\"3394\" data-end=\"3424\"><strong data-start=\"3396\" data-end=\"3410\">Kaapelialue:<\/strong> 0,5-4,0 mm\u00b2<\/li>\n<li data-start=\"3425\" data-end=\"3641\"><strong data-start=\"3427\" data-end=\"3443\">Katkaisukyky:<\/strong>\n<ul data-start=\"3448\" data-end=\"3641\">\n<li data-start=\"3448\" data-end=\"3484\"><strong data-start=\"3450\" data-end=\"3467\">Kokonaisvaikutus:<\/strong> 16A (10A + 6A)<\/li>\n<li data-start=\"3487\" data-end=\"3513\"><strong data-start=\"3489\" data-end=\"3506\">Maksimikuorman LED:<\/strong> 800W<\/li>\n<li data-start=\"3516\" data-end=\"3556\"><strong data-start=\"3518\" data-end=\"3548\">Maksimikuormitus halogeeni\/hehkulamppu:<\/strong> 3500W<\/li>\n<li data-start=\"3559\" data-end=\"3589\"><strong data-start=\"3561\" data-end=\"3581\">Suurin kuormitus loisteputki:<\/strong> 1500W<\/li>\n<li data-start=\"3592\" data-end=\"3641\"><strong data-start=\"3594\" data-end=\"3633\">Suurin kuormitus elektroninen muuntaja:<\/strong> 1500W<\/li>\n<\/ul>\n<\/li>\n<li data-start=\"3642\" data-end=\"3725\"><strong data-start=\"3644\" data-end=\"3654\">Suojaus:<\/strong>\n<ul data-start=\"3659\" data-end=\"3725\">\n<li data-start=\"3659\" data-end=\"3688\">Nollaristeyksen tunnistus<\/li>\n<li data-start=\"3691\" data-end=\"3725\">Ylikuumenemissuoja (ohjelmisto)<\/li>\n<\/ul>\n<\/li>\n<li data-start=\"3726\" data-end=\"3771\"><strong data-start=\"3728\" data-end=\"3744\">Radioj\u00e4rjestelm\u00e4:<\/strong> 2,4 GHz mesh, Bluetooth\u00ae<\/li>\n<li data-start=\"3772\" data-end=\"3814\"><strong data-start=\"3774\" data-end=\"3792\">Radion kantama:<\/strong> Noin 10 metri\u00e4 sis\u00e4ll\u00e4<\/li>\n<li data-start=\"3815\" data-end=\"3843\"><strong data-start=\"3817\" data-end=\"3836\">Suojausluokka:<\/strong> IP20<\/li>\n<li data-start=\"3844\" data-end=\"3940\"><strong data-start=\"3846\" data-end=\"3871\">Asennusvaihtoehdot:<\/strong> Laitteen kotelo, sein\u00e4 tai DIN-kisko (asennuspidikkeell\u00e4, MNT-01)<\/li>\n<\/ul>\n<h3 data-start=\"3942\" data-end=\"4008\"><strong data-start=\"3946\" data-end=\"4006\">T\u00e4ydellinen \u00e4lykk\u00e4isiin koteihin ja ammattiasennuksiin<\/strong><\/h3>\n<p data-start=\"4009\" data-end=\"4266\">Plejd REL-02 sopii t\u00e4ydellisesti <strong data-start=\"4037\" data-end=\"4090\">yksityiskoteihin, toimistoihin, hotelleihin ja muihin kiinteist\u00f6ihin<\/strong> jossa <strong data-start=\"4095\" data-end=\"4125\">\u00e4lykk\u00e4it\u00e4 valaistusratkaisuja<\/strong> tarvitaan.<\/p>\n<p data-start=\"4009\" data-end=\"4266\">Ansiosta <strong data-start=\"4143\" data-end=\"4164\">Plaid-verkkotekniikka<\/strong> voitko <strong data-start=\"4172\" data-end=\"4197\">laajentaa verkostoasi<\/strong> ja varmistaa <strong data-start=\"4214\" data-end=\"4263\">vakaa langaton tiedonsiirto laitteiden v\u00e4lill\u00e4<\/strong>.<\/p>\n<p data-start=\"4268\" data-end=\"4447\">Riippumatta siit\u00e4 haluatko <strong data-start=\"4290\" data-end=\"4390\">sujuva manuaalinen ohjaus, automatisoidut aikatoiminnot tai t\u00e4ysi kaukos\u00e4\u00e4din sovelluksen kautta<\/strong>, REL-02 tarjoaa a <strong data-start=\"4411\" data-end=\"4444\">tehokas ja joustava ratkaisu<\/strong>.<\/p>\n<h3 data-start=\"4449\" data-end=\"4467\"><strong data-start=\"4453\" data-end=\"4465\">Johtop\u00e4\u00e4t\u00f6s<\/strong><\/h3>\n<p data-start=\"4468\" data-end=\"4789\">Plejd Crown Relay 16A\/2 Mesh Bluetooth (REL-02) on a <strong data-start=\"4519\" data-end=\"4558\">tehokas ja monipuolinen relekytkin<\/strong> \u00e4lykk\u00e4isiin valaistusasennuksiin.<\/p>\n<p data-start=\"4468\" data-end=\"4789\">Kanssa <strong data-start=\"4600\" data-end=\"4682\">kaksi erillist\u00e4 l\u00e4ht\u00f6\u00e4, tuki langattomalle ohjaukselle ja edistyneille ajoitustoiminnoille<\/strong> onko t\u00e4m\u00e4 a <strong data-start=\"4695\" data-end=\"4786\">ihanteellinen ratkaisu kaikille, jotka haluavat \u00e4lyk\u00e4st\u00e4 ja energiatehokasta valaistuksen ohjausta<\/strong>.<\/p>","protected":false},"excerpt":{"rendered":"<p>Plejd Crown rele (REL-02) mahdollistaa yhden tai kahden erillisen kuorman kytkemisen 16A asti (esim. 10+6A).<\/p>\n<p>Ohjaus sovelluksella, painikkeella tai liiketunnistimella. Sis\u00e4\u00e4nrakennetut aikatoiminnot, kuten astro ja viikkokello.<\/p>\n<p>Asennetaan laitelaatikkoon tai DIN-kiskoon.<\/p>\n<p>T\u00e4ydellinen joustavaan ja langattomaan valaistuksen ohjaukseen.<\/p>","protected":false},"featured_media":148049,"template":"","meta":{"_acf_changed":false},"product_brand":[],"product_cat":[4660],"product_tag":[4670],"class_list":{"0":"post-148050","1":"product","2":"type-product","3":"status-publish","4":"has-post-thumbnail","6":"product_cat-plejd-relaer-led","7":"product_tag-plejd","8":"product_shipping_class-postnord-varubrev","9":"pa_brands-plejd","10":"tm-has-options","12":"first","13":"instock","14":"sale","15":"taxable","16":"shipping-taxable","17":"purchasable","18":"product-type-simple"},"acf":[],"_links":{"self":[{"href":"https:\/\/secureus.se\/fi\/wp-json\/wp\/v2\/product\/148050","targetHints":{"allow":["GET"]}}],"collection":[{"href":"https:\/\/secureus.se\/fi\/wp-json\/wp\/v2\/product"}],"about":[{"href":"https:\/\/secureus.se\/fi\/wp-json\/wp\/v2\/types\/product"}],"wp:featuredmedia":[{"embeddable":true,"href":"https:\/\/secureus.se\/fi\/wp-json\/wp\/v2\/media\/148049"}],"wp:attachment":[{"href":"https:\/\/secureus.se\/fi\/wp-json\/wp\/v2\/media?parent=148050"}],"wp:term":[{"taxonomy":"product_brand","embeddable":true,"href":"https:\/\/secureus.se\/fi\/wp-json\/wp\/v2\/product_brand?post=148050"},{"taxonomy":"product_cat","embeddable":true,"href":"https:\/\/secureus.se\/fi\/wp-json\/wp\/v2\/product_cat?post=148050"},{"taxonomy":"product_tag","embeddable":true,"href":"https:\/\/secureus.se\/fi\/wp-json\/wp\/v2\/product_tag?post=148050"}],"curies":[{"name":"wp","href":"https:\/\/api.w.org\/{rel}","templated":true}]}}