{"id":148054,"date":"2025-02-25T12:22:24","date_gmt":"2025-02-25T11:22:24","guid":{"rendered":"https:\/\/secureus.se\/?post_type=product&#038;p=148054"},"modified":"2026-04-08T16:28:59","modified_gmt":"2026-04-08T14:28:59","slug":"plejd-smart-plug-spr-01-on-off-16a-mesh-bluetooth","status":"publish","type":"product","link":"https:\/\/secureus.se\/fi\/plejd-smart-plug-spr-01-on-off-16a-mesh-bluetooth\/","title":{"rendered":"Plejd Smart Plug SPR-01 p\u00e4\u00e4ll\u00e4\/pois 16A Mesh Bluetooth"},"content":{"rendered":"<h1 data-start=\"542\" data-end=\"607\"><strong data-start=\"546\" data-end=\"605\">Tee s\u00e4hk\u00f6laitteistasi \u00e4lykk\u00e4it\u00e4 Plejd Smart Plugin avulla<\/strong><\/h1>\n<p data-start=\"608\" data-end=\"875\">Plejd Smart Plug SPR-01 on a <strong data-start=\"638\" data-end=\"670\">joustava ja tehokas ratkaisu<\/strong> ohjaamaan valaistusta ja s\u00e4hk\u00f6laitteita kotona tai ty\u00f6paikalla.<\/p>\n<p data-start=\"608\" data-end=\"875\">Tekij\u00e4: <strong data-start=\"763\" data-end=\"801\">helppo liitt\u00e4\u00e4 pistorasiaan<\/strong> antaa SPR-01:n <strong data-start=\"813\" data-end=\"872\">t\u00e4ydellinen hallinta jopa 16 A (3 600 W) laitteille<\/strong>.<\/p>\n<p data-start=\"877\" data-end=\"1108\">Sit\u00e4 voidaan ohjata kautta <strong data-start=\"896\" data-end=\"911\">Plejd-sovellus<\/strong>, muiden Plejd-laitteiden kautta tai manuaalisesti <strong data-start=\"962\" data-end=\"985\">integroitu painike<\/strong> sivulla.<\/p>\n<p data-start=\"877\" data-end=\"1108\">Kaukos\u00e4\u00e4timeen ja integrointiin Google Homen, Apple HomeKitin\u00ae, Alexan ja Homeyn kanssa, a <strong data-start=\"1088\" data-end=\"1105\">Plaid Gateway<\/strong>.<\/p>\n<h3 data-start=\"1110\" data-end=\"1167\"><strong data-start=\"1114\" data-end=\"1165\">Tasainen p\u00e4\u00e4lle\/pois-ohjaus yksinkertaisiin asennuksiin<\/strong><\/h3>\n<p data-start=\"1168\" data-end=\"1294\">SPR-01 on <strong data-start=\"1178\" data-end=\"1211\">t\u00e4ydellinen p\u00e4\u00e4lle ja pois kytkemiseen<\/strong> s\u00e4hk\u00f6laitteet, mutta ovat <strong data-start=\"1239\" data-end=\"1252\">ei himmennett\u00e4v\u00e4<\/strong>. T\u00e4m\u00e4 tekee siit\u00e4 optimaalisen laitteille, kuten:<\/p>\n<ul data-start=\"1296\" data-end=\"1436\">\n<li data-start=\"1296\" data-end=\"1313\"><strong data-start=\"1298\" data-end=\"1311\">Valaistus<\/strong><\/li>\n<li data-start=\"1314\" data-end=\"1334\"><strong data-start=\"1316\" data-end=\"1332\">Tuulettimen l\u00e4mmittimet<\/strong><\/li>\n<li data-start=\"1335\" data-end=\"1356\"><strong data-start=\"1337\" data-end=\"1354\">Kahvinkeitin<\/strong><\/li>\n<li data-start=\"1357\" data-end=\"1391\"><strong data-start=\"1359\" data-end=\"1389\">S\u00e4hk\u00f6py\u00f6rien latauspisteet<\/strong><\/li>\n<li data-start=\"1392\" data-end=\"1436\"><strong data-start=\"1394\" data-end=\"1434\">Muut s\u00e4hk\u00f6kuormat 16A asti<\/strong><\/li>\n<\/ul>\n<p data-start=\"1438\" data-end=\"1594\">Se toimii molemmissa <strong data-start=\"1456\" data-end=\"1470\">riippumaton<\/strong> ja osana a <strong data-start=\"1493\" data-end=\"1515\">Ruudullinen mesh-verkko<\/strong>, miss\u00e4 signaali voi <strong data-start=\"1534\" data-end=\"1571\">laajennettu muiden Plejd-laitteiden kautta<\/strong> paremman peiton saamiseksi.<\/p>\n<h3 data-start=\"1596\" data-end=\"1643\"><strong data-start=\"1600\" data-end=\"1641\">\u00c4lyk\u00e4s ajanhallinta ja automaatio<\/strong><\/h3>\n<p data-start=\"1644\" data-end=\"1765\">Yksinkertaisen p\u00e4\u00e4lle\/pois-ohjauksen lis\u00e4ksi SPR-01:ss\u00e4 on sis\u00e4\u00e4nrakennettu <strong data-start=\"1692\" data-end=\"1710\">aikatoiminnot<\/strong>, joten se on ihanteellinen automaattiseen ohjaukseen.<\/p>\n<p data-start=\"1767\" data-end=\"2083\">\u2714 <strong data-start=\"1769\" data-end=\"1778\">Ajastin<\/strong> \u2013 Aseta automaattinen sammutus tietyn ajan kuluttua.<br data-start=\"1834\" data-end=\"1837\" \/>\u2714 <strong data-start=\"1839\" data-end=\"1851\">Astro kello<\/strong> \u2013 Synkronoi laite auringonnousun ja auringonlaskun kanssa.<br data-start=\"1903\" data-end=\"1906\" \/>\u2714 <strong data-start=\"1908\" data-end=\"1919\">Viikoittainen kello<\/strong> \u2013 Ajoita laitteet k\u00e4ynnistym\u00e4\u00e4n ja sammumaan tiettyin\u00e4 aikoina.<br data-start=\"1986\" data-end=\"1989\" \/>\u2714 <strong data-start=\"1991\" data-end=\"2004\">Skenaario<\/strong> \u2013 K\u00e4ytet\u00e4\u00e4n yhdess\u00e4 Plejd-sovelluksen kanssa useiden laitteiden ohjaamiseen samanaikaisesti.<\/p>\n<h3 data-start=\"2085\" data-end=\"2127\"><strong data-start=\"2089\" data-end=\"2125\">Helppok\u00e4ytt\u00f6inen ja joustava ohjaus<\/strong><\/h3>\n<p data-start=\"2128\" data-end=\"2162\">SPR-01:t\u00e4 voidaan ohjata useilla tavoilla:<\/p>\n<ul data-start=\"2164\" data-end=\"2374\">\n<li data-start=\"2164\" data-end=\"2201\"><strong data-start=\"2166\" data-end=\"2181\">Plejd-sovellus<\/strong> (iOS ja Android)<\/li>\n<li data-start=\"2202\" data-end=\"2248\"><strong data-start=\"2204\" data-end=\"2246\">Painikkeita tai muita Plejd-laitteita<\/strong><\/li>\n<li data-start=\"2249\" data-end=\"2289\"><strong data-start=\"2251\" data-end=\"2287\">Sivussa integroitu painike<\/strong><\/li>\n<li data-start=\"2290\" data-end=\"2374\"><strong data-start=\"2292\" data-end=\"2350\">\u00c4\u00e4niohjaus Google Homen, Apple HomeKitin\u00ae ja Alexan kautta<\/strong> <em data-start=\"2351\" data-end=\"2372\">(Plaid Gatewayn kautta)<\/em><\/li>\n<\/ul>\n<p data-start=\"2376\" data-end=\"2516\">Halusitpa sitten <strong data-start=\"2395\" data-end=\"2420\">aikataulu valaistus<\/strong> tai <strong data-start=\"2427\" data-end=\"2462\">kauko-ohjattavat s\u00e4hk\u00f6laitteet<\/strong> SPR-01 tarjoaa a <strong data-start=\"2482\" data-end=\"2513\">yksinkertainen ja monipuolinen ratkaisu<\/strong>.<\/p>\n<h3 data-start=\"2518\" data-end=\"2558\"><strong data-start=\"2522\" data-end=\"2556\">Tuotteen ominaisuudet ja edut<\/strong><\/h3>\n<p data-start=\"2560\" data-end=\"3171\">\u2714 <strong data-start=\"2562\" data-end=\"2612\">Langaton ohjaus Bluetoothin\u00ae ja Plejd meshin kautta<\/strong><br data-start=\"2612\" data-end=\"2615\" \/>\u2714 <strong data-start=\"2617\" data-end=\"2649\">Maksimikuormitus 16 A (3 600 W)<\/strong> \u2013 Pystyy k\u00e4sittelem\u00e4\u00e4n tehokkaita s\u00e4hk\u00f6laitteita<br data-start=\"2690\" data-end=\"2693\" \/>\u2714 <strong data-start=\"2695\" data-end=\"2721\">Manuaalinen p\u00e4\u00e4lle\/pois ohjaus<\/strong> integroidun painikkeen kautta<br data-start=\"2742\" data-end=\"2745\" \/>\u2714 <strong data-start=\"2747\" data-end=\"2792\">Aikatoiminnot (astrokello, viikkokello, ajastin)<\/strong><br data-start=\"2792\" data-end=\"2795\" \/>\u2714 <strong data-start=\"2797\" data-end=\"2847\">Mahdollisuus kauko-ohjaukseen Plejd Gatewayn kautta<\/strong><br data-start=\"2847\" data-end=\"2850\" \/>\u2714 <strong data-start=\"2852\" data-end=\"2908\">Yhteensopiva Google Homen, Apple HomeKitin\u00ae ja Alexan kanssa<\/strong> <em data-start=\"2909\" data-end=\"2930\">(Plaid Gatewayn kautta)<\/em><br data-start=\"2930\" data-end=\"2933\" \/>\u2714 <strong data-start=\"2935\" data-end=\"2987\">Energiatehokas alhaisella valmiustilan kulutuksella (0,3 W)<\/strong><br data-start=\"2987\" data-end=\"2990\" \/>\u2714 <strong data-start=\"2992\" data-end=\"3022\">Kompakti ja tyylik\u00e4s muotoilu<\/strong> \u2013 Sulautuu kaikkiin ymp\u00e4rist\u00f6ihin<br data-start=\"3050\" data-end=\"3053\" \/>\u2714 <strong data-start=\"3055\" data-end=\"3078\">Ylikuumenemissuoja<\/strong> turvalliseen k\u00e4ytt\u00f6\u00f6n<br data-start=\"3099\" data-end=\"3102\" \/>\u2714 <strong data-start=\"3104\" data-end=\"3139\">Radion kantama jopa 10 metri\u00e4<\/strong> <em data-start=\"3140\" data-end=\"3169\">(voidaan laajentaa Plaid-verkolla)<\/em><\/p>\n<h3 data-start=\"3173\" data-end=\"3207\"><strong data-start=\"3177\" data-end=\"3205\">Tekniset tiedot<\/strong><\/h3>\n<ul data-start=\"3209\" data-end=\"3638\">\n<li data-start=\"3209\" data-end=\"3231\"><strong data-start=\"3211\" data-end=\"3222\">Malli:<\/strong> SPR-01<\/li>\n<li data-start=\"3232\" data-end=\"3264\"><strong data-start=\"3234\" data-end=\"3250\">Verkkoj\u00e4nnite:<\/strong> 230V \/ 50Hz<\/li>\n<li data-start=\"3265\" data-end=\"3294\"><strong data-start=\"3267\" data-end=\"3279\">Suurin kuormitus:<\/strong> 16A (3600W)<\/li>\n<li data-start=\"3295\" data-end=\"3350\"><strong data-start=\"3297\" data-end=\"3313\">Radioj\u00e4rjestelm\u00e4:<\/strong> 2,4 GHz mesh, Bluetooth\u00ae (&lt;10 dBm)<\/li>\n<li data-start=\"3351\" data-end=\"3396\"><strong data-start=\"3353\" data-end=\"3371\">Radion kantama:<\/strong> Noin 10 metri\u00e4 sis\u00e4ll\u00e4<\/li>\n<li data-start=\"3397\" data-end=\"3430\"><strong data-start=\"3399\" data-end=\"3419\">K\u00e4ytt\u00f6l\u00e4mp\u00f6tila:<\/strong> 0-35\u00b0C<\/li>\n<li data-start=\"3431\" data-end=\"3473\"><strong data-start=\"3433\" data-end=\"3449\">Toimintaymp\u00e4rist\u00f6:<\/strong> Vain sis\u00e4tiloissa (IP20)<\/li>\n<li data-start=\"3474\" data-end=\"3505\"><strong data-start=\"3476\" data-end=\"3492\">Mitat:<\/strong> 66 x 43 mm<\/li>\n<li data-start=\"3506\" data-end=\"3533\"><strong data-start=\"3508\" data-end=\"3526\">Valmiustilan teho:<\/strong> 0,3W<\/li>\n<li data-start=\"3534\" data-end=\"3568\"><strong data-start=\"3536\" data-end=\"3546\">Suojaus:<\/strong> Ylikuumenemissuoja<\/li>\n<li data-start=\"3569\" data-end=\"3638\"><strong data-start=\"3571\" data-end=\"3580\">Maali:<\/strong> Saatavana valkoisena ja mustana (E-numero 13 777 40 \/ 13 777 41)<\/li>\n<\/ul>\n<h3 data-start=\"3640\" data-end=\"3682\"><strong data-start=\"3644\" data-end=\"3680\">Helppo asennus \u2013 Plug &amp; Play<\/strong><\/h3>\n<p data-start=\"3683\" data-end=\"3735\">Edistynytt\u00e4 asennusta ei tarvita! N\u00e4in:<\/p>\n<ol data-start=\"3737\" data-end=\"3988\">\n<li data-start=\"3737\" data-end=\"3775\"><strong data-start=\"3740\" data-end=\"3773\">Liit\u00e4 SPR-01 pistorasiaan.<\/strong><\/li>\n<li data-start=\"3776\" data-end=\"3814\"><strong data-start=\"3779\" data-end=\"3812\">Yhdist\u00e4 laite, jota haluat ohjata.<\/strong><\/li>\n<li data-start=\"3815\" data-end=\"3865\"><strong data-start=\"3818\" data-end=\"3847\">Muodosta laitepari Plejd-sovelluksen kanssa<\/strong> Bluetooth\u00ae:n kautta.<\/li>\n<li data-start=\"3866\" data-end=\"3930\"><strong data-start=\"3869\" data-end=\"3915\">M\u00e4\u00e4rit\u00e4 aikafunktiot tai skenaariot<\/strong> tarpeen mukaan.<\/li>\n<li data-start=\"3931\" data-end=\"3988\"><strong data-start=\"3934\" data-end=\"3965\">Kaukos\u00e4\u00e4din Plejd Gatewaylla<\/strong> <em data-start=\"3966\" data-end=\"3985\">(jos saatavilla)<\/em>.<\/li>\n<\/ol>\n<p data-start=\"3990\" data-end=\"4114\">Muutamassa minuutissa saat <strong data-start=\"4016\" data-end=\"4067\">t\u00e4ydellinen hallinta liitettyjen laitteiden yli<\/strong>, suoraan sovelluksen tai muiden Plejd-laitteiden kautta!<\/p>\n<h3 data-start=\"4116\" data-end=\"4182\"><strong data-start=\"4120\" data-end=\"4180\">T\u00e4ydellinen \u00e4lykk\u00e4isiin koteihin ja ammattiasennuksiin<\/strong><\/h3>\n<p data-start=\"4183\" data-end=\"4418\">Plejd Smart Plug SPR-01 on a <strong data-start=\"4213\" data-end=\"4276\">ihanteellinen ratkaisu sek\u00e4 yksityiseen ett\u00e4 kaupalliseen k\u00e4ytt\u00f6\u00f6n<\/strong>.<\/p>\n<p data-start=\"4183\" data-end=\"4418\">T\u00e4ydellinen <strong data-start=\"4290\" data-end=\"4304\">\u00e4lykk\u00e4it\u00e4 koteja<\/strong>, <strong data-start=\"4306\" data-end=\"4317\">myym\u00e4l\u00f6iss\u00e4<\/strong>, <strong data-start=\"4319\" data-end=\"4329\">toimisto<\/strong>, <strong data-start=\"4331\" data-end=\"4341\">Hotelli<\/strong> ja muut ymp\u00e4rist\u00f6t miss\u00e4 <strong data-start=\"4364\" data-end=\"4415\">tarvitaan s\u00e4hk\u00f6laitteiden langatonta ohjausta<\/strong>.<\/p>\n<h3 data-start=\"4420\" data-end=\"4438\"><strong data-start=\"4424\" data-end=\"4436\">Johtop\u00e4\u00e4t\u00f6s<\/strong><\/h3>\n<p data-start=\"4439\" data-end=\"4819\">Plejd Smart Plug SPR-01 on <strong data-start=\"4466\" data-end=\"4503\">tehokas ja joustava ratkaisu<\/strong> automatisoida ja kauko-ohjata <strong data-start=\"4540\" data-end=\"4576\">valaistus ja s\u00e4hk\u00f6laitteet<\/strong>.<\/p>\n<p data-start=\"4439\" data-end=\"4819\">Kanssa <strong data-start=\"4582\" data-end=\"4632\">langaton ohjaus Bluetoothin\u00ae ja Plejd meshin kautta<\/strong>, <strong data-start=\"4634\" data-end=\"4652\">aikatoiminnot<\/strong> ja <strong data-start=\"4657\" data-end=\"4707\">mahdollisuus kauko-ohjaukseen Plejd Gatewayn kautta<\/strong>, onko t\u00e4m\u00e4 a <strong data-start=\"4721\" data-end=\"4739\">pakollinen laite<\/strong> kaikille, jotka haluavat sellaisen <strong data-start=\"4765\" data-end=\"4816\">\u00e4lyk\u00e4s ja energiatehokas koti tai ty\u00f6paikka<\/strong>.<\/p>","protected":false},"excerpt":{"rendered":"<p>Plejd Smart Plug SPR-01 on langaton \u00e4lyk\u00e4s pistorasia, joka ohjaa valaistusta ja laitteita 16 A (3 600 W) asti.<\/p>\n<p>Ohjaus Plejd-sovelluksen, muiden Plejd-tuotteiden tai integroidun painikkeen kautta.<\/p>\n<p>Tuki ajastimelle, astrolle ja viikkokellolle.<\/p>\n<p>Voidaan integroida kolmannen osapuolen j\u00e4rjestelmiin Plejd Gatewayn kautta.<\/p>\n<p>IP20, vain sis\u00e4k\u00e4ytt\u00f6\u00f6n.<\/p>","protected":false},"featured_media":148053,"template":"","meta":{"_acf_changed":false},"product_brand":[],"product_cat":[4659],"product_tag":[4670],"class_list":{"0":"post-148054","1":"product","2":"type-product","3":"status-publish","4":"has-post-thumbnail","6":"product_cat-plejd-plugg","7":"product_tag-plejd","8":"product_shipping_class-postnord-varubrev","9":"pa_farg-vit","10":"tm-has-options","12":"first","13":"instock","14":"sale","15":"taxable","16":"shipping-taxable","17":"purchasable","18":"product-type-simple"},"acf":[],"_links":{"self":[{"href":"https:\/\/secureus.se\/fi\/wp-json\/wp\/v2\/product\/148054","targetHints":{"allow":["GET"]}}],"collection":[{"href":"https:\/\/secureus.se\/fi\/wp-json\/wp\/v2\/product"}],"about":[{"href":"https:\/\/secureus.se\/fi\/wp-json\/wp\/v2\/types\/product"}],"wp:featuredmedia":[{"embeddable":true,"href":"https:\/\/secureus.se\/fi\/wp-json\/wp\/v2\/media\/148053"}],"wp:attachment":[{"href":"https:\/\/secureus.se\/fi\/wp-json\/wp\/v2\/media?parent=148054"}],"wp:term":[{"taxonomy":"product_brand","embeddable":true,"href":"https:\/\/secureus.se\/fi\/wp-json\/wp\/v2\/product_brand?post=148054"},{"taxonomy":"product_cat","embeddable":true,"href":"https:\/\/secureus.se\/fi\/wp-json\/wp\/v2\/product_cat?post=148054"},{"taxonomy":"product_tag","embeddable":true,"href":"https:\/\/secureus.se\/fi\/wp-json\/wp\/v2\/product_tag?post=148054"}],"curies":[{"name":"wp","href":"https:\/\/api.w.org\/{rel}","templated":true}]}}