{"id":148056,"date":"2025-02-25T12:22:25","date_gmt":"2025-02-25T11:22:25","guid":{"rendered":"https:\/\/secureus.se\/?post_type=product&#038;p=148056"},"modified":"2026-04-07T12:43:20","modified_gmt":"2026-04-07T10:43:20","slug":"plejd-led-driver-led-10-10w-150-700ma-12-24v","status":"publish","type":"product","link":"https:\/\/secureus.se\/fi\/plejd-led-driver-led-10-10w-150-700ma-12-24v\/","title":{"rendered":"Plejd LED-ohjain LED-10 10W 150-700mA 12\/24V"},"content":{"rendered":"<h1 data-start=\"524\" data-end=\"583\"><strong data-start=\"528\" data-end=\"581\">Tasainen ja joustava LED-ohjaus Plejd LED-10:ll\u00e4<\/strong><\/h1>\n<p data-start=\"584\" data-end=\"925\">Plejd LED-ohjain LED-10 on a <strong data-start=\"614\" data-end=\"653\">kompakti ja \u00e4lyk\u00e4s LED-ohjain<\/strong> sis\u00e4\u00e4nrakennetulla <strong data-start=\"666\" data-end=\"684\">himmennystoiminto<\/strong>, t\u00e4ydellinen yksitt\u00e4isten LED-valaisimien tai LED-nauhojen ohjaamiseen.<\/p>\n<p data-start=\"584\" data-end=\"925\">Kanssa <strong data-start=\"753\" data-end=\"789\">langaton ohjaus Plejd-sovelluksen kautta<\/strong> ja tukea <strong data-start=\"803\" data-end=\"849\">jousikuormitettu painike tai liiketunnistin<\/strong>, se on ihanteellinen <strong data-start=\"871\" data-end=\"922\">modernit ja energiatehokkaat valaistusratkaisut<\/strong>.<\/p>\n<p data-start=\"927\" data-end=\"1192\">LED-10 on <strong data-start=\"937\" data-end=\"1006\">t\u00e4ydellinen vakiovirta (CC) ja vakioj\u00e4nnite (CV) kuormitukseen<\/strong> ja tarjouksia <strong data-start=\"1020\" data-end=\"1044\">himmennys 1\u2013100 %<\/strong> ilman v\u00e4lkkymist\u00e4.<\/p>\n<p data-start=\"927\" data-end=\"1192\">Tuote on helppo asentaa <strong data-start=\"1088\" data-end=\"1133\">laitelaatikossa, sein\u00e4lle tai DIN-kiskoon<\/strong> avulla <strong data-start=\"1147\" data-end=\"1189\">Kiinnitysklipsi (MNT-01, ei sis\u00e4lly)<\/strong>.<\/p>\n<h3 data-start=\"1194\" data-end=\"1248\"><strong data-start=\"1198\" data-end=\"1246\">Langaton ja automaattinen valaistuksen ohjaus<\/strong><\/h3>\n<p data-start=\"1249\" data-end=\"1323\">LED-10:t\u00e4 voidaan ohjata useilla tavoilla kirkkauden s\u00e4\u00e4t\u00e4miseksi tarpeen mukaan:<\/p>\n<p data-start=\"1325\" data-end=\"1705\">\u2714 <strong data-start=\"1327\" data-end=\"1342\">Plejd-sovellus<\/strong> \u2013 Ohjaa valaistusta suoraan matkapuhelimella tai tabletilla.<br data-start=\"1403\" data-end=\"1406\" \/>\u2714 <strong data-start=\"1408\" data-end=\"1436\">Jousipalautuspainike<\/strong> \u2013 Helppo manuaalinen ohjaus tarvittaessa.<br data-start=\"1472\" data-end=\"1475\" \/>\u2714 <strong data-start=\"1477\" data-end=\"1492\">Liiketunnistin<\/strong> \u2013 Automatisoi valaistuksen ohjaus liikkeen perusteella.<br data-start=\"1540\" data-end=\"1543\" \/>\u2714 <strong data-start=\"1545\" data-end=\"1558\">Skenaario<\/strong> \u2013 K\u00e4yt\u00e4 Plejd-sovellusta useiden laitteiden ohjaamiseen samanaikaisesti.<br data-start=\"1618\" data-end=\"1621\" \/>\u2714 <strong data-start=\"1623\" data-end=\"1641\">Aikafunktiot<\/strong> \u2013 Sis\u00e4\u00e4nrakennettu <strong data-start=\"1652\" data-end=\"1674\">astro ja viikkokello<\/strong> automaattiseen valons\u00e4\u00e4t\u00f6\u00f6n.<\/p>\n<p data-start=\"1707\" data-end=\"1847\">Tekij\u00e4: <strong data-start=\"1713\" data-end=\"1734\">Plaid-verkkotekniikka<\/strong> voi LED-10 <strong data-start=\"1746\" data-end=\"1785\">kommunikoi muiden Plejd-laitteiden kanssa<\/strong> luomaan a <strong data-start=\"1803\" data-end=\"1844\">vakaa ja joustava valaistusratkaisu<\/strong>.<\/p>\n<h3 data-start=\"1849\" data-end=\"1901\"><strong data-start=\"1853\" data-end=\"1899\">Korkea yhteensopivuus ja himmennett\u00e4v\u00e4 LED-ohjaus<\/strong><\/h3>\n<p data-start=\"1902\" data-end=\"2046\">LED-10 on <strong data-start=\"1912\" data-end=\"1980\">yhteensopiva sek\u00e4 vakiovirran (CC) ett\u00e4 vakioj\u00e4nnitteen (CV) kanssa<\/strong>, mik\u00e4 tekee siit\u00e4 <strong data-start=\"1997\" data-end=\"2043\">sopii useisiin erilaisiin LED-asennuksiin<\/strong>.<\/p>\n<table data-start=\"2048\" data-end=\"2251\">\n<thead data-start=\"2048\" data-end=\"2083\">\n<tr data-start=\"2048\" data-end=\"2083\">\n<th data-start=\"2048\" data-end=\"2063\"><strong data-start=\"2050\" data-end=\"2061\">Kuorman tyyppi<\/strong><\/th>\n<th data-start=\"2063\" data-end=\"2083\"><strong data-start=\"2065\" data-end=\"2081\">Tehoalue<\/strong><\/th>\n<\/tr>\n<\/thead>\n<tbody data-start=\"2117\" data-end=\"2251\">\n<tr data-start=\"2117\" data-end=\"2138\">\n<td><strong data-start=\"2119\" data-end=\"2129\">150mA<\/strong><\/td>\n<td>1-4W<\/td>\n<\/tr>\n<tr data-start=\"2139\" data-end=\"2160\">\n<td><strong data-start=\"2141\" data-end=\"2151\">350mA<\/strong><\/td>\n<td>1-9W<\/td>\n<\/tr>\n<tr data-start=\"2161\" data-end=\"2183\">\n<td><strong data-start=\"2163\" data-end=\"2173\">500mA<\/strong><\/td>\n<td>1-10W<\/td>\n<\/tr>\n<tr data-start=\"2184\" data-end=\"2206\">\n<td><strong data-start=\"2186\" data-end=\"2196\">700mA<\/strong><\/td>\n<td>1-10W<\/td>\n<\/tr>\n<tr data-start=\"2207\" data-end=\"2228\">\n<td><strong data-start=\"2209\" data-end=\"2219\">12V DC<\/strong><\/td>\n<td>0-8W<\/td>\n<\/tr>\n<tr data-start=\"2229\" data-end=\"2251\">\n<td><strong data-start=\"2231\" data-end=\"2241\">24V DC<\/strong><\/td>\n<td>0-10W<\/td>\n<\/tr>\n<\/tbody>\n<\/table>\n<p data-start=\"2253\" data-end=\"2464\">LED-10 varmistaa <strong data-start=\"2273\" data-end=\"2312\">pehme\u00e4t ja tarkat himmennyssiirtym\u00e4t<\/strong>, ja <strong data-start=\"2322\" data-end=\"2351\">edistynyt suojatekniikka<\/strong> sis\u00e4lt\u00e4\u00e4 <strong data-start=\"2363\" data-end=\"2409\">oikosulkusuojaus ja ylikuumenemissuoja<\/strong>, joka takaa a <strong data-start=\"2432\" data-end=\"2461\">turvallinen ja pitk\u00e4kestoinen toiminta<\/strong>.<\/p>\n<h3 data-start=\"2466\" data-end=\"2509\"><strong data-start=\"2470\" data-end=\"2507\">Helppo asennus kaikkiin ymp\u00e4rist\u00f6ihin<\/strong><\/h3>\n<p data-start=\"2510\" data-end=\"2562\">LED-10 voidaan helposti asentaa useilla eri tavoilla:<\/p>\n<ul data-start=\"2564\" data-end=\"2729\">\n<li data-start=\"2564\" data-end=\"2619\"><strong data-start=\"2566\" data-end=\"2583\">Laitteen laatikossa<\/strong> \u2013 Painikepainikkeen tai laatikon kannen takana.<\/li>\n<li data-start=\"2620\" data-end=\"2659\"><strong data-start=\"2622\" data-end=\"2633\">Sein\u00e4ll\u00e4<\/strong> \u2013 Kiinnitet\u00e4\u00e4n ruuveilla.<\/li>\n<li data-start=\"2660\" data-end=\"2729\"><strong data-start=\"2662\" data-end=\"2678\">DIN-kiskoon<\/strong> \u2013 Vaatii kiinnityspidikkeen (MNT-01, ei sis\u00e4lly toimitukseen).<\/li>\n<\/ul>\n<p data-start=\"2731\" data-end=\"2842\">The <strong data-start=\"2735\" data-end=\"2770\">kompakti muotoilu (46x46x18 mm)<\/strong> tekee yksik\u00f6st\u00e4 helppo asentaa my\u00f6s ahtaisiin asennustiloihin.<\/p>\n<h3 data-start=\"2844\" data-end=\"2884\"><strong data-start=\"2848\" data-end=\"2882\">Tuotteen ominaisuudet ja edut<\/strong><\/h3>\n<p data-start=\"2886\" data-end=\"3461\">\u2714 <strong data-start=\"2888\" data-end=\"2920\">Himmennett\u00e4v\u00e4 LED-ohjaus (1\u2013100%)<\/strong> \u2013 T\u00e4ydellinen sek\u00e4 LED-valaisimille ett\u00e4 LED-nauhoille.<br data-start=\"2969\" data-end=\"2972\" \/>\u2714 <strong data-start=\"2974\" data-end=\"3024\">Langaton ohjaus Plejd meshin ja Bluetoothin\u00ae kautta<\/strong>.<br data-start=\"3025\" data-end=\"3028\" \/>\u2714 <strong data-start=\"3030\" data-end=\"3110\">Max teho 10W \u2013 Tuki sek\u00e4 vakiovirralle (CC) ett\u00e4 vakioj\u00e4nnitteelle (CV).<\/strong><br data-start=\"3110\" data-end=\"3113\" \/>\u2714 <strong data-start=\"3115\" data-end=\"3142\">Automaattinen valaistus<\/strong> \u2013 Sis\u00e4\u00e4nrakennettu astro- ja viikkokello.<br data-start=\"3172\" data-end=\"3175\" \/>\u2714 <strong data-start=\"3177\" data-end=\"3199\">Tuki skenaarioille<\/strong> \u2013 Saumaton integrointi muiden Plejd-laitteiden kanssa.<br data-start=\"3245\" data-end=\"3248\" \/>\u2714 <strong data-start=\"3250\" data-end=\"3278\">Pieni valmiusteho (0,3 W)<\/strong> \u2013 Energiatehokas.<br data-start=\"3296\" data-end=\"3299\" \/>\u2714 <strong data-start=\"3301\" data-end=\"3320\">Edistynyt suojaus<\/strong> \u2013 Oikosulkusuojaus ja ylikuumenemissuoja.<br data-start=\"3362\" data-end=\"3365\" \/>\u2714 <strong data-start=\"3367\" data-end=\"3404\">Kompakti ja joustava asennus<\/strong> \u2013 Voidaan asentaa kytkent\u00e4rasiaan, sein\u00e4lle tai DIN-kiskoon.<\/p>\n<h3 data-start=\"3463\" data-end=\"3497\"><strong data-start=\"3467\" data-end=\"3495\">Tekniset tiedot<\/strong><\/h3>\n<ul data-start=\"3499\" data-end=\"4026\">\n<li data-start=\"3499\" data-end=\"3521\"><strong data-start=\"3501\" data-end=\"3512\">Malli:<\/strong> LED-10<\/li>\n<li data-start=\"3522\" data-end=\"3565\"><strong data-start=\"3524\" data-end=\"3540\">Verkkoj\u00e4nnite:<\/strong> 230V \/ 50Hz, max 0,15A<\/li>\n<li data-start=\"3566\" data-end=\"3593\"><strong data-start=\"3568\" data-end=\"3586\">Valmiustilan teho:<\/strong> 0,3W<\/li>\n<li data-start=\"3594\" data-end=\"3633\"><strong data-start=\"3596\" data-end=\"3616\">K\u00e4ytt\u00f6l\u00e4mp\u00f6tila:<\/strong> -20 - +35\u00b0C<\/li>\n<li data-start=\"3634\" data-end=\"3666\"><strong data-start=\"3636\" data-end=\"3652\">Mitat:<\/strong> 46x46x18mm<\/li>\n<li data-start=\"3667\" data-end=\"3697\"><strong data-start=\"3669\" data-end=\"3683\">Kaapelialue:<\/strong> 0,5-4,0 mm\u00b2<\/li>\n<li data-start=\"3698\" data-end=\"3731\"><strong data-start=\"3700\" data-end=\"3720\">L\u00e4ht\u00f6j\u00e4nnite:<\/strong> 3-28V DC<\/li>\n<li data-start=\"3732\" data-end=\"3758\"><strong data-start=\"3734\" data-end=\"3750\">Katkaisukyky:<\/strong> 1-10W<\/li>\n<li data-start=\"3759\" data-end=\"3813\"><strong data-start=\"3761\" data-end=\"3771\">Suojaus:<\/strong> Ylikuumenemissuoja, oikosulkusuoja<\/li>\n<li data-start=\"3814\" data-end=\"3863\"><strong data-start=\"3816\" data-end=\"3826\">Radio:<\/strong> 2,4 GHz mesh, Bluetooth\u00ae (&lt;10 dBm)<\/li>\n<li data-start=\"3864\" data-end=\"3906\"><strong data-start=\"3866\" data-end=\"3884\">Radion kantama:<\/strong> Noin 10 metri\u00e4 sis\u00e4ll\u00e4<\/li>\n<li data-start=\"3907\" data-end=\"3929\"><strong data-start=\"3909\" data-end=\"3922\">IP-luokka:<\/strong> IP20<\/li>\n<li data-start=\"3930\" data-end=\"4026\"><strong data-start=\"3932\" data-end=\"3957\">Asennusvaihtoehdot:<\/strong> Laitteen kotelo, sein\u00e4 tai DIN-kisko (asennuspidikkeell\u00e4, MNT-01)<\/li>\n<\/ul>\n<h3 data-start=\"4028\" data-end=\"4094\"><strong data-start=\"4032\" data-end=\"4092\">T\u00e4ydellinen \u00e4lykk\u00e4isiin koteihin ja ammattiasennuksiin<\/strong><\/h3>\n<p data-start=\"4095\" data-end=\"4369\">Plejd LED-10 on ihanteellinen <strong data-start=\"4124\" data-end=\"4181\">asuin-, toimisto-, hotelli- ja liikekiinteist\u00f6t<\/strong> jossa <strong data-start=\"4186\" data-end=\"4221\">\u00e4lyk\u00e4s ja joustava LED-ohjaus<\/strong> tarvitaan.<\/p>\n<p data-start=\"4095\" data-end=\"4369\">K\u00e4ytt\u00e4m\u00e4ll\u00e4 <strong data-start=\"4247\" data-end=\"4268\">Plaid-verkkotekniikka<\/strong> voitko luoda sellaisen <strong data-start=\"4285\" data-end=\"4332\">turvallinen, vakaa ja langaton valaistusratkaisu<\/strong> ilman lis\u00e4kaapelointia.<\/p>\n<p data-start=\"4371\" data-end=\"4554\">Riippumatta siit\u00e4 haluatko <strong data-start=\"4393\" data-end=\"4469\">manuaalinen ohjaus, automatisoidut skenaariot tai valaistuksen kauko-ohjaus<\/strong>, LED-10 tarjoaa a <strong data-start=\"4490\" data-end=\"4517\">yksinkertainen ja \u00e4lyk\u00e4s ratkaisu<\/strong> kaikentyyppisille LED-valaisimille.<\/p>\n<h3 data-start=\"4556\" data-end=\"4574\"><strong data-start=\"4560\" data-end=\"4572\">Johtop\u00e4\u00e4t\u00f6s<\/strong><\/h3>\n<p data-start=\"4575\" data-end=\"4858\">Plejd LED-10 on a <strong data-start=\"4594\" data-end=\"4637\">edistyksellinen ja energiatehokas LED-ohjain<\/strong> joka antaa <strong data-start=\"4646\" data-end=\"4680\">valaistuksen t\u00e4ysi hallinta<\/strong>. Kanssa <strong data-start=\"4686\" data-end=\"4755\">himmennett\u00e4v\u00e4 toiminto, tuki Plejd-sovellukselle ja sis\u00e4\u00e4nrakennetut aikatoiminnot<\/strong> onko t\u00e4m\u00e4 a <strong data-start=\"4768\" data-end=\"4788\">pakollinen tuote<\/strong> kaikille, jotka haluavat <strong data-start=\"4810\" data-end=\"4855\">pehme\u00e4 ja \u00e4lyk\u00e4s valaistuksen ohjaus<\/strong>.<\/p>\n<p data-start=\"2886\" data-end=\"3461\">","protected":false},"excerpt":{"rendered":"<p>Plejd LED-ohjain LED-10 on himmennett\u00e4v\u00e4 LED-ohjain, joka tukee sek\u00e4 vakiovirta- (CC)- ett\u00e4 vakioj\u00e4nnitekuormia (CV) jopa 10 W:iin asti.<\/p>\n<p>Ohjaa langattomasti Plejd-sovelluksen, jousikuormitetun painikkeen tai liiketunnistimen kautta.<\/p>\n<p>Sis\u00e4\u00e4nrakennetut aikatoiminnot ja skenaariotuki.<\/p>\n<p>Asennetaan laitelaatikkoon, sein\u00e4lle tai DIN-kiskoon.<\/p>","protected":false},"featured_media":148055,"template":"","meta":{"_acf_changed":false},"product_brand":[],"product_cat":[4660],"product_tag":[4670],"class_list":{"0":"post-148056","1":"product","2":"type-product","3":"status-publish","4":"has-post-thumbnail","6":"product_cat-plejd-relaer-led","7":"product_tag-plejd","8":"product_shipping_class-postnord-varubrev","9":"pa_brands-plejd","10":"tm-has-options","12":"first","13":"instock","14":"sale","15":"taxable","16":"shipping-taxable","17":"purchasable","18":"product-type-simple"},"acf":[],"_links":{"self":[{"href":"https:\/\/secureus.se\/fi\/wp-json\/wp\/v2\/product\/148056","targetHints":{"allow":["GET"]}}],"collection":[{"href":"https:\/\/secureus.se\/fi\/wp-json\/wp\/v2\/product"}],"about":[{"href":"https:\/\/secureus.se\/fi\/wp-json\/wp\/v2\/types\/product"}],"wp:featuredmedia":[{"embeddable":true,"href":"https:\/\/secureus.se\/fi\/wp-json\/wp\/v2\/media\/148055"}],"wp:attachment":[{"href":"https:\/\/secureus.se\/fi\/wp-json\/wp\/v2\/media?parent=148056"}],"wp:term":[{"taxonomy":"product_brand","embeddable":true,"href":"https:\/\/secureus.se\/fi\/wp-json\/wp\/v2\/product_brand?post=148056"},{"taxonomy":"product_cat","embeddable":true,"href":"https:\/\/secureus.se\/fi\/wp-json\/wp\/v2\/product_cat?post=148056"},{"taxonomy":"product_tag","embeddable":true,"href":"https:\/\/secureus.se\/fi\/wp-json\/wp\/v2\/product_tag?post=148056"}],"curies":[{"name":"wp","href":"https:\/\/api.w.org\/{rel}","templated":true}]}}