{"id":148058,"date":"2025-02-25T12:22:25","date_gmt":"2025-02-25T11:22:25","guid":{"rendered":"https:\/\/secureus.se\/?post_type=product&#038;p=148058"},"modified":"2026-04-08T16:26:47","modified_gmt":"2026-04-08T14:26:47","slug":"plejd-tryckknapp-tradlos-wph-01-sw-vit","status":"publish","type":"product","link":"https:\/\/secureus.se\/fi\/plejd-tryckknapp-tradlos-wph-01-sw-vit\/","title":{"rendered":"Plejd Painike langaton WPH-01-SW valkoinen"},"content":{"rendered":"<h1 data-start=\"514\" data-end=\"892\">Plejd WPH-01-SW on langaton ja joustava painike, joka mahdollistaa yhden tai useamman Plejd-laitteen sujuvan ohjauksen.<\/h1>\n<p data-start=\"514\" data-end=\"892\">Sit\u00e4 voidaan k\u00e4ytt\u00e4\u00e4 suoraan valaistuksen ohjaamiseen, portaiden yhteyksien luomiseen tai erilaisten skenaarioiden aktivoimiseen Plejd-sovelluksen kautta.<\/p>\n<p data-start=\"514\" data-end=\"892\">Asennus on yksinkertaista ja se voidaan tehd\u00e4 tavallisen s\u00e4hk\u00f6rasian ulkopuolelle ruuveilla tai kiinnitt\u00e4m\u00e4ll\u00e4 se suoraan sein\u00e4\u00e4n mukana tulevalla teipill\u00e4.<\/p>\n<p data-start=\"894\" data-end=\"1233\">Painike k\u00e4ytt\u00e4\u00e4 Bluetooth\u00ae mesh -tekniikkaa 2,4 GHz:n taajuudella, ja sen radiokantama on noin 10 metri\u00e4 sis\u00e4tiloissa.<\/p>\n<p data-start=\"894\" data-end=\"1233\">Huomaa, ett\u00e4 WPH-01-SW ei laajenna Plejd-verkkoj\u00e4rjestelm\u00e4n valikoimaa. Vaikuttavalla jopa 15 vuoden tai 200 000 napsautuksella (virtal\u00e4hteen\u00e4 kahdella CR2032-paristolla) t\u00e4m\u00e4 painike on pitk\u00e4aikainen ja luotettava ratkaisu.<\/p>\n<p data-start=\"1235\" data-end=\"1559\">Painike sopii muotoilultaan t\u00e4ydellisesti moderniin ymp\u00e4rist\u00f6\u00f6n valkoisen Exxact\u00ae-kehyksen ja kompaktien 71x71x14 mm:n mittojen ansiosta.<\/p>\n<p data-start=\"1235\" data-end=\"1559\">Sen mukana tulee sek\u00e4 yksi- ett\u00e4 kaksinkertainen vipu joustavuuden lis\u00e4\u00e4miseksi. Se on valmistettu korkealaatuisesta kestomuovista, jossa on kiilt\u00e4v\u00e4 pinta ja se on luokiteltu IP20-luokkaan, joten se sopii sis\u00e4k\u00e4ytt\u00f6\u00f6n.<\/p>\n<h3 data-start=\"1561\" data-end=\"1594\"><strong data-start=\"1565\" data-end=\"1594\">Tekniset tiedot:<\/strong><\/h3>\n<ul data-start=\"1595\" data-end=\"2122\">\n<li data-start=\"1595\" data-end=\"1650\"><strong data-start=\"1597\" data-end=\"1615\">Viestint\u00e4:<\/strong> 2,4 GHz Bluetooth\u00ae mesh, &lt;10 dBm<\/li>\n<li data-start=\"1651\" data-end=\"1696\"><strong data-start=\"1653\" data-end=\"1671\">Radion kantama:<\/strong> Noin 10 metri\u00e4 sis\u00e4ll\u00e4<\/li>\n<li data-start=\"1697\" data-end=\"1751\"><strong data-start=\"1699\" data-end=\"1714\">Akun kesto:<\/strong> Jopa 15 vuotta tai 200 000 napsautusta<\/li>\n<li data-start=\"1752\" data-end=\"1812\"><strong data-start=\"1754\" data-end=\"1775\">Virtal\u00e4hde:<\/strong> 2 kpl. CR2032 paristot (vaihdettava)<\/li>\n<li data-start=\"1813\" data-end=\"1887\"><strong data-start=\"1815\" data-end=\"1835\">Asennustapa:<\/strong> Pinta-asennus ruuveilla tai itseliimautuvalla teipill\u00e4<\/li>\n<li data-start=\"1888\" data-end=\"1913\"><strong data-start=\"1890\" data-end=\"1899\">Mitata:<\/strong> 71x71x14mm<\/li>\n<li data-start=\"1914\" data-end=\"1945\"><strong data-start=\"1916\" data-end=\"1934\">Keskilevy:<\/strong> 55\u00d755mm<\/li>\n<li data-start=\"1946\" data-end=\"1990\"><strong data-start=\"1948\" data-end=\"1961\">Materiaali:<\/strong> Kestomuovi, valkoinen (RAL 9003)<\/li>\n<li data-start=\"1991\" data-end=\"2021\"><strong data-start=\"1993\" data-end=\"2001\">Pinta:<\/strong> Tyhj\u00e4, k\u00e4sittelem\u00e4t\u00f6n<\/li>\n<li data-start=\"2022\" data-end=\"2065\"><strong data-start=\"2024\" data-end=\"2037\">IP-luokka:<\/strong> IP20 (vain sis\u00e4k\u00e4ytt\u00f6\u00f6n)<\/li>\n<li data-start=\"2066\" data-end=\"2122\"><strong data-start=\"2068\" data-end=\"2087\">Yhteensopivuus:<\/strong> Sopii Schneider Exxact\u00ae -kehykseen<\/li>\n<\/ul>\n<p data-start=\"2124\" data-end=\"2335\">Plejd WPH-01-SW:ll\u00e4 saat tyylikk\u00e4\u00e4n ja toimivan ratkaisun \u00e4lyvalaistuksen langattomaan ohjaukseen.<\/p>\n<p data-start=\"2124\" data-end=\"2335\">T\u00e4ydellinen koteihin, toimistoihin tai muihin sis\u00e4tiloihin, joissa joustavuus ja helppo asennus ovat etusijalla.<\/p>","protected":false},"excerpt":{"rendered":"<p>Plejd WPH-01-SW on langaton painike, joka mahdollistaa Plejd-tuotteiden sujuvan ohjauksen.<\/p>\n<p>Se voidaan kiinnitt\u00e4\u00e4 pintaan teipill\u00e4 tai ruuveilla ja se on helppo konfiguroida Plejd-sovelluksessa.<\/p>\n<p>Jopa 15 vuoden akun kesto ja Bluetooth\u00ae mesh -tekniikka tekev\u00e4t siit\u00e4 joustavan ja pitk\u00e4n aikav\u00e4lin ratkaisun \u00e4lykk\u00e4\u00e4seen valaistuksen hallintaan.<\/p>","protected":false},"featured_media":148057,"template":"","meta":{"_acf_changed":false},"product_brand":[],"product_cat":[4658],"product_tag":[],"class_list":{"0":"post-148058","1":"product","2":"type-product","3":"status-publish","4":"has-post-thumbnail","6":"product_cat-plejd-stromstallare","7":"product_shipping_class-postnord-varubrev","8":"pa_brands-plejd","9":"pa_farg-vit","10":"tm-has-options","12":"first","13":"instock","14":"sale","15":"taxable","16":"shipping-taxable","17":"purchasable","18":"product-type-simple"},"acf":[],"_links":{"self":[{"href":"https:\/\/secureus.se\/fi\/wp-json\/wp\/v2\/product\/148058","targetHints":{"allow":["GET"]}}],"collection":[{"href":"https:\/\/secureus.se\/fi\/wp-json\/wp\/v2\/product"}],"about":[{"href":"https:\/\/secureus.se\/fi\/wp-json\/wp\/v2\/types\/product"}],"wp:featuredmedia":[{"embeddable":true,"href":"https:\/\/secureus.se\/fi\/wp-json\/wp\/v2\/media\/148057"}],"wp:attachment":[{"href":"https:\/\/secureus.se\/fi\/wp-json\/wp\/v2\/media?parent=148058"}],"wp:term":[{"taxonomy":"product_brand","embeddable":true,"href":"https:\/\/secureus.se\/fi\/wp-json\/wp\/v2\/product_brand?post=148058"},{"taxonomy":"product_cat","embeddable":true,"href":"https:\/\/secureus.se\/fi\/wp-json\/wp\/v2\/product_cat?post=148058"},{"taxonomy":"product_tag","embeddable":true,"href":"https:\/\/secureus.se\/fi\/wp-json\/wp\/v2\/product_tag?post=148058"}],"curies":[{"name":"wp","href":"https:\/\/api.w.org\/{rel}","templated":true}]}}