{"id":148060,"date":"2025-02-25T12:22:25","date_gmt":"2025-02-25T11:22:25","guid":{"rendered":"https:\/\/secureus.se\/?post_type=product&#038;p=148060"},"modified":"2026-04-23T10:17:46","modified_gmt":"2026-04-23T08:17:46","slug":"plejd-controller-ctr-01-0-1-10v-16a-mesh-bt","status":"publish","type":"product","link":"https:\/\/secureus.se\/fi\/plejd-controller-ctr-01-0-1-10v-16a-mesh-bt\/","title":{"rendered":"Plejd Ohjain CTR-01 0\/1-10V 16A Mesh BT"},"content":{"rendered":"<h1 data-start=\"526\" data-end=\"893\">Plejd CTR-01 \u2013 Tehokas ja joustava ohjain \u00e4lykk\u00e4\u00e4seen valaistuksen ohjaukseen<\/h1>\n<p data-start=\"526\" data-end=\"893\">Plejd Controller CTR-01 on monipuolinen ja tehokas laite, joka mahdollistaa sek\u00e4 releohjauksen ett\u00e4 muiden valmistajien 0\u201310 V:n tai 1\u201310 V:n tulojen, kuten LED-ajureiden ja HF-laitteiden ohjauksen.<\/p>\n<p data-start=\"526\" data-end=\"893\">Se kest\u00e4\u00e4 jopa 16 A:n kuorman ja siin\u00e4 on nollaristityksen tunnistus, mik\u00e4 pident\u00e4\u00e4 liitettyjen laitteiden k\u00e4ytt\u00f6ik\u00e4\u00e4 v\u00e4hent\u00e4m\u00e4ll\u00e4 kytkimien kulumista.<\/p>\n<p data-start=\"895\" data-end=\"1230\">CTR-01:t\u00e4 voidaan ohjata sek\u00e4 langattomasti Plejd-sovelluksen kautta ett\u00e4 manuaalisesti jousikuormitteisen painikkeen, kytkimen tai liiketunnistimen kautta.<\/p>\n<p data-start=\"895\" data-end=\"1230\">Siin\u00e4 on kaksi erillist\u00e4 sis\u00e4\u00e4ntuloa joustavaa ohjausta varten ja se tukee edistyneit\u00e4 aikatoimintoja, kuten ajastin, astro ja viikkokello, mik\u00e4 tekee siit\u00e4 ihanteellisen aikataulutukseen ja automatisoituun valaistuksen ohjaukseen.<\/p>\n<p data-start=\"1232\" data-end=\"1525\">Laite k\u00e4ytt\u00e4\u00e4 Bluetooth\u00ae mesh -tekniikkaa, mik\u00e4 tarkoittaa, ett\u00e4 jokainen j\u00e4rjestelm\u00e4n laite toimii solmuna ja laajentaa kantamaa vakaan ja luotettavan yhteyden aikaansaamiseksi.<\/p>\n<p data-start=\"1232\" data-end=\"1525\">Radion kantama noin 10 metri\u00e4 sis\u00e4ll\u00e4, se voidaan helposti integroida suurempiin Plejd-j\u00e4rjestelmiin ilman signaalih\u00e4vi\u00f6t\u00e4.<\/p>\n<p data-start=\"1527\" data-end=\"1858\">CTR-01:n koko on pienikokoinen 46x46x18 mm, ja se voidaan asentaa suoraan laitelaatikkoon kytkimen taakse tai kiinnitt\u00e4\u00e4 sein\u00e4lle tai DIN-kiskoon MNT-01-asennuspidikkeen (ei sis\u00e4lly toimitukseen) avulla.<\/p>\n<p data-start=\"1527\" data-end=\"1858\">Se on suunniteltu 230V\/50Hz verkkoj\u00e4nnitteelle ja sen matala valmiusteho on &lt;0,5 W, mik\u00e4 tekee siit\u00e4 energiatehokkaan.<\/p>\n<p data-start=\"1860\" data-end=\"2019\">T\u00e4m\u00e4 s\u00e4\u00e4din on erinomainen valinta sek\u00e4 yksityisiin ett\u00e4 kaupallisiin asennuksiin, joissa on keskitytt\u00e4v\u00e4 luotettavaan ja joustavaan valaistuksen ohjaukseen.<\/p>\n<h3 data-start=\"2021\" data-end=\"2054\"><strong data-start=\"2025\" data-end=\"2054\">Tekniset tiedot:<\/strong><\/h3>\n<ul data-start=\"2055\" data-end=\"2636\">\n<li data-start=\"2055\" data-end=\"2087\"><strong data-start=\"2057\" data-end=\"2073\">Verkkoj\u00e4nnite:<\/strong> 230V \/ 50Hz<\/li>\n<li data-start=\"2088\" data-end=\"2117\"><strong data-start=\"2090\" data-end=\"2108\">Valmiustilan teho:<\/strong> &lt;0,5W<\/li>\n<li data-start=\"2118\" data-end=\"2165\"><strong data-start=\"2120\" data-end=\"2136\">Katkaisukyky:<\/strong> Jopa 16 A (relel\u00e4ht\u00f6)<\/li>\n<li data-start=\"2166\" data-end=\"2212\"><strong data-start=\"2168\" data-end=\"2186\">Viestint\u00e4:<\/strong> 2,4 GHz Bluetooth\u00ae mesh<\/li>\n<li data-start=\"2213\" data-end=\"2255\"><strong data-start=\"2215\" data-end=\"2233\">Radion kantama:<\/strong> Noin 10 metri\u00e4 sis\u00e4ll\u00e4<\/li>\n<li data-start=\"2256\" data-end=\"2300\"><strong data-start=\"2258\" data-end=\"2271\">Tuki:<\/strong> 0\u201310 V ja 1\u201310 V ohjaus<\/li>\n<li data-start=\"2301\" data-end=\"2374\"><strong data-start=\"2303\" data-end=\"2322\">Tulojen m\u00e4\u00e4r\u00e4:<\/strong> 2 painikkeelle, kytkimelle tai liiketunnistimelle<\/li>\n<li data-start=\"2375\" data-end=\"2424\"><strong data-start=\"2377\" data-end=\"2396\">Aikatoiminnot:<\/strong> Ajastin, astro ja viikkokello<\/li>\n<li data-start=\"2425\" data-end=\"2450\"><strong data-start=\"2427\" data-end=\"2436\">Mitata:<\/strong> 46x46x18mm<\/li>\n<li data-start=\"2451\" data-end=\"2527\"><strong data-start=\"2453\" data-end=\"2467\">Asennus:<\/strong> Upotettu asennus laitekoteloon tai sein\u00e4\u00e4n\/DIN-kiskoon<\/li>\n<li data-start=\"2528\" data-end=\"2592\"><strong data-start=\"2530\" data-end=\"2540\">Suojaus:<\/strong> Nollapisteen tunnistus ja ylikuumenemissuoja<\/li>\n<li data-start=\"2593\" data-end=\"2636\"><strong data-start=\"2595\" data-end=\"2608\">IP-luokka:<\/strong> IP20 (vain sis\u00e4k\u00e4ytt\u00f6\u00f6n)<\/li>\n<\/ul>\n<p data-start=\"2638\" data-end=\"2801\">Kanssa <strong data-start=\"2642\" data-end=\"2658\">Plaid CTR-01<\/strong> saat sellaisen <strong data-start=\"2669\" data-end=\"2704\">\u00e4lyk\u00e4s ja tulevaisuudenkest\u00e4v\u00e4 ratkaisu<\/strong> valaistuksen ohjaukseen, soveltuu kaikkeen pienist\u00e4 kotiasennuksista suurempiin kaupallisiin projekteihin.<\/p>","protected":false},"excerpt":{"rendered":"<p>Plejd CTR-01 on tehokas ja joustava ohjain releohjaukseen 16 A asti ja muiden valmistajien tuotteiden ohjaamiseen 0\u201310 V tai 1\u201310 V j\u00e4nnitteell\u00e4.<\/p>\n<p>Sit\u00e4 voidaan ohjata langattomasti Plejd-sovelluksen kautta ja se tarjoaa edistyneit\u00e4 aikatoimintoja, kuten ajastimen, astron ja viikkokellon.<\/p>\n<p>T\u00e4ydellinen \u00e4lykk\u00e4\u00e4seen valaistuksen ohjaukseen sek\u00e4 kodeissa ett\u00e4 yrityksiss\u00e4.<\/p>","protected":false},"featured_media":148059,"template":"","meta":{"_acf_changed":false},"product_brand":[],"product_cat":[4660],"product_tag":[4670],"class_list":{"0":"post-148060","1":"product","2":"type-product","3":"status-publish","4":"has-post-thumbnail","6":"product_cat-plejd-relaer-led","7":"product_tag-plejd","8":"product_shipping_class-postnord-varubrev","9":"pa_brands-plejd","10":"tm-has-options","12":"first","13":"instock","14":"sale","15":"taxable","16":"shipping-taxable","17":"purchasable","18":"product-type-simple"},"acf":[],"_links":{"self":[{"href":"https:\/\/secureus.se\/fi\/wp-json\/wp\/v2\/product\/148060","targetHints":{"allow":["GET"]}}],"collection":[{"href":"https:\/\/secureus.se\/fi\/wp-json\/wp\/v2\/product"}],"about":[{"href":"https:\/\/secureus.se\/fi\/wp-json\/wp\/v2\/types\/product"}],"wp:featuredmedia":[{"embeddable":true,"href":"https:\/\/secureus.se\/fi\/wp-json\/wp\/v2\/media\/148059"}],"wp:attachment":[{"href":"https:\/\/secureus.se\/fi\/wp-json\/wp\/v2\/media?parent=148060"}],"wp:term":[{"taxonomy":"product_brand","embeddable":true,"href":"https:\/\/secureus.se\/fi\/wp-json\/wp\/v2\/product_brand?post=148060"},{"taxonomy":"product_cat","embeddable":true,"href":"https:\/\/secureus.se\/fi\/wp-json\/wp\/v2\/product_cat?post=148060"},{"taxonomy":"product_tag","embeddable":true,"href":"https:\/\/secureus.se\/fi\/wp-json\/wp\/v2\/product_tag?post=148060"}],"curies":[{"name":"wp","href":"https:\/\/api.w.org\/{rel}","templated":true}]}}