{"id":148064,"date":"2025-02-25T12:22:25","date_gmt":"2025-02-25T11:22:25","guid":{"rendered":"https:\/\/secureus.se\/?post_type=product&#038;p=148064"},"modified":"2026-04-08T16:26:36","modified_gmt":"2026-04-08T14:26:36","slug":"plejd-dosdimmer-dim-01-300va-led-mesh","status":"publish","type":"product","link":"https:\/\/secureus.se\/fi\/plejd-dosdimmer-dim-01-300va-led-mesh\/","title":{"rendered":"Plejd Dosdimmer DIM-01 300VA LED Mesh"},"content":{"rendered":"<h1>Plejd DIM-01 \u2013 Smart Dose Dimmer tehokkaaseen ja tasaiseen valaistuksen hallintaan<\/h1>\n<p data-start=\"85\" data-end=\"436\">Plejd Dosdimmer DIM-01 on yleishimmennin, joka on suunniteltu tarjoamaan maksimaalista joustavuutta valaistuksen hallinnassa.<\/p>\n<p data-start=\"85\" data-end=\"436\">Sek\u00e4 taka- ett\u00e4 etureunan himment\u00e4misen tuella se pystyy k\u00e4sittelem\u00e4\u00e4n erilaisia valonl\u00e4hteit\u00e4, mukaan lukien LED-valonl\u00e4hteet ja elektroniset muuntajat.<\/p>\n<p data-start=\"85\" data-end=\"436\">Se kest\u00e4\u00e4 jopa 300 VA:n kuormia ja sit\u00e4 voidaan ohjata sek\u00e4 manuaalisesti ett\u00e4 langattomasti.<\/p>\n<p data-start=\"438\" data-end=\"843\">DIM-01 on varustettu kahdella erillisell\u00e4 sis\u00e4\u00e4ntulolla, mik\u00e4 mahdollistaa sen ohjaamisen jousikuormitteisella painonapilla, liiketunnistimella tai muilla ulkoisilla ohjaussignaaleilla.<\/p>\n<p data-start=\"438\" data-end=\"843\">T\u00e4m\u00e4 tarkoittaa, ett\u00e4 se voidaan integroida sek\u00e4 moderneihin ett\u00e4 perinteisiin valaistusratkaisuihin. Lis\u00e4ksi himmentimess\u00e4 on s\u00e4\u00e4dett\u00e4v\u00e4t min-, max- ja k\u00e4ynnistystasot, joiden avulla on helppo hienos\u00e4\u00e4t\u00e4\u00e4 kirkkautta optimaalisen suorituskyvyn ja mukavuuden saavuttamiseksi.<\/p>\n<p data-start=\"845\" data-end=\"1228\">Bluetooth\u00ae mesh -tekniikan ansiosta DIM-01:t\u00e4 voidaan ohjata langattomasti Plejd-sovelluksen kautta, mik\u00e4 tarjoaa helpon p\u00e4\u00e4syn edistyneisiin ominaisuuksiin, kuten ajanhallintaan, skenaarioihin ja kaukos\u00e4\u00e4timeen.<\/p>\n<p data-start=\"845\" data-end=\"1228\">Sis\u00e4\u00e4nrakennetut astro- ja viikkokellot mahdollistavat valaistuksen automatisoinnin vuorokaudenajan tai auringonnousun ja -laskun mukaan, mik\u00e4 lis\u00e4\u00e4 sek\u00e4 mukavuutta ett\u00e4 energiatehokkuutta.<\/p>\n<p data-start=\"1230\" data-end=\"1623\">DIM-01 on kompakti, mitat 46x46x18 mm ja se voidaan asentaa laitelaatikkoon painonapin tai kotelon kannen taakse.<\/p>\n<p data-start=\"1230\" data-end=\"1623\">Se voidaan asentaa my\u00f6s sein\u00e4lle tai DIN-kiskoon MNT-01-kiinnitystarvikkeella (myyd\u00e4\u00e4n erikseen).<\/p>\n<p data-start=\"1230\" data-end=\"1623\">Yksik\u00f6ss\u00e4 on useita suojamekanismeja, mukaan lukien ylikuumenemissuoja ja ylikuormitussuoja, jotka takaavat pitk\u00e4n k\u00e4ytt\u00f6i\u00e4n ja luotettavan toiminnan.<\/p>\n<p data-start=\"1625\" data-end=\"1833\">Halusitpa sitten luoda tunnelmallisen valaistuksen kotiisi, toimistoosi tai suurempaan kaupalliseen ymp\u00e4rist\u00f6\u00f6n, Plejd DIM-01 on \u00e4lyk\u00e4s ja tulevaisuudenkest\u00e4v\u00e4 ratkaisu tasaiseen ja tehokkaaseen valaistuksen hallintaan.<\/p>\n<h3 data-start=\"1840\" data-end=\"1875\"><strong data-start=\"1844\" data-end=\"1873\">Tekniset tiedot:<\/strong><\/h3>\n<ul data-start=\"1876\" data-end=\"2617\">\n<li data-start=\"1876\" data-end=\"1908\"><strong data-start=\"1878\" data-end=\"1894\">Verkkoj\u00e4nnite:<\/strong> 230V \/ 50Hz<\/li>\n<li data-start=\"1909\" data-end=\"1937\"><strong data-start=\"1911\" data-end=\"1929\">Valmiustilan teho:<\/strong> 0,3W<\/li>\n<li data-start=\"1938\" data-end=\"2162\"><strong data-start=\"1940\" data-end=\"1953\">Suurin kuormitus:<\/strong>\n<ul data-start=\"1958\" data-end=\"2162\">\n<li data-start=\"1958\" data-end=\"1994\">Halogeeni\/hehkulamppu (230 V): 0\u2013300 W<\/li>\n<li data-start=\"1997\" data-end=\"2048\">LED-valonl\u00e4hteet\/ajurit (230V takareuna): 0\u2013200 VA<\/li>\n<li data-start=\"2051\" data-end=\"2103\">LED-valonl\u00e4hteet\/ajurit (230V etureuna): 0\u2013100 VA<\/li>\n<li data-start=\"2106\" data-end=\"2162\">Elektroniset muuntajat (12V halogeeni): 0\u2013300 VA<\/li>\n<\/ul>\n<\/li>\n<li data-start=\"2163\" data-end=\"2209\"><strong data-start=\"2165\" data-end=\"2183\">Viestint\u00e4:<\/strong> 2,4 GHz Bluetooth\u00ae mesh<\/li>\n<li data-start=\"2210\" data-end=\"2285\"><strong data-start=\"2212\" data-end=\"2230\">Radion kantama:<\/strong> Noin 10 metri\u00e4 sis\u00e4tiloissa (pidennetty Plejd mesh -tekniikalla)<\/li>\n<li data-start=\"2286\" data-end=\"2363\"><strong data-start=\"2288\" data-end=\"2302\">Asennus:<\/strong> Upotettu asennus laitelaatikkoon, sein\u00e4\u00e4n tai DIN-kiskoon<\/li>\n<li data-start=\"2364\" data-end=\"2389\"><strong data-start=\"2366\" data-end=\"2375\">Mitata:<\/strong> 46x46x18mm<\/li>\n<li data-start=\"2390\" data-end=\"2452\"><strong data-start=\"2392\" data-end=\"2402\">Suojaus:<\/strong> Ylikuumenemisohjelmisto\/laitteisto, ylikuormitussuoja<\/li>\n<li data-start=\"2453\" data-end=\"2496\"><strong data-start=\"2455\" data-end=\"2468\">IP-luokka:<\/strong> IP20 (vain sis\u00e4k\u00e4ytt\u00f6\u00f6n)<\/li>\n<li data-start=\"2497\" data-end=\"2561\"><strong data-start=\"2499\" data-end=\"2512\">Materiaali:<\/strong> Halogeeniton kestomuovi, kiilt\u00e4v\u00e4 turkoosi (RAL 6027)<\/li>\n<li data-start=\"2562\" data-end=\"2617\"><strong data-start=\"2564\" data-end=\"2583\">Yhteensopivuus:<\/strong> Apple HomeKit, Google Assistant<\/li>\n<\/ul>","protected":false},"excerpt":{"rendered":"<p>Plejd DIM-01 on tehokas yleishimmennin, joka tukee sek\u00e4 taka- ett\u00e4 etureunan himmennyst\u00e4 300 VA asti.<\/p>\n<p>Ohjataan Plejd-sovelluksella tai muilla laitteilla, ja siin\u00e4 on sis\u00e4\u00e4nrakennetut aikatoiminnot, kuten astro- ja viikkokello.<\/p>\n<p>Kahdella erillisell\u00e4 sis\u00e4\u00e4ntulolla se voidaan liitt\u00e4\u00e4 jousikuormitettuihin painikkeisiin tai liiketunnistimiin joustavaa ohjausta varten.<\/p>","protected":false},"featured_media":148063,"template":"","meta":{"_acf_changed":false},"product_brand":[],"product_cat":[4660],"product_tag":[],"class_list":{"0":"post-148064","1":"product","2":"type-product","3":"status-publish","4":"has-post-thumbnail","6":"product_cat-plejd-relaer-led","7":"product_shipping_class-postnord-varubrev","8":"pa_brands-plejd","9":"pa_farg-turkos","10":"tm-has-options","12":"first","13":"instock","14":"sale","15":"taxable","16":"shipping-taxable","17":"purchasable","18":"product-type-simple"},"acf":[],"_links":{"self":[{"href":"https:\/\/secureus.se\/fi\/wp-json\/wp\/v2\/product\/148064","targetHints":{"allow":["GET"]}}],"collection":[{"href":"https:\/\/secureus.se\/fi\/wp-json\/wp\/v2\/product"}],"about":[{"href":"https:\/\/secureus.se\/fi\/wp-json\/wp\/v2\/types\/product"}],"wp:featuredmedia":[{"embeddable":true,"href":"https:\/\/secureus.se\/fi\/wp-json\/wp\/v2\/media\/148063"}],"wp:attachment":[{"href":"https:\/\/secureus.se\/fi\/wp-json\/wp\/v2\/media?parent=148064"}],"wp:term":[{"taxonomy":"product_brand","embeddable":true,"href":"https:\/\/secureus.se\/fi\/wp-json\/wp\/v2\/product_brand?post=148064"},{"taxonomy":"product_cat","embeddable":true,"href":"https:\/\/secureus.se\/fi\/wp-json\/wp\/v2\/product_cat?post=148064"},{"taxonomy":"product_tag","embeddable":true,"href":"https:\/\/secureus.se\/fi\/wp-json\/wp\/v2\/product_tag?post=148064"}],"curies":[{"name":"wp","href":"https:\/\/api.w.org\/{rel}","templated":true}]}}