{"id":148066,"date":"2025-02-25T12:22:25","date_gmt":"2025-02-25T11:22:25","guid":{"rendered":"https:\/\/secureus.se\/?post_type=product&#038;p=148066"},"modified":"2026-04-23T10:17:30","modified_gmt":"2026-04-23T08:17:30","slug":"plejd-dimmer-dal-01-dali-bcast-128ma-dt8-bt","status":"publish","type":"product","link":"https:\/\/secureus.se\/fi\/plejd-dimmer-dal-01-dali-bcast-128ma-dt8-bt\/","title":{"rendered":"Himmennin DAL-01 DALI Bcast 128mA DT8 BT"},"content":{"rendered":"<h1 data-start=\"503\" data-end=\"574\"><strong data-start=\"507\" data-end=\"572\">Plejd DAL-01 \u2013 \u00c4lyk\u00e4s DALI-himmennin sis\u00e4\u00e4nrakennetulla virtal\u00e4hteell\u00e4<\/strong><\/h1>\n<p data-start=\"576\" data-end=\"896\">Plejd DAL-01 on DALI-l\u00e4hetyshimmennin, joka mahdollistaa yksinkertaisen ja joustavan DALI-pohjaisten valaistusratkaisujen ohjauksen.<\/p>\n<p data-start=\"576\" data-end=\"896\">Sis\u00e4\u00e4nrakennetun PSU:n (virtal\u00e4hteen) ansiosta DAL-01 pystyy k\u00e4sittelem\u00e4\u00e4n jopa 64 DALI-kuormaa ilman ulkoista virtal\u00e4hdett\u00e4, mik\u00e4 tekee asennuksesta sujuvampaa ja kustannustehokkaampaa.<\/p>\n<p data-start=\"898\" data-end=\"1213\">DAL-01 on yhteensopiva viritett\u00e4v\u00e4n valkoisen (Device Type 8 \u2013 DT8) kanssa, mik\u00e4 tarkoittaa, ett\u00e4 se pystyy ohjaamaan liitettyjen DALI-valaisimien kirkkautta ja v\u00e4ril\u00e4mp\u00f6tilaa.<\/p>\n<p data-start=\"898\" data-end=\"1213\">Siin\u00e4 on kaksi erillist\u00e4 tuloa, jotka mahdollistavat yksik\u00f6n ohjaamisen jousikuormitteisella painikkeella, liiketunnistimella tai muilla ulkoisilla ohjaussignaaleilla.<\/p>\n<p data-start=\"1215\" data-end=\"1581\">Langaton viestint\u00e4 tapahtuu Bluetooth\u00ae meshin kautta, mik\u00e4 mahdollistaa ohjauksen Plejd-sovelluksen kautta ja integroinnin muihin Plejd-tuotteisiin.<\/p>\n<p data-start=\"1215\" data-end=\"1581\">Sovelluksen avulla k\u00e4ytt\u00e4j\u00e4 voi luoda skenaarioita, s\u00e4\u00e4t\u00e4\u00e4 valotasoja ja ohjelmoida valaistusta sis\u00e4\u00e4nrakennetuilla astro- ja viikkokelloilla, mik\u00e4 helpottaa valaistusaikataulujen automatisointia kellonajan mukaan.<\/p>\n<p data-start=\"1583\" data-end=\"1921\">DAL-01 on kompakti ja sopii uppoasennukseen laitekoteloon painonapin tai kotelon kannen taakse.<\/p>\n<p data-start=\"1583\" data-end=\"1921\">Vaihtoehtoisesti se voidaan kiinnitt\u00e4\u00e4 sein\u00e4\u00e4n tai DIN-kiskoon MNT-01-kiinnityspidikkeen avulla (myyd\u00e4\u00e4n erikseen). Laitteessa on my\u00f6s oikosulkusuojaus ja ylikuumenemissuoja, mik\u00e4 varmistaa pitk\u00e4n ja turvallisen toiminnan.<\/p>\n<p data-start=\"1923\" data-end=\"2147\">Taatulla 128 mA:n virtal\u00e4hteell\u00e4 ja enint\u00e4\u00e4n 300 metrin kaapelin pituudella DAL-01 on ihanteellinen ratkaisu sek\u00e4 pieniin ett\u00e4 suuriin DALI-asennuksiin, joissa tarvitaan sujuvaa ja \u00e4lyk\u00e4st\u00e4 valaistuksen ohjausta.<\/p>\n<h3 data-start=\"2154\" data-end=\"2189\"><strong data-start=\"2158\" data-end=\"2187\">Tekniset tiedot:<\/strong><\/h3>\n<ul data-start=\"2190\" data-end=\"3010\">\n<li data-start=\"2190\" data-end=\"2235\"><strong data-start=\"2192\" data-end=\"2208\">Verkkoj\u00e4nnite:<\/strong> 230 V \/ 50 Hz (max 0,05 A)<\/li>\n<li data-start=\"2236\" data-end=\"2264\"><strong data-start=\"2238\" data-end=\"2256\">Valmiustilan teho:<\/strong> 0,4W<\/li>\n<li data-start=\"2265\" data-end=\"2333\"><strong data-start=\"2267\" data-end=\"2281\">DALI-tuki:<\/strong> DALI-2-l\u00e4hetys (64 latausta), viritett\u00e4v\u00e4 valkoinen (DT8)<\/li>\n<li data-start=\"2334\" data-end=\"2475\"><strong data-start=\"2336\" data-end=\"2350\">DALI-bussi:<\/strong>\n<ul data-start=\"2355\" data-end=\"2475\">\n<li data-start=\"2355\" data-end=\"2394\">Taattu virtal\u00e4hde: 128 mA<\/li>\n<li data-start=\"2397\" data-end=\"2433\">Suurin virtal\u00e4hde: 150 mA<\/li>\n<li data-start=\"2436\" data-end=\"2475\">Kaapelin enimm\u00e4ispituus: 300 metri\u00e4 (1,5 mm\u00b2)<\/li>\n<\/ul>\n<\/li>\n<li data-start=\"2476\" data-end=\"2559\"><strong data-start=\"2478\" data-end=\"2497\">Tulojen m\u00e4\u00e4r\u00e4:<\/strong> 2 (painike, liiketunnistin tai muu ulkoinen ohjaus)<\/li>\n<li data-start=\"2560\" data-end=\"2606\"><strong data-start=\"2562\" data-end=\"2580\">Viestint\u00e4:<\/strong> 2,4 GHz Bluetooth\u00ae mesh<\/li>\n<li data-start=\"2607\" data-end=\"2682\"><strong data-start=\"2609\" data-end=\"2627\">Radion kantama:<\/strong> Noin 10 metri\u00e4 sis\u00e4tiloissa (pidennetty Plejd mesh -tekniikalla)<\/li>\n<li data-start=\"2683\" data-end=\"2760\"><strong data-start=\"2685\" data-end=\"2699\">Asennus:<\/strong> Upotettu asennus laitelaatikkoon, sein\u00e4\u00e4n tai DIN-kiskoon<\/li>\n<li data-start=\"2761\" data-end=\"2786\"><strong data-start=\"2763\" data-end=\"2772\">Mitata:<\/strong> 46x46x18mm<\/li>\n<li data-start=\"2787\" data-end=\"2845\"><strong data-start=\"2789\" data-end=\"2799\">Suojaus:<\/strong> Ylil\u00e4mp\u00f6tilaohjelmisto, oikosulkusuojaus<\/li>\n<li data-start=\"2846\" data-end=\"2889\"><strong data-start=\"2848\" data-end=\"2861\">IP-luokka:<\/strong> IP20 (vain sis\u00e4k\u00e4ytt\u00f6\u00f6n)<\/li>\n<li data-start=\"2890\" data-end=\"2954\"><strong data-start=\"2892\" data-end=\"2905\">Materiaali:<\/strong> Halogeeniton kestomuovi, kiilt\u00e4v\u00e4 turkoosi (RAL 6027)<\/li>\n<li data-start=\"2955\" data-end=\"3010\"><strong data-start=\"2957\" data-end=\"2976\">Yhteensopivuus:<\/strong> Apple HomeKit, Google Assistant<\/li>\n<\/ul>\n<p data-start=\"3012\" data-end=\"3198\">Plejd DAL-01 on luotettava ja tehokas ratkaisu nykyaikaisiin DALI-pohjaisiin valaistusj\u00e4rjestelmiin ja tarjoaa yksinkertaisen ja joustavan ohjauksen sek\u00e4 asuin- ett\u00e4 kaupallisiin ymp\u00e4rist\u00f6ihin.<\/p>","protected":false},"excerpt":{"rendered":"<p>Plejd DAL-01 on edistynyt DALI-himmennin, jossa on sis\u00e4\u00e4nrakennettu virtal\u00e4hde jopa 64 DALI-kuormalle.<\/p>\n<p>Se tukee viritett\u00e4v\u00e4\u00e4 valkoista (DT8) ja sit\u00e4 voidaan ohjata Plejd-sovelluksella, painopainikkeella tai liiketunnistimella.<\/p>\n<p>Sis\u00e4\u00e4nrakennettujen ajastustoimintojen ja Bluetooth\u00ae mesh -teknologian ansiosta DAL-01 on joustava ja tehokas ratkaisu \u00e4lykk\u00e4\u00e4seen valaistuksen hallintaan.<\/p>","protected":false},"featured_media":148065,"template":"","meta":{"_acf_changed":false},"product_brand":[],"product_cat":[4660],"product_tag":[4670],"class_list":{"0":"post-148066","1":"product","2":"type-product","3":"status-publish","4":"has-post-thumbnail","6":"product_cat-plejd-relaer-led","7":"product_tag-plejd","8":"product_shipping_class-postnord-varubrev","9":"pa_brands-plejd","10":"pa_farg-turkos","11":"tm-has-options","13":"first","14":"instock","15":"sale","16":"taxable","17":"shipping-taxable","18":"purchasable","19":"product-type-simple"},"acf":[],"_links":{"self":[{"href":"https:\/\/secureus.se\/fi\/wp-json\/wp\/v2\/product\/148066","targetHints":{"allow":["GET"]}}],"collection":[{"href":"https:\/\/secureus.se\/fi\/wp-json\/wp\/v2\/product"}],"about":[{"href":"https:\/\/secureus.se\/fi\/wp-json\/wp\/v2\/types\/product"}],"wp:featuredmedia":[{"embeddable":true,"href":"https:\/\/secureus.se\/fi\/wp-json\/wp\/v2\/media\/148065"}],"wp:attachment":[{"href":"https:\/\/secureus.se\/fi\/wp-json\/wp\/v2\/media?parent=148066"}],"wp:term":[{"taxonomy":"product_brand","embeddable":true,"href":"https:\/\/secureus.se\/fi\/wp-json\/wp\/v2\/product_brand?post=148066"},{"taxonomy":"product_cat","embeddable":true,"href":"https:\/\/secureus.se\/fi\/wp-json\/wp\/v2\/product_cat?post=148066"},{"taxonomy":"product_tag","embeddable":true,"href":"https:\/\/secureus.se\/fi\/wp-json\/wp\/v2\/product_tag?post=148066"}],"curies":[{"name":"wp","href":"https:\/\/api.w.org\/{rel}","templated":true}]}}