{"id":148311,"date":"2025-02-28T12:32:05","date_gmt":"2025-02-28T11:32:05","guid":{"rendered":"https:\/\/secureus.se\/seagate-st8000vx010-35-skyhawk-8tb-harddisk-sata-6gb-s\/"},"modified":"2025-12-31T21:44:00","modified_gmt":"2025-12-31T20:44:00","slug":"seagate-st8000vx010-35-skyhawk-8tb-harddisk-sata-6gb-s","status":"publish","type":"product","link":"https:\/\/secureus.se\/fi\/seagate-st8000vx010-35-skyhawk-8tb-harddisk-sata-6gb-s\/","title":{"rendered":"Seagate ST8000VX010 3,5&quot; SkyHawk 8TB kovalevy, SATA 6GB\/s"},"content":{"rendered":"<div class=\"headernamehrnone\">\n<p><b>\u00c4lyk\u00e4s. Varma. Varma. | Erikoisvarasto seurantaa varten<\/b>SkyHawk\u2122 hy\u00f6tyy Seagaten laajasta kokemuksesta valvontasovelluksiin tarkoitettujen kiintolevyjen suunnittelussa.<\/p>\n<p><b>T\u00e4rkeimm\u00e4t edut:<\/b><\/p>\n<ul>\n<li><b>ImagePerfect\u2122-laiteohjelmisto<\/b>\u00a0on suunniteltu varmistamaan saumattoman videon sieppauksen 24 \u00d7 7 -valvontaty\u00f6kuormilla, jotka tallentavat videota 64 HD-kamerasta.<\/li>\n<li><b>SkyHawk Health Management<\/b>\u00a0auttaa aktiivisesti suojaamaan valvontamuistiasi keskittym\u00e4ll\u00e4 ennaltaehk\u00e4isyyn, puuttumiseen ja palautusvaihtoehtoihin. Mukana on RAID RapidRebuild\u2122, joka tarjoaa 3x nopeamman volyymin uudelleenmuodostuksen verrattuna perinteiseen RAID-uudelleenmuodostukseen.<\/li>\n<li><b>Ennenn\u00e4kem\u00e4t\u00f6n tietosuoja<\/b>\u00a0valinnaisella 2 vuoden Rescue Data Recovery Services -suunnitelmalla, joka tarjoaa p\u00e4\u00e4syn Seagaten suojattuihin laboratorioihin alan johtavalla tiedonpalautusmenestyksell\u00e4.<\/li>\n<li><b>Sis\u00e4\u00e4nrakennetut RV-anturit<\/b>\u00a0antaa asemille mahdollisuuden yll\u00e4pit\u00e4\u00e4 suorituskyky\u00e4 monipaikkaisissa j\u00e4rjestelmiss\u00e4, mik\u00e4 antaa asiakkaille joustavuuden skaalata j\u00e4rjestelmi\u00e4\u00e4n, kun tarvitaan lis\u00e4\u00e4 tallennustilaa.<\/li>\n<li><b>ATA-suoratoiston tuki<\/b>\u00a0mahdollistaa tallentamisen jopa 64 HD-kamerasta tasaisen ja keskeytykset\u00f6nt\u00e4 kuvamateriaalia varten.<\/li>\n<li><b>1M tuntia MTBF, 3 vuoden rajoitettu takuu<\/b>\u00a0tarkoittaa parannettuja kokonaiskustannuksia (TCO) ja pienempi\u00e4 yll\u00e4pitokustannuksia.<\/li>\n<li>L<b>pienempi virrankulutus<\/b>\u00a0tarkoittaa l\u00e4mp\u00f6p\u00e4\u00e4st\u00f6jen v\u00e4henemist\u00e4, mik\u00e4 parantaa valvontaratkaisujen luotettavuutta. Tahraa kest\u00e4v\u00e4t komponentit suojaavat asemaa ymp\u00e4rist\u00f6tekij\u00f6ilt\u00e4, mik\u00e4 lis\u00e4\u00e4 luotettavuutta kent\u00e4ll\u00e4.<\/li>\n<\/ul>\n<\/div>\n<div class=\"row headername\">\n<div class=\"item-header rd-hyg-item-header\"><strong>P\u00e4\u00e4ominaisuudet<\/strong><\/div>\n<div class=\"row\">\n<ul>\n<li>Verkkovideotallennin (NVR)<\/li>\n<li>DVR-videotallennuslaitteet<\/li>\n<li>ImagePerfect\u2122-laiteohjelmisto<\/li>\n<li>SkyHawk Health Management<\/li>\n<li>Ennenn\u00e4kem\u00e4t\u00f6n tietosuoja<\/li>\n<li>1M tuntia MTBF, 3 vuoden rajoitettu takuu<\/li>\n<\/ul>\n<\/div>\n<\/div>","protected":false},"excerpt":{"rendered":"<p><strong>Seagate SkyHawk ST8000VX010 \u2013 8TB 3,5&quot; SATA-kiintolevy<\/strong><\/p>\n<p>SkyHawk on suunniteltu videoj\u00e4rjestelmille, ihanteellinen DVR- ja NVR-j\u00e4rjestelmille. ImagePerfect-teknologian ja SkyHawk Health Managementin avulla se takaa luotettavan ja jatkuvan videotallennuksen. Se tarjoaa nopean tiedonsiirron 6 Gbit\/s ja puskurin koko on 256 MB. Sis\u00e4lt\u00e4\u00e4 kolmen vuoden Seagate Rescue Data Recovery -palvelun tietosuojan lis\u00e4\u00e4miseksi.<\/p>","protected":false},"featured_media":148310,"template":"","meta":{"_acf_changed":false},"product_brand":[],"product_cat":[3261],"product_tag":[],"class_list":{"0":"post-148311","1":"product","2":"type-product","3":"status-publish","4":"has-post-thumbnail","6":"product_cat-hdd-harddisk-3-5","7":"product_shipping_class-tunga-paket","8":"pa_brands-seagate","9":"tm-no-options","11":"first","12":"outofstock","13":"sale","14":"taxable","15":"shipping-taxable","16":"purchasable","17":"product-type-simple"},"acf":[],"_links":{"self":[{"href":"https:\/\/secureus.se\/fi\/wp-json\/wp\/v2\/product\/148311","targetHints":{"allow":["GET"]}}],"collection":[{"href":"https:\/\/secureus.se\/fi\/wp-json\/wp\/v2\/product"}],"about":[{"href":"https:\/\/secureus.se\/fi\/wp-json\/wp\/v2\/types\/product"}],"wp:featuredmedia":[{"embeddable":true,"href":"https:\/\/secureus.se\/fi\/wp-json\/wp\/v2\/media\/148310"}],"wp:attachment":[{"href":"https:\/\/secureus.se\/fi\/wp-json\/wp\/v2\/media?parent=148311"}],"wp:term":[{"taxonomy":"product_brand","embeddable":true,"href":"https:\/\/secureus.se\/fi\/wp-json\/wp\/v2\/product_brand?post=148311"},{"taxonomy":"product_cat","embeddable":true,"href":"https:\/\/secureus.se\/fi\/wp-json\/wp\/v2\/product_cat?post=148311"},{"taxonomy":"product_tag","embeddable":true,"href":"https:\/\/secureus.se\/fi\/wp-json\/wp\/v2\/product_tag?post=148311"}],"curies":[{"name":"wp","href":"https:\/\/api.w.org\/{rel}","templated":true}]}}