{"id":148414,"date":"2025-03-05T12:03:59","date_gmt":"2025-03-05T11:03:59","guid":{"rendered":"https:\/\/secureus.se\/provstangsforlangare-113-m-solo-101\/"},"modified":"2026-04-23T12:47:51","modified_gmt":"2026-04-23T10:47:51","slug":"provstangsforlangare-113-m-solo-101","status":"publish","type":"product","link":"https:\/\/secureus.se\/fi\/provstangsforlangare-113-m-solo-101\/","title":{"rendered":"Testisauvan jatke 1,13 m \u2013 Solo 101"},"content":{"rendered":"<h1>Testisauvan jatke 1,13 m \u2013 Solo 101<\/h1>\n<h3 data-start=\"264\" data-end=\"319\">Joustava testisauvan jatke laajempaan ulottuvuuteen<\/h3>\n<p data-start=\"320\" data-end=\"590\">Solo 101 on 1,13 metri\u00e4 pitk\u00e4 testitangon jatkopala, jonka avulla korkealla sijaitseviin savu-, l\u00e4mp\u00f6- ja h\u00e4k\u00e4ilmaisimiin on helppo ylt\u00e4\u00e4 ilman tikkaita.<\/p>\n<p data-start=\"320\" data-end=\"590\">Se sopii Solo 100-, Solo 108- ja Solo 110 -teleskooppivarsiin, joten se on monipuolinen lis\u00e4varuste asentajille ja teknikoille.<\/p>\n<h3 data-start=\"592\" data-end=\"624\">Yhdist\u00e4 maksimaalisen korkeuden saavuttamiseksi<\/h3>\n<ul data-start=\"625\" data-end=\"823\">\n<li data-start=\"625\" data-end=\"699\">\n<p data-start=\"627\" data-end=\"699\">Jopa kolme Solo 101 -laitetta voidaan kytke\u00e4 yhteen, jolloin kokonaiskorkeus kasvaa 4,8 metriin.<\/p>\n<\/li>\n<li data-start=\"700\" data-end=\"761\">\n<p data-start=\"702\" data-end=\"761\">Voidaan yhdist\u00e4\u00e4 Solo 108:n kanssa, jolloin ulottuu jopa noin 7,3 metriin.<\/p>\n<\/li>\n<li data-start=\"762\" data-end=\"823\">\n<p data-start=\"764\" data-end=\"823\">Voidaan yhdist\u00e4\u00e4 Solo 100:n kanssa, jolloin ulottuu jopa noin 9,3 metriin.<\/p>\n<\/li>\n<\/ul>\n<h3 data-start=\"825\" data-end=\"852\">Solo 101:n edut<\/h3>\n<ul data-start=\"853\" data-end=\"1085\">\n<li data-start=\"853\" data-end=\"880\">\n<p data-start=\"855\" data-end=\"880\">Pituus: 1,13 m yksikk\u00f6\u00e4 kohden<\/p>\n<\/li>\n<li data-start=\"881\" data-end=\"921\">\n<p data-start=\"883\" data-end=\"921\">Yhteensopiva Solo 100:n, 108:n ja 110:n kanssa<\/p>\n<\/li>\n<li data-start=\"922\" data-end=\"984\">\n<p data-start=\"924\" data-end=\"984\">Yhdist\u00e4 jopa kolme yksikk\u00f6\u00e4 saadaksesi 4,8 metrin lis\u00e4kantaman<\/p>\n<\/li>\n<li data-start=\"985\" data-end=\"1037\">\n<p data-start=\"987\" data-end=\"1037\">Voidaan yhdist\u00e4\u00e4 teleskooppitankoihin korkeampia kattoja varten<\/p>\n<\/li>\n<li data-start=\"1038\" data-end=\"1085\">\n<p data-start=\"1040\" data-end=\"1085\">Kevyt ja helppok\u00e4ytt\u00f6inen ty\u00f6paikalla<\/p>\n<\/li>\n<\/ul>\n<p data-start=\"1087\" data-end=\"1114\"><strong>TEKNISET TIEDOT:<\/strong><\/p>\n<ul data-start=\"1115\" data-end=\"1451\">\n<li data-start=\"1115\" data-end=\"1148\">\n<p data-start=\"1117\" data-end=\"1148\">Tuote: Testisauvan jatke<\/p>\n<\/li>\n<li data-start=\"1149\" data-end=\"1169\">\n<p data-start=\"1151\" data-end=\"1169\">Malli: Solo 101<\/p>\n<\/li>\n<li data-start=\"1170\" data-end=\"1197\">\n<p data-start=\"1172\" data-end=\"1197\">Pituus yksikk\u00f6\u00e4 kohden: 1,13 m<\/p>\n<\/li>\n<li data-start=\"1198\" data-end=\"1236\">\n<p data-start=\"1200\" data-end=\"1236\">Yhteensopiva: Solo 100, 108, 110<\/p>\n<\/li>\n<li data-start=\"1237\" data-end=\"1280\">\n<p data-start=\"1239\" data-end=\"1280\">Liitettyjen laitteiden enimm\u00e4ism\u00e4\u00e4r\u00e4: 3 kpl (yhteens\u00e4 4,8 m)<\/p>\n<\/li>\n<li data-start=\"1281\" data-end=\"1331\">\n<p data-start=\"1283\" data-end=\"1331\">Voidaan yhdist\u00e4\u00e4 Solo 108:n kanssa: noin 7,3 m kantama<\/p>\n<\/li>\n<li data-start=\"1332\" data-end=\"1382\">\n<p data-start=\"1334\" data-end=\"1382\">Voidaan yhdist\u00e4\u00e4 Solo 100:n kanssa: noin 9,3 m kantama<\/p>\n<\/li>\n<li data-start=\"1383\" data-end=\"1451\">\n<p data-start=\"1385\" data-end=\"1451\">K\u00e4ytt\u00f6: Pident\u00e4\u00e4 teleskooppitankoja ilmaisimia testattaessa<\/p>\n<\/li>\n<\/ul>","protected":false},"excerpt":{"rendered":"<p>Solo 101 -n\u00e4ytetangon jatkopala on 1,13 m:n jatkopala teleskooppitangoille, kuten Solo 100, 108 ja 110.<\/p>\n<p>Jopa 3 palkkia voidaan yhdist\u00e4\u00e4 toisiinsa, jolloin kattokorkeus on jopa 4,8 m, tai yhdess\u00e4 muiden tankojen kanssa jopa 9,3 m.<\/p>","protected":false},"featured_media":148413,"template":"","meta":{"_acf_changed":false},"product_brand":[],"product_cat":[2945,5070,5088,5072,5089,2946],"product_tag":[],"class_list":{"0":"post-148414","1":"product","2":"type-product","3":"status-publish","4":"has-post-thumbnail","6":"product_cat-solo","7":"product_cat-provstanger","8":"product_cat-solo-solo","9":"product_cat-solo-365","10":"product_cat-solo-365-solo-365","11":"product_cat-testifire","12":"product_shipping_class-tunga-paket","13":"pa_brands-solo","14":"tm-no-options","16":"first","17":"instock","18":"sale","19":"taxable","20":"shipping-taxable","21":"purchasable","22":"product-type-simple"},"acf":[],"_links":{"self":[{"href":"https:\/\/secureus.se\/fi\/wp-json\/wp\/v2\/product\/148414","targetHints":{"allow":["GET"]}}],"collection":[{"href":"https:\/\/secureus.se\/fi\/wp-json\/wp\/v2\/product"}],"about":[{"href":"https:\/\/secureus.se\/fi\/wp-json\/wp\/v2\/types\/product"}],"wp:featuredmedia":[{"embeddable":true,"href":"https:\/\/secureus.se\/fi\/wp-json\/wp\/v2\/media\/148413"}],"wp:attachment":[{"href":"https:\/\/secureus.se\/fi\/wp-json\/wp\/v2\/media?parent=148414"}],"wp:term":[{"taxonomy":"product_brand","embeddable":true,"href":"https:\/\/secureus.se\/fi\/wp-json\/wp\/v2\/product_brand?post=148414"},{"taxonomy":"product_cat","embeddable":true,"href":"https:\/\/secureus.se\/fi\/wp-json\/wp\/v2\/product_cat?post=148414"},{"taxonomy":"product_tag","embeddable":true,"href":"https:\/\/secureus.se\/fi\/wp-json\/wp\/v2\/product_tag?post=148414"}],"curies":[{"name":"wp","href":"https:\/\/api.w.org\/{rel}","templated":true}]}}