{"id":148595,"date":"2025-03-10T11:52:35","date_gmt":"2025-03-10T10:52:35","guid":{"rendered":"https:\/\/secureus.se\/armbagskontakt-sparkfunktion-jck128\/"},"modified":"2025-12-31T21:46:39","modified_gmt":"2025-12-31T20:46:39","slug":"armbagskontakt-sparkfunktion-jck128","status":"publish","type":"product","link":"https:\/\/secureus.se\/fi\/armbagskontakt-sparkfunktion-jck128\/","title":{"rendered":"Kyyn\u00e4rp\u00e4\u00e4kontakti \u2013 Potkutoiminto \u2013 JCK128"},"content":{"rendered":"<h1>Kyyn\u00e4rp\u00e4\u00e4kontakti \u2013 Potkutoiminto \u2013 JCK128<\/h1>\n<section>Yhdistetty kyyn\u00e4rp\u00e4\u00e4kontakti\/potkukosketus.<\/p>\n<p>Pitk\u00e4 alumiininen malli, jossa mustaksi anodisoitu puristuspinta ylh\u00e4\u00e4ll\u00e4 ja harmaa potkupinta alareunassa.<\/p>\n<p>JCK128 kuuluu kulmakoskettimien sarjaan, jotka on yhdistetty pohjassa olevaan potkukoskettimeen.<\/p>\n<p>Mallit on erityisesti kehitetty helpottamaan mm. sairaalan henkil\u00f6kunta pystyy avaamaan nopeasti ja helposti ovia mm. s\u00e4nkyyn, kyyn\u00e4rp\u00e4\u00e4h\u00e4n, lantioon tai jalkaan.<\/p>\n<\/section>\n<section>\n<h4>Tekniset tiedot<\/h4>\n<ul>\n<li>Valmistettu Ruotsissa.<\/li>\n<li>Materiaali: Alu.6060-T6, POM-muovi (asetaalimuovi).<\/li>\n<li>Mitat vakioversio l\/l\/k: 1200x80x28 mm.<\/li>\n<li>Mikrokytkimet: Vakio 8 kpl NO. IP67.<\/li>\n<\/ul>\n<\/section>\n<section>\n<h4>Lis\u00e4varusteet ja lis\u00e4varusteet<\/h4>\n<ul>\n<li>Ohjausyksikk\u00f6, jossa kaksi l\u00e4ht\u00f6\u00e4 ja viiv\u00e4stetty signaali yhdess\u00e4 l\u00e4hd\u00f6ss\u00e4.<\/li>\n<\/ul>\n<\/section>","protected":false},"excerpt":{"rendered":"<p>Tuotteen mitat: 1200 x 80 x 28 mm.<\/p>\n<p>Pitk\u00e4 kulmaliitin mustaa eloksoitua alumiinia, jossa potkutoiminto\/potkuliitin alaosassa harmaa.<\/p>","protected":false},"featured_media":148593,"template":"","meta":{"_acf_changed":false},"product_brand":[],"product_cat":[1422,4706],"product_tag":[],"class_list":{"0":"post-148595","1":"product","2":"type-product","3":"status-publish","4":"has-post-thumbnail","6":"product_cat-armbagskontakter-dorrautomatik","7":"product_cat-metall","8":"product_shipping_class-tunga-paket","9":"pa_brands-jc-kontakter","10":"tm-no-options","12":"first","13":"instock","14":"sale","15":"taxable","16":"shipping-taxable","17":"purchasable","18":"product-type-simple"},"acf":[],"_links":{"self":[{"href":"https:\/\/secureus.se\/fi\/wp-json\/wp\/v2\/product\/148595","targetHints":{"allow":["GET"]}}],"collection":[{"href":"https:\/\/secureus.se\/fi\/wp-json\/wp\/v2\/product"}],"about":[{"href":"https:\/\/secureus.se\/fi\/wp-json\/wp\/v2\/types\/product"}],"wp:featuredmedia":[{"embeddable":true,"href":"https:\/\/secureus.se\/fi\/wp-json\/wp\/v2\/media\/148593"}],"wp:attachment":[{"href":"https:\/\/secureus.se\/fi\/wp-json\/wp\/v2\/media?parent=148595"}],"wp:term":[{"taxonomy":"product_brand","embeddable":true,"href":"https:\/\/secureus.se\/fi\/wp-json\/wp\/v2\/product_brand?post=148595"},{"taxonomy":"product_cat","embeddable":true,"href":"https:\/\/secureus.se\/fi\/wp-json\/wp\/v2\/product_cat?post=148595"},{"taxonomy":"product_tag","embeddable":true,"href":"https:\/\/secureus.se\/fi\/wp-json\/wp\/v2\/product_tag?post=148595"}],"curies":[{"name":"wp","href":"https:\/\/api.w.org\/{rel}","templated":true}]}}