{"id":148598,"date":"2025-03-10T11:39:12","date_gmt":"2025-03-10T10:39:12","guid":{"rendered":"https:\/\/secureus.se\/armbagskontakt-aluminium-jck247\/"},"modified":"2025-12-31T21:51:35","modified_gmt":"2025-12-31T20:51:35","slug":"armbagskontakt-aluminium-jck247","status":"publish","type":"product","link":"https:\/\/secureus.se\/fi\/armbagskontakt-aluminium-jck247\/","title":{"rendered":"Kyyn\u00e4rp\u00e4\u00e4liitin \u2013 Alumiini \u2013 JCK247"},"content":{"rendered":"<h1>Kyyn\u00e4rp\u00e4\u00e4liitin \u2013 Alumiini \u2013 JCK247<\/h1>\n<section>JCK247:ss\u00e4 on kaksi puristuspintaa ja se on valmistettu hopea-anodisoidusta alumiinista ja siin\u00e4 on mustat p\u00e4\u00e4dyt. Molemmat painepinnat on suunniteltu nelj\u00e4ll\u00e4 kosketusuralla ja ne toimivat lis\u00e4ohjeina n\u00e4k\u00f6vammaisille.<\/p>\n<p>Voit helposti tuntea, mist\u00e4 painaa oven avaamisen aktivoimiseksi.<\/p>\n<p>JCK247 on osa kulmakoskettimien tuotesarjaa, jossa on kaksi samankokoista puristuspintaa.<\/p>\n<p>Sarja on kehitetty erityisesti ymp\u00e4rist\u00f6ihin, joissa on kaksik\u00e4\u00e4nt\u00f6ovet ja mahdollistaa jokaisen oven ohjaamisen erikseen omalla painonapilla.<\/p>\n<p>Toiminto auttaa v\u00e4hent\u00e4m\u00e4\u00e4n kylm\u00e4\u00e4 vetoa ja vetoa ja s\u00e4\u00e4st\u00e4\u00e4 energiaa verrattuna molempien ovien avautumiseen joka kerta kun ne avataan.<\/p>\n<p>N\u00e4m\u00e4 kulmaliittimet voivat sopia my\u00f6s k\u00e4yt\u00e4v\u00e4\u00e4n, jossa tiloihin on kaksi sis\u00e4\u00e4nk\u00e4ynti\u00e4.<\/p>\n<\/section>\n<section>\n<h4>Tekniset tiedot<\/h4>\n<ul>\n<li>Valmistettu Ruotsissa.<\/li>\n<li>Materiaali: Alu.6060-T6, POM-muovi (asetaalimuovi).<\/li>\n<li>Mitat vakioversio l\/l\/k: 477x80x23 mm.<\/li>\n<li>Mikrokytkin: Vakio 2kpl NO IP67.<\/li>\n<\/ul>\n<\/section>","protected":false},"excerpt":{"rendered":"<p>Tuotteen mitat: 477 x 80 x 23 mm.<\/p>\n<p>Kyyn\u00e4rp\u00e4\u00e4liitin, jossa kaksoispainelevyt hopea-anodisoitua alumiinia ja mustat p\u00e4\u00e4tykappaleet.<\/p>\n<p>Pitk\u00e4 malli, jossa tuntourat.<\/p>","protected":false},"featured_media":148596,"template":"","meta":{"_acf_changed":false},"product_brand":[],"product_cat":[1422,4706],"product_tag":[],"class_list":{"0":"post-148598","1":"product","2":"type-product","3":"status-publish","4":"has-post-thumbnail","6":"product_cat-armbagskontakter-dorrautomatik","7":"product_cat-metall","8":"product_shipping_class-tunga-paket","9":"pa_brands-jc-kontakter","10":"tm-no-options","12":"first","13":"instock","14":"sale","15":"taxable","16":"shipping-taxable","17":"purchasable","18":"product-type-simple"},"acf":[],"_links":{"self":[{"href":"https:\/\/secureus.se\/fi\/wp-json\/wp\/v2\/product\/148598","targetHints":{"allow":["GET"]}}],"collection":[{"href":"https:\/\/secureus.se\/fi\/wp-json\/wp\/v2\/product"}],"about":[{"href":"https:\/\/secureus.se\/fi\/wp-json\/wp\/v2\/types\/product"}],"wp:featuredmedia":[{"embeddable":true,"href":"https:\/\/secureus.se\/fi\/wp-json\/wp\/v2\/media\/148596"}],"wp:attachment":[{"href":"https:\/\/secureus.se\/fi\/wp-json\/wp\/v2\/media?parent=148598"}],"wp:term":[{"taxonomy":"product_brand","embeddable":true,"href":"https:\/\/secureus.se\/fi\/wp-json\/wp\/v2\/product_brand?post=148598"},{"taxonomy":"product_cat","embeddable":true,"href":"https:\/\/secureus.se\/fi\/wp-json\/wp\/v2\/product_cat?post=148598"},{"taxonomy":"product_tag","embeddable":true,"href":"https:\/\/secureus.se\/fi\/wp-json\/wp\/v2\/product_tag?post=148598"}],"curies":[{"name":"wp","href":"https:\/\/api.w.org\/{rel}","templated":true}]}}