{"id":148601,"date":"2025-03-10T11:35:30","date_gmt":"2025-03-10T10:35:30","guid":{"rendered":"https:\/\/secureus.se\/armbagskontakt-aluminium-jck237\/"},"modified":"2026-04-16T16:27:52","modified_gmt":"2026-04-16T14:27:52","slug":"armbagskontakt-aluminium-jck237","status":"publish","type":"product","link":"https:\/\/secureus.se\/fi\/armbagskontakt-aluminium-jck237\/","title":{"rendered":"Kyyn\u00e4rp\u00e4\u00e4liitin \u2013 Alumiini \u2013 JCK237"},"content":{"rendered":"<h1>Kyyn\u00e4rp\u00e4\u00e4liitin \u2013 Alumiini \u2013 JCK237<\/h1>\n<section>JCK237 kuuluu sarjaan kulmaliittimi\u00e4, joissa on kaksoispainepinnat, jotka mahdollistavat mm. ylim\u00e4\u00e4r\u00e4inen ovi tai lukko JCK237 on valmistettu mustasta anodisoidusta alumiinista ja niiss\u00e4 on valkoiset p\u00e4\u00e4tykappaleet.<\/p>\n<p>Voit helposti tuntea, mist\u00e4 painaa oven avaamisen aktivoimiseksi.<\/p>\n<\/section>\n<section>\n<h4>Tekniset tiedot<\/h4>\n<ul>\n<li>Valmistettu Ruotsissa.<\/li>\n<li>Materiaali: Alu.6060-T6, POM-muovi (asetaalimuovi).<\/li>\n<li>Mitat vakioversio l\/l\/k: 311x80x23 mm.<\/li>\n<li>Mikrokytkin: 1 NO + 1 NO\/NC. IP67.<\/li>\n<\/ul>\n<\/section>","protected":false},"excerpt":{"rendered":"<p>Tuotteen mitat: 311 x 80 x 23 mm.<\/p>\n<p>Kyyn\u00e4rp\u00e4\u00e4liitin mustaa eloksoitua alumiinia valkoisilla p\u00e4\u00e4tykappaleilla.<\/p>\n<p>Kaksoispainepinnat tuntouralla.<\/p>","protected":false},"featured_media":148599,"template":"","meta":{"_acf_changed":false},"product_brand":[],"product_cat":[1422,4706],"product_tag":[],"class_list":{"0":"post-148601","1":"product","2":"type-product","3":"status-publish","4":"has-post-thumbnail","6":"product_cat-armbagskontakter-dorrautomatik","7":"product_cat-metall","8":"product_shipping_class-tunga-paket","9":"pa_brands-jc-kontakter","10":"tm-has-options","12":"first","13":"instock","14":"sale","15":"taxable","16":"shipping-taxable","17":"purchasable","18":"product-type-simple"},"acf":[],"_links":{"self":[{"href":"https:\/\/secureus.se\/fi\/wp-json\/wp\/v2\/product\/148601","targetHints":{"allow":["GET"]}}],"collection":[{"href":"https:\/\/secureus.se\/fi\/wp-json\/wp\/v2\/product"}],"about":[{"href":"https:\/\/secureus.se\/fi\/wp-json\/wp\/v2\/types\/product"}],"wp:featuredmedia":[{"embeddable":true,"href":"https:\/\/secureus.se\/fi\/wp-json\/wp\/v2\/media\/148599"}],"wp:attachment":[{"href":"https:\/\/secureus.se\/fi\/wp-json\/wp\/v2\/media?parent=148601"}],"wp:term":[{"taxonomy":"product_brand","embeddable":true,"href":"https:\/\/secureus.se\/fi\/wp-json\/wp\/v2\/product_brand?post=148601"},{"taxonomy":"product_cat","embeddable":true,"href":"https:\/\/secureus.se\/fi\/wp-json\/wp\/v2\/product_cat?post=148601"},{"taxonomy":"product_tag","embeddable":true,"href":"https:\/\/secureus.se\/fi\/wp-json\/wp\/v2\/product_tag?post=148601"}],"curies":[{"name":"wp","href":"https:\/\/api.w.org\/{rel}","templated":true}]}}