{"id":148610,"date":"2025-03-10T11:26:31","date_gmt":"2025-03-10T10:26:31","guid":{"rendered":"https:\/\/secureus.se\/armbagskontakt-aluminium-jck217-400-mm\/"},"modified":"2026-04-16T16:31:47","modified_gmt":"2026-04-16T14:31:47","slug":"armbagskontakt-aluminium-jck217-400-mm","status":"publish","type":"product","link":"https:\/\/secureus.se\/fi\/armbagskontakt-aluminium-jck217-400-mm\/","title":{"rendered":"Kulmaliitin \u2013 Alumiini \u2013 JCK217 400 mm"},"content":{"rendered":"<h1>Kulmaliitin \u2013 Alumiini \u2013 JCK217 400 mm<\/h1>\n<section>\n<div class=\"elementor-element elementor-element-6a2939e elementor-widget elementor-widget-woocommerce-product-content\" data-id=\"6a2939e\" data-element_type=\"widget\" data-widget_type=\"woocommerce-product-content.default\">\n<div class=\"elementor-widget-container\">\n<section>JCK217 kuuluu kulmakytkimien sarjaan, jossa on tasainen painepinta, jossa on nelj\u00e4 kosketusuraa. Urat toimivat lis\u00e4ohjeina n\u00e4k\u00f6vammaisille.<\/p>\n<p>JCK217 on valmistettu mustasta eloksoidusta alumiinista ja siin\u00e4 on valkoiset p\u00e4\u00e4tykappaleet.<\/p>\n<p>Se toimitetaan 1 mikrokytkimell\u00e4 IP67, mutta voidaan tilata my\u00f6s useammalla.<\/p>\n<\/section>\n<section>\n<h4>Tekniset tiedot<\/h4>\n<ul>\n<li>Valmistettu Ruotsissa.<\/li>\n<li>Materiaali: Alu.6060-T6, POM-muovi (asetaalimuovi).<\/li>\n<li>Mitat vakioversio l\/l\/k: 400x80x23 mm.<\/li>\n<li>Mikrokytkin: Vakio 1kpl NO IP67. Voidaan tilata 2:lla sek\u00e4 NO\/NC:ll\u00e4.<\/li>\n<\/ul>\n<\/section>\n<\/div>\n<\/div>\n<div class=\"elementor-element elementor-element-6b8d4c9 elementor-widget elementor-widget-html\" data-id=\"6b8d4c9\" data-element_type=\"widget\" data-widget_type=\"html.default\"><\/div>\n<\/section>","protected":false},"excerpt":{"rendered":"<p>Tuotteen mitat: 400 x 80 x 23 mm.<\/p>\n<p>Kyyn\u00e4rp\u00e4\u00e4liitin mustaa eloksoitua alumiinia valkoisilla p\u00e4\u00e4tykappaleilla.<\/p>\n<p>Tasainen painelevy, jossa kosketusurat.<\/p>","protected":false},"featured_media":148608,"template":"","meta":{"_acf_changed":false},"product_brand":[],"product_cat":[1422,4706],"product_tag":[],"class_list":{"0":"post-148610","1":"product","2":"type-product","3":"status-publish","4":"has-post-thumbnail","6":"product_cat-armbagskontakter-dorrautomatik","7":"product_cat-metall","8":"product_shipping_class-tunga-paket","9":"pa_brands-jc-kontakter","10":"tm-has-options","12":"first","13":"instock","14":"sale","15":"taxable","16":"shipping-taxable","17":"purchasable","18":"product-type-simple"},"acf":[],"_links":{"self":[{"href":"https:\/\/secureus.se\/fi\/wp-json\/wp\/v2\/product\/148610","targetHints":{"allow":["GET"]}}],"collection":[{"href":"https:\/\/secureus.se\/fi\/wp-json\/wp\/v2\/product"}],"about":[{"href":"https:\/\/secureus.se\/fi\/wp-json\/wp\/v2\/types\/product"}],"wp:featuredmedia":[{"embeddable":true,"href":"https:\/\/secureus.se\/fi\/wp-json\/wp\/v2\/media\/148608"}],"wp:attachment":[{"href":"https:\/\/secureus.se\/fi\/wp-json\/wp\/v2\/media?parent=148610"}],"wp:term":[{"taxonomy":"product_brand","embeddable":true,"href":"https:\/\/secureus.se\/fi\/wp-json\/wp\/v2\/product_brand?post=148610"},{"taxonomy":"product_cat","embeddable":true,"href":"https:\/\/secureus.se\/fi\/wp-json\/wp\/v2\/product_cat?post=148610"},{"taxonomy":"product_tag","embeddable":true,"href":"https:\/\/secureus.se\/fi\/wp-json\/wp\/v2\/product_tag?post=148610"}],"curies":[{"name":"wp","href":"https:\/\/api.w.org\/{rel}","templated":true}]}}