{"id":148617,"date":"2025-03-10T11:13:38","date_gmt":"2025-03-10T10:13:38","guid":{"rendered":"https:\/\/secureus.se\/armbagskontakt-aluminium-jck207-300-mm\/"},"modified":"2025-12-31T21:51:04","modified_gmt":"2025-12-31T20:51:04","slug":"armbagskontakt-aluminium-jck207-300-mm","status":"publish","type":"product","link":"https:\/\/secureus.se\/fi\/armbagskontakt-aluminium-jck207-300-mm\/","title":{"rendered":"Kulmaliitin \u2013 Alumiini \u2013 JCK207 300 mm"},"content":{"rendered":"<section>\n<h1>Kulmaliitin \u2013 Alumiini \u2013 JCK207 300 mm<\/h1>\n<p>JCK207 kuuluu kulmakoskettimien sarjaan, jossa on tasainen painepinta, jossa on nelj\u00e4 kosketusuraa.<\/p>\n<p>Urat toimivat lis\u00e4ohjeina n\u00e4k\u00f6vammaisille.<\/p>\n<p>Voit helposti tuntea, mist\u00e4 painaa oven avaamisen aktivoimiseksi.<\/p>\n<p>JCK207 on valmistettu hopea-anodisoidusta alumiinista ja siin\u00e4 on tummanharmaat p\u00e4\u00e4tykappaleet.<\/p>\n<p>Se toimitetaan 1 mikrokytkimell\u00e4 IP67, mutta voidaan tilata my\u00f6s useammalla.<\/p>\n<\/section>\n<section>\n<h4>Tekniset tiedot<\/h4>\n<ul>\n<li>Valmistettu Ruotsissa.<\/li>\n<li>Materiaali: Alu.6060-T6, POM-muovi (asetaalimuovi).<\/li>\n<li>Mitat vakioversio l\/l\/k: 300x80x23 mm.<\/li>\n<li>Mikrokytkin: Vakio 1kpl NO IP67. Voidaan tilata 2:lla sek\u00e4 NO\/NC:ll\u00e4.<\/li>\n<\/ul>\n<\/section>","protected":false},"excerpt":{"rendered":"<p>Tuotteen mitat: 300 x 80 x 23 mm.<\/p>\n<p>Kulmaliitin hopea-anodisoitua alumiinia tummanharmailla p\u00e4\u00e4tykappaleilla.<\/p>\n<p>Tasainen painelevy, jossa kosketusurat.<\/p>","protected":false},"featured_media":148614,"template":"","meta":{"_acf_changed":false},"product_brand":[],"product_cat":[1422,4706],"product_tag":[],"class_list":{"0":"post-148617","1":"product","2":"type-product","3":"status-publish","4":"has-post-thumbnail","6":"product_cat-armbagskontakter-dorrautomatik","7":"product_cat-metall","8":"product_shipping_class-tunga-paket","9":"pa_brands-jc-kontakter","10":"tm-has-options","12":"first","13":"instock","14":"sale","15":"taxable","16":"shipping-taxable","17":"purchasable","18":"product-type-simple"},"acf":[],"_links":{"self":[{"href":"https:\/\/secureus.se\/fi\/wp-json\/wp\/v2\/product\/148617","targetHints":{"allow":["GET"]}}],"collection":[{"href":"https:\/\/secureus.se\/fi\/wp-json\/wp\/v2\/product"}],"about":[{"href":"https:\/\/secureus.se\/fi\/wp-json\/wp\/v2\/types\/product"}],"wp:featuredmedia":[{"embeddable":true,"href":"https:\/\/secureus.se\/fi\/wp-json\/wp\/v2\/media\/148614"}],"wp:attachment":[{"href":"https:\/\/secureus.se\/fi\/wp-json\/wp\/v2\/media?parent=148617"}],"wp:term":[{"taxonomy":"product_brand","embeddable":true,"href":"https:\/\/secureus.se\/fi\/wp-json\/wp\/v2\/product_brand?post=148617"},{"taxonomy":"product_cat","embeddable":true,"href":"https:\/\/secureus.se\/fi\/wp-json\/wp\/v2\/product_cat?post=148617"},{"taxonomy":"product_tag","embeddable":true,"href":"https:\/\/secureus.se\/fi\/wp-json\/wp\/v2\/product_tag?post=148617"}],"curies":[{"name":"wp","href":"https:\/\/api.w.org\/{rel}","templated":true}]}}