{"id":148623,"date":"2025-03-04T15:26:28","date_gmt":"2025-03-04T14:26:28","guid":{"rendered":"https:\/\/secureus.se\/armbagskontakt-beroringsfri-jck201\/"},"modified":"2025-12-31T21:44:22","modified_gmt":"2025-12-31T20:44:22","slug":"armbagskontakt-beroringsfri-jck201","status":"publish","type":"product","link":"https:\/\/secureus.se\/fi\/armbagskontakt-beroringsfri-jck201\/","title":{"rendered":"Kyyn\u00e4rp\u00e4\u00e4kontakti \u2013 Kontaktiton \u2013 JCK201"},"content":{"rendered":"<h1>Kyyn\u00e4rp\u00e4\u00e4kontakti \u2013 Kontaktiton \u2013 JCK201<\/h1>\n<section>JCK201 on malli, jossa on sis\u00e4\u00e4nrakennettu IR-anturi, joka mahdollistaa kosketusvapaan k\u00e4yt\u00f6n IR-anturi reagoi valon muutoksiin, mik\u00e4 tarkoittaa, ett\u00e4 voit aktivoida oven avaamisen yksinkertaisesti liikuttamalla k\u00e4tt\u00e4si koskettimen edess\u00e4.<\/p>\n<p>T\u00e4m\u00e4ntyyppinen kyyn\u00e4rp\u00e4\u00e4kosketus sopii erityisen hyvin ymp\u00e4rist\u00f6ihin, joissa halutaan rajoittaa bakteerien levi\u00e4mist\u00e4, kuten kouluissa, sairaaloissa ja muissa julkisissa rakennuksissa.<\/p>\n<p>Mallissa on my\u00f6s LED-valot, jotka auttavat n\u00e4ytt\u00e4m\u00e4\u00e4n nykyisen tilan - vihre\u00e4 valmiustilassa ja sininen aktivoituna.<\/p>\n<p>JCK201:ss\u00e4 on kaksi relett\u00e4 ja dip-kytkin, joka mahdollistaa useita erilaisia asennusvaihtoehtoja.<\/p>\n<\/section>\n<section>\n<h4>Tekniset tiedot<\/h4>\n<ul>\n<li>Valmistettu Ruotsissa.<\/li>\n<li>Materiaali: Alu.6060-T6, POM-muovi (asetaalimuovi).<\/li>\n<li>Mitat l\/l\/k: 245 x 80 x 26 mm.<\/li>\n<li>IR anturi.<\/li>\n<li>LED valo.<\/li>\n<li>Ohjausyksikk\u00f6 dip-kytkimell\u00e4.<\/li>\n<li>Kaksi relett\u00e4.<\/li>\n<\/ul>\n<\/section>\n<p>&nbsp;<\/p>","protected":false},"excerpt":{"rendered":"<p>Tuotteen mitat: 245 x 80 x 26 mm.<\/p>\n<p>Alumiininen kulmaliitin sis\u00e4\u00e4nrakennetulla IR-anturilla kosketusvapaata k\u00e4ytt\u00f6\u00e4 varten.<\/p>\n<p>LED-valo, joka ilmaisee valmiustilan ja aktivointitilan.<\/p>","protected":false},"featured_media":148621,"template":"","meta":{"_acf_changed":false},"product_brand":[],"product_cat":[1422,4706],"product_tag":[],"class_list":{"0":"post-148623","1":"product","2":"type-product","3":"status-publish","4":"has-post-thumbnail","6":"product_cat-armbagskontakter-dorrautomatik","7":"product_cat-metall","8":"product_shipping_class-tunga-paket","9":"pa_brands-jc-kontakter","10":"tm-no-options","12":"first","13":"instock","14":"sale","15":"taxable","16":"shipping-taxable","17":"purchasable","18":"product-type-simple"},"acf":[],"_links":{"self":[{"href":"https:\/\/secureus.se\/fi\/wp-json\/wp\/v2\/product\/148623","targetHints":{"allow":["GET"]}}],"collection":[{"href":"https:\/\/secureus.se\/fi\/wp-json\/wp\/v2\/product"}],"about":[{"href":"https:\/\/secureus.se\/fi\/wp-json\/wp\/v2\/types\/product"}],"wp:featuredmedia":[{"embeddable":true,"href":"https:\/\/secureus.se\/fi\/wp-json\/wp\/v2\/media\/148621"}],"wp:attachment":[{"href":"https:\/\/secureus.se\/fi\/wp-json\/wp\/v2\/media?parent=148623"}],"wp:term":[{"taxonomy":"product_brand","embeddable":true,"href":"https:\/\/secureus.se\/fi\/wp-json\/wp\/v2\/product_brand?post=148623"},{"taxonomy":"product_cat","embeddable":true,"href":"https:\/\/secureus.se\/fi\/wp-json\/wp\/v2\/product_cat?post=148623"},{"taxonomy":"product_tag","embeddable":true,"href":"https:\/\/secureus.se\/fi\/wp-json\/wp\/v2\/product_tag?post=148623"}],"curies":[{"name":"wp","href":"https:\/\/api.w.org\/{rel}","templated":true}]}}