{"id":148634,"date":"2025-03-10T12:32:40","date_gmt":"2025-03-10T11:32:40","guid":{"rendered":"https:\/\/secureus.se\/armbagskontakt-abs-plast-jck212\/"},"modified":"2026-04-16T16:11:45","modified_gmt":"2026-04-16T14:11:45","slug":"armbagskontakt-abs-plast-jck212","status":"publish","type":"product","link":"https:\/\/secureus.se\/fi\/armbagskontakt-abs-plast-jck212\/","title":{"rendered":"Kyyn\u00e4rp\u00e4\u00e4liitin \u2013 ABS-muovia \u2013 JCK212"},"content":{"rendered":"<h1 class=\"product_title entry-title elementor-heading-title elementor-size-default\">Kyyn\u00e4rp\u00e4\u00e4liitin \u2013 ABS-muovia \u2013 JCK212<\/h1>\n<p>Tukeva kulmaliitin kest\u00e4v\u00e4\u00e4 ABS-muovia.<\/p>\n<p>Itsekontrastinen malli, jossa painelevyn kosketusurat vakiona.<\/p>\n<p>JCK212 on meid\u00e4n kehitt\u00e4m\u00e4mme helpottamaan ovien avaamista n\u00e4k\u00f6vammaisille.<\/p>\n<p>Itsekontrastitoiminto tarkoittaa, ett\u00e4 kulmaliittimess\u00e4 itsess\u00e4\u00e4n on aina selke\u00e4 kontrasti - riippumatta ymp\u00e4rist\u00f6st\u00e4, johon se on asennettu.<\/p>\n<p>Siksi se on helppo l\u00f6yt\u00e4\u00e4 ja k\u00e4ytt\u00e4\u00e4 sit\u00e4 tarvitsevien.<\/p>\n<h3>Tekniset tiedot<\/h3>\n<ul>\n<li>Valmistettu Ruotsissa.<\/li>\n<li>Materiaali: Kierr\u00e4tett\u00e4v\u00e4 ABS-muovi.<\/li>\n<li>Mitat l\/p\/k: 250x95x25 mm.<\/li>\n<li>Mikrokytkin: Vakio 1 kpl NO IP67. Voidaan tilata 2 kpl, sek\u00e4 NO\/NC.<\/li>\n<\/ul>","protected":false},"excerpt":{"rendered":"<p>Tuotteen mitat: 250 x 95 x 25 mm.<\/p>\n<p>Musta kulmaliitin, jossa kupera painelevy ja valkoinen kontrastimerkint\u00e4. Tummanharmaa kehys.<\/p>","protected":false},"featured_media":148632,"template":"","meta":{"_acf_changed":false},"product_brand":[],"product_cat":[1422,4705],"product_tag":[2989],"class_list":{"0":"post-148634","1":"product","2":"type-product","3":"status-publish","4":"has-post-thumbnail","6":"product_cat-armbagskontakter-dorrautomatik","7":"product_cat-abs-plast","8":"product_tag-egen-logo-ej-taggar-kort","9":"product_shipping_class-tunga-paket","10":"pa_brands-jc-kontakter","11":"tm-has-options","13":"first","14":"onbackorder","15":"sale","16":"featured","17":"taxable","18":"shipping-taxable","19":"purchasable","20":"product-type-simple"},"acf":[],"_links":{"self":[{"href":"https:\/\/secureus.se\/fi\/wp-json\/wp\/v2\/product\/148634","targetHints":{"allow":["GET"]}}],"collection":[{"href":"https:\/\/secureus.se\/fi\/wp-json\/wp\/v2\/product"}],"about":[{"href":"https:\/\/secureus.se\/fi\/wp-json\/wp\/v2\/types\/product"}],"wp:featuredmedia":[{"embeddable":true,"href":"https:\/\/secureus.se\/fi\/wp-json\/wp\/v2\/media\/148632"}],"wp:attachment":[{"href":"https:\/\/secureus.se\/fi\/wp-json\/wp\/v2\/media?parent=148634"}],"wp:term":[{"taxonomy":"product_brand","embeddable":true,"href":"https:\/\/secureus.se\/fi\/wp-json\/wp\/v2\/product_brand?post=148634"},{"taxonomy":"product_cat","embeddable":true,"href":"https:\/\/secureus.se\/fi\/wp-json\/wp\/v2\/product_cat?post=148634"},{"taxonomy":"product_tag","embeddable":true,"href":"https:\/\/secureus.se\/fi\/wp-json\/wp\/v2\/product_tag?post=148634"}],"curies":[{"name":"wp","href":"https:\/\/api.w.org\/{rel}","templated":true}]}}